{"id":15,"date":"2024-08-15T11:51:48","date_gmt":"2024-08-15T11:51:48","guid":{"rendered":"https:\/\/vitamo.ma\/?page_id=15"},"modified":"2024-08-17T17:29:58","modified_gmt":"2024-08-17T17:29:58","slug":"refund_returns","status":"publish","type":"page","link":"https:\/\/vitamo.ma\/ar\/refund_returns\/","title":{"rendered":"\u0633\u064a\u0627\u0633\u0629 \u0627\u0644\u0627\u0633\u062a\u0631\u062f\u0627\u062f \u0648\u0627\u0644\u0625\u0631\u062c\u0627\u0639"},"content":{"rendered":"<div data-elementor-type=\"wp-page\" data-elementor-id=\"15\" class=\"elementor elementor-15\">\n\t\t\t\t<div class=\"elementor-element elementor-element-13ba30bd e-flex e-con-boxed e-con e-parent\" data-id=\"13ba30bd\" data-element_type=\"container\" data-e-type=\"container\">\n\t\t\t\t\t<div class=\"e-con-inner\">\n\t\t\t\t<div class=\"elementor-element elementor-element-3e312488 elementor-widget elementor-widget-text-editor\" data-id=\"3e312488\" data-element_type=\"widget\" data-e-type=\"widget\" data-widget_type=\"text-editor.default\">\n\t\t\t\t<div class=\"elementor-widget-container\">\n\t\t\t\t\t\t\t\t\t<p>\u0641\u064a\u00a0<b> VITAMO<\/b>\u0631\u0636\u0627\u0643\u0645 \u0647\u0648 \u0623\u0648\u0644\u0648\u064a\u062a\u0646\u0627. \u0625\u0630\u0627 \u0644\u0645 \u062a\u0643\u0646 \u0631\u0627\u0636\u064a\u064b\u0627 \u062a\u0645\u0627\u0645\u064b\u0627 \u0639\u0646 \u0645\u0634\u062a\u0631\u064a\u0627\u062a\u0643\u060c \u0646\u062d\u0646 \u0647\u0646\u0627 \u0644\u0644\u0645\u0633\u0627\u0639\u062f\u0629. \u064a\u0631\u062c\u0649 \u0642\u0631\u0627\u0621\u0629 \u0633\u064a\u0627\u0633\u062a\u0646\u0627 \u0628\u0634\u0623\u0646 \u0627\u0644\u0627\u0633\u062a\u0631\u062c\u0627\u0639 \u0648\u0627\u0644\u0627\u0633\u062a\u0631\u062f\u0627\u062f \u0628\u0639\u0646\u0627\u064a\u0629.<\/p><h4>1. \u0633\u064a\u0627\u0633\u0629 \u0627\u0644\u0627\u0633\u062a\u0631\u062c\u0627\u0639<\/h4><ul><li><strong>\u0645\u062f\u0629 \u0627\u0644\u0627\u0633\u062a\u0631\u062c\u0627\u0639<\/strong> \u0644\u062f\u064a\u0643 <strong>3 \u0623\u064a\u0627\u0645<\/strong> \u0645\u0646 \u062a\u0627\u0631\u064a\u062e \u0627\u0633\u062a\u0644\u0627\u0645 \u0637\u0644\u0628\u0643 \u0644\u0625\u0639\u0627\u062f\u0629 \u0623\u064a \u0645\u0646\u062a\u062c.<\/li><li><strong>\u0634\u0631\u0648\u0637 \u0627\u0644\u0627\u0633\u062a\u0631\u062c\u0627\u0639<\/strong> : \u0644\u064a\u0643\u0648\u0646 \u0627\u0644\u0645\u0646\u062a\u062c \u0645\u0624\u0647\u0644\u0627\u064b \u0644\u0644\u0625\u0631\u062c\u0627\u0639\u060c \u064a\u062c\u0628 \u0623\u0646 \u064a\u0643\u0648\u0646 \u063a\u064a\u0631 \u0645\u0633\u062a\u062e\u062f\u0645 \u0648\u0641\u064a \u0646\u0641\u0633 \u0627\u0644\u062d\u0627\u0644\u0629 \u0627\u0644\u062a\u064a \u062a\u0644\u0642\u064a\u062a\u0647 \u0628\u0647\u0627\u060c \u0648\u0641\u064a \u0639\u0628\u0648\u062a\u0647 \u0627\u0644\u0623\u0635\u0644\u064a\u0629.<\/li><li><strong>\u0627\u0644\u0645\u0646\u062a\u062c\u0627\u062a \u063a\u064a\u0631 \u0627\u0644\u0642\u0627\u0628\u0644\u0629 \u0644\u0644\u0625\u0631\u062c\u0627\u0639<\/strong> : \u0628\u0639\u0636 \u0627\u0644\u0645\u0646\u062a\u062c\u0627\u062a \u0644\u0627 \u064a\u0645\u0643\u0646 \u0625\u0631\u062c\u0627\u0639\u0647\u0627\u060c \u0645\u062b\u0644 \u0627\u0644\u0645\u0646\u062a\u062c\u0627\u062a \u0627\u0644\u0642\u0627\u0628\u0644\u0629 \u0644\u0644\u062a\u0644\u0641 (\u0645\u062b\u0644 \u0627\u0644\u0623\u0637\u0639\u0645\u0629 \u0623\u0648 \u0627\u0644\u0645\u0643\u0645\u0644\u0627\u062a \u0627\u0644\u063a\u0630\u0627\u0626\u064a\u0629) \u0628\u0639\u062f \u0641\u062a\u062d\u0647\u0627\u060c \u0625\u0644\u0627 \u0641\u064a \u062d\u0627\u0644\u0629 \u0648\u062c\u0648\u062f \u0639\u064a\u0628 \u0623\u0648 \u0645\u0634\u0643\u0644\u0629 \u0641\u064a \u0627\u0644\u062c\u0648\u062f\u0629.<\/li><\/ul><h4>2. \u0639\u0645\u0644\u064a\u0629 \u0627\u0644\u0627\u0633\u062a\u0631\u062c\u0627\u0639<\/h4><ul><li><strong>\u0627\u0644\u062e\u0637\u0648\u0629 1<\/strong> \u0627\u062a\u0635\u0644 \u0628\u062e\u062f\u0645\u0629 \u0627\u0644\u0639\u0645\u0644\u0627\u0621 \u0644\u062f\u064a\u0646\u0627 \u0639\u0644\u0649 support@vitamo.ma \u0644\u0628\u062f\u0621 \u0639\u0645\u0644\u064a\u0629 \u0627\u0644\u0625\u0631\u062c\u0627\u0639. \u064a\u0631\u062c\u0649 \u062a\u0636\u0645\u064a\u0646 \u0631\u0642\u0645 \u0627\u0644\u0637\u0644\u0628 \u0648\u0648\u0635\u0641 \u0645\u062e\u062a\u0635\u0631 \u0644\u0644\u0645\u0634\u0643\u0644\u0629.<\/li><li><strong>\u0627\u0644\u062e\u0637\u0648\u0629 2<\/strong> \u0628\u0639\u062f \u0627\u0644\u0645\u0648\u0627\u0641\u0642\u0629 \u0639\u0644\u0649 \u0637\u0644\u0628 \u0627\u0644\u0625\u0631\u062c\u0627\u0639\u060c \u0633\u0646\u0632\u0648\u062f\u0643 \u0628\u0627\u0644\u062a\u0639\u0644\u064a\u0645\u0627\u062a \u0627\u0644\u062e\u0627\u0635\u0629 \u0628\u0625\u0639\u0627\u062f\u0629 \u0627\u0644\u0645\u0646\u062a\u062c.<\/li><li><strong>\u0644\u062e\u0637\u0648\u0629 3<\/strong> \u0642\u0645 \u0628\u0625\u0639\u0627\u062f\u0629 \u0627\u0644\u0645\u0646\u062a\u062c \u0625\u0644\u0649 \u0627\u0644\u0639\u0646\u0648\u0627\u0646 \u0627\u0644\u0645\u0642\u062f\u0645. \u062a\u0643\u0627\u0644\u064a\u0641 \u0634\u062d\u0646 \u0627\u0644\u0625\u0631\u062c\u0627\u0639 \u062a\u0642\u0639 \u0639\u0644\u0649 \u0639\u0627\u062a\u0642 \u0627\u0644\u0639\u0645\u064a\u0644\u060c \u0625\u0644\u0627 \u0641\u064a \u062d\u0627\u0644\u0629 \u0627\u0644\u062e\u0637\u0623 \u0645\u0646 \u062c\u0627\u0646\u0628\u0646\u0627.<\/li><\/ul><h4>3. \u0627\u0644\u0627\u0633\u062a\u0631\u062f\u0627\u062f<\/h4><ul><li><strong>\u062a\u0642\u064a\u064a\u0645 \u0627\u0644\u0625\u0631\u062c\u0627\u0639<\/strong> \u0628\u0639\u062f \u0627\u0633\u062a\u0644\u0627\u0645\u0646\u0627 \u0644\u0644\u0645\u0646\u062a\u062c \u0627\u0644\u0645\u0631\u062a\u062c\u0639\u060c \u0633\u0646\u0642\u0648\u0645 \u0628\u0641\u062d\u0635\u0647 \u0648\u0625\u0628\u0644\u0627\u063a\u0643 \u0628\u0642\u0628\u0648\u0644 \u0623\u0648 \u0631\u0641\u0636 \u0637\u0644\u0628 \u0627\u0644\u0627\u0633\u062a\u0631\u062f\u0627\u062f.<\/li><li><strong>\u0645\u062f\u0629 \u0627\u0644\u0627\u0633\u062a\u0631\u062f\u0627\u062f<\/strong> \u0625\u0630\u0627 \u062a\u0645 \u0642\u0628\u0648\u0644 \u0637\u0644\u0628 \u0627\u0644\u0627\u0633\u062a\u0631\u062f\u0627\u062f\u060c \u0633\u064a\u062a\u0645 \u0627\u0633\u062a\u0631\u062f\u0627\u062f \u0627\u0644\u0645\u0628\u0644\u063a \u0625\u0644\u0649 \u0637\u0631\u064a\u0642\u0629 \u0627\u0644\u062f\u0641\u0639 \u0627\u0644\u0623\u0635\u0644\u064a\u0629 \u062e\u0644\u0627\u0644 5 . \u0642\u062f \u064a\u062e\u062a\u0644\u0641 \u0627\u0644\u0648\u0642\u062a \u062d\u0633\u0628 \u0627\u0644\u0628\u0646\u0643 \u0623\u0648 \u0627\u0644\u062c\u0647\u0629 \u0627\u0644\u0645\u0635\u062f\u0631\u0629 \u0644\u0628\u0637\u0627\u0642\u062a\u0643 \u0627\u0644\u0627\u0626\u062a\u0645\u0627\u0646\u064a\u0629.<strong>\u00a0\u0623\u064a\u0627\u0645<\/strong>. Le d\u00e9lai peut varier en fonction de votre banque ou de l&#8217;\u00e9metteur de votre carte de cr\u00e9dit.<\/li><li><strong>\u0627\u0644\u0645\u0646\u062a\u062c\u0627\u062a \u0627\u0644\u0645\u062e\u0641\u0636\u0629<\/strong> \u0644\u0627 \u064a\u062a\u0645 \u0627\u0633\u062a\u0631\u062f\u0627\u062f \u0627\u0644\u0645\u0628\u0627\u0644\u063a \u0627\u0644\u0645\u062f\u0641\u0648\u0639\u0629 \u0639\u0644\u0649 \u0627\u0644\u0645\u0646\u062a\u062c\u0627\u062a \u0627\u0644\u0645\u062e\u0641\u0636\u0629\u060c \u0625\u0644\u0627 \u0641\u064a \u062d\u0627\u0644\u0629 \u0648\u062c\u0648\u062f \u0639\u064a\u0628 \u0623\u0648 \u0645\u0634\u0643\u0644\u0629 \u0641\u064a \u0627\u0644\u062c\u0648\u062f\u0629.<\/li><\/ul><h4>4. \u0627\u0644\u0627\u0633\u062a\u0628\u062f\u0627\u0644<\/h4><p>\u0625\u0630\u0627 \u0643\u0646\u062a \u062a\u0631\u063a\u0628 \u0641\u064a \u0627\u0633\u062a\u0628\u062f\u0627\u0644 \u0645\u0646\u062a\u062c \u0628\u0622\u062e\u0631 \u0623\u0648 \u0628\u0645\u0642\u0627\u0633 \u0645\u062e\u062a\u0644\u0641\u060c \u064a\u0631\u062c\u0649 \u0627\u062a\u0628\u0627\u0639 \u0639\u0645\u0644\u064a\u0629 \u0627\u0644\u0625\u0631\u062c\u0627\u0639 \u0627\u0644\u0645\u0648\u0636\u062d\u0629 \u0623\u0639\u0644\u0627\u0647 \u0648\u0625\u062c\u0631\u0627\u0621 \u0637\u0644\u0628 \u062c\u062f\u064a\u062f \u0644\u0644\u0645\u0646\u062a\u062c \u0627\u0644\u0645\u0637\u0644\u0648\u0628.<\/p><h4>5. \u0627\u0644\u0645\u0646\u062a\u062c\u0627\u062a \u0627\u0644\u0645\u0639\u064a\u0628\u0629 \u0623\u0648 \u0627\u0644\u062a\u0627\u0644\u0641\u0629<\/h4><p>\u0625\u0630\u0627 \u0627\u0633\u062a\u0644\u0645\u062a \u0645\u0646\u062a\u062c\u064b\u0627 \u0645\u0639\u064a\u0628\u064b\u0627 \u0623\u0648 \u062a\u0627\u0644\u0641\u064b\u0627\u060c \u064a\u0631\u062c\u0649 \u0627\u0644\u0627\u062a\u0635\u0627\u0644 \u0628\u0646\u0627 \u0641\u0648\u0631\u064b\u0627 \u0639\u0644\u0649 support@vitamo.ma \u0645\u0639 \u0627\u0644\u062a\u0641\u0627\u0635\u064a\u0644 \u0648\u0627\u0644\u0635\u0648\u0631 \u0627\u0644\u062e\u0627\u0635\u0629 \u0628\u0627\u0644\u0645\u0634\u0643\u0644\u0629. \u0646\u062d\u0646 \u0645\u0644\u062a\u0632\u0645\u0648\u0646 \u0628\u0627\u0633\u062a\u0628\u062f\u0627\u0644 \u0627\u0644\u0645\u0646\u062a\u062c \u0623\u0648 \u062a\u0642\u062f\u064a\u0645 \u0627\u0633\u062a\u0631\u062f\u0627\u062f \u0643\u0627\u0645\u0644\u060c \u0628\u0645\u0627 \u0641\u064a \u0630\u0644\u0643 \u062a\u0643\u0627\u0644\u064a\u0641 \u0627\u0644\u0634\u062d\u0646.<\/p><h4>6. \u0627\u0644\u0627\u062a\u0635\u0627\u0644 \u0628\u0646\u0627<\/h4><p>\u0625\u0630\u0627 \u0643\u0627\u0646 \u0644\u062f\u064a\u0643 \u0623\u064a \u0623\u0633\u0626\u0644\u0629 \u062d\u0648\u0644 \u0633\u064a\u0627\u0633\u0629 \u0627\u0644\u0627\u0633\u062a\u0631\u062c\u0627\u0639 \u0648\u0627\u0644\u0627\u0633\u062a\u0631\u062f\u0627\u062f \u0627\u0644\u062e\u0627\u0635\u0629 \u0628\u0646\u0627\u060c \u064a\u0631\u062c\u0649 \u0627\u0644\u0627\u062a\u0635\u0627\u0644 \u0628\u0646\u0627 \u0639\u0644\u0649 support@vitamo.ma.<\/p>\t\t\t\t\t\t\t\t<\/div>\n\t\t\t\t<\/div>\n\t\t\t\t\t<\/div>\n\t\t\t\t<\/div>\n\t\t\t\t<\/div>","protected":false},"excerpt":{"rendered":"<p>Chez\u00a0 VITAMO, votre satisfaction est notre priorit\u00e9. Si vous n&#8217;\u00eates pas enti\u00e8rement satisfait de votre achat, nous sommes l\u00e0 pour vous aider. Veuillez lire attentivement notre politique de remboursement et de retours ci-dessous. 1. Politique de Retours D\u00e9lai de retour : Vous disposez de 3 jours \u00e0 compter de la date de r\u00e9ception de votre &hellip; <a href=\"https:\/\/vitamo.ma\/ar\/refund_returns\/\" class=\"more-link\">\u0642\u0631\u0627\u0621\u0629 \u0627\u0644\u0645\u0632\u064a\u062f <span class=\"screen-reader-text\">\u0633\u064a\u0627\u0633\u0629 \u0627\u0644\u0627\u0633\u062a\u0631\u062f\u0627\u062f \u0648\u0627\u0644\u0625\u0631\u062c\u0627\u0639<\/span><\/a><\/p>","protected":false},"author":1,"featured_media":0,"parent":0,"menu_order":0,"comment_status":"closed","ping_status":"closed","template":"","meta":{"_sitemap_exclude":false,"_sitemap_priority":"","_sitemap_frequency":"","footnotes":""},"categories":[],"tags":[],"class_list":["post-15","page","type-page","status-publish","hentry"],"_links":{"self":[{"href":"https:\/\/vitamo.ma\/ar\/wp-json\/wp\/v2\/pages\/15","targetHints":{"allow":["GET"]}}],"collection":[{"href":"https:\/\/vitamo.ma\/ar\/wp-json\/wp\/v2\/pages"}],"about":[{"href":"https:\/\/vitamo.ma\/ar\/wp-json\/wp\/v2\/types\/page"}],"author":[{"embeddable":true,"href":"https:\/\/vitamo.ma\/ar\/wp-json\/wp\/v2\/users\/1"}],"replies":[{"embeddable":true,"href":"https:\/\/vitamo.ma\/ar\/wp-json\/wp\/v2\/comments?post=15"}],"version-history":[{"count":7,"href":"https:\/\/vitamo.ma\/ar\/wp-json\/wp\/v2\/pages\/15\/revisions"}],"predecessor-version":[{"id":6992,"href":"https:\/\/vitamo.ma\/ar\/wp-json\/wp\/v2\/pages\/15\/revisions\/6992"}],"wp:attachment":[{"href":"https:\/\/vitamo.ma\/ar\/wp-json\/wp\/v2\/media?parent=15"}],"wp:term":[{"taxonomy":"category","embeddable":true,"href":"https:\/\/vitamo.ma\/ar\/wp-json\/wp\/v2\/categories?post=15"},{"taxonomy":"post_tag","embeddable":true,"href":"https:\/\/vitamo.ma\/ar\/wp-json\/wp\/v2\/tags?post=15"}],"curies":[{"name":"wp","href":"https:\/\/api.w.org\/{rel}","templated":true}]}}