{"id":3,"date":"2024-08-15T11:33:11","date_gmt":"2024-08-15T11:33:11","guid":{"rendered":"http:\/\/vitamo.ma\/?page_id=3"},"modified":"2024-08-17T17:21:16","modified_gmt":"2024-08-17T17:21:16","slug":"privacy-policy","status":"publish","type":"page","link":"https:\/\/vitamo.ma\/ar\/privacy-policy\/","title":{"rendered":"\u0633\u064a\u0627\u0633\u0629 \u0627\u0644\u062e\u0635\u0648\u0635\u064a\u0629"},"content":{"rendered":"<div data-elementor-type=\"wp-page\" data-elementor-id=\"3\" class=\"elementor elementor-3\">\n\t\t\t\t<div class=\"elementor-element elementor-element-5d0c5cb0 e-flex e-con-boxed e-con e-parent\" data-id=\"5d0c5cb0\" data-element_type=\"container\" data-e-type=\"container\">\n\t\t\t\t\t<div class=\"e-con-inner\">\n\t\t\t\t<div class=\"elementor-element elementor-element-aad923f elementor-widget elementor-widget-text-editor\" data-id=\"aad923f\" data-element_type=\"widget\" data-e-type=\"widget\" data-widget_type=\"text-editor.default\">\n\t\t\t\t<div class=\"elementor-widget-container\">\n\t\t\t\t\t\t\t\t\t\n<p>\u0641\u064a VITAMO\u060c \u0646\u0639\u062a\u0628\u0631 \u062e\u0635\u0648\u0635\u064a\u0629 \u0645\u0639\u0644\u0648\u0645\u0627\u062a\u0643\u0645 \u0627\u0644\u0634\u062e\u0635\u064a\u0629 \u0623\u0645\u0631\u064b\u0627 \u0641\u064a \u063a\u0627\u064a\u0629 \u0627\u0644\u0623\u0647\u0645\u064a\u0629. \u062a\u0648\u0636\u062d \u0633\u064a\u0627\u0633\u0629 \u0627\u0644\u062e\u0635\u0648\u0635\u064a\u0629 \u0647\u0630\u0647 \u0643\u064a\u0641\u064a\u0629 \u062c\u0645\u0639\u0646\u0627\u060c \u0648\u0627\u0633\u062a\u062e\u062f\u0627\u0645\u0646\u0627\u060c \u0648\u062d\u0645\u0627\u064a\u062a\u0646\u0627 \u0644\u0628\u064a\u0627\u0646\u0627\u062a\u0643\u0645 \u0627\u0644\u0634\u062e\u0635\u064a\u0629 \u0639\u0646\u062f\u0645\u0627 \u062a\u0632\u0648\u0631\u0648\u0646 \u0645\u0648\u0642\u0639\u0646\u0627 \u0627\u0644\u0625\u0644\u0643\u062a\u0631\u0648\u0646\u064a \u0623\u0648 \u062a\u0633\u062a\u062e\u062f\u0645\u0648\u0646 \u062e\u062f\u0645\u0627\u062a\u0646\u0627.<\/p>\n<h4 class=\"wp-block-heading\">1. \u062c\u0645\u0639 \u0627\u0644\u0645\u0639\u0644\u0648\u0645\u0627\u062a<\/h4>\n<p>\u0642\u062f \u0646\u0642\u0648\u0645 \u0628\u062c\u0645\u0639 \u0627\u0644\u0623\u0646\u0648\u0627\u0639 \u0627\u0644\u062a\u0627\u0644\u064a\u0629 \u0645\u0646 \u0627\u0644\u0645\u0639\u0644\u0648\u0645\u0627\u062a:<\/p>\n<ul>\n<li><strong>\u0627\u0644\u0645\u0639\u0644\u0648\u0645\u0627\u062a \u0627\u0644\u0634\u062e\u0635\u064a\u0629<\/strong> : \u0645\u062b\u0644 \u0627\u0633\u0645\u0643\u060c \u0639\u0646\u0648\u0627\u0646 \u0628\u0631\u064a\u062f\u0643 \u0627\u0644\u0625\u0644\u0643\u062a\u0631\u0648\u0646\u064a\u060c \u0631\u0642\u0645 \u0647\u0627\u062a\u0641\u0643\u060c \u0648\u0623\u064a \u0645\u0639\u0644\u0648\u0645\u0627\u062a \u0623\u062e\u0631\u0649 \u062a\u0642\u062f\u0645\u0647\u0627 \u0644\u0646\u0627 \u0637\u0648\u0639\u064b\u0627.<\/li>\n<li><strong>\u0645\u0639\u0644\u0648\u0645\u0627\u062a \u0627\u0644\u062a\u0635\u0641\u062d<\/strong> : \u0628\u0645\u0627 \u0641\u064a \u0630\u0644\u0643 \u0639\u0646\u0648\u0627\u0646 IP \u0627\u0644\u062e\u0627\u0635 \u0628\u0643\u060c \u0646\u0648\u0639 \u0627\u0644\u0645\u062a\u0635\u0641\u062d\u060c \u0627\u0644\u0635\u0641\u062d\u0627\u062a \u0627\u0644\u062a\u064a \u062a\u0645 \u0632\u064a\u0627\u0631\u062a\u0647\u0627\u060c \u0648\u063a\u064a\u0631\u0647\u0627 \u0645\u0646 \u0627\u0644\u0628\u064a\u0627\u0646\u0627\u062a \u0627\u0644\u0645\u062a\u0639\u0644\u0642\u0629 \u0628\u0627\u0633\u062a\u062e\u062f\u0627\u0645\u0643 \u0644\u0645\u0648\u0642\u0639\u0646\u0627 \u0627\u0644\u0625\u0644\u0643\u062a\u0631\u0648\u0646\u064a.<\/li>\n<\/ul>\n<h4>2. \u0627\u0633\u062a\u062e\u062f\u0627\u0645 \u0627\u0644\u0645\u0639\u0644\u0648\u0645\u0627\u062a<\/h4>\n<p>\u0642\u062f \u062a\u064f\u0633\u062a\u062e\u062f\u0645 \u0627\u0644\u0645\u0639\u0644\u0648\u0645\u0627\u062a \u0627\u0644\u062a\u064a \u062a\u0645 \u062c\u0645\u0639\u0647\u0627 \u0641\u064a:<\/p>\n<ul>\n<li>\u0645\u0639\u0627\u0644\u062c\u0629 \u0648\u0625\u062f\u0627\u0631\u0629 \u0637\u0644\u0628\u0627\u062a\u0643.<\/li>\n<li>\u062a\u062d\u0633\u064a\u0646 \u062a\u062c\u0631\u0628\u062a\u0643 \u0643\u0645\u0633\u062a\u062e\u062f\u0645 \u0639\u0644\u0649 \u0645\u0648\u0642\u0639\u0646\u0627 \u0627\u0644\u0625\u0644\u0643\u062a\u0631\u0648\u0646\u064a.<\/li>\n<li>\u0625\u0631\u0633\u0627\u0644 \u0631\u0633\u0627\u0626\u0644 \u062a\u0633\u0648\u064a\u0642\u064a\u0629 \u0625\u0644\u064a\u0643 \u0628\u0639\u062f \u0645\u0648\u0627\u0641\u0642\u062a\u0643 \u0627\u0644\u0645\u0633\u0628\u0642\u0629.<\/li>\n<li>\u0627\u0644\u0631\u062f \u0639\u0644\u0649 \u0627\u0633\u062a\u0641\u0633\u0627\u0631\u0627\u062a\u0643 \u0623\u0648 \u0637\u0644\u0628\u0627\u062a\u0643.<\/li>\n<li>\u062a\u062d\u0644\u064a\u0644 \u0648\u062a\u062d\u0633\u064a\u0646 \u0645\u0648\u0642\u0639\u0646\u0627 \u0627\u0644\u0625\u0644\u0643\u062a\u0631\u0648\u0646\u064a \u0648\u062e\u062f\u0645\u0627\u062a\u0646\u0627.<\/li>\n<\/ul>\n<h4>3. \u0645\u0634\u0627\u0631\u0643\u0629 \u0627\u0644\u0645\u0639\u0644\u0648\u0645\u0627\u062a<\/h4>\n<p>\u0646\u062d\u0646 \u0645\u0644\u062a\u0632\u0645\u0648\u0646 \u0628\u0639\u062f\u0645 \u0628\u064a\u0639 \u0623\u0648 \u062a\u0623\u062c\u064a\u0631 \u0623\u0648 \u0645\u0634\u0627\u0631\u0643\u0629 \u0645\u0639\u0644\u0648\u0645\u0627\u062a\u0643 \u0627\u0644\u0634\u062e\u0635\u064a\u0629 \u0645\u0639 \u0623\u0637\u0631\u0627\u0641 \u062b\u0627\u0644\u062b\u0629\u060c \u0625\u0644\u0627 \u0641\u064a \u0627\u0644\u062d\u0627\u0644\u0627\u062a \u0627\u0644\u062a\u0627\u0644\u064a\u0629:<\/p>\n<ul>\n<li>\u0625\u0630\u0627 \u0643\u0627\u0646 \u0630\u0644\u0643 \u0636\u0631\u0648\u0631\u064a\u064b\u0627 \u0644\u062a\u0642\u062f\u064a\u0645 \u0627\u0644\u062e\u062f\u0645\u0627\u062a \u0627\u0644\u062a\u064a \u0637\u0644\u0628\u062a\u0647\u0627 (\u0645\u062b\u0644 \u0645\u0642\u062f\u0645\u064a \u0627\u0644\u062e\u062f\u0645\u0627\u062a).<\/li>\n<li>\u0625\u0630\u0627 \u0643\u0627\u0646 \u0630\u0644\u0643 \u0645\u0637\u0644\u0648\u0628\u064b\u0627 \u0628\u0645\u0648\u062c\u0628 \u0627\u0644\u0642\u0627\u0646\u0648\u0646.<\/li>\n<li>\u0625\u0630\u0627 \u0643\u0627\u0646 \u0630\u0644\u0643 \u0636\u0631\u0648\u0631\u064a\u064b\u0627 \u0644\u062d\u0645\u0627\u064a\u0629 \u062d\u0642\u0648\u0642\u0646\u0627 \u0623\u0648 \u0645\u0645\u062a\u0644\u0643\u0627\u062a\u0646\u0627 \u0623\u0648 \u0633\u0644\u0627\u0645\u0629 \u0645\u0633\u062a\u062e\u062f\u0645\u064a\u0646\u0627.<\/li>\n<\/ul>\n<h4>4. \u0623\u0645\u0646 \u0627\u0644\u0628\u064a\u0627\u0646\u0627\u062a<\/h4>\n<p>\u0646\u0642\u0648\u0645 \u0628\u0627\u062a\u062e\u0627\u0630 \u062a\u062f\u0627\u0628\u064a\u0631 \u0623\u0645\u0646\u064a\u0629 \u062a\u0642\u0646\u064a\u0629 \u0648\u062a\u0646\u0638\u064a\u0645\u064a\u0629 \u0644\u062d\u0645\u0627\u064a\u0629 \u0645\u0639\u0644\u0648\u0645\u0627\u062a\u0643 \u0627\u0644\u0634\u062e\u0635\u064a\u0629 \u0645\u0646 \u0627\u0644\u0648\u0635\u0648\u0644 \u063a\u064a\u0631 \u0627\u0644\u0645\u0635\u0631\u062d \u0628\u0647\u060c \u0623\u0648 \u0627\u0644\u062a\u0639\u062f\u064a\u0644\u060c \u0623\u0648 \u0627\u0644\u0625\u0641\u0635\u0627\u062d.<\/p>\n<h4>5. \u0645\u0644\u0641\u0627\u062a \u062a\u0639\u0631\u064a\u0641 \u0627\u0644\u0627\u0631\u062a\u0628\u0627\u0637 (\u0627\u0644\u0643\u0648\u0643\u064a\u0632)<\/h4>\n<p>\u064a\u0633\u062a\u062e\u062f\u0645 \u0645\u0648\u0642\u0639\u0646\u0627 \u0627\u0644\u0625\u0644\u0643\u062a\u0631\u0648\u0646\u064a \u0645\u0644\u0641\u0627\u062a \u062a\u0639\u0631\u064a\u0641 \u0627\u0644\u0627\u0631\u062a\u0628\u0627\u0637 \u0644\u062a\u062d\u0633\u064a\u0646 \u062a\u062c\u0631\u0628\u062a\u0643 \u0643\u0645\u0633\u062a\u062e\u062f\u0645. \u0645\u0644\u0641 \u062a\u0639\u0631\u064a\u0641 \u0627\u0644\u0627\u0631\u062a\u0628\u0627\u0637 \u0647\u0648 \u0645\u0644\u0641 \u0646\u0635\u064a \u0635\u063a\u064a\u0631 \u064a\u062a\u0645 \u062a\u062e\u0632\u064a\u0646\u0647 \u0639\u0644\u0649 \u062c\u0647\u0627\u0632\u0643 \u0648\u064a\u0633\u0645\u062d \u0644\u0646\u0627 \u0628\u0627\u0644\u062a\u0639\u0631\u0641 \u0639\u0644\u0649 \u0645\u062a\u0635\u0641\u062d\u0643 \u0648\u0627\u0644\u062a\u0642\u0627\u0637 \u0628\u0639\u0636 \u0627\u0644\u0645\u0639\u0644\u0648\u0645\u0627\u062a. \u064a\u0645\u0643\u0646\u0643 \u0627\u062e\u062a\u064a\u0627\u0631 \u062a\u0639\u0637\u064a\u0644 \u0645\u0644\u0641\u0627\u062a \u062a\u0639\u0631\u064a\u0641 \u0627\u0644\u0627\u0631\u062a\u0628\u0627\u0637 \u0639\u0628\u0631 \u0625\u0639\u062f\u0627\u062f\u0627\u062a \u0645\u062a\u0635\u0641\u062d\u0643\u060c \u0639\u0644\u0649 \u0627\u0644\u0631\u063a\u0645 \u0645\u0646 \u0623\u0646 \u0630\u0644\u0643 \u0642\u062f \u064a\u0624\u062b\u0631 \u0639\u0644\u0649 \u0642\u062f\u0631\u062a\u0643 \u0639\u0644\u0649 \u0627\u0633\u062a\u062e\u062f\u0627\u0645 \u0628\u0639\u0636 \u0645\u064a\u0632\u0627\u062a \u0627\u0644\u0645\u0648\u0642\u0639.<\/p>\n<h4>6. \u062d\u0642\u0648\u0642\u0643<\/h4>\n<p>\u0648\u0641\u0642\u064b\u0627 \u0644\u0644\u062a\u0634\u0631\u064a\u0639\u0627\u062a \u0627\u0644\u0645\u0639\u0645\u0648\u0644 \u0628\u0647\u0627\u060c \u0644\u062f\u064a\u0643 \u0627\u0644\u062d\u0642\u0648\u0642 \u0627\u0644\u062a\u0627\u0644\u064a\u0629 \u0641\u064a\u0645\u0627 \u064a\u062a\u0639\u0644\u0642 \u0628\u0628\u064a\u0627\u0646\u0627\u062a\u0643 \u0627\u0644\u0634\u062e\u0635\u064a\u0629:<\/p>\n<ul>\n<li><strong>\u0627\u0644\u0648\u0635\u0648\u0644 \u0648\u0627\u0644\u062a\u0635\u062d\u064a\u062d<\/strong> : \u0644\u062f\u064a\u0643 \u0627\u0644\u062d\u0642 \u0641\u064a \u0627\u0644\u0648\u0635\u0648\u0644 \u0625\u0644\u0649 \u0645\u0639\u0644\u0648\u0645\u0627\u062a\u0643 \u0627\u0644\u0634\u062e\u0635\u064a\u0629 \u0648\u0637\u0644\u0628 \u062a\u0635\u062d\u064a\u062d\u0647\u0627 \u0625\u0630\u0627 \u0643\u0627\u0646\u062a \u063a\u064a\u0631 \u062f\u0642\u064a\u0642\u0629.<\/li>\n<li><strong>\u0627\u0644\u062d\u0630\u0641<\/strong> : \u064a\u0645\u0643\u0646\u0643 \u0637\u0644\u0628 \u062d\u0630\u0641 \u0628\u064a\u0627\u0646\u0627\u062a\u0643 \u0627\u0644\u0634\u062e\u0635\u064a\u0629 \u0641\u064a \u0638\u0631\u0648\u0641 \u0645\u0639\u064a\u0646\u0629.<\/li>\n<li><strong>\u0627\u0644\u0627\u0639\u062a\u0631\u0627\u0636<\/strong> \u064a\u0645\u0643\u0646\u0643 \u0627\u0644\u0627\u0639\u062a\u0631\u0627\u0636 \u0639\u0644\u0649 \u0627\u0633\u062a\u062e\u062f\u0627\u0645 \u0628\u064a\u0627\u0646\u0627\u062a\u0643 \u0627\u0644\u0634\u062e\u0635\u064a\u0629 \u0644\u0623\u063a\u0631\u0627\u0636 \u0627\u0644\u062a\u0633\u0648\u064a\u0642 \u0627\u0644\u0645\u0628\u0627\u0634\u0631.<\/li>\n<\/ul>\n<h4>7. \u062a\u063a\u064a\u064a\u0631\u0627\u062a \u0641\u064a \u0633\u064a\u0627\u0633\u0629 \u0627\u0644\u062e\u0635\u0648\u0635\u064a\u0629<\/h4>\n<p>\u0646\u062d\u062a\u0641\u0638 \u0628\u0627\u0644\u062d\u0642 \u0641\u064a \u062a\u0639\u062f\u064a\u0644 \u0633\u064a\u0627\u0633\u0629 \u0627\u0644\u062e\u0635\u0648\u0635\u064a\u0629 \u0647\u0630\u0647 \u0641\u064a \u0623\u064a \u0648\u0642\u062a. \u0633\u064a\u062a\u0645 \u0646\u0634\u0631 \u0623\u064a \u062a\u0639\u062f\u064a\u0644\u0627\u062a \u0639\u0644\u0649 \u0647\u0630\u0647 \u0627\u0644\u0635\u0641\u062d\u0629\u060c \u0648\u0625\u0630\u0627 \u0644\u0632\u0645 \u0627\u0644\u0623\u0645\u0631\u060c \u0633\u0646\u0642\u0648\u0645 \u0628\u0625\u0628\u0644\u0627\u063a\u0643 \u0639\u0628\u0631 \u0627\u0644\u0628\u0631\u064a\u062f \u0627\u0644\u0625\u0644\u0643\u062a\u0631\u0648\u0646\u064a.<\/p>\n<h4>8. \u0627\u0644\u0627\u062a\u0635\u0627\u0644 \u0628\u0646\u0627<\/h4>\n<p>\u0625\u0630\u0627 \u0643\u0627\u0646 \u0644\u062f\u064a\u0643 \u0623\u064a \u0623\u0633\u0626\u0644\u0629 \u062d\u0648\u0644 \u0633\u064a\u0627\u0633\u0629 \u0627\u0644\u062e\u0635\u0648\u0635\u064a\u0629 \u0647\u0630\u0647 \u0623\u0648 \u062d\u0648\u0644 \u0643\u064a\u0641\u064a\u0629 \u062a\u0639\u0627\u0645\u0644\u0646\u0627 \u0645\u0639 \u0645\u0639\u0644\u0648\u0645\u0627\u062a\u0643 \u0627\u0644\u0634\u062e\u0635\u064a\u0629\u060c \u064a\u0631\u062c\u0649 \u0627\u0644\u0627\u062a\u0635\u0627\u0644 \u0628\u0646\u0627 \u0639\u0628\u0631 \u0627\u0644\u0628\u0631\u064a\u062f \u0627\u0644\u0625\u0644\u0643\u062a\u0631\u0648\u0646\u064a:support@vitamo.ma .<\/p>\n\n<p>\u00a0<\/p>\t\t\t\t\t\t\t\t<\/div>\n\t\t\t\t<\/div>\n\t\t\t\t\t<\/div>\n\t\t\t\t<\/div>\n\t\t\t\t<\/div>","protected":false},"excerpt":{"rendered":"<p>Chez VITAMO, la confidentialit\u00e9 de vos informations personnelles est une priorit\u00e9 absolue. Cette politique de confidentialit\u00e9 explique comment nous collectons, utilisons et prot\u00e9geons vos donn\u00e9es personnelles lorsque vous visitez notre site web ou utilisez nos services. 1. Collecte des Informations Nous pouvons collecter les types d&#8217;informations suivants : Informations personnelles : telles que votre nom, &hellip; <a href=\"https:\/\/vitamo.ma\/ar\/privacy-policy\/\" class=\"more-link\">\u0642\u0631\u0627\u0621\u0629 \u0627\u0644\u0645\u0632\u064a\u062f <span class=\"screen-reader-text\">\u0633\u064a\u0627\u0633\u0629 \u0627\u0644\u062e\u0635\u0648\u0635\u064a\u0629<\/span><\/a><\/p>","protected":false},"author":1,"featured_media":0,"parent":0,"menu_order":0,"comment_status":"closed","ping_status":"open","template":"","meta":{"_sitemap_exclude":false,"_sitemap_priority":"","_sitemap_frequency":"","footnotes":""},"categories":[],"tags":[],"class_list":["post-3","page","type-page","status-publish","hentry"],"_links":{"self":[{"href":"https:\/\/vitamo.ma\/ar\/wp-json\/wp\/v2\/pages\/3","targetHints":{"allow":["GET"]}}],"collection":[{"href":"https:\/\/vitamo.ma\/ar\/wp-json\/wp\/v2\/pages"}],"about":[{"href":"https:\/\/vitamo.ma\/ar\/wp-json\/wp\/v2\/types\/page"}],"author":[{"embeddable":true,"href":"https:\/\/vitamo.ma\/ar\/wp-json\/wp\/v2\/users\/1"}],"replies":[{"embeddable":true,"href":"https:\/\/vitamo.ma\/ar\/wp-json\/wp\/v2\/comments?post=3"}],"version-history":[{"count":5,"href":"https:\/\/vitamo.ma\/ar\/wp-json\/wp\/v2\/pages\/3\/revisions"}],"predecessor-version":[{"id":6985,"href":"https:\/\/vitamo.ma\/ar\/wp-json\/wp\/v2\/pages\/3\/revisions\/6985"}],"wp:attachment":[{"href":"https:\/\/vitamo.ma\/ar\/wp-json\/wp\/v2\/media?parent=3"}],"wp:term":[{"taxonomy":"category","embeddable":true,"href":"https:\/\/vitamo.ma\/ar\/wp-json\/wp\/v2\/categories?post=3"},{"taxonomy":"post_tag","embeddable":true,"href":"https:\/\/vitamo.ma\/ar\/wp-json\/wp\/v2\/tags?post=3"}],"curies":[{"name":"wp","href":"https:\/\/api.w.org\/{rel}","templated":true}]}}