{"id":385,"date":"2020-12-22T01:46:25","date_gmt":"2020-12-22T01:46:25","guid":{"rendered":"https:\/\/el1.thembaydev.com\/zota_handmade\/?page_id=385"},"modified":"2024-09-02T14:44:24","modified_gmt":"2024-09-02T14:44:24","slug":"blog","status":"publish","type":"page","link":"https:\/\/vitamo.ma\/ar\/blog\/","title":{"rendered":"\u0627\u0644\u0645\u062f\u0648\u0646\u0629"},"content":{"rendered":"<div data-elementor-type=\"wp-page\" data-elementor-id=\"385\" class=\"elementor elementor-385\">\n\t\t\t\t<div class=\"elementor-element elementor-element-349f5f8 e-flex e-con-boxed e-con e-parent\" data-id=\"349f5f8\" data-element_type=\"container\" data-e-type=\"container\">\n\t\t\t\t\t<div class=\"e-con-inner\">\n\t\t<div class=\"elementor-element elementor-element-0c29e0c e-con-full e-flex e-con e-child\" data-id=\"0c29e0c\" data-element_type=\"container\" data-e-type=\"container\">\n\t\t\t\t<div class=\"elementor-element elementor-element-e4aefa8 elementor-widget elementor-widget-tbay-posts-grid\" data-id=\"e4aefa8\" data-element_type=\"widget\" data-e-type=\"widget\" data-widget_type=\"tbay-posts-grid.default\">\n\t\t\t\t<div class=\"elementor-widget-container\">\n\t\t\t\t\t\r\n<div class=\"tbay-element tbay-element-posts-grid\">\r\n\r\n    \t\t\t<h3 class=\"heading-tbay-title\">\r\n\t\t\t\t\t\t\t\t\t<span class=\"title\">\u0627\u0644\u0645\u062f\u0648\u0646\u0629<\/span>\r\n\t\t\t\t\t    \t\r\n\t\t\t\t\t\t\t<\/h3>\r\n\t\t\r\n    <div class=\"posts-grid row grid\" data-xlgdesktop=\"3\" data-desktop=\"3\" data-desktopsmall=\"2\" data-tablet=\"3\" data-landscape=\"2\" data-mobile=\"2\">\r\n\r\n                    <div class=\"item\">\r\n                <article class=\"post item-post post-style-1\">   \r\n    <figure class=\"entry-thumb\">\r\n        <a href=\"https:\/\/vitamo.ma\/ar\/blog\/les-12-marques-de-complements-alimentaires-les-plus-populaires-aux-etats-unis\/\"  class=\"entry-image\">\r\n            <img fetchpriority=\"high\" decoding=\"async\" width=\"540\" height=\"293\" src=\"https:\/\/vitamo.ma\/wp-content\/uploads\/2025\/01\/popular-Supplement-Logo-540x293.jpg\" class=\"attachment-medium size-medium wp-post-image\" alt=\"\" \/>        <\/a> \r\n    <\/figure>\r\n    <div class=\"entry-header\">\r\n        \r\n                    <span class=\"entry-category\">\r\n                <a href=\"https:\/\/vitamo.ma\/ar\/blog\/category\/complements-alimentaires\/\" title=\"\u0639\u0631\u0636 \u062c\u0645\u064a\u0639 \u0627\u0644\u0648\u0638\u0627\u0626\u0641 \u0641\u064a Compl\u00e9ments alimentaires\">\u0627\u0644\u0645\u0643\u0645\u0644\u0627\u062a \u0627\u0644\u063a\u0630\u0627\u0626\u064a\u0629<\/a>            <\/span>\r\n        \r\n                    <h3 class=\"entry-title\">\r\n                <a href=\"https:\/\/vitamo.ma\/ar\/blog\/les-12-marques-de-complements-alimentaires-les-plus-populaires-aux-etats-unis\/\">\u0627\u0644\u0639\u0644\u0627\u0645\u0627\u062a \u0627\u0644\u062a\u062c\u0627\u0631\u064a\u0629 \u0627\u0644\u064012 \u0627\u0644\u0623\u0643\u062b\u0631 \u0634\u0639\u0628\u064a\u0629 \u0644\u0644\u0645\u0643\u0645\u0644\u0627\u062a \u0627\u0644\u063a\u0630\u0627\u0626\u064a\u0629 \u0641\u064a \u0627\u0644\u0648\u0644\u0627\u064a\u0627\u062a \u0627\u0644\u0645\u062a\u062d\u062f\u0629<\/a>\r\n            <\/h3>\r\n        \r\n                    <div class=\"entry-description\">Le march\u00e9 des compl\u00e9ments alimentaires aux \u00c9tats-Unis est en plein essor, et certaines marques se d\u00e9marquent par leur qualit\u00e9, leur fiabilit\u00e9 et leur innovation. ...<\/div>\r\n        \r\n        \t\t\t\t\t<ul class=\"entry-meta-list\">\r\n\t\t\t\t\r\n\t\t\t\t\t\t\t\t\r\n\t\t\t\t\t\t\t\t\t\t\t\t\t<li class=\"entry-date\"><i class=\"tb-icon tb-icon-clock\"><\/i><span class=\"screen-reader-text\">Posted \u0639\u0644\u0649<\/span> <a href=\"https:\/\/vitamo.ma\/ar\/blog\/les-12-marques-de-complements-alimentaires-les-plus-populaires-aux-etats-unis\/\" rel=\"bookmark\"><time class=\"entry-date published updated\" datetime=\"2025-01-21T11:12:10+00:00\">21\/01\/2025<\/time><\/a><\/li>\r\n\t\t\t\t\r\n\t\t\t\t\t\t\t\t\r\n                \t\t\t\t\r\n\t\t\t\t\t\t\t\t\r\n\t\t\t\t\t\t\t\t\t\t\t<\/ul>\r\n\t\t\t\t\t        \r\n        \r\n        \r\n            <\/div>\r\n<\/article>\r\n     \r\n            <\/div>\r\n                    <div class=\"item\">\r\n                <article class=\"post item-post post-style-1\">   \r\n    <figure class=\"entry-thumb\">\r\n        <a href=\"https:\/\/vitamo.ma\/ar\/blog\/bienfaits-de-lashwagandha-prouves-par-la-science\/\"  class=\"entry-image\">\r\n            <img decoding=\"async\" width=\"360\" height=\"360\" src=\"https:\/\/vitamo.ma\/wp-content\/uploads\/2025\/01\/lAshwagandha-favorise-un-meilleur-sommeil-360x360.jpg\" class=\"attachment-medium size-medium wp-post-image\" alt=\"Ashwagandha MAROC\" \/>        <\/a> \r\n    <\/figure>\r\n    <div class=\"entry-header\">\r\n        \r\n                    <span class=\"entry-category\">\r\n                <a href=\"https:\/\/vitamo.ma\/ar\/blog\/category\/sante\/\" title=\"\u0639\u0631\u0636 \u062c\u0645\u064a\u0639 \u0627\u0644\u0648\u0638\u0627\u0626\u0641 \u0641\u064a Sant\u00e9\">Sant\u00e9<\/a>            <\/span>\r\n        \r\n                    <h3 class=\"entry-title\">\r\n                <a href=\"https:\/\/vitamo.ma\/ar\/blog\/bienfaits-de-lashwagandha-prouves-par-la-science\/\">Bienfaits de l&#8217;Ashwagandha : Prouv\u00e9s par la Science<\/a>\r\n            <\/h3>\r\n        \r\n                    <div class=\"entry-description\">D\u00e9couvrez les bienfaits de l&#8217;Ashwagandha, prouv\u00e9s par la science : r\u00e9duction du stress, am\u00e9lioration du sommeil, soutien cognitif et plus encore. Posologie et s\u00e9curit\u00e9 ...<\/div>\r\n        \r\n        \t\t\t\t\t<ul class=\"entry-meta-list\">\r\n\t\t\t\t\r\n\t\t\t\t\t\t\t\t\r\n\t\t\t\t\t\t\t\t\t\t\t\t\t<li class=\"entry-date\"><i class=\"tb-icon tb-icon-clock\"><\/i><span class=\"screen-reader-text\">Posted \u0639\u0644\u0649<\/span> <a href=\"https:\/\/vitamo.ma\/ar\/blog\/bienfaits-de-lashwagandha-prouves-par-la-science\/\" rel=\"bookmark\"><time class=\"entry-date published updated\" datetime=\"2025-01-09T12:09:43+00:00\">09\/01\/2025<\/time><\/a><\/li>\r\n\t\t\t\t\r\n\t\t\t\t\t\t\t\t\r\n                \t\t\t\t\r\n\t\t\t\t\t\t\t\t\r\n\t\t\t\t\t\t\t\t\t\t\t<\/ul>\r\n\t\t\t\t\t        \r\n        \r\n        \r\n            <\/div>\r\n<\/article>\r\n     \r\n            <\/div>\r\n                    <div class=\"item\">\r\n                <article class=\"post item-post post-style-1\">   \r\n    <figure class=\"entry-thumb\">\r\n        <a href=\"https:\/\/vitamo.ma\/ar\/blog\/cystite-soigner-naturellement-et-rapidement-remedes-efficaces\/\"  class=\"entry-image\">\r\n            <img decoding=\"async\" width=\"412\" height=\"360\" src=\"https:\/\/vitamo.ma\/wp-content\/uploads\/2025\/01\/Cystite-412x360.jpg\" class=\"attachment-medium size-medium wp-post-image\" alt=\"Comment soigner une cystite naturellement et rapidement ?\" \/>        <\/a> \r\n    <\/figure>\r\n    <div class=\"entry-header\">\r\n        \r\n                    <span class=\"entry-category\">\r\n                <a href=\"https:\/\/vitamo.ma\/ar\/blog\/category\/sante\/\" title=\"\u0639\u0631\u0636 \u062c\u0645\u064a\u0639 \u0627\u0644\u0648\u0638\u0627\u0626\u0641 \u0641\u064a Sant\u00e9\">Sant\u00e9<\/a>            <\/span>\r\n        \r\n                    <h3 class=\"entry-title\">\r\n                <a href=\"https:\/\/vitamo.ma\/ar\/blog\/cystite-soigner-naturellement-et-rapidement-remedes-efficaces\/\">\u0627\u0644\u062a\u0647\u0627\u0628 \u0627\u0644\u0645\u062b\u0627\u0646\u0629: \u0627\u0644\u0639\u0644\u0627\u062c \u0627\u0644\u0637\u0628\u064a\u0639\u064a \u0648\u0627\u0644\u0633\u0631\u064a\u0639 (\u0639\u0644\u0627\u062c\u0627\u062a \u0641\u0639\u0651\u0627\u0644\u0629)<\/a>\r\n            <\/h3>\r\n        \r\n                    <div class=\"entry-description\">D\u00e9couvrez des rem\u00e8des naturels efficaces pour soigner rapidement une cystite. Conseils, astuces et solutions pour soulager les sympt\u00f4mes et pr\u00e9venir les r\u00e9cidives. Introduction La ...<\/div>\r\n        \r\n        \t\t\t\t\t<ul class=\"entry-meta-list\">\r\n\t\t\t\t\r\n\t\t\t\t\t\t\t\t\r\n\t\t\t\t\t\t\t\t\t\t\t\t\t<li class=\"entry-date\"><i class=\"tb-icon tb-icon-clock\"><\/i><span class=\"screen-reader-text\">Posted \u0639\u0644\u0649<\/span> <a href=\"https:\/\/vitamo.ma\/ar\/blog\/cystite-soigner-naturellement-et-rapidement-remedes-efficaces\/\" rel=\"bookmark\"><time class=\"entry-date published updated\" datetime=\"2025-01-08T12:12:49+00:00\">08\/01\/2025<\/time><\/a><\/li>\r\n\t\t\t\t\r\n\t\t\t\t\t\t\t\t\r\n                \t\t\t\t\r\n\t\t\t\t\t\t\t\t\r\n\t\t\t\t\t\t\t\t\t\t\t<\/ul>\r\n\t\t\t\t\t        \r\n        \r\n        \r\n            <\/div>\r\n<\/article>\r\n     \r\n            <\/div>\r\n                    <div class=\"item\">\r\n                <article class=\"post item-post post-style-1\">   \r\n    <figure class=\"entry-thumb\">\r\n        <a href=\"https:\/\/vitamo.ma\/ar\/blog\/ameliorer-sa-sante-avec-les-complements-alimentaires\/\"  class=\"entry-image\">\r\n            <img loading=\"lazy\" decoding=\"async\" width=\"410\" height=\"360\" src=\"https:\/\/vitamo.ma\/wp-content\/uploads\/2025\/01\/Ameliorer-sa-sante-avec-les-complements-alimentaire-410x360.jpg\" class=\"attachment-medium size-medium wp-post-image\" alt=\"Am\u00e9liorer sa sant\u00e9 avec les compl\u00e9ments alimentaires maroc\" \/>        <\/a> \r\n    <\/figure>\r\n    <div class=\"entry-header\">\r\n        \r\n                    <span class=\"entry-category\">\r\n                <a href=\"https:\/\/vitamo.ma\/ar\/blog\/category\/complements-alimentaires\/\" title=\"\u0639\u0631\u0636 \u062c\u0645\u064a\u0639 \u0627\u0644\u0648\u0638\u0627\u0626\u0641 \u0641\u064a Compl\u00e9ments alimentaires\">\u0627\u0644\u0645\u0643\u0645\u0644\u0627\u062a \u0627\u0644\u063a\u0630\u0627\u0626\u064a\u0629<\/a>            <\/span>\r\n        \r\n                    <h3 class=\"entry-title\">\r\n                <a href=\"https:\/\/vitamo.ma\/ar\/blog\/ameliorer-sa-sante-avec-les-complements-alimentaires\/\">\u062a\u062d\u0633\u064a\u0646 \u0635\u062d\u062a\u0643 \u0645\u0639 \u0627\u0644\u0645\u0643\u0645\u0644\u0627\u062a \u0627\u0644\u063a\u0630\u0627\u0626\u064a\u0629<\/a>\r\n            <\/h3>\r\n        \r\n                    <div class=\"entry-description\">Les compl\u00e9ments alimentaires sont devenus des alli\u00e9s pr\u00e9cieux pour soutenir notre sant\u00e9 dans un monde o\u00f9 stress, alimentation d\u00e9s\u00e9quilibr\u00e9e et mode de vie s\u00e9dentaire ...<\/div>\r\n        \r\n        \t\t\t\t\t<ul class=\"entry-meta-list\">\r\n\t\t\t\t\r\n\t\t\t\t\t\t\t\t\r\n\t\t\t\t\t\t\t\t\t\t\t\t\t<li class=\"entry-date\"><i class=\"tb-icon tb-icon-clock\"><\/i><span class=\"screen-reader-text\">Posted \u0639\u0644\u0649<\/span> <a href=\"https:\/\/vitamo.ma\/ar\/blog\/ameliorer-sa-sante-avec-les-complements-alimentaires\/\" rel=\"bookmark\"><time class=\"entry-date published updated\" datetime=\"2025-01-06T14:40:06+00:00\">06\/01\/2025<\/time><\/a><\/li>\r\n\t\t\t\t\r\n\t\t\t\t\t\t\t\t\r\n                \t\t\t\t\r\n\t\t\t\t\t\t\t\t\r\n\t\t\t\t\t\t\t\t\t\t\t<\/ul>\r\n\t\t\t\t\t        \r\n        \r\n        \r\n            <\/div>\r\n<\/article>\r\n     \r\n            <\/div>\r\n                    <div class=\"item\">\r\n                <article class=\"post item-post post-style-1\">   \r\n    <figure class=\"entry-thumb\">\r\n        <a href=\"https:\/\/vitamo.ma\/ar\/blog\/les-complements-alimentaires-essentiels-pour-les-athletes\/\"  class=\"entry-image\">\r\n            <img loading=\"lazy\" decoding=\"async\" width=\"381\" height=\"360\" src=\"https:\/\/vitamo.ma\/wp-content\/uploads\/2025\/01\/Les-complements-alimentaires-essentiels-pour-les-athlete-381x360.jpg\" class=\"attachment-medium size-medium wp-post-image\" alt=\"Les compl\u00e9ments alimentaires essentiels pour les athl\u00e8tes maroc\" \/>        <\/a> \r\n    <\/figure>\r\n    <div class=\"entry-header\">\r\n        \r\n                    <span class=\"entry-category\">\r\n                <a href=\"https:\/\/vitamo.ma\/ar\/blog\/category\/complements-alimentaires\/\" title=\"\u0639\u0631\u0636 \u062c\u0645\u064a\u0639 \u0627\u0644\u0648\u0638\u0627\u0626\u0641 \u0641\u064a Compl\u00e9ments alimentaires\">\u0627\u0644\u0645\u0643\u0645\u0644\u0627\u062a \u0627\u0644\u063a\u0630\u0627\u0626\u064a\u0629<\/a>            <\/span>\r\n        \r\n                    <h3 class=\"entry-title\">\r\n                <a href=\"https:\/\/vitamo.ma\/ar\/blog\/les-complements-alimentaires-essentiels-pour-les-athletes\/\">\u0627\u0644\u0645\u0643\u0645\u0644\u0627\u062a \u0627\u0644\u063a\u0630\u0627\u0626\u064a\u0629 \u0627\u0644\u0623\u0633\u0627\u0633\u064a\u0629 \u0644\u0644\u0631\u064a\u0627\u0636\u064a\u064a\u0646<\/a>\r\n            <\/h3>\r\n        \r\n                    <div class=\"entry-description\">Pour les athl\u00e8tes, l\u2019alimentation joue un r\u00f4le cl\u00e9 dans l\u2019atteinte des performances maximales. Cependant, m\u00eame avec une alimentation \u00e9quilibr\u00e9e, il peut \u00eatre difficile de ...<\/div>\r\n        \r\n        \t\t\t\t\t<ul class=\"entry-meta-list\">\r\n\t\t\t\t\r\n\t\t\t\t\t\t\t\t\r\n\t\t\t\t\t\t\t\t\t\t\t\t\t<li class=\"entry-date\"><i class=\"tb-icon tb-icon-clock\"><\/i><span class=\"screen-reader-text\">Posted \u0639\u0644\u0649<\/span> <a href=\"https:\/\/vitamo.ma\/ar\/blog\/les-complements-alimentaires-essentiels-pour-les-athletes\/\" rel=\"bookmark\"><time class=\"entry-date published updated\" datetime=\"2025-01-06T14:31:47+00:00\">06\/01\/2025<\/time><\/a><\/li>\r\n\t\t\t\t\r\n\t\t\t\t\t\t\t\t\r\n                \t\t\t\t\r\n\t\t\t\t\t\t\t\t\r\n\t\t\t\t\t\t\t\t\t\t\t<\/ul>\r\n\t\t\t\t\t        \r\n        \r\n        \r\n            <\/div>\r\n<\/article>\r\n     \r\n            <\/div>\r\n                    <div class=\"item\">\r\n                <article class=\"post item-post post-style-1\">   \r\n    <figure class=\"entry-thumb\">\r\n        <a href=\"https:\/\/vitamo.ma\/ar\/blog\/guide-dachat-des-complements-alimentaires\/\"  class=\"entry-image\">\r\n            <img loading=\"lazy\" decoding=\"async\" width=\"446\" height=\"360\" src=\"https:\/\/vitamo.ma\/wp-content\/uploads\/2025\/01\/4-446x360.jpg\" class=\"attachment-medium size-medium wp-post-image\" alt=\"Guide d&#039;achat des compl\u00e9ments alimentaires au maroc\" \/>        <\/a> \r\n    <\/figure>\r\n    <div class=\"entry-header\">\r\n        \r\n                    <span class=\"entry-category\">\r\n                <a href=\"https:\/\/vitamo.ma\/ar\/blog\/category\/complements-alimentaires\/\" title=\"\u0639\u0631\u0636 \u062c\u0645\u064a\u0639 \u0627\u0644\u0648\u0638\u0627\u0626\u0641 \u0641\u064a Compl\u00e9ments alimentaires\">\u0627\u0644\u0645\u0643\u0645\u0644\u0627\u062a \u0627\u0644\u063a\u0630\u0627\u0626\u064a\u0629<\/a>            <\/span>\r\n        \r\n                    <h3 class=\"entry-title\">\r\n                <a href=\"https:\/\/vitamo.ma\/ar\/blog\/guide-dachat-des-complements-alimentaires\/\">Guide d&#8217;achat des compl\u00e9ments alimentaires<\/a>\r\n            <\/h3>\r\n        \r\n                    <div class=\"entry-description\">\u062d\u062f\u062f \u0627\u062d\u062a\u064a\u0627\u062c\u0627\u062a\u0643 \u0642\u0628\u0644 \u0627\u062e\u062a\u064a\u0627\u0631 \u0645\u0643\u0645\u0644 \u063a\u0630\u0627\u0626\u064a\u060c \u0645\u0646 \u0627\u0644\u0636\u0631\u0648\u0631\u064a \u062a\u062d\u062f\u064a\u062f \u0627\u062d\u062a\u064a\u0627\u062c\u0627\u062a\u0643 \u0627\u0644\u062e\u0627\u0635\u0629. \u0627\u0633\u0623\u0644 \u0646\u0641\u0633\u0643 \u0627\u0644\u0623\u0633\u0626\u0644\u0629 \u0627\u0644\u0635\u062d\u064a\u062d\u0629: \u0647\u0644 \u0644\u062f\u064a\u0643 \u0623\u064a \u0642\u0635\u0648\u0631...<\/div>\r\n        \r\n        \t\t\t\t\t<ul class=\"entry-meta-list\">\r\n\t\t\t\t\r\n\t\t\t\t\t\t\t\t\r\n\t\t\t\t\t\t\t\t\t\t\t\t\t<li class=\"entry-date\"><i class=\"tb-icon tb-icon-clock\"><\/i><span class=\"screen-reader-text\">Posted \u0639\u0644\u0649<\/span> <a href=\"https:\/\/vitamo.ma\/ar\/blog\/guide-dachat-des-complements-alimentaires\/\" rel=\"bookmark\"><time class=\"entry-date published updated\" datetime=\"2025-01-02T14:25:46+00:00\">02\/01\/2025<\/time><\/a><\/li>\r\n\t\t\t\t\r\n\t\t\t\t\t\t\t\t\r\n                \t\t\t\t\r\n\t\t\t\t\t\t\t\t\r\n\t\t\t\t\t\t\t\t\t\t\t<\/ul>\r\n\t\t\t\t\t        \r\n        \r\n        \r\n            <\/div>\r\n<\/article>\r\n     \r\n            <\/div>\r\n                    <div class=\"item\">\r\n                <article class=\"post item-post post-style-1\">   \r\n    <figure class=\"entry-thumb\">\r\n        <a href=\"https:\/\/vitamo.ma\/ar\/blog\/complements-alimentaires-avantages-et-risques\/\"  class=\"entry-image\">\r\n            <img loading=\"lazy\" decoding=\"async\" width=\"454\" height=\"360\" src=\"https:\/\/vitamo.ma\/wp-content\/uploads\/2025\/01\/7-454x360.jpg\" class=\"attachment-medium size-medium wp-post-image\" alt=\"Compl\u00e9ments alimentaires : avantages et risques\" \/>        <\/a> \r\n    <\/figure>\r\n    <div class=\"entry-header\">\r\n        \r\n                    <span class=\"entry-category\">\r\n                <a href=\"https:\/\/vitamo.ma\/ar\/blog\/category\/complements-alimentaires\/\" title=\"\u0639\u0631\u0636 \u062c\u0645\u064a\u0639 \u0627\u0644\u0648\u0638\u0627\u0626\u0641 \u0641\u064a Compl\u00e9ments alimentaires\">\u0627\u0644\u0645\u0643\u0645\u0644\u0627\u062a \u0627\u0644\u063a\u0630\u0627\u0626\u064a\u0629<\/a>            <\/span>\r\n        \r\n                    <h3 class=\"entry-title\">\r\n                <a href=\"https:\/\/vitamo.ma\/ar\/blog\/complements-alimentaires-avantages-et-risques\/\">\u0627\u0644\u0645\u0643\u0645\u0644\u0627\u062a \u0627\u0644\u063a\u0630\u0627\u0626\u064a\u0629: \u0627\u0644\u0641\u0648\u0627\u0626\u062f \u0648\u0627\u0644\u0645\u062e\u0627\u0637\u0631<\/a>\r\n            <\/h3>\r\n        \r\n                    <div class=\"entry-description\">\u0645\u0627 \u0647\u064a \u0641\u0648\u0627\u0626\u062f \u0627\u0644\u0645\u0643\u0645\u0644\u0627\u062a \u0627\u0644\u063a\u0630\u0627\u0626\u064a\u0629\u061f \u0633\u062f \u0627\u0644\u0646\u0642\u0635 \u0627\u0644\u063a\u0630\u0627\u0626\u064a \u062a\u0639\u062a\u0628\u0631 \u0627\u0644\u0645\u0643\u0645\u0644\u0627\u062a \u0627\u0644\u063a\u0630\u0627\u0626\u064a\u0629 \u0645\u0641\u064a\u062f\u0629 \u0628\u0634\u0643\u0644 \u062e\u0627\u0635 \u0641\u064a \u062a\u0639\u0648\u064a\u0636 \u0646\u0642\u0635 \u0627\u0644\u0641\u064a\u062a\u0627\u0645\u064a\u0646\u0627\u062a\u060c ...<\/div>\r\n        \r\n        \t\t\t\t\t<ul class=\"entry-meta-list\">\r\n\t\t\t\t\r\n\t\t\t\t\t\t\t\t\r\n\t\t\t\t\t\t\t\t\t\t\t\t\t<li class=\"entry-date\"><i class=\"tb-icon tb-icon-clock\"><\/i><span class=\"screen-reader-text\">Posted \u0639\u0644\u0649<\/span> <a href=\"https:\/\/vitamo.ma\/ar\/blog\/complements-alimentaires-avantages-et-risques\/\" rel=\"bookmark\"><time class=\"entry-date published updated\" datetime=\"2025-01-02T12:54:39+00:00\">02\/01\/2025<\/time><\/a><\/li>\r\n\t\t\t\t\r\n\t\t\t\t\t\t\t\t\r\n                \t\t\t\t\r\n\t\t\t\t\t\t\t\t\r\n\t\t\t\t\t\t\t\t\t\t\t<\/ul>\r\n\t\t\t\t\t        \r\n        \r\n        \r\n            <\/div>\r\n<\/article>\r\n     \r\n            <\/div>\r\n                    <div class=\"item\">\r\n                <article class=\"post item-post post-style-1\">   \r\n    <figure class=\"entry-thumb\">\r\n        <a href=\"https:\/\/vitamo.ma\/ar\/blog\/les-meilleurs-complements-alimentaires-pour-booster-votre-sante\/\"  class=\"entry-image\">\r\n            <img loading=\"lazy\" decoding=\"async\" width=\"467\" height=\"360\" src=\"https:\/\/vitamo.ma\/wp-content\/uploads\/2025\/01\/5-467x360.jpg\" class=\"attachment-medium size-medium wp-post-image\" alt=\"Les meilleurs compl\u00e9ments alimentaires pour booster votre sant\u00e9\" \/>        <\/a> \r\n    <\/figure>\r\n    <div class=\"entry-header\">\r\n        \r\n                    <span class=\"entry-category\">\r\n                <a href=\"https:\/\/vitamo.ma\/ar\/blog\/category\/complements-alimentaires\/\" title=\"\u0639\u0631\u0636 \u062c\u0645\u064a\u0639 \u0627\u0644\u0648\u0638\u0627\u0626\u0641 \u0641\u064a Compl\u00e9ments alimentaires\">\u0627\u0644\u0645\u0643\u0645\u0644\u0627\u062a \u0627\u0644\u063a\u0630\u0627\u0626\u064a\u0629<\/a>            <\/span>\r\n        \r\n                    <h3 class=\"entry-title\">\r\n                <a href=\"https:\/\/vitamo.ma\/ar\/blog\/les-meilleurs-complements-alimentaires-pour-booster-votre-sante\/\">\u0623\u0641\u0636\u0644 \u0627\u0644\u0645\u0643\u0645\u0644\u0627\u062a \u0627\u0644\u063a\u0630\u0627\u0626\u064a\u0629 \u0644\u062a\u0639\u0632\u064a\u0632 \u0635\u062d\u062a\u0643<\/a>\r\n            <\/h3>\r\n        \r\n                    <div class=\"entry-description\">\u0645\u0642\u062f\u0645\u0629: \u0644\u0645\u0627\u0630\u0627 \u062a\u062e\u062a\u0627\u0631 \u0627\u0644\u0645\u0643\u0645\u0644\u0627\u062a \u0627\u0644\u063a\u0630\u0627\u0626\u064a\u0629\u061f  \u0641\u064a \u0639\u0627\u0644\u0645\u0646\u0627 \u0627\u0644\u062d\u062f\u064a\u062b\u060c \u0642\u062f \u064a\u0643\u0648\u0646 \u0645\u0646 \u0627\u0644\u0635\u0639\u0628 \u0627\u0644\u062d\u0641\u0627\u0638 \u0639\u0644\u0649 \u0646\u0638\u0627\u0645 \u063a\u0630\u0627\u0626\u064a \u0645\u062a\u0648\u0627\u0632\u0646 \u062a\u0645\u0627\u0645\u064b\u0627. \u0627\u0644 ...<\/div>\r\n        \r\n        \t\t\t\t\t<ul class=\"entry-meta-list\">\r\n\t\t\t\t\r\n\t\t\t\t\t\t\t\t\r\n\t\t\t\t\t\t\t\t\t\t\t\t\t<li class=\"entry-date\"><i class=\"tb-icon tb-icon-clock\"><\/i><span class=\"screen-reader-text\">Posted \u0639\u0644\u0649<\/span> <a href=\"https:\/\/vitamo.ma\/ar\/blog\/les-meilleurs-complements-alimentaires-pour-booster-votre-sante\/\" rel=\"bookmark\"><time class=\"entry-date published updated\" datetime=\"2025-01-02T11:03:11+00:00\">02\/01\/2025<\/time><\/a><\/li>\r\n\t\t\t\t\r\n\t\t\t\t\t\t\t\t\r\n                \t\t\t\t\r\n\t\t\t\t\t\t\t\t\r\n\t\t\t\t\t\t\t\t\t\t\t<\/ul>\r\n\t\t\t\t\t        \r\n        \r\n        \r\n            <\/div>\r\n<\/article>\r\n     \r\n            <\/div>\r\n         \r\n    <\/div>\r\n<\/div>\r\n\r\n\t\t\t\t<\/div>\n\t\t\t\t<\/div>\n\t\t\t\t<\/div>\n\t\t<div class=\"elementor-element elementor-element-0d086b7 e-con-full e-flex e-con e-child\" data-id=\"0d086b7\" data-element_type=\"container\" data-e-type=\"container\">\n\t\t\t\t<div class=\"elementor-element elementor-element-d553ac7 elementor-widget elementor-widget-sidebar\" data-id=\"d553ac7\" data-element_type=\"widget\" data-e-type=\"widget\" data-widget_type=\"sidebar.default\">\n\t\t\t\t<div class=\"elementor-widget-container\">\n\t\t\t\t\t<aside id=\"block-2\" class=\"widget widget_block widget_search\"><form role=\"search\" method=\"get\" action=\"https:\/\/vitamo.ma\/ar\/\" class=\"wp-block-search__button-outside wp-block-search__text-button wp-block-search\" data-trp-original-action=\"https:\/\/vitamo.ma\/ar\/\"    ><label class=\"wp-block-search__label\" for=\"wp-block-search__input-1\" >\u0627\u0644\u0628\u062d\u062b<\/label><div class=\"wp-block-search__inside-wrapper\" ><input class=\"wp-block-search__input\" id=\"wp-block-search__input-1\" placeholder=\"\" value=\"\" type=\"search\" name=\"s\" required \/><button aria-label=\"\u0627\u0644\u0628\u062d\u062b\" class=\"wp-block-search__button wp-element-button\" type=\"submit\" >\u0627\u0644\u0628\u062d\u062b<\/button><\/div><input type=\"hidden\" name=\"trp-form-language\" value=\"ar\"\/><\/form><\/aside><aside id=\"categories-3\" class=\"widget widget_categories\"><h2 class=\"widget-title\">\u062a\u0635\u0646\u064a\u0641\u0627\u062a<\/h2>\n\t\t\t<ul>\n\t\t\t\t\t<li class=\"cat-item cat-item-475\"><a href=\"https:\/\/vitamo.ma\/ar\/blog\/category\/complements-alimentaires\/\">\u0627\u0644\u0645\u0643\u0645\u0644\u0627\u062a \u0627\u0644\u063a\u0630\u0627\u0626\u064a\u0629<\/a>\n<\/li>\n\t<li class=\"cat-item cat-item-476\"><a href=\"https:\/\/vitamo.ma\/ar\/blog\/category\/sante\/\">Sant\u00e9<\/a>\n<\/li>\n\t\t\t<\/ul>\n\n\t\t\t<\/aside>\t\t\t\t<\/div>\n\t\t\t\t<\/div>\n\t\t\t\t<\/div>\n\t\t\t\t\t<\/div>\n\t\t\t\t<\/div>\n\t\t\t\t<\/div>","protected":false},"excerpt":{"rendered":"<p>Blog Beauty &amp; Cosmetics How To Make Christmas Cards with Toddlers Did you come here for something in particular or just general Riker-bashing? And blowing into maximum warp speed, you appeared for an instant to be in two places at once. We have a saboteur aboard. We know you\u2019re dealing in stolen ore. Today most &hellip; <a href=\"https:\/\/vitamo.ma\/ar\/blog\/les-meilleurs-complements-alimentaires-pour-booster-votre-sante\/\" class=\"more-link\">\u0642\u0631\u0627\u0621\u0629 \u0627\u0644\u0645\u0632\u064a\u062f <span class=\"screen-reader-text\">\u0623\u0641\u0636\u0644 \u0627\u0644\u0645\u0643\u0645\u0644\u0627\u062a \u0627\u0644\u063a\u0630\u0627\u0626\u064a\u0629 \u0644\u062a\u0639\u0632\u064a\u0632 \u0635\u062d\u062a\u0643<\/span><\/a><\/p>","protected":false},"author":1,"featured_media":0,"parent":0,"menu_order":0,"comment_status":"closed","ping_status":"closed","template":"","meta":{"_sitemap_exclude":false,"_sitemap_priority":"","_sitemap_frequency":"","footnotes":""},"categories":[],"tags":[],"class_list":["post-385","page","type-page","status-publish","hentry"],"_links":{"self":[{"href":"https:\/\/vitamo.ma\/ar\/wp-json\/wp\/v2\/pages\/385","targetHints":{"allow":["GET"]}}],"collection":[{"href":"https:\/\/vitamo.ma\/ar\/wp-json\/wp\/v2\/pages"}],"about":[{"href":"https:\/\/vitamo.ma\/ar\/wp-json\/wp\/v2\/types\/page"}],"author":[{"embeddable":true,"href":"https:\/\/vitamo.ma\/ar\/wp-json\/wp\/v2\/users\/1"}],"replies":[{"embeddable":true,"href":"https:\/\/vitamo.ma\/ar\/wp-json\/wp\/v2\/comments?post=385"}],"version-history":[{"count":12,"href":"https:\/\/vitamo.ma\/ar\/wp-json\/wp\/v2\/pages\/385\/revisions"}],"predecessor-version":[{"id":7167,"href":"https:\/\/vitamo.ma\/ar\/wp-json\/wp\/v2\/pages\/385\/revisions\/7167"}],"wp:attachment":[{"href":"https:\/\/vitamo.ma\/ar\/wp-json\/wp\/v2\/media?parent=385"}],"wp:term":[{"taxonomy":"category","embeddable":true,"href":"https:\/\/vitamo.ma\/ar\/wp-json\/wp\/v2\/categories?post=385"},{"taxonomy":"post_tag","embeddable":true,"href":"https:\/\/vitamo.ma\/ar\/wp-json\/wp\/v2\/tags?post=385"}],"curies":[{"name":"wp","href":"https:\/\/api.w.org\/{rel}","templated":true}]}}