{"id":414,"date":"2020-12-22T01:50:52","date_gmt":"2020-12-22T01:50:52","guid":{"rendered":"https:\/\/el1.thembaydev.com\/zota_handmade\/?page_id=414"},"modified":"2024-12-14T16:13:47","modified_gmt":"2024-12-14T16:13:47","slug":"term-of-use","status":"publish","type":"page","link":"https:\/\/vitamo.ma\/ar\/term-of-use\/","title":{"rendered":"Term Of Use"},"content":{"rendered":"<div data-elementor-type=\"wp-page\" data-elementor-id=\"414\" class=\"elementor elementor-414\">\n\t\t\t\t<div class=\"elementor-element elementor-element-9f291cb e-flex e-con-boxed e-con e-parent\" data-id=\"9f291cb\" data-element_type=\"container\" data-e-type=\"container\">\n\t\t\t\t\t<div class=\"e-con-inner\">\n\t\t\t\t<div class=\"elementor-element elementor-element-f1def25 elementor-widget elementor-widget-heading\" data-id=\"f1def25\" data-element_type=\"widget\" data-e-type=\"widget\" data-widget_type=\"heading.default\">\n\t\t\t\t<div class=\"elementor-widget-container\">\n\t\t\t\t\t<h2 class=\"elementor-heading-title elementor-size-default\">\u0634\u0631\u0648\u0637 \u0627\u0644\u0627\u0633\u062a\u062e\u062f\u0627\u0645<\/h2>\t\t\t\t<\/div>\n\t\t\t\t<\/div>\n\t\t\t\t\t<\/div>\n\t\t\t\t<\/div>\n\t\t\t\t<section class=\"elementor-section elementor-top-section elementor-element elementor-element-122b1902 elementor-section-stretched elementor-section-boxed elementor-section-height-default elementor-section-height-default\" data-id=\"122b1902\" data-element_type=\"section\" data-e-type=\"section\" data-settings=\"{&quot;stretch_section&quot;:&quot;section-stretched&quot;}\">\n\t\t\t\t\t\t<div class=\"elementor-container elementor-column-gap-default\">\n\t\t\t\t\t<div class=\"elementor-column elementor-col-100 elementor-top-column elementor-element elementor-element-3e9210fa\" data-id=\"3e9210fa\" data-element_type=\"column\" data-e-type=\"column\">\n\t\t\t<div class=\"elementor-widget-wrap elementor-element-populated\">\n\t\t\t\t\t\t<div class=\"elementor-element elementor-element-688b9c41 elementor-widget elementor-widget-text-editor\" data-id=\"688b9c41\" data-element_type=\"widget\" data-e-type=\"widget\" data-widget_type=\"text-editor.default\">\n\t\t\t\t<div class=\"elementor-widget-container\">\n\t\t\t\t\t\t\t\t\t<p>\u0645\u0631\u062d\u0628\u064b\u0627 \u0628\u0643\u0645 \u0641\u064a \u0645\u0648\u0642\u0639 <strong>\u0641\u064a\u062a\u0627\u0645\u0648<\/strong>. \u0645\u0646 \u062e\u0644\u0627\u0644 \u0627\u0644\u0648\u0635\u0648\u0644 \u0625\u0644\u0649 \u0645\u0648\u0642\u0639\u0646\u0627 \u0648\u0627\u0633\u062a\u062e\u062f\u0627\u0645 \u062e\u062f\u0645\u0627\u062a\u0646\u0627\u060c \u0641\u0625\u0646\u0643 \u062a\u0648\u0627\u0641\u0642 \u0639\u0644\u0649 \u0627\u0644\u0634\u0631\u0648\u0637 \u0627\u0644\u062a\u0627\u0644\u064a\u0629. \u064a\u0631\u062c\u0649 \u0642\u0631\u0627\u0621\u062a\u0647\u0627 \u0628\u0639\u0646\u0627\u064a\u0629.<\/p><h4>1. \u0642\u0628\u0648\u0644 \u0627\u0644\u0634\u0631\u0648\u0637<\/h4><p>\u0639\u0646\u062f \u0627\u0644\u0648\u0635\u0648\u0644 \u0625\u0644\u0649 \u0645\u0648\u0642\u0639\u0646\u0627 \u0627\u0644\u0625\u0644\u0643\u062a\u0631\u0648\u0646\u064a\u060c \u0641\u0625\u0646\u0643 \u062a\u0648\u0627\u0641\u0642 \u0639\u0644\u0649 \u0627\u0644\u0627\u0644\u062a\u0632\u0627\u0645 \u0628\u0647\u0630\u0647 \u0627\u0644\u0634\u0631\u0648\u0637 \u0648\u0627\u0644\u0623\u062d\u0643\u0627\u0645\u060c \u0648\u0643\u0630\u0644\u0643 \u0628\u062c\u0645\u064a\u0639 \u0627\u0644\u0642\u0648\u0627\u0646\u064a\u0646 \u0648\u0627\u0644\u0644\u0648\u0627\u0626\u062d \u0627\u0644\u0645\u0639\u0645\u0648\u0644 \u0628\u0647\u0627. \u0625\u0630\u0627 \u0643\u0646\u062a \u0644\u0627 \u062a\u0648\u0627\u0641\u0642 \u0639\u0644\u0649 \u0647\u0630\u0647 \u0627\u0644\u0634\u0631\u0648\u0637\u060c \u064a\u0631\u062c\u0649 \u0639\u062f\u0645 \u0627\u0633\u062a\u062e\u062f\u0627\u0645 \u0645\u0648\u0642\u0639\u0646\u0627.<\/p><h4>2. \u062a\u0639\u062f\u064a\u0644\u0627\u062a \u0639\u0644\u0649 \u0627\u0644\u0634\u0631\u0648\u0637<\/h4><p><strong>\u0641\u064a\u062a\u0627\u0645\u0648<\/strong> \u062a\u062d\u062a\u0641\u0638 Vitamo\u0628\u0627\u0644\u062d\u0642 \u0641\u064a \u062a\u0639\u062f\u064a\u0644 \u0647\u0630\u0647 \u0627\u0644\u0634\u0631\u0648\u0637 \u0648\u0627\u0644\u0623\u062d\u0643\u0627\u0645 \u0641\u064a \u0623\u064a \u0648\u0642\u062a. \u0633\u062a\u0635\u0628\u062d \u0627\u0644\u062a\u0639\u062f\u064a\u0644\u0627\u062a \u0633\u0627\u0631\u064a\u0629 \u0627\u0644\u0645\u0641\u0639\u0648\u0644 \u0641\u0648\u0631 \u0646\u0634\u0631\u0647\u0627 \u0639\u0644\u0649 \u0647\u0630\u0647 \u0627\u0644\u0635\u0641\u062d\u0629. \u062a\u0642\u0639 \u0639\u0644\u0649 \u0639\u0627\u062a\u0642\u0643 \u0645\u0633\u0624\u0648\u0644\u064a\u0629 \u0645\u0631\u0627\u062c\u0639\u0629 \u0627\u0644\u0634\u0631\u0648\u0637 \u0628\u0627\u0646\u062a\u0638\u0627\u0645 \u0644\u0644\u0628\u0642\u0627\u0621 \u0639\u0644\u0649 \u0627\u0637\u0644\u0627\u0639 \u0639\u0644\u0649 \u0627\u0644\u062a\u062d\u062f\u064a\u062b\u0627\u062a.<\/p><h4>3. \u0627\u0633\u062a\u062e\u062f\u0627\u0645 \u0627\u0644\u0645\u0648\u0642\u0639<\/h4><ul><li><strong>\u0627\u0644\u0645\u062d\u062a\u0648\u0649<\/strong> \u062c\u0645\u064a\u0639 \u0627\u0644\u0645\u062d\u062a\u0648\u064a\u0627\u062a \u0627\u0644\u0645\u062a\u0627\u062d\u0629 \u0639\u0644\u0649 \u0645\u0648\u0642\u0639\u0646\u0627\u060c \u0628\u0645\u0627 \u0641\u064a \u0630\u0644\u0643 \u0627\u0644\u0646\u0635\u0648\u0635 \u0648\u0627\u0644\u0635\u0648\u0631 \u0648\u0645\u0642\u0627\u0637\u0639 \u0627\u0644\u0641\u064a\u062f\u064a\u0648 \u0648\u0627\u0644\u0645\u0648\u0627\u062f \u0627\u0644\u0623\u062e\u0631\u0649\u060c \u0647\u064a \u0645\u0644\u0643 \u0644\u0640 <strong>\u0641\u064a\u062a\u0627\u0645\u0648<\/strong> \u0623\u0648 \u0645\u0627\u0646\u062d\u064a \u0627\u0644\u062a\u0631\u062e\u064a\u0635 \u0644\u0647\u0627. \u0644\u0627 \u064a\u062c\u0648\u0632 \u0644\u0643 \u0625\u0639\u0627\u062f\u0629 \u0625\u0646\u062a\u0627\u062c \u0623\u0648 \u062a\u0648\u0632\u064a\u0639 \u0623\u0648 \u062a\u0639\u062f\u064a\u0644 \u0623\u0648 \u0627\u0633\u062a\u062e\u062f\u0627\u0645 \u0627\u0644\u0645\u062d\u062a\u0648\u0649 \u0644\u0623\u063a\u0631\u0627\u0636 \u062a\u062c\u0627\u0631\u064a\u0629 \u062f\u0648\u0646 \u0625\u0630\u0646 \u0645\u0633\u0628\u0642.<\/li><li><strong>\u0627\u0644\u0648\u0635\u0648\u0644<\/strong> \u0646\u062d\u062a\u0641\u0638 \u0628\u0627\u0644\u062d\u0642 \u0641\u064a \u062a\u0639\u0644\u064a\u0642 \u0623\u0648 \u062a\u0642\u064a\u064a\u062f \u0627\u0644\u0648\u0635\u0648\u0644 \u0625\u0644\u0649 \u0623\u062c\u0632\u0627\u0621 \u0645\u0639\u064a\u0646\u0629 \u0645\u0646 \u0627\u0644\u0645\u0648\u0642\u0639 \u0623\u0648 \u0625\u0644\u0649 \u0627\u0644\u0645\u0648\u0642\u0639 \u0628\u0623\u0643\u0645\u0644\u0647 \u062f\u0648\u0646 \u0625\u0634\u0639\u0627\u0631 \u0645\u0633\u0628\u0642.<\/li><li><strong>\u0633\u0644\u0648\u0643 \u0627\u0644\u0645\u0633\u062a\u062e\u062f\u0645<\/strong> \u062a\u062a\u0639\u0647\u062f \u0628\u0639\u062f\u0645 \u0627\u0633\u062a\u062e\u062f\u0627\u0645 \u0645\u0648\u0642\u0639\u0646\u0627 \u0628\u0637\u0631\u064a\u0642\u0629 \u063a\u064a\u0631 \u0642\u0627\u0646\u0648\u0646\u064a\u0629 \u0623\u0648 \u0636\u0627\u0631\u0629 \u0623\u0648 \u062a\u0646\u062a\u0647\u0643 \u062d\u0642\u0648\u0642 \u0627\u0644\u0622\u062e\u0631\u064a\u0646. \u0643\u0645\u0627 \u062a\u0648\u0627\u0641\u0642 \u0639\u0644\u0649 \u0639\u062f\u0645 \u0625\u062f\u062e\u0627\u0644 \u0641\u064a\u0631\u0648\u0633\u0627\u062a \u0623\u0648 \u0628\u0631\u0627\u0645\u062c \u0636\u0627\u0631\u0629 \u0623\u062e\u0631\u0649 \u0625\u0644\u0649 \u0645\u0648\u0642\u0639\u0646\u0627.<\/li><\/ul><h4>4. \u062d\u0633\u0627\u0628\u0627\u062a \u0627\u0644\u0645\u0633\u062a\u062e\u062f\u0645<\/h4><p>\u0644\u0644\u0648\u0635\u0648\u0644 \u0625\u0644\u0649 \u0628\u0639\u0636 \u0645\u064a\u0632\u0627\u062a \u0645\u0648\u0642\u0639\u0646\u0627\u060c \u0642\u062f \u064a\u064f\u0637\u0644\u0628 \u0645\u0646\u0643 \u0625\u0646\u0634\u0627\u0621 \u062d\u0633\u0627\u0628. \u0623\u0646\u062a \u0645\u0633\u0624\u0648\u0644 \u0639\u0646 \u0627\u0644\u062d\u0641\u0627\u0638 \u0639\u0644\u0649 \u0633\u0631\u064a\u0629 \u0645\u0639\u0644\u0648\u0645\u0627\u062a \u062a\u0633\u062c\u064a\u0644 \u0627\u0644\u062f\u062e\u0648\u0644 \u0627\u0644\u062e\u0627\u0635\u0629 \u0628\u0643 \u0648\u0639\u0646 \u062c\u0645\u064a\u0639 \u0627\u0644\u0623\u0646\u0634\u0637\u0629 \u0627\u0644\u062a\u064a \u062a\u062a\u0645 \u062a\u062d\u062a \u062d\u0633\u0627\u0628\u0643. \u062a\u062d\u062a\u0641\u0638 Vitamo  \u0628\u0627\u0644\u062d\u0642 \u0641\u064a \u062a\u0639\u0644\u064a\u0642 \u0623\u0648 \u0625\u0644\u063a\u0627\u0621 \u062d\u0633\u0627\u0628\u0643 \u0641\u064a \u062d\u0627\u0644\u0629 \u0627\u0646\u062a\u0647\u0627\u0643 \u0647\u0630\u0647 \u0627\u0644\u0634\u0631\u0648\u0637.<\/p><h4>5. \u0627\u0644\u062e\u0635\u0648\u0635\u064a\u0629<\/h4><p>\u062e\u0635\u0648\u0635\u064a\u062a\u0643 \u0645\u0647\u0645\u0629 \u0628\u0627\u0644\u0646\u0633\u0628\u0629 \u0644\u0646\u0627. \u064a\u0631\u062c\u0649 \u0645\u0631\u0627\u062c\u0639\u0629 <a href=\"https:\/\/vitamo.ma\/ar\/privacy-policy\/\">\u0633\u064a\u0627\u0633\u0629 \u0627\u0644\u062e\u0635\u0648\u0635\u064a\u0629<\/a>\u00a0\u0628\u0646\u0627 \u0644\u0644\u062d\u0635\u0648\u0644 \u0639\u0644\u0649 \u0645\u0632\u064a\u062f \u0645\u0646 \u0627\u0644\u0645\u0639\u0644\u0648\u0645\u0627\u062a \u062d\u0648\u0644 \u0643\u064a\u0641\u064a\u0629 \u062c\u0645\u0639\u0646\u0627 \u0648\u0627\u0633\u062a\u062e\u062f\u0627\u0645\u0646\u0627 \u0648\u062d\u0645\u0627\u064a\u062a\u0646\u0627 \u0644\u0628\u064a\u0627\u0646\u0627\u062a\u0643 \u0627\u0644\u0634\u062e\u0635\u064a\u0629.<\/p><h4>6. \u062a\u062d\u062f\u064a\u062f \u0627\u0644\u0645\u0633\u0624\u0648\u0644\u064a\u0629<\/h4><p><strong>\u0641\u064a\u062a\u0627\u0645\u0648\u00a0<\/strong> \u0644\u0646 \u062a\u0643\u0648\u0646 Vitamo \u0645\u0633\u0624\u0648\u0644\u0629 \u0639\u0646 \u0623\u064a \u0623\u0636\u0631\u0627\u0631 \u0645\u0628\u0627\u0634\u0631\u0629 \u0623\u0648 \u063a\u064a\u0631 \u0645\u0628\u0627\u0634\u0631\u0629 \u0623\u0648 \u062e\u0627\u0635\u0629 \u0623\u0648 \u062a\u0628\u0639\u064a\u0629 \u0646\u0627\u062a\u062c\u0629 \u0639\u0646 \u0627\u0633\u062a\u062e\u062f\u0627\u0645 \u0623\u0648 \u0639\u062f\u0645 \u0627\u0644\u0642\u062f\u0631\u0629 \u0639\u0644\u0649 \u0627\u0633\u062a\u062e\u062f\u0627\u0645 \u0645\u0648\u0642\u0639\u0646\u0627\u060c \u0628\u0645\u0627 \u0641\u064a \u0630\u0644\u0643\u060c \u0639\u0644\u0649 \u0633\u0628\u064a\u0644 \u0627\u0644\u0645\u062b\u0627\u0644 \u0644\u0627 \u0627\u0644\u062d\u0635\u0631\u060c \u0641\u0642\u062f\u0627\u0646 \u0627\u0644\u0628\u064a\u0627\u0646\u0627\u062a \u0623\u0648 \u0627\u0646\u0642\u0637\u0627\u0639 \u0627\u0644\u062e\u062f\u0645\u0629 \u0623\u0648 \u0627\u0644\u0623\u062e\u0637\u0627\u0621 \u0627\u0644\u0641\u0646\u064a\u0629.<\/p><h4>7. \u0627\u0644\u0631\u0648\u0627\u0628\u0637 \u0625\u0644\u0649 \u0645\u0648\u0627\u0642\u0639 \u0627\u0644\u0623\u0637\u0631\u0627\u0641 \u0627\u0644\u062b\u0627\u0644\u062b\u0629<\/h4><p>\u0642\u062f \u064a\u062d\u062a\u0648\u064a \u0645\u0648\u0642\u0639\u0646\u0627 \u0639\u0644\u0649 \u0631\u0648\u0627\u0628\u0637 \u0644\u0645\u0648\u0627\u0642\u0639 \u0648\u064a\u0628 \u062a\u0627\u0628\u0639\u0629 \u0644\u0623\u0637\u0631\u0627\u0641 \u062b\u0627\u0644\u062b\u0629. \u0647\u0630\u0647 \u0627\u0644\u0631\u0648\u0627\u0628\u0637 \u0645\u0642\u062f\u0645\u0629 \u0644\u0644\u062a\u0633\u0647\u064a\u0644 \u0648\u0644\u0627 \u062a\u0639\u0646\u064a \u0623\u0646\u0646\u0627 \u0646\u0624\u064a\u062f \u0645\u062d\u062a\u0648\u0649 \u062a\u0644\u0643 \u0627\u0644\u0645\u0648\u0627\u0642\u0639. <strong>\u0641\u064a\u062a\u0627\u0645\u0648<\/strong> \u0644\u064a\u0633\u062a \u0645\u0633\u0624\u0648\u0644\u0629 \u0639\u0646 \u0645\u062d\u062a\u0648\u0649 \u0623\u0648 \u0645\u0645\u0627\u0631\u0633\u0627\u062a \u0627\u0644\u062e\u0635\u0648\u0635\u064a\u0629 \u0644\u0645\u0648\u0627\u0642\u0639 \u0627\u0644\u0623\u0637\u0631\u0627\u0641 \u0627\u0644\u062b\u0627\u0644\u062b\u0629.<\/p><h4>8. \u0627\u0644\u0642\u0627\u0646\u0648\u0646 \u0627\u0644\u0645\u0639\u0645\u0648\u0644 \u0628\u0647<\/h4><p>\u062a\u062e\u0636\u0639 \u0647\u0630\u0647 \u0627\u0644\u0634\u0631\u0648\u0637 \u0648\u0627\u0644\u0623\u062d\u0643\u0627\u0645 \u0644\u0642\u0648\u0627\u0646\u064a\u0646 \u0627\u0644\u0645\u063a\u0631\u0628\u064a\u0629\u00a0<\/p><h4>9. \u0627\u0644\u0627\u062a\u0635\u0627\u0644 \u0628\u0646\u0627<\/h4><p>\u0625\u0630\u0627 \u0643\u0627\u0646 \u0644\u062f\u064a\u0643 \u0623\u064a \u0623\u0633\u0626\u0644\u0629 \u0623\u0648 \u0645\u062e\u0627\u0648\u0641 \u0628\u0634\u0623\u0646 \u0647\u0630\u0647 \u0627\u0644\u0634\u0631\u0648\u0637 \u0648\u0627\u0644\u0623\u062d\u0643\u0627\u0645\u060c \u064a\u0631\u062c\u0649 \u0627\u0644\u0627\u062a\u0635\u0627\u0644 \u0628\u0646\u0627 \u0639\u0644\u0649 support@vitamo.ma .<\/p>\t\t\t\t\t\t\t\t<\/div>\n\t\t\t\t<\/div>\n\t\t\t\t\t<\/div>\n\t\t<\/div>\n\t\t\t\t\t<\/div>\n\t\t<\/section>\n\t\t\t\t<\/div>","protected":false},"excerpt":{"rendered":"<p>Conditions d&#8217;utilisation Bienvenue sur le site web de Vitamo. En acc\u00e9dant \u00e0 notre site web et en utilisant nos services, vous acceptez les conditions d&#8217;utilisation suivantes. Veuillez les lire attentivement. 1. Acceptation des Conditions En acc\u00e9dant \u00e0 notre site web, vous acceptez de respecter ces conditions d&#8217;utilisation, ainsi que toutes les lois et r\u00e9glementations applicables. &hellip; <a href=\"https:\/\/vitamo.ma\/ar\/term-of-use\/\" class=\"more-link\">\u0642\u0631\u0627\u0621\u0629 \u0627\u0644\u0645\u0632\u064a\u062f <span class=\"screen-reader-text\">Term Of Use<\/span><\/a><\/p>","protected":false},"author":1,"featured_media":0,"parent":0,"menu_order":0,"comment_status":"closed","ping_status":"closed","template":"","meta":{"_sitemap_exclude":false,"_sitemap_priority":"","_sitemap_frequency":"","footnotes":""},"categories":[],"tags":[],"class_list":["post-414","page","type-page","status-publish","hentry"],"_links":{"self":[{"href":"https:\/\/vitamo.ma\/ar\/wp-json\/wp\/v2\/pages\/414","targetHints":{"allow":["GET"]}}],"collection":[{"href":"https:\/\/vitamo.ma\/ar\/wp-json\/wp\/v2\/pages"}],"about":[{"href":"https:\/\/vitamo.ma\/ar\/wp-json\/wp\/v2\/types\/page"}],"author":[{"embeddable":true,"href":"https:\/\/vitamo.ma\/ar\/wp-json\/wp\/v2\/users\/1"}],"replies":[{"embeddable":true,"href":"https:\/\/vitamo.ma\/ar\/wp-json\/wp\/v2\/comments?post=414"}],"version-history":[{"count":9,"href":"https:\/\/vitamo.ma\/ar\/wp-json\/wp\/v2\/pages\/414\/revisions"}],"predecessor-version":[{"id":7290,"href":"https:\/\/vitamo.ma\/ar\/wp-json\/wp\/v2\/pages\/414\/revisions\/7290"}],"wp:attachment":[{"href":"https:\/\/vitamo.ma\/ar\/wp-json\/wp\/v2\/media?parent=414"}],"wp:term":[{"taxonomy":"category","embeddable":true,"href":"https:\/\/vitamo.ma\/ar\/wp-json\/wp\/v2\/categories?post=414"},{"taxonomy":"post_tag","embeddable":true,"href":"https:\/\/vitamo.ma\/ar\/wp-json\/wp\/v2\/tags?post=414"}],"curies":[{"name":"wp","href":"https:\/\/api.w.org\/{rel}","templated":true}]}}