{"id":419,"date":"2020-12-22T01:52:18","date_gmt":"2020-12-22T01:52:18","guid":{"rendered":"https:\/\/el1.thembaydev.com\/zota_handmade\/?page_id=419"},"modified":"2024-12-14T15:58:59","modified_gmt":"2024-12-14T15:58:59","slug":"about-us","status":"publish","type":"page","link":"https:\/\/vitamo.ma\/ar\/about-us\/","title":{"rendered":"About Us"},"content":{"rendered":"<div data-elementor-type=\"wp-page\" data-elementor-id=\"419\" class=\"elementor elementor-419\">\n\t\t\t\t<div class=\"elementor-element elementor-element-bc37d63 e-con-full e-flex e-con e-parent\" data-id=\"bc37d63\" data-element_type=\"container\" data-e-type=\"container\">\n\t\t<div class=\"elementor-element elementor-element-c58beff e-con-full e-flex e-con e-child\" data-id=\"c58beff\" data-element_type=\"container\" data-e-type=\"container\">\n\t\t\t\t<div class=\"elementor-element elementor-element-e07474b elementor-widget__width-initial elementor-widget elementor-widget-text-editor\" data-id=\"e07474b\" data-element_type=\"widget\" data-e-type=\"widget\" data-widget_type=\"text-editor.default\">\n\t\t\t\t<div class=\"elementor-widget-container\">\n\t\t\t\t\t\t\t\t\t<p>\u0645\u0631\u062d\u0628\u064b\u0627 \u0628\u0643\u0645 \u0641\u064a <strong>\u0641\u064a\u062a\u0627\u0645\u0648<\/strong>\u060c \u0634\u0631\u064a\u0643\u0643\u0645 \u0627\u0644\u0645\u0648\u062b\u0648\u0642 \u0644\u0644\u0645\u0643\u0645\u0644\u0627\u062a \u0627\u0644\u063a\u0630\u0627\u0626\u064a\u0629 \u0627\u0644\u0637\u0628\u064a\u0639\u064a\u0629 \u0648\u0627\u0644\u0641\u0639\u0627\u0644\u0629. \u0646\u062d\u0646 \u0645\u0648\u0642\u0639 \u0634\u063a\u0648\u0641 \u0628\u0627\u0644\u0635\u062d\u0629 \u0648\u0627\u0644\u0631\u0641\u0627\u0647\u064a\u0629\u060c \u0645\u0644\u062a\u0632\u0645 \u0628\u062a\u0642\u062f\u064a\u0645 \u0645\u0646\u062a\u062c\u0627\u062a \u0639\u0627\u0644\u064a\u0629 \u0627\u0644\u062c\u0648\u062f\u0629 \u062a\u062f\u0639\u0645 \u0646\u0645\u0637 \u062d\u064a\u0627\u062a\u0643\u0645 \u0627\u0644\u0635\u062d\u064a.<\/p><h4>\u0645\u0647\u0645\u062a\u0646\u0627<\/h4><p>\u0641\u064a <strong>VITAMO<\/strong>\u0645\u0647\u0645\u062a\u0646\u0627 \u0628\u0633\u064a\u0637\u0629: \u062a\u062d\u0633\u064a\u0646 \u0631\u0641\u0627\u0647\u064a\u062a\u0643\u0645 \u0645\u0646 \u062e\u0644\u0627\u0644 \u0627\u0644\u0645\u0643\u0645\u0644\u0627\u062a \u0627\u0644\u063a\u0630\u0627\u0626\u064a\u0629 \u0627\u0644\u0645\u0635\u0645\u0645\u0629 \u0628\u0627\u0633\u062a\u062e\u062f\u0627\u0645 \u0645\u0643\u0648\u0646\u0627\u062a \u0637\u0628\u064a\u0639\u064a\u0629 \u0645\u062e\u062a\u0627\u0631\u0629 \u0628\u0639\u0646\u0627\u064a\u0629. \u0646\u062d\u0646 \u0646\u0624\u0645\u0646 \u0628\u0634\u062f\u0629 \u0628\u0623\u0646 \u0627\u0644\u0637\u0628\u064a\u0639\u0629 \u062a\u0648\u0641\u0631 \u0623\u0641\u0636\u0644 \u0627\u0644\u062d\u0644\u0648\u0644 \u0644\u062f\u0639\u0645 \u0627\u0644\u0635\u062d\u0629 \u0627\u0644\u0645\u062b\u0644\u0649\u060c \u0648\u0644\u0647\u0630\u0627 \u0627\u0644\u0633\u0628\u0628 \u0646\u062d\u0631\u0635 \u0639\u0644\u0649 \u0628\u064a\u0639 \u0623\u0641\u0636\u0644 \u0627\u0644\u0645\u0643\u0645\u0644\u0627\u062a \u0627\u0644\u063a\u062f\u0627\u0626\u064a\u0629.<\/p><h4>\u0642\u064a\u0645\u0646\u0627<\/h4><ul><li><strong>\u0627\u0644\u062c\u0648\u062f\u0629<\/strong> \u0646\u062d\u0646 \u0645\u0644\u062a\u0632\u0645\u0648\u0646 \u0628\u062a\u0642\u062f\u064a\u0645 \u0645\u0646\u062a\u062c\u0627\u062a \u0630\u0627\u062a \u062c\u0648\u062f\u0629 \u0639\u0627\u0644\u064a\u0629\u060c \u064a\u062a\u0645 \u0627\u062e\u062a\u0628\u0627\u0631\u0647\u0627 \u0645\u0646 \u062d\u064a\u062b \u0627\u0644\u0646\u0642\u0627\u0621 \u0648\u0627\u0644\u0641\u0639\u0627\u0644\u064a\u0629.<\/li><li><strong>\u0627\u0644\u0634\u0641\u0627\u0641\u064a\u0629<\/strong> \u0646\u0639\u062a\u0642\u062f \u0623\u0646 \u0644\u062f\u064a\u0643\u0645 \u0627\u0644\u062d\u0642 \u0641\u064a \u0645\u0639\u0631\u0641\u0629 \u0645\u0627 \u062a\u0633\u062a\u0647\u0644\u0643\u0648\u0646\u0647. \u0644\u0647\u0630\u0627 \u0627\u0644\u0633\u0628\u0628\u060c \u0646\u062d\u0646 \u0634\u0641\u0627\u0641\u0648\u0646 \u0628\u0634\u0623\u0646 \u062c\u0645\u064a\u0639 \u0627\u0644\u0645\u0643\u0648\u0646\u0627\u062a \u0627\u0644\u0645\u0633\u062a\u062e\u062f\u0645\u0629 \u0641\u064a \u0645\u0646\u062a\u062c\u0627\u062a\u0646\u0627.<\/li><\/ul><h4>\u0627\u0644\u062a\u0632\u0627\u0645\u0646\u0627<\/h4><p>\u0646\u062d\u0646 \u0645\u0644\u062a\u0632\u0645\u0648\u0646 \u0628\u0627\u0644\u0627\u0645\u062a\u062b\u0627\u0644 \u0644\u0623\u0639\u0644\u0649 \u0645\u0639\u0627\u064a\u064a\u0631 \u0627\u0644\u0625\u0646\u062a\u0627\u062c \u0648\u0627\u0644\u0633\u0644\u0627\u0645\u0629\u060c \u0644\u062a\u0642\u062f\u064a\u0645 \u0645\u0643\u0645\u0644\u0627\u062a \u063a\u0630\u0627\u0626\u064a\u0629 \u064a\u0645\u0643\u0646\u0643\u0645 \u0627\u0633\u062a\u0647\u0644\u0627\u0643\u0647\u0627 \u0628\u062b\u0642\u0629 \u062a\u0627\u0645\u0629. \u0643\u0644 \u0645\u0646\u062a\u062c \u0646\u0642\u062f\u0645\u0647 \u0645\u0635\u0645\u0645 \u0644\u062a\u0644\u0628\u064a\u0629 \u0627\u062d\u062a\u064a\u0627\u062c\u0627\u062a\u0643\u0645 \u0627\u0644\u062e\u0627\u0635\u0629\u060c \u0633\u0648\u0627\u0621 \u0643\u0627\u0646 \u0630\u0644\u0643 \u0644\u062a\u062d\u0633\u064a\u0646 \u0637\u0627\u0642\u062a\u0643\u060c \u0623\u0648 \u062a\u0639\u0632\u064a\u0632 \u062c\u0647\u0627\u0632 \u0627\u0644\u0645\u0646\u0627\u0639\u0629\u060c \u0623\u0648 \u062f\u0639\u0645 \u0631\u0641\u0627\u0647\u064a\u062a\u0643 \u0627\u0644\u0639\u0627\u0645\u0629.<\/p><h4>\u0627\u0646\u0636\u0645\u0648\u0627 \u0625\u0644\u064a\u0646\u0627<\/h4><p>\u0633\u0648\u0627\u0621 \u0643\u0646\u062a\u0645 \u0631\u064a\u0627\u0636\u064a\u064a\u0646\u060c \u0623\u0648 \u0647\u0648\u0627\u0629 \u0644\u0644\u064a\u0627\u0642\u0629 \u0627\u0644\u0628\u062f\u0646\u064a\u0629\u060c \u0623\u0648 \u0645\u062c\u0631\u062f \u0623\u0634\u062e\u0627\u0635 \u064a\u0633\u0639\u0648\u0646 \u0644\u062a\u062d\u0633\u064a\u0646 \u0635\u062d\u062a\u0647\u0645\u060c \u0641\u0625\u0646 <strong>VITAMO<\/strong> \u0647\u0646\u0627 \u0644\u0645\u0633\u0627\u0639\u062f\u062a\u0643\u0645 \u0641\u064a \u0643\u0644 \u062e\u0637\u0648\u0629 \u0639\u0644\u0649 \u0627\u0644\u0637\u0631\u064a\u0642. \u0627\u0646\u0636\u0645\u0648\u0627 \u0625\u0644\u0649 \u0645\u062c\u062a\u0645\u0639\u0646\u0627 \u0648\u0627\u0643\u062a\u0634\u0641\u0648\u0627 \u0643\u064a\u0641 \u064a\u0645\u0643\u0646 \u0644\u0645\u0643\u0645\u0644\u0627\u062a\u0646\u0627 \u0627\u0644\u063a\u0630\u0627\u0626\u064a\u0629 \u0623\u0646 \u062a\u064f\u062d\u062f\u062b \u0641\u0631\u0642\u064b\u0627 \u0641\u064a \u062d\u064a\u0627\u062a\u0643\u0645.<\/p><p>\u0634\u0643\u0631\u064b\u0627 \u0644\u062b\u0642\u062a\u0643\u0645 \u0628\u0640 <strong>VITAMO<\/strong> \u0644\u062a\u0644\u0628\u064a\u0629 \u0627\u062d\u062a\u064a\u0627\u062c\u0627\u062a\u0643\u0645 \u0627\u0644\u0635\u062d\u064a\u0629 \u0648\u0627\u0644\u0631\u0641\u0627\u0647\u064a\u0629.<\/p>\t\t\t\t\t\t\t\t<\/div>\n\t\t\t\t<\/div>\n\t\t\t\t<\/div>\n\t\t\t\t<\/div>\n\t\t\t\t<section class=\"elementor-section elementor-top-section elementor-element elementor-element-3d2a8db6 elementor-section-boxed elementor-section-height-default elementor-section-height-default\" data-id=\"3d2a8db6\" data-element_type=\"section\" data-e-type=\"section\">\n\t\t\t\t\t\t<div class=\"elementor-container elementor-column-gap-default\">\n\t\t\t\t\t<div class=\"elementor-column elementor-col-33 elementor-top-column elementor-element elementor-element-31714a2a\" data-id=\"31714a2a\" data-element_type=\"column\" data-e-type=\"column\">\n\t\t\t<div class=\"elementor-widget-wrap elementor-element-populated\">\n\t\t\t\t\t\t<div class=\"elementor-element elementor-element-7c545044 elementor-view-default elementor-position-block-start elementor-mobile-position-block-start elementor-widget elementor-widget-icon-box\" data-id=\"7c545044\" data-element_type=\"widget\" data-e-type=\"widget\" data-widget_type=\"icon-box.default\">\n\t\t\t\t<div class=\"elementor-widget-container\">\n\t\t\t\t\t\t\t<div class=\"elementor-icon-box-wrapper\">\n\n\t\t\t\t\t\t<div class=\"elementor-icon-box-icon\">\n\t\t\t\t<span  class=\"elementor-icon\">\n\t\t\t\t<i aria-hidden=\"true\" class=\"tb-icon tb-icon-return\"><\/i>\t\t\t\t<\/span>\n\t\t\t<\/div>\n\t\t\t\n\t\t\t\t\t\t<div class=\"elementor-icon-box-content\">\n\n\t\t\t\t\t\t\t\t\t<h3 class=\"elementor-icon-box-title\">\n\t\t\t\t\t\t<span  >\n\t\t\t\t\t\t\t\u062a\u0648\u0635\u064a\u0644 \u0627\u0644\u0637\u0644\u0628\u0627\u062a \u0644\u0644\u0645\u0646\u0627\u0632\u0644\t\t\t\t\t\t<\/span>\n\t\t\t\t\t<\/h3>\n\t\t\t\t\n\t\t\t\t\n\t\t\t<\/div>\n\t\t\t\n\t\t<\/div>\n\t\t\t\t\t\t<\/div>\n\t\t\t\t<\/div>\n\t\t\t\t\t<\/div>\n\t\t<\/div>\n\t\t\t\t<div class=\"elementor-column elementor-col-33 elementor-top-column elementor-element elementor-element-162257e3\" data-id=\"162257e3\" data-element_type=\"column\" data-e-type=\"column\">\n\t\t\t<div class=\"elementor-widget-wrap elementor-element-populated\">\n\t\t\t\t\t\t<div class=\"elementor-element elementor-element-1a515f3a elementor-view-default elementor-position-block-start elementor-mobile-position-block-start elementor-widget elementor-widget-icon-box\" data-id=\"1a515f3a\" data-element_type=\"widget\" data-e-type=\"widget\" data-widget_type=\"icon-box.default\">\n\t\t\t\t<div class=\"elementor-widget-container\">\n\t\t\t\t\t\t\t<div class=\"elementor-icon-box-wrapper\">\n\n\t\t\t\t\t\t<div class=\"elementor-icon-box-icon\">\n\t\t\t\t<span  class=\"elementor-icon\">\n\t\t\t\t<i aria-hidden=\"true\" class=\"tb-icon tb-icon-pay-check\"><\/i>\t\t\t\t<\/span>\n\t\t\t<\/div>\n\t\t\t\n\t\t\t\t\t\t<div class=\"elementor-icon-box-content\">\n\n\t\t\t\t\t\t\t\t\t<h3 class=\"elementor-icon-box-title\">\n\t\t\t\t\t\t<span  >\n\t\t\t\t\t\t\t\u0627\u0644\u062f\u0641\u0639 \u0639\u0646\u062f \u0627\u0644\u0627\u0633\u062a\u0644\u0627\u0645\t\t\t\t\t\t<\/span>\n\t\t\t\t\t<\/h3>\n\t\t\t\t\n\t\t\t\t\n\t\t\t<\/div>\n\t\t\t\n\t\t<\/div>\n\t\t\t\t\t\t<\/div>\n\t\t\t\t<\/div>\n\t\t\t\t\t<\/div>\n\t\t<\/div>\n\t\t\t\t<div class=\"elementor-column elementor-col-33 elementor-top-column elementor-element elementor-element-11d049c3\" data-id=\"11d049c3\" data-element_type=\"column\" data-e-type=\"column\">\n\t\t\t<div class=\"elementor-widget-wrap elementor-element-populated\">\n\t\t\t\t\t\t<div class=\"elementor-element elementor-element-2ee1121f elementor-view-default elementor-position-block-start elementor-mobile-position-block-start elementor-widget elementor-widget-icon-box\" data-id=\"2ee1121f\" data-element_type=\"widget\" data-e-type=\"widget\" data-widget_type=\"icon-box.default\">\n\t\t\t\t<div class=\"elementor-widget-container\">\n\t\t\t\t\t\t\t<div class=\"elementor-icon-box-wrapper\">\n\n\t\t\t\t\t\t<div class=\"elementor-icon-box-icon\">\n\t\t\t\t<span  class=\"elementor-icon\">\n\t\t\t\t<i aria-hidden=\"true\" class=\"tb-icon tb-icon-call-us-question\"><\/i>\t\t\t\t<\/span>\n\t\t\t<\/div>\n\t\t\t\n\t\t\t\t\t\t<div class=\"elementor-icon-box-content\">\n\n\t\t\t\t\t\t\t\t\t<h3 class=\"elementor-icon-box-title\">\n\t\t\t\t\t\t<span  >\n\t\t\t\t\t\t\t\u062f\u0639\u0645 \u0627\u0644\u0639\u0645\u0644\u0627\u0621\t\t\t\t\t\t<\/span>\n\t\t\t\t\t<\/h3>\n\t\t\t\t\n\t\t\t\t\n\t\t\t<\/div>\n\t\t\t\n\t\t<\/div>\n\t\t\t\t\t\t<\/div>\n\t\t\t\t<\/div>\n\t\t\t\t\t<\/div>\n\t\t<\/div>\n\t\t\t\t\t<\/div>\n\t\t<\/section>\n\t\t\t\t<\/div>","protected":false},"excerpt":{"rendered":"<p>Bienvenue chez Vitamo, votre partenaire de confiance pour des compl\u00e9ments alimentaires naturels et efficaces. Nous sommes une boutique en ligne passionn\u00e9e par le bien-\u00eatre et la sant\u00e9, d\u00e9di\u00e9e \u00e0 offrir des produits de haute qualit\u00e9 qui soutiennent votre mode de vie sain. Notre Mission Chez VITAMO, notre mission est simple : am\u00e9liorer votre bien-\u00eatre gr\u00e2ce &hellip; <a href=\"https:\/\/vitamo.ma\/ar\/about-us\/\" class=\"more-link\">\u0642\u0631\u0627\u0621\u0629 \u0627\u0644\u0645\u0632\u064a\u062f <span class=\"screen-reader-text\">About Us<\/span><\/a><\/p>","protected":false},"author":1,"featured_media":0,"parent":0,"menu_order":0,"comment_status":"closed","ping_status":"closed","template":"","meta":{"_sitemap_exclude":false,"_sitemap_priority":"","_sitemap_frequency":"","footnotes":""},"categories":[],"tags":[],"class_list":["post-419","page","type-page","status-publish","hentry"],"_links":{"self":[{"href":"https:\/\/vitamo.ma\/ar\/wp-json\/wp\/v2\/pages\/419","targetHints":{"allow":["GET"]}}],"collection":[{"href":"https:\/\/vitamo.ma\/ar\/wp-json\/wp\/v2\/pages"}],"about":[{"href":"https:\/\/vitamo.ma\/ar\/wp-json\/wp\/v2\/types\/page"}],"author":[{"embeddable":true,"href":"https:\/\/vitamo.ma\/ar\/wp-json\/wp\/v2\/users\/1"}],"replies":[{"embeddable":true,"href":"https:\/\/vitamo.ma\/ar\/wp-json\/wp\/v2\/comments?post=419"}],"version-history":[{"count":20,"href":"https:\/\/vitamo.ma\/ar\/wp-json\/wp\/v2\/pages\/419\/revisions"}],"predecessor-version":[{"id":7287,"href":"https:\/\/vitamo.ma\/ar\/wp-json\/wp\/v2\/pages\/419\/revisions\/7287"}],"wp:attachment":[{"href":"https:\/\/vitamo.ma\/ar\/wp-json\/wp\/v2\/media?parent=419"}],"wp:term":[{"taxonomy":"category","embeddable":true,"href":"https:\/\/vitamo.ma\/ar\/wp-json\/wp\/v2\/categories?post=419"},{"taxonomy":"post_tag","embeddable":true,"href":"https:\/\/vitamo.ma\/ar\/wp-json\/wp\/v2\/tags?post=419"}],"curies":[{"name":"wp","href":"https:\/\/api.w.org\/{rel}","templated":true}]}}