{"id":8688,"date":"2025-01-21T16:52:15","date_gmt":"2025-01-21T16:52:15","guid":{"rendered":"https:\/\/vitamo.ma\/?page_id=8688"},"modified":"2025-01-21T17:01:38","modified_gmt":"2025-01-21T17:01:38","slug":"quest-ce-quun-complement-alimentaire-nutritionnel","status":"publish","type":"page","link":"https:\/\/vitamo.ma\/ar\/quest-ce-quun-complement-alimentaire-nutritionnel\/","title":{"rendered":"Qu&#8217;est-ce qu&#8217;un Compl\u00e9ment Alimentaire (Nutritionnel) ?"},"content":{"rendered":"<p>\u0627\u0644\u0645\u0643\u0645\u0644\u0627\u062a \u0627\u0644\u063a\u0630\u0627\u0626\u064a\u0629 \u0647\u064a \u0645\u0646\u062a\u062c\u0627\u062a \u0645\u0635\u0645\u0645\u0629 \u0644\u062a\u0643\u0645\u0644\u0629 \u0627\u0644\u0646\u0638\u0627\u0645 \u0627\u0644\u063a\u0630\u0627\u0626\u064a \u0627\u0644\u0637\u0628\u064a\u0639\u064a. \u062a\u0623\u062a\u064a \u0628\u0623\u0634\u0643\u0627\u0644 \u0645\u062e\u062a\u0644\u0641\u0629 \u0645\u062b\u0644 \u0627\u0644\u0623\u0642\u0631\u0627\u0635\u060c \u0627\u0644\u0643\u0628\u0633\u0648\u0644\u0627\u062a\u060c \u0627\u0644\u0645\u0633\u0627\u062d\u064a\u0642 \u0623\u0648 \u0627\u0644\u0633\u0648\u0627\u0626\u0644. \u062f\u0648\u0631\u0647\u0627 \u0627\u0644\u0623\u0633\u0627\u0633\u064a \u0647\u0648 \u062a\u0632\u0648\u064a\u062f \u0627\u0644\u062c\u0633\u0645 \u0628\u0627\u0644\u0639\u0646\u0627\u0635\u0631 \u0627\u0644\u063a\u0630\u0627\u0626\u064a\u0629 \u0623\u0648 \u0627\u0644\u0645\u0648\u0627\u062f \u0627\u0644\u0645\u062d\u062f\u062f\u0629 \u0644\u062a\u0639\u0648\u064a\u0636 \u0627\u0644\u0646\u0642\u0635\u060c \u062f\u0639\u0645 \u0627\u0644\u0648\u0638\u0627\u0626\u0641 \u0627\u0644\u0641\u0633\u064a\u0648\u0644\u0648\u062c\u064a\u0629 \u0623\u0648 \u062a\u062d\u0633\u064a\u0646 \u0627\u0644\u0635\u062d\u0629 \u0627\u0644\u0639\u0627\u0645\u0629.<\/p>\n\n\n\n<p>\u0645\u0639 \u062a\u0632\u0627\u064a\u062f \u0634\u0639\u0628\u064a\u062a\u0647\u0627 \u0628\u0634\u0643\u0644 \u0645\u0633\u062a\u0645\u0631\u060c \u0623\u0635\u0628\u062d\u062a \u062a\u062c\u0630\u0628 \u0627\u0644\u0645\u0644\u0627\u064a\u064a\u0646 \u0645\u0646 \u0627\u0644\u0645\u0633\u062a\u0647\u0644\u0643\u064a\u0646 \u062d\u0648\u0644 \u0627\u0644\u0639\u0627\u0644\u0645. \u0648\u0644\u0643\u0646\u060c \u0645\u0627 \u0647\u064a \u0628\u0627\u0644\u0636\u0628\u0637\u061f \u064a\u0647\u062f\u0641 \u0647\u0630\u0627 \u0627\u0644\u0645\u0642\u0627\u0644 \u0625\u0644\u0649 \u062a\u0642\u062f\u064a\u0645 \u0645\u0639\u0644\u0648\u0645\u0627\u062a \u0648\u0627\u0636\u062d\u0629 \u0648\u0634\u0627\u0645\u0644\u0629 \u062d\u0648\u0644 \u062a\u0639\u0631\u064a\u0641\u0647\u0627\u060c \u0623\u0646\u0648\u0627\u0639\u0647\u0627\u060c \u0627\u0633\u062a\u062e\u062f\u0627\u0645\u0627\u062a\u0647\u0627 \u0648\u0627\u0644\u0627\u062d\u062a\u064a\u0627\u0637\u0627\u062a \u0627\u0644\u0648\u0627\u062c\u0628 \u0627\u062a\u0628\u0627\u0639\u0647\u0627.<\/p>\n\n\n\n<h3 class=\"wp-block-heading\"><strong>D\u00e9finition d&#8217;un Compl\u00e9ment Alimentaire<\/strong><\/h3>\n\n\n\n<p>Un compl\u00e9ment alimentaire est d\u00e9fini, selon la directive europ\u00e9enne 2002\/46\/CE, comme une &#8220;denr\u00e9e alimentaire&#8221; qui contient des sources concentr\u00e9es de nutriments ou d&#8217;autres substances ayant un effet nutritionnel ou physiologique.<\/p>\n\n\n\n<p>\u0639\u0644\u0649 \u0639\u0643\u0633 \u0627\u0644\u0623\u062f\u0648\u064a\u0629\u060c \u0644\u0627 \u062a\u0647\u062f\u0641 \u0627\u0644\u0645\u0643\u0645\u0644\u0627\u062a \u0627\u0644\u063a\u0630\u0627\u0626\u064a\u0629 \u0625\u0644\u0649 \u0639\u0644\u0627\u062c \u0623\u0648 \u0627\u0644\u0648\u0642\u0627\u064a\u0629 \u0645\u0646 \u0627\u0644\u0623\u0645\u0631\u0627\u0636. \u0643\u0645\u0627 \u0623\u0646\u0647\u0627 \u0644\u0627 \u062a\u064f\u0639\u062f \u0628\u062f\u064a\u0644\u0627\u064b \u0639\u0646 \u0646\u0638\u0627\u0645 \u063a\u0630\u0627\u0626\u064a \u0645\u062a\u0648\u0627\u0632\u0646\u060c \u0628\u0644 \u062a\u064f\u0633\u062a\u062e\u062f\u0645 \u0643\u0625\u0636\u0627\u0641\u0629 \u0644\u062a\u0644\u0628\u064a\u0629 \u0627\u0644\u0627\u062d\u062a\u064a\u0627\u062c\u0627\u062a \u0627\u0644\u063a\u0630\u0627\u0626\u064a\u0629 \u0627\u0644\u0645\u062d\u062f\u062f\u0629.<\/p>\n\n\n\n<h4 class=\"wp-block-heading\"><strong>\u0627\u0644\u0641\u0631\u0642 \u0628\u064a\u0646 \u0627\u0644\u0645\u0643\u0645\u0644\u0627\u062a \u0627\u0644\u063a\u0630\u0627\u0626\u064a\u0629 \u0648\u0627\u0644\u0623\u062f\u0648\u064a\u0629<\/strong><\/h4>\n\n\n\n<ul class=\"wp-block-list\">\n<li class=\"translation-block\"><strong>\u0627\u0644\u062a\u0646\u0638\u064a\u0645<\/strong>: \u062a\u062e\u0636\u0639 \u0627\u0644\u0645\u0643\u0645\u0644\u0627\u062a \u0627\u0644\u063a\u0630\u0627\u0626\u064a\u0629 \u0644\u0645\u0639\u0627\u064a\u064a\u0631 \u0627\u0644\u063a\u0630\u0627\u0621\u060c \u0641\u064a \u062d\u064a\u0646 \u062a\u062a\u0628\u0639 \u0627\u0644\u0623\u062f\u0648\u064a\u0629 \u0628\u0631\u0648\u062a\u0648\u0643\u0648\u0644\u0627\u062a \u0637\u0628\u064a\u0629 \u0635\u0627\u0631\u0645\u0629.<\/li>\n\n\n\n<li class=\"translation-block\"><strong>\u0627\u0644\u0623\u0647\u062f\u0627\u0641<\/strong>: \u062a\u0647\u062f\u0641 \u0627\u0644\u0645\u0643\u0645\u0644\u0627\u062a \u0627\u0644\u063a\u0630\u0627\u0626\u064a\u0629 \u0625\u0644\u0649 \u0627\u0644\u062d\u0641\u0627\u0638 \u0639\u0644\u0649 \u0627\u0644\u0635\u062d\u0629 \u0623\u0648 \u062a\u062d\u0633\u064a\u0646\u0647\u0627\u060c \u0641\u064a \u062d\u064a\u0646 \u062a\u0639\u0645\u0644 \u0627\u0644\u0623\u062f\u0648\u064a\u0629 \u0639\u0644\u0649 \u0639\u0644\u0627\u062c \u0627\u0644\u0623\u0645\u0631\u0627\u0636 \u0623\u0648 \u0645\u0646\u0639\u0647\u0627.<\/li>\n\n\n\n<li class=\"translation-block\"><strong>\u0627\u0644\u0627\u062f\u0639\u0627\u0621\u0627\u062a \u0627\u0644\u0635\u062d\u064a\u0629<\/strong>: \u064a\u062c\u0628 \u0623\u0646 \u062a\u0638\u0644 \u0627\u0644\u0645\u0643\u0645\u0644\u0627\u062a \u0627\u0644\u063a\u0630\u0627\u0626\u064a\u0629 \u0636\u0645\u0646 \u0625\u0637\u0627\u0631 \u0627\u0644\u0627\u062f\u0639\u0627\u0621\u0627\u062a \u0627\u0644\u063a\u0630\u0627\u0626\u064a\u0629 \u0627\u0644\u0645\u0639\u062a\u0645\u062f\u0629.<\/li>\n<\/ul>\n\n\n\n<h3 class=\"wp-block-heading\"><strong>\u0623\u0646\u0648\u0627\u0639 \u0627\u0644\u0645\u0643\u0645\u0644\u0627\u062a \u0627\u0644\u063a\u0630\u0627\u0626\u064a\u0629<\/strong><\/h3>\n\n\n\n<h4 class=\"wp-block-heading\"><strong>1. \u0627\u0644\u0641\u064a\u062a\u0627\u0645\u064a\u0646\u0627\u062a<\/strong><\/h4>\n\n\n\n<ul class=\"wp-block-list\">\n<li class=\"translation-block\">\u0623\u0645\u062b\u0644\u0629: \u0641\u064a\u062a\u0627\u0645\u064a\u0646 C (\u0644\u0644\u0645\u0646\u0627\u0639\u0629)\u060c \u0641\u064a\u062a\u0627\u0645\u064a\u0646 D (\u0644\u0635\u062d\u0629 \u0627\u0644\u0639\u0638\u0627\u0645).<\/li>\n\n\n\n<li>\u0627\u0644\u0623\u062f\u0648\u0627\u0631: \u062f\u0639\u0645 \u0627\u0644\u0648\u0638\u0627\u0626\u0641 \u0627\u0644\u062d\u064a\u0648\u064a\u0629 \u0648\u062a\u0639\u0648\u064a\u0636 \u0627\u0644\u0646\u0642\u0635.<\/li>\n<\/ul>\n\n\n\n<h4 class=\"wp-block-heading\"><strong>2. \u0627\u0644\u0645\u0639\u0627\u062f\u0646<\/strong><\/h4>\n\n\n\n<ul class=\"wp-block-list\">\n<li>\u0623\u0645\u062b\u0644\u0629: \u0627\u0644\u062d\u062f\u064a\u062f (\u0646\u0642\u0644 \u0627\u0644\u0623\u0643\u0633\u062c\u064a\u0646)\u060c \u0627\u0644\u0643\u0627\u0644\u0633\u064a\u0648\u0645 (\u0635\u062d\u0629 \u0627\u0644\u0639\u0638\u0627\u0645).<\/li>\n\n\n\n<li>\u0627\u0644\u0623\u062f\u0648\u0627\u0631: \u0623\u0633\u0627\u0633\u064a\u0629 \u0644\u0644\u0646\u0645\u0648 \u0648\u0627\u0644\u0648\u0638\u0627\u0626\u0641 \u0627\u0644\u0623\u064a\u0636\u064a\u0629.<\/li>\n<\/ul>\n\n\n\n<h4 class=\"wp-block-heading\"><strong>3. \u0627\u0644\u0646\u0628\u0627\u062a\u0627\u062a \u0648\u0627\u0644\u0645\u0633\u062a\u062e\u0644\u0635\u0627\u062a \u0627\u0644\u0646\u0628\u0627\u062a\u064a\u0629<\/strong><\/h4>\n\n\n\n<ul class=\"wp-block-list\">\n<li class=\"translation-block\">\u0623\u0645\u062b\u0644\u0629: \u0627\u0644\u062c\u0646\u0633\u0646\u062c (\u0627\u0644\u0637\u0627\u0642\u0629)\u060c \u0627\u0644\u0646\u0627\u0631\u062f\u064a\u0646 (\u0627\u0644\u0646\u0648\u0645).<\/li>\n\n\n\n<li>\u0627\u0644\u0627\u0633\u062a\u062e\u062f\u0627\u0645\u0627\u062a: \u062f\u0639\u0645 \u0648\u0638\u0627\u0626\u0641 \u0645\u062d\u062f\u062f\u0629 \u0645\u062b\u0644 \u0627\u0644\u062a\u0648\u062a\u0631 \u0648\u0627\u0644\u0647\u0636\u0645.<\/li>\n<\/ul>\n\n\n\n<h4 class=\"wp-block-heading\"><strong>4. \u0627\u0644\u0623\u062d\u0645\u0627\u0636 \u0627\u0644\u062f\u0647\u0646\u064a\u0629<\/strong><\/h4>\n\n\n\n<ul class=\"wp-block-list\">\n<li>\u0623\u0645\u062b\u0644\u0629: \u0623\u0648\u0645\u064a\u063a\u0627-3 (\u0627\u0644\u0642\u0644\u0628 \u0648\u0627\u0644\u062f\u0645\u0627\u063a).<\/li>\n\n\n\n<li>\u0627\u0644\u0641\u0648\u0627\u0626\u062f: \u062a\u0642\u0644\u064a\u0644 \u0627\u0644\u0627\u0644\u062a\u0647\u0627\u0628\u0627\u062a \u0648\u062d\u0645\u0627\u064a\u0629 \u0627\u0644\u0642\u0644\u0628.<\/li>\n<\/ul>\n\n\n\n<h4 class=\"wp-block-heading\"><strong>5. \u0627\u0644\u0628\u0631\u0648\u0628\u064a\u0648\u062a\u064a\u0643 \u0648\u0627\u0644\u0628\u0631\u064a\u0628\u064a\u0648\u062a\u064a\u0643<\/strong><\/h4>\n\n\n\n<ul class=\"wp-block-list\">\n<li>\u0627\u0644\u062f\u0648\u0631: \u062a\u062d\u0642\u064a\u0642 \u062a\u0648\u0627\u0632\u0646 \u0641\u064a \u0627\u0644\u0645\u064a\u0643\u0631\u0648\u0628\u0627\u062a \u0627\u0644\u0645\u0639\u0648\u064a\u0629 \u0648\u062a\u062d\u0633\u064a\u0646 \u0627\u0644\u0647\u0636\u0645.<\/li>\n<\/ul>\n\n\n\n<h4 class=\"wp-block-heading\"><strong>6. \u0627\u0644\u0623\u062d\u0645\u0627\u0636 \u0627\u0644\u0623\u0645\u064a\u0646\u064a\u0629<\/strong><\/h4>\n\n\n\n<ul class=\"wp-block-list\">\n<li>\u0623\u0645\u062b\u0644\u0629: \u0627\u0644\u0644\u064a\u0648\u0633\u064a\u0646\u060c \u0627\u0644\u062c\u0644\u0648\u062a\u0627\u0645\u064a\u0646.<\/li>\n\n\n\n<li>\u0627\u0644\u0641\u0627\u0626\u062f\u0629: \u062a\u0639\u0632\u064a\u0632 \u062a\u0639\u0627\u0641\u064a \u0627\u0644\u0639\u0636\u0644\u0627\u062a.<\/li>\n<\/ul>\n\n\n\n<h4 class=\"wp-block-heading\"><strong>7. \u0645\u0648\u0627\u062f \u0623\u062e\u0631\u0649<\/strong><\/h4>\n\n\n\n<ul class=\"wp-block-list\">\n<li>\u0623\u0645\u062b\u0644\u0629: \u0645\u0636\u0627\u062f\u0627\u062a \u0627\u0644\u0623\u0643\u0633\u062f\u0629\u060c \u0627\u0644\u0625\u0646\u0632\u064a\u0645\u0627\u062a.<\/li>\n\n\n\n<li>\u0627\u0644\u0647\u062f\u0641: \u062d\u0645\u0627\u064a\u0629 \u0627\u0644\u062e\u0644\u0627\u064a\u0627 \u0648\u062f\u0639\u0645 \u0627\u0644\u0639\u0645\u0644\u064a\u0627\u062a \u0627\u0644\u0623\u064a\u0636\u064a\u0629.<\/li>\n<\/ul>\n\n\n\n<h3 class=\"wp-block-heading\"><strong>L&#8217;Utilit\u00e9 des Compl\u00e9ments Alimentaires<\/strong><\/h3>\n\n\n\n<h4 class=\"wp-block-heading\"><strong>\u062a\u0639\u0648\u064a\u0636 \u0646\u0642\u0635 \u0627\u0644\u0639\u0646\u0627\u0635\u0631 \u0627\u0644\u063a\u0630\u0627\u0626\u064a\u0629<\/strong><\/h4>\n\n\n\n<p>\u0628\u0639\u0636 \u0627\u0644\u0641\u0626\u0627\u062a\u060c \u0645\u062b\u0644 \u0627\u0644\u0646\u0633\u0627\u0621 \u0627\u0644\u062d\u0648\u0627\u0645\u0644 \u0623\u0648 \u0627\u0644\u0646\u0628\u0627\u062a\u064a\u064a\u0646\u060c \u0645\u0639\u0631\u0636\u0629 \u0644\u062e\u0637\u0631 \u0646\u0642\u0635 \u0627\u0644\u0639\u0646\u0627\u0635\u0631 \u0627\u0644\u063a\u0630\u0627\u0626\u064a\u0629.<\/p>\n\n\n\n<h4 class=\"wp-block-heading\"><strong>\u062a\u062d\u0633\u064a\u0646 \u0627\u0644\u0623\u062f\u0627\u0621 \u0627\u0644\u0631\u064a\u0627\u0636\u064a<\/strong><\/h4>\n\n\n\n<p>\u062a\u064f\u0633\u062a\u062e\u062f\u0645 \u0627\u0644\u0623\u062d\u0645\u0627\u0636 \u0627\u0644\u0623\u0645\u064a\u0646\u064a\u0629 \u0623\u0648 \u0645\u0643\u0645\u0644\u0627\u062a \u0627\u0644\u0628\u0631\u0648\u062a\u064a\u0646 \u0628\u0634\u0643\u0644 \u0634\u0627\u0626\u0639 \u0645\u0646 \u0642\u0628\u0644 \u0627\u0644\u0631\u064a\u0627\u0636\u064a\u064a\u0646\u060c \u0645\u0639 \u0648\u062c\u0648\u062f \u062f\u0631\u0627\u0633\u0627\u062a \u062a\u062f\u0639\u0645 \u0630\u0644\u0643.<\/p>\n\n\n\n<h4 class=\"wp-block-heading\"><strong>\u062f\u0639\u0645 \u0648\u0638\u0627\u0626\u0641 \u0645\u062d\u062f\u062f\u0629<\/strong><\/h4>\n\n\n\n<ul class=\"wp-block-list\">\n<li>\u0627\u0644\u0645\u0646\u0627\u0639\u0629 (\u0641\u064a\u062a\u0627\u0645\u064a\u0646 C\u060c \u0627\u0644\u0632\u0646\u0643).<\/li>\n\n\n\n<li class=\"translation-block\">\u0627\u0644\u0647\u0636\u0645 (\u0627\u0644\u0628\u0631\u0648\u0628\u064a\u0648\u062a\u064a\u0643).<\/li>\n\n\n\n<li>\u0627\u0644\u0637\u0627\u0642\u0629 (\u0627\u0644\u0645\u063a\u0646\u064a\u0633\u064a\u0648\u0645\u060c \u0627\u0644\u062c\u0646\u0633\u0646\u062c).<\/li>\n<\/ul>\n\n\n\n<h3 class=\"wp-block-heading\"><strong>\u0627\u0644\u0627\u062d\u062a\u064a\u0627\u0637\u0627\u062a \u0627\u0644\u0648\u0627\u062c\u0628 \u0627\u062a\u062e\u0627\u0630\u0647\u0627 \u0639\u0646\u062f \u0627\u0633\u062a\u062e\u062f\u0627\u0645 \u0627\u0644\u0645\u0643\u0645\u0644\u0627\u062a \u0627\u0644\u063a\u0630\u0627\u0626\u064a\u0629<\/strong><\/h3>\n\n\n\n<h4 class=\"wp-block-heading\"><strong>1. \u0627\u0633\u062a\u0634\u0627\u0631\u0629 \u0645\u062e\u062a\u0635 \u0635\u062d\u064a<\/strong><\/h4>\n\n\n\n<p>\u0645\u062b\u0644 \u0627\u0644\u0637\u0628\u064a\u0628 \u0623\u0648 \u0623\u062e\u0635\u0627\u0626\u064a \u0627\u0644\u062a\u063a\u0630\u064a\u0629 \u0644\u0644\u062d\u0635\u0648\u0644 \u0639\u0644\u0649 \u062a\u0648\u062c\u064a\u0647\u0627\u062a \u062f\u0642\u064a\u0642\u0629.<\/p>\n\n\n\n<h4 class=\"wp-block-heading\"><strong>2. \u0627\u0644\u0627\u0644\u062a\u0632\u0627\u0645 \u0628\u0627\u0644\u062c\u0631\u0639\u0627\u062a \u0627\u0644\u0645\u0648\u0635\u0649 \u0628\u0647\u0627<\/strong><\/h4>\n\n\n\n<p>\u0627\u0644\u0627\u0633\u062a\u0647\u0644\u0627\u0643 \u0627\u0644\u0645\u0641\u0631\u0637 \u0642\u062f \u064a\u0633\u0628\u0628 \u0622\u062b\u0627\u0631\u064b\u0627 \u062c\u0627\u0646\u0628\u064a\u0629 \u062e\u0637\u064a\u0631\u0629.<\/p>\n\n\n\n<h4 class=\"wp-block-heading\"><strong>3. \u0627\u0644\u0627\u0646\u062a\u0628\u0627\u0647 \u0625\u0644\u0649 \u0627\u0644\u062a\u0641\u0627\u0639\u0644\u0627\u062a \u0627\u0644\u062f\u0648\u0627\u0626\u064a\u0629<\/strong><\/h4>\n\n\n\n<p>\u0628\u0639\u0636 \u0627\u0644\u0645\u0643\u0645\u0644\u0627\u062a \u0642\u062f \u062a\u0642\u0644\u0644 \u0623\u0648 \u062a\u0632\u064a\u062f \u0645\u0646 \u062a\u0623\u062b\u064a\u0631 \u0627\u0644\u0623\u062f\u0648\u064a\u0629.<\/p>\n\n\n\n<h4 class=\"wp-block-heading\"><strong>4. \u0627\u062e\u062a\u064a\u0627\u0631 \u0645\u0646\u062a\u062c\u0627\u062a \u0630\u0627\u062a \u062c\u0648\u062f\u0629<\/strong><\/h4>\n\n\n\n<p>\u064a\u0641\u0636\u0644 \u0634\u0631\u0627\u0621 \u0645\u0646\u062a\u062c\u0627\u062a \u0645\u0646 \u0639\u0644\u0627\u0645\u0627\u062a \u062a\u062c\u0627\u0631\u064a\u0629 \u0645\u0648\u062b\u0648\u0642\u0629 \u0648\u0630\u0627\u062a \u0634\u0647\u0627\u062f\u0627\u062a \u0645\u0639\u062a\u0645\u062f\u0629.<\/p>\n\n\n\n<h2 class=\"wp-block-heading\"><strong>\u062e\u0627\u062a\u0645\u0629<\/strong><\/h2>\n\n\n\n<p>\u064a\u0645\u0643\u0646 \u0623\u0646 \u062a\u0643\u0648\u0646 \u0627\u0644\u0645\u0643\u0645\u0644\u0627\u062a \u0627\u0644\u063a\u0630\u0627\u0626\u064a\u0629 \u0645\u0641\u064a\u062f\u0629 \u0644\u062a\u0644\u0628\u064a\u0629 \u0627\u062d\u062a\u064a\u0627\u062c\u0627\u062a \u0645\u062d\u062f\u062f\u0629\u060c \u0644\u0643\u0646\u0647\u0627 \u0644\u064a\u0633\u062a \u0628\u062f\u064a\u0644\u064b\u0627 \u0639\u0646 \u0646\u0638\u0627\u0645 \u063a\u0630\u0627\u0626\u064a \u0645\u062a\u0648\u0627\u0632\u0646. \u064a\u0639\u062f \u0627\u0644\u0646\u0647\u062c \u0627\u0644\u0648\u0627\u0639\u064a\u060c \u0627\u0644\u0645\u0635\u062d\u0648\u0628 \u0628\u0645\u0634\u0648\u0631\u0629 \u0645\u062e\u062a\u0635 \u0635\u062d\u064a\u060c \u0636\u0631\u0648\u0631\u064a\u064b\u0627 \u0644\u0627\u0633\u062a\u062e\u062f\u0627\u0645\u0647\u0627 \u0628\u0634\u0643\u0644 \u0622\u0645\u0646 \u0648\u0641\u0639\u0627\u0644.<\/p>","protected":false},"excerpt":{"rendered":"<p>Les compl\u00e9ments alimentaires sont des produits destin\u00e9s \u00e0 compl\u00e9ter une alimentation normale. Ils se pr\u00e9sentent sous diff\u00e9rentes formes : comprim\u00e9s, g\u00e9lules, poudres ou liquides. Leur r\u00f4le principal est d\u2019apporter des nutriments ou substances sp\u00e9cifiques pour combler des carences, soutenir des fonctions physiologiques ou am\u00e9liorer le bien-\u00eatre. De plus en plus populaires, ils s\u00e9duisent des millions &hellip; <a href=\"https:\/\/vitamo.ma\/ar\/quest-ce-quun-complement-alimentaire-nutritionnel\/\" class=\"more-link\">\u0642\u0631\u0627\u0621\u0629 \u0627\u0644\u0645\u0632\u064a\u062f <span class=\"screen-reader-text\">Qu&#8217;est-ce qu&#8217;un Compl\u00e9ment Alimentaire (Nutritionnel) ?<\/span><\/a><\/p>","protected":false},"author":3,"featured_media":0,"parent":0,"menu_order":0,"comment_status":"closed","ping_status":"closed","template":"","meta":{"_sitemap_exclude":false,"_sitemap_priority":"","_sitemap_frequency":"","footnotes":""},"categories":[475],"tags":[],"class_list":["post-8688","page","type-page","status-publish","hentry","category-complements-alimentaires"],"_links":{"self":[{"href":"https:\/\/vitamo.ma\/ar\/wp-json\/wp\/v2\/pages\/8688","targetHints":{"allow":["GET"]}}],"collection":[{"href":"https:\/\/vitamo.ma\/ar\/wp-json\/wp\/v2\/pages"}],"about":[{"href":"https:\/\/vitamo.ma\/ar\/wp-json\/wp\/v2\/types\/page"}],"author":[{"embeddable":true,"href":"https:\/\/vitamo.ma\/ar\/wp-json\/wp\/v2\/users\/3"}],"replies":[{"embeddable":true,"href":"https:\/\/vitamo.ma\/ar\/wp-json\/wp\/v2\/comments?post=8688"}],"version-history":[{"count":4,"href":"https:\/\/vitamo.ma\/ar\/wp-json\/wp\/v2\/pages\/8688\/revisions"}],"predecessor-version":[{"id":8693,"href":"https:\/\/vitamo.ma\/ar\/wp-json\/wp\/v2\/pages\/8688\/revisions\/8693"}],"wp:attachment":[{"href":"https:\/\/vitamo.ma\/ar\/wp-json\/wp\/v2\/media?parent=8688"}],"wp:term":[{"taxonomy":"category","embeddable":true,"href":"https:\/\/vitamo.ma\/ar\/wp-json\/wp\/v2\/categories?post=8688"},{"taxonomy":"post_tag","embeddable":true,"href":"https:\/\/vitamo.ma\/ar\/wp-json\/wp\/v2\/tags?post=8688"}],"curies":[{"name":"wp","href":"https:\/\/api.w.org\/{rel}","templated":true}]}}