{"id":156,"date":"2020-12-17T08:27:17","date_gmt":"2020-12-17T08:27:17","guid":{"rendered":"https:\/\/el1.thembaydev.com\/zota_handmade\/?post_type=product&#038;p=156"},"modified":"2024-12-31T17:25:06","modified_gmt":"2024-12-31T17:25:06","slug":"now-foods-vitamine-d3-haute-efficacite-5000-ui-120-capsules-a-enveloppe-molle","status":"publish","type":"product","link":"https:\/\/vitamo.ma\/ar\/shop\/supplements\/vitamines\/vitamine-d\/now-foods-vitamine-d3-haute-efficacite-5000-ui-120-capsules-a-enveloppe-molle\/","title":{"rendered":"\u0646\u0627\u0648 \u0641\u0648\u062f\u0632\u200f, \u0641\u064a\u062a\u0627\u0645\u064a\u0646 \u062f-3\u060c \u0639\u0627\u0644\u064a \u0627\u0644\u0641\u0639\u0627\u0644\u064a\u0629\u060c 5,000 \u0648\u062d\u062f\u0629 \u062f\u0648\u0644\u064a\u0629\u060c 120 \u0643\u0628\u0633\u0648\u0644\u0629 \u0647\u0644\u0627\u0645\u064a\u0629"},"content":{"rendered":"<div data-elementor-type=\"wp-post\" data-elementor-id=\"156\" class=\"elementor elementor-156\">\n\t\t\t\t\t\t<section class=\"elementor-section elementor-top-section elementor-element elementor-element-c04a564 elementor-section-boxed elementor-section-height-default elementor-section-height-default\" data-id=\"c04a564\" data-element_type=\"section\" data-e-type=\"section\">\n\t\t\t\t\t\t<div class=\"elementor-container elementor-column-gap-no\">\n\t\t\t\t\t<div class=\"elementor-column elementor-col-100 elementor-top-column elementor-element elementor-element-2274b2ce\" data-id=\"2274b2ce\" data-element_type=\"column\" data-e-type=\"column\">\n\t\t\t<div class=\"elementor-widget-wrap elementor-element-populated\">\n\t\t\t\t\t\t<div class=\"elementor-element elementor-element-67f738fd elementor-widget elementor-widget-text-editor\" data-id=\"67f738fd\" data-element_type=\"widget\" data-e-type=\"widget\" data-widget_type=\"text-editor.default\">\n\t\t\t\t<div class=\"elementor-widget-container\">\n\t\t\t\t\t\t\t\t\t<p><strong>NOW\u00ae \u0643\u0628\u0633\u0648\u0644\u0627\u062a \u0641\u064a\u062a\u0627\u0645\u064a\u0646 \u062f-3 <\/strong><br \/>Les g\u00e9lules de vitamine D-3 NOW offrent cette vitamine cl\u00e9 dans un format liquide pratique, contenu dans des g\u00e9lules molles faciles \u00e0 consommer. La vitamine D est g\u00e9n\u00e9ralement obtenue par l&#8217;alimentation ou produite par la peau sous l&#8217;effet des rayons ultraviolets du soleil, mais elle est rarement pr\u00e9sente en quantit\u00e9 suffisante dans les aliments. Avec l&#8217;augmentation du temps pass\u00e9 \u00e0 l&#8217;int\u00e9rieur et l&#8217;\u00e9vitement de l&#8217;exposition au soleil, un suppl\u00e9ment en vitamine D devient crucial pour garantir un apport optimal et soutenir votre bien-\u00eatre.<\/p><p>\u00a0<\/p><ul><li>\u0645\u0643\u0645\u0644 \u063a\u0630\u0627\u0626\u064a<\/li><li>\u064a\u0642\u0648\u064a \u062c\u0647\u0627\u0632 \u0627\u0644\u0645\u0646\u0627\u0639\u0629<\/li><li>\u0636\u0645\u0627\u0646 \u0627\u0644\u062c\u0648\u062f\u0629 GMP<\/li><li>\u063a\u064a\u0631 \u0645\u0639\u062f\u0644 \u0648\u0631\u0627\u062b\u064a\u064b\u0627<\/li><\/ul>\t\t\t\t\t\t\t\t<\/div>\n\t\t\t\t<\/div>\n\t\t\t\t<div class=\"elementor-element elementor-element-36bdc3d5 elementor-widget elementor-widget-text-editor\" data-id=\"36bdc3d5\" data-element_type=\"widget\" data-e-type=\"widget\" data-widget_type=\"text-editor.default\">\n\t\t\t\t<div class=\"elementor-widget-container\">\n\t\t\t\t\t\t\t\t\t<p><strong>\u0627\u0644\u0627\u0633\u062a\u062e\u062f\u0627\u0645 \u0627\u0644\u0645\u0642\u062a\u0631\u062d: <\/strong><br \/>Prenez une capsule molle tous les 3 jours, de pr\u00e9f\u00e9rence lors d&#8217;un repas contenant des graisses, ou selon les recommandations de votre professionnel de sant\u00e9.<\/p>\t\t\t\t\t\t\t\t<\/div>\n\t\t\t\t<\/div>\n\t\t\t\t\t<\/div>\n\t\t<\/div>\n\t\t\t\t\t<\/div>\n\t\t<\/section>\n\t\t\t\t<\/div>","protected":false},"excerpt":{"rendered":"<p>G\u00e9lules de Vitamine D-3 NOW Les g\u00e9lules de vitamine D-3 NOW offrent cette vitamine cl\u00e9 dans un format liquide pratique, contenu dans des g\u00e9lules molles faciles \u00e0 consommer. La vitamine D est g\u00e9n\u00e9ralement obtenue par l&#8217;alimentation ou produite par la peau sous l&#8217;effet des rayons ultraviolets du soleil, mais elle est rarement pr\u00e9sente en quantit\u00e9 &hellip; <a href=\"https:\/\/vitamo.ma\/ar\/shop\/supplements\/vitamines\/vitamine-d\/now-foods-vitamine-d3-haute-efficacite-5000-ui-120-capsules-a-enveloppe-molle\/\" class=\"more-link\">\u0642\u0631\u0627\u0621\u0629 \u0627\u0644\u0645\u0632\u064a\u062f <span class=\"screen-reader-text\">\u0646\u0627\u0648 \u0641\u0648\u062f\u0632\u200f, \u0641\u064a\u062a\u0627\u0645\u064a\u0646 \u062f-3\u060c \u0639\u0627\u0644\u064a \u0627\u0644\u0641\u0639\u0627\u0644\u064a\u0629\u060c 5,000 \u0648\u062d\u062f\u0629 \u062f\u0648\u0644\u064a\u0629\u060c 120 \u0643\u0628\u0633\u0648\u0644\u0629 \u0647\u0644\u0627\u0645\u064a\u0629<\/span><\/a><\/p>","protected":false},"featured_media":7114,"comment_status":"open","ping_status":"closed","template":"","meta":{"_sitemap_exclude":false,"_sitemap_priority":"","_sitemap_frequency":""},"product_brand":[],"product_cat":[141],"product_tag":[192],"class_list":{"0":"post-156","1":"product","2":"type-product","3":"status-publish","4":"has-post-thumbnail","6":"product_cat-vitamine-d","7":"product_tag-now-foods","10":"outofstock","11":"shipping-taxable","12":"purchasable","13":"product-type-simple"},"_links":{"self":[{"href":"https:\/\/vitamo.ma\/ar\/wp-json\/wp\/v2\/product\/156","targetHints":{"allow":["GET"]}}],"collection":[{"href":"https:\/\/vitamo.ma\/ar\/wp-json\/wp\/v2\/product"}],"about":[{"href":"https:\/\/vitamo.ma\/ar\/wp-json\/wp\/v2\/types\/product"}],"replies":[{"embeddable":true,"href":"https:\/\/vitamo.ma\/ar\/wp-json\/wp\/v2\/comments?post=156"}],"version-history":[{"count":20,"href":"https:\/\/vitamo.ma\/ar\/wp-json\/wp\/v2\/product\/156\/revisions"}],"predecessor-version":[{"id":8334,"href":"https:\/\/vitamo.ma\/ar\/wp-json\/wp\/v2\/product\/156\/revisions\/8334"}],"wp:featuredmedia":[{"embeddable":true,"href":"https:\/\/vitamo.ma\/ar\/wp-json\/wp\/v2\/media\/7114"}],"wp:attachment":[{"href":"https:\/\/vitamo.ma\/ar\/wp-json\/wp\/v2\/media?parent=156"}],"wp:term":[{"taxonomy":"product_brand","embeddable":true,"href":"https:\/\/vitamo.ma\/ar\/wp-json\/wp\/v2\/product_brand?post=156"},{"taxonomy":"product_cat","embeddable":true,"href":"https:\/\/vitamo.ma\/ar\/wp-json\/wp\/v2\/product_cat?post=156"},{"taxonomy":"product_tag","embeddable":true,"href":"https:\/\/vitamo.ma\/ar\/wp-json\/wp\/v2\/product_tag?post=156"}],"curies":[{"name":"wp","href":"https:\/\/api.w.org\/{rel}","templated":true}]}}