{"id":160,"date":"2020-12-17T08:37:22","date_gmt":"2020-12-17T08:37:22","guid":{"rendered":"https:\/\/el1.thembaydev.com\/zota_handmade\/?post_type=product&#038;p=160"},"modified":"2024-12-31T17:25:06","modified_gmt":"2024-12-31T17:25:06","slug":"life-extension-bioactive-complexe-complet-de-vitamines-b-60-capsules-vegetariennes","status":"publish","type":"product","link":"https:\/\/vitamo.ma\/ar\/shop\/supplements\/vitamines\/complexe-de-vitamines-b\/life-extension-bioactive-complexe-complet-de-vitamines-b-60-capsules-vegetariennes\/","title":{"rendered":"\u0644\u0627\u064a\u0641 \u0625\u0643\u0633\u062a\u0627\u0646\u0634\u0646\u200f, \u0645\u0631\u0643\u0628 \u0641\u064a\u062a\u0627\u0645\u064a\u0646-\u0628 \u0627\u0644\u0643\u0627\u0645\u0644 \u0627\u0644\u0646\u0634\u0637 \u062d\u064a\u0648\u064a\u064b\u0627\u060c 60 \u0643\u0628\u0633\u0648\u0644\u0629 \u0646\u0628\u0627\u062a\u064a\u0629"},"content":{"rendered":"<div data-elementor-type=\"wp-post\" data-elementor-id=\"160\" class=\"elementor elementor-160\">\n\t\t\t\t\t\t<section class=\"elementor-section elementor-top-section elementor-element elementor-element-cbd06c2 elementor-section-boxed elementor-section-height-default elementor-section-height-default\" data-id=\"cbd06c2\" data-element_type=\"section\" data-e-type=\"section\">\n\t\t\t\t\t\t<div class=\"elementor-container elementor-column-gap-no\">\n\t\t\t\t\t<div class=\"elementor-column elementor-col-100 elementor-top-column elementor-element elementor-element-483f9a33\" data-id=\"483f9a33\" data-element_type=\"column\" data-e-type=\"column\">\n\t\t\t<div class=\"elementor-widget-wrap elementor-element-populated\">\n\t\t\t\t\t\t<div class=\"elementor-element elementor-element-41219c31 elementor-widget elementor-widget-text-editor\" data-id=\"41219c31\" data-element_type=\"widget\" data-e-type=\"widget\" data-widget_type=\"text-editor.default\">\n\t\t\t\t<div class=\"elementor-widget-container\">\n\t\t\t\t\t\t\t\t\t<p><strong>\u0645\u0631\u0643\u0628 \u0641\u064a\u062a\u0627\u0645\u064a\u0646 \u0628 \u0627\u0644\u0646\u0634\u0637 \u0627\u0644\u062d\u064a\u0648\u064a <\/strong><br \/>Consommer une vari\u00e9t\u00e9 de vitamines B chaque jour est essentiel pour votre bien-\u00eatre. Le complexe de vitamines B BioActive utilise les formes biologiquement actives de chaque vitamine, garantissant une absorption maximale et offrant \u00e0 votre corps les nutriments n\u00e9cessaires pour soutenir votre \u00e9nergie, votre m\u00e9tabolisme et vos fonctions c\u00e9r\u00e9brales.<\/p><p>\u00a0<\/p><ul><li>\u0645\u0643\u0645\u0644 \u063a\u0630\u0627\u0626\u064a<\/li><li>Contient des vitamines B qui contribuent \u00e0 l&#8217;activit\u00e9 enzymatique<\/li><li>\u062e\u0627\u0644\u064d \u0645\u0646 \u0627\u0644\u062c\u0644\u0648\u062a\u064a\u0646<\/li><li>\u063a\u064a\u0631 \u0645\u0639\u062f\u0651\u0644 \u0648\u0631\u0627\u062b\u064a\u064b\u0627\u060c \u0648\u0645\u0639\u062a\u0645\u062f \u0645\u0646 LE<\/li><\/ul>\t\t\t\t\t\t\t\t<\/div>\n\t\t\t\t<\/div>\n\t\t\t\t<div class=\"elementor-element elementor-element-78a7e115 elementor-widget elementor-widget-text-editor\" data-id=\"78a7e115\" data-element_type=\"widget\" data-e-type=\"widget\" data-widget_type=\"text-editor.default\">\n\t\t\t\t<div class=\"elementor-widget-container\">\n\t\t\t\t\t\t\t\t\t<div class=\"row item-row\"><div class=\"col-xs-24\"><h3><strong>\u00a0\u00a0\u00a0\u00a0\u00a0\u00a0 \u0637\u0631\u064a\u0642\u0629 \u0627\u0644\u0627\u0633\u062a\u062e\u062f\u0627\u0645<\/strong><\/h3><div class=\"prodOverviewDetail\"><p>\u00a0\u00a0\u00a0\u00a0 \u062a\u0646\u0627\u0648\u0644 \u0643\u0628\u0633\u0648\u0644\u062a\u064a\u0646 (2) \u064a\u0648\u0645\u064a\u064b\u0627 \u0645\u0639 \u0648\u062c\u0628\u0627\u062a \u0627\u0644\u0637\u0639\u0627\u0645 \u0623\u0648 \u0639\u0644\u0649 \u0627\u0644\u0646\u062d\u0648 \u0627\u0644\u0645\u0648\u0635\u0649 \u0628\u0647 \u0645\u0646 \u0642\u0628\u0644 \u0623\u062e\u0635\u0627\u0626\u064a \u0627\u0644\u0631\u0639\u0627\u064a\u0629 \u0627\u0644\u0635\u062d\u064a\u0629.<\/p><\/div><\/div><\/div>\t\t\t\t\t\t\t\t<\/div>\n\t\t\t\t<\/div>\n\t\t\t\t\t<\/div>\n\t\t<\/div>\n\t\t\t\t\t<\/div>\n\t\t<\/section>\n\t\t\t\t<\/div>","protected":false},"excerpt":{"rendered":"<p>Complexe complet de vitamines B BioActive Consommer une vari\u00e9t\u00e9 de vitamines B chaque jour est essentiel pour votre bien-\u00eatre. Le complexe de vitamines B BioActive utilise les formes biologiquement actives de chaque vitamine, garantissant une absorption maximale et offrant \u00e0 votre corps les nutriments n\u00e9cessaires pour soutenir votre \u00e9nergie, votre m\u00e9tabolisme et vos fonctions c\u00e9r\u00e9brales. &hellip; <a href=\"https:\/\/vitamo.ma\/ar\/shop\/supplements\/vitamines\/complexe-de-vitamines-b\/life-extension-bioactive-complexe-complet-de-vitamines-b-60-capsules-vegetariennes\/\" class=\"more-link\">\u0642\u0631\u0627\u0621\u0629 \u0627\u0644\u0645\u0632\u064a\u062f <span class=\"screen-reader-text\">\u0644\u0627\u064a\u0641 \u0625\u0643\u0633\u062a\u0627\u0646\u0634\u0646\u200f, \u0645\u0631\u0643\u0628 \u0641\u064a\u062a\u0627\u0645\u064a\u0646-\u0628 \u0627\u0644\u0643\u0627\u0645\u0644 \u0627\u0644\u0646\u0634\u0637 \u062d\u064a\u0648\u064a\u064b\u0627\u060c 60 \u0643\u0628\u0633\u0648\u0644\u0629 \u0646\u0628\u0627\u062a\u064a\u0629<\/span><\/a><\/p>","protected":false},"featured_media":7105,"comment_status":"open","ping_status":"closed","template":"","meta":{"_sitemap_exclude":false,"_sitemap_priority":"","_sitemap_frequency":""},"product_brand":[],"product_cat":[130,131],"product_tag":[463],"class_list":{"0":"post-160","1":"product","2":"type-product","3":"status-publish","4":"has-post-thumbnail","6":"product_cat-complexe-de-vitamines-b","7":"product_cat-vitamine-b","8":"product_tag-life-extension","11":"outofstock","12":"shipping-taxable","13":"purchasable","14":"product-type-simple"},"_links":{"self":[{"href":"https:\/\/vitamo.ma\/ar\/wp-json\/wp\/v2\/product\/160","targetHints":{"allow":["GET"]}}],"collection":[{"href":"https:\/\/vitamo.ma\/ar\/wp-json\/wp\/v2\/product"}],"about":[{"href":"https:\/\/vitamo.ma\/ar\/wp-json\/wp\/v2\/types\/product"}],"replies":[{"embeddable":true,"href":"https:\/\/vitamo.ma\/ar\/wp-json\/wp\/v2\/comments?post=160"}],"version-history":[{"count":18,"href":"https:\/\/vitamo.ma\/ar\/wp-json\/wp\/v2\/product\/160\/revisions"}],"predecessor-version":[{"id":8326,"href":"https:\/\/vitamo.ma\/ar\/wp-json\/wp\/v2\/product\/160\/revisions\/8326"}],"wp:featuredmedia":[{"embeddable":true,"href":"https:\/\/vitamo.ma\/ar\/wp-json\/wp\/v2\/media\/7105"}],"wp:attachment":[{"href":"https:\/\/vitamo.ma\/ar\/wp-json\/wp\/v2\/media?parent=160"}],"wp:term":[{"taxonomy":"product_brand","embeddable":true,"href":"https:\/\/vitamo.ma\/ar\/wp-json\/wp\/v2\/product_brand?post=160"},{"taxonomy":"product_cat","embeddable":true,"href":"https:\/\/vitamo.ma\/ar\/wp-json\/wp\/v2\/product_cat?post=160"},{"taxonomy":"product_tag","embeddable":true,"href":"https:\/\/vitamo.ma\/ar\/wp-json\/wp\/v2\/product_tag?post=160"}],"curies":[{"name":"wp","href":"https:\/\/api.w.org\/{rel}","templated":true}]}}