{"id":162,"date":"2020-12-17T08:38:13","date_gmt":"2020-12-17T08:38:13","guid":{"rendered":"https:\/\/el1.thembaydev.com\/zota_handmade\/?post_type=product&#038;p=162"},"modified":"2025-01-03T10:06:00","modified_gmt":"2025-01-03T10:06:00","slug":"doctors-best-magnesium-100-chelate-a-haute-absorption-avec-albion-minerals-100-mg-240-comprimes","status":"publish","type":"product","link":"https:\/\/vitamo.ma\/ar\/shop\/supplements\/mineraux\/magnesium\/doctors-best-magnesium-100-chelate-a-haute-absorption-avec-albion-minerals-100-mg-240-comprimes\/","title":{"rendered":"\u062f\u0643\u062a\u0648\u0631\u0632 \u0628\u064a\u0633\u062a\u200f, \u0645\u0635\u0646\u0648\u0639 100% \u0645\u0646 \u0645\u063a\u0646\u0633\u064a\u0648\u0645 \u0645\u0633\u062a\u062e\u0644\u0628 \u0639\u0627\u0644\u064a \u0627\u0644\u0627\u0645\u062a\u0635\u0627\u0635 \u0645\u0639 \u0645\u0639\u0627\u062f\u0646 \u0623\u0644\u0628\u064a\u0648\u0646\u060c 100 \u0645\u0644\u062c\u0645\u060c 240 \u0642\u0631\u0635\u064b\u0627"},"content":{"rendered":"<div data-elementor-type=\"wp-post\" data-elementor-id=\"162\" class=\"elementor elementor-162\">\n\t\t\t\t\t\t<section class=\"elementor-section elementor-top-section elementor-element elementor-element-1c0ae13b elementor-section-boxed elementor-section-height-default elementor-section-height-default\" data-id=\"1c0ae13b\" data-element_type=\"section\" data-e-type=\"section\">\n\t\t\t\t\t\t<div class=\"elementor-container elementor-column-gap-no\">\n\t\t\t\t\t<div class=\"elementor-column elementor-col-100 elementor-top-column elementor-element elementor-element-5b642ac5\" data-id=\"5b642ac5\" data-element_type=\"column\" data-e-type=\"column\">\n\t\t\t<div class=\"elementor-widget-wrap elementor-element-populated\">\n\t\t\t\t\t\t<div class=\"elementor-element elementor-element-1d3925e8 elementor-widget elementor-widget-text-editor\" data-id=\"1d3925e8\" data-element_type=\"widget\" data-e-type=\"widget\" data-widget_type=\"text-editor.default\">\n\t\t\t\t<div class=\"elementor-widget-container\">\n\t\t\t\t\t\t\t\t\t<p><strong>\u0623\u0641\u0636\u0644 \u0645\u063a\u0646\u064a\u0633\u064a\u0648\u0645 \u0644\u062f\u0649 \u0627\u0644\u0623\u0637\u0628\u0627\u0621: \u0627\u0645\u062a\u0635\u0627\u0635 \u0641\u0627\u0626\u0642 \u0644\u0627\u0633\u062a\u0631\u062e\u0627\u0621 \u0627\u0644\u0639\u0636\u0644\u0627\u062a \u0648\u0627\u0644\u0635\u062d\u0629 \u0627\u0644\u0645\u062b\u0627\u0644\u064a\u0629<\/strong><br \/>\u064a\u0648\u0641\u0631 \u0645\u063a\u0646\u064a\u0633\u064a\u0648\u0645 Doctor&#039;s Best \u0627\u0645\u062a\u0635\u0627\u0635\u064b\u0627 \u0627\u0633\u062a\u062b\u0646\u0627\u0626\u064a\u064b\u0627\u060c \u062f\u0648\u0646 \u0627\u0644\u062a\u0633\u0628\u0628 \u0641\u064a \u0627\u0636\u0637\u0631\u0627\u0628\u0627\u062a \u0627\u0644\u062c\u0647\u0627\u0632 \u0627\u0644\u0647\u0636\u0645\u064a. \u062a\u0645 \u062a\u0631\u0643\u064a\u0628\u0647 \u0628\u0627\u0633\u062a\u062e\u062f\u0627\u0645 \u0644\u064a\u0633\u064a\u0646\u0627\u062a \u0627\u0644\u0645\u063a\u0646\u064a\u0633\u064a\u0648\u0645 \u0627\u0644\u0645\u062e\u0644\u0628\u064a \u062c\u0644\u064a\u0633\u064a\u0646\u0627\u062a 100 %\u060c \u0648\u064a\u062a\u0645 \u0627\u0633\u062a\u064a\u0639\u0627\u0628\u0647 \u0628\u0633\u0631\u0639\u0629 \u0644\u062a\u0639\u0632\u064a\u0632 \u0627\u0633\u062a\u0631\u062e\u0627\u0621 \u0627\u0644\u0639\u0636\u0644\u0627\u062a \u0648\u0627\u0644\u0623\u062f\u0627\u0621 \u0627\u0644\u0639\u0635\u0628\u064a \u0627\u0644\u0623\u0645\u062b\u0644 \u0648\u0627\u0644\u0646\u0648\u0645 \u0627\u0644\u0645\u0631\u064a\u062d.<\/p><ul><li>\u064a\u0639\u0632\u0632 \u0627\u0633\u062a\u0631\u062e\u0627\u0621 \u0627\u0644\u0639\u0636\u0644\u0627\u062a \u0648\u0627\u0644\u0646\u0648\u0645 \u0627\u0644\u0645\u0631\u064a\u062d.<\/li><li>\u064a\u0644\u0639\u0628 \u062f\u0648\u0631\u064b\u0627 \u0631\u0626\u064a\u0633\u064a\u064b\u0627 \u0641\u064a 300 \u0646\u0638\u0627\u0645 \u0625\u0646\u0632\u064a\u0645\u064a \u0644\u062f\u0639\u0645 \u0627\u0644\u0648\u0638\u0627\u0626\u0641 \u0627\u0644\u0628\u064a\u0648\u0643\u064a\u0645\u064a\u0627\u0626\u064a\u0629.<\/li><li>\u0627\u0645\u062a\u0635\u0627\u0635 \u0623\u0641\u0636\u0644 \u0628\u0645\u0627 \u064a\u0635\u0644 \u0625\u0644\u0649 6 \u0645\u0631\u0627\u062a \u0645\u0646 \u0627\u0644\u0623\u0634\u0643\u0627\u0644 \u0627\u0644\u0623\u062e\u0631\u0649 \u0645\u0646 \u0627\u0644\u0645\u063a\u0646\u064a\u0633\u064a\u0648\u0645.<\/li><\/ul><p>\u062d\u0644 \u0645\u062b\u0627\u0644\u064a \u0644\u062a\u0639\u0632\u064a\u0632 \u0645\u0633\u062a\u0648\u064a\u0627\u062a \u0627\u0644\u0645\u063a\u0646\u064a\u0633\u064a\u0648\u0645 \u0648\u062a\u062d\u0633\u064a\u0646 \u0635\u062d\u062a\u0643 \u0627\u0644\u0639\u0627\u0645\u0629.<\/p>\t\t\t\t\t\t\t\t<\/div>\n\t\t\t\t<\/div>\n\t\t\t\t<div class=\"elementor-element elementor-element-57adf41 elementor-widget elementor-widget-text-editor\" data-id=\"57adf41\" data-element_type=\"widget\" data-e-type=\"widget\" data-widget_type=\"text-editor.default\">\n\t\t\t\t<div class=\"elementor-widget-container\">\n\t\t\t\t\t\t\t\t\t<h3>\u00a0<\/h3><h3><strong>\u0637\u0631\u064a\u0642\u0629 \u0627\u0644\u0627\u0633\u062a\u062e\u062f\u0627\u0645<\/strong><\/h3><div class=\"col-xs-24\"><div class=\"prodOverviewDetail\"><p>\u062a\u0646\u0627\u0648\u0644 \u0642\u0631\u0635\u064a\u0646 \u0645\u0631\u062a\u064a\u0646 \u064a\u0648\u0645\u064a\u064b\u0627 \u0623\u0648 \u0639\u0644\u0649 \u0627\u0644\u0646\u062d\u0648 \u0627\u0644\u0645\u0648\u0635\u0649 \u0628\u0647 \u0645\u0646 \u0642\u0628\u0644 \u0623\u062e\u0635\u0627\u0626\u064a \u0627\u0644\u0631\u0639\u0627\u064a\u0629 \u0627\u0644\u0635\u062d\u064a\u0629 \u0627\u0644\u0630\u064a \u064a\u062a\u0645\u062a\u0639 \u0628\u062e\u0628\u0631\u0629 \u0641\u064a \u0627\u0644\u062a\u063a\u0630\u064a\u0629.<\/p><\/div><\/div>\t\t\t\t\t\t\t\t<\/div>\n\t\t\t\t<\/div>\n\t\t\t\t\t<\/div>\n\t\t<\/div>\n\t\t\t\t\t<\/div>\n\t\t<\/section>\n\t\t\t\t<\/div>","protected":false},"excerpt":{"rendered":"<p>Magn\u00e9sium Doctor&#8217;s Best : Absorption sup\u00e9rieure pour une d\u00e9tente musculaire et un bien-\u00eatre optimal Le magn\u00e9sium Doctor&#8217;s Best offre une absorption exceptionnelle, sans provoquer de troubles gastro-intestinaux. Formul\u00e9 avec du magn\u00e9sium glycinate de lysinate 100 % ch\u00e9lat\u00e9, il est rapidement assimil\u00e9 pour favoriser la relaxation musculaire, un fonctionnement nerveux optimal et un sommeil r\u00e9parateur. Favorise &hellip; <a href=\"https:\/\/vitamo.ma\/ar\/shop\/supplements\/mineraux\/magnesium\/doctors-best-magnesium-100-chelate-a-haute-absorption-avec-albion-minerals-100-mg-240-comprimes\/\" class=\"more-link\">\u0642\u0631\u0627\u0621\u0629 \u0627\u0644\u0645\u0632\u064a\u062f <span class=\"screen-reader-text\">\u062f\u0643\u062a\u0648\u0631\u0632 \u0628\u064a\u0633\u062a\u200f, \u0645\u0635\u0646\u0648\u0639 100% \u0645\u0646 \u0645\u063a\u0646\u0633\u064a\u0648\u0645 \u0645\u0633\u062a\u062e\u0644\u0628 \u0639\u0627\u0644\u064a \u0627\u0644\u0627\u0645\u062a\u0635\u0627\u0635 \u0645\u0639 \u0645\u0639\u0627\u062f\u0646 \u0623\u0644\u0628\u064a\u0648\u0646\u060c 100 \u0645\u0644\u062c\u0645\u060c 240 \u0642\u0631\u0635\u064b\u0627<\/span><\/a><\/p>","protected":false},"featured_media":7102,"comment_status":"open","ping_status":"closed","template":"","meta":{"_sitemap_exclude":false,"_sitemap_priority":"","_sitemap_frequency":""},"product_brand":[],"product_cat":[139],"product_tag":[191],"class_list":{"0":"post-162","1":"product","2":"type-product","3":"status-publish","4":"has-post-thumbnail","6":"product_cat-magnesium","7":"product_tag-doctors-best","10":"instock","11":"shipping-taxable","12":"purchasable","13":"product-type-simple"},"_links":{"self":[{"href":"https:\/\/vitamo.ma\/ar\/wp-json\/wp\/v2\/product\/162","targetHints":{"allow":["GET"]}}],"collection":[{"href":"https:\/\/vitamo.ma\/ar\/wp-json\/wp\/v2\/product"}],"about":[{"href":"https:\/\/vitamo.ma\/ar\/wp-json\/wp\/v2\/types\/product"}],"replies":[{"embeddable":true,"href":"https:\/\/vitamo.ma\/ar\/wp-json\/wp\/v2\/comments?post=162"}],"version-history":[{"count":16,"href":"https:\/\/vitamo.ma\/ar\/wp-json\/wp\/v2\/product\/162\/revisions"}],"predecessor-version":[{"id":8607,"href":"https:\/\/vitamo.ma\/ar\/wp-json\/wp\/v2\/product\/162\/revisions\/8607"}],"wp:featuredmedia":[{"embeddable":true,"href":"https:\/\/vitamo.ma\/ar\/wp-json\/wp\/v2\/media\/7102"}],"wp:attachment":[{"href":"https:\/\/vitamo.ma\/ar\/wp-json\/wp\/v2\/media?parent=162"}],"wp:term":[{"taxonomy":"product_brand","embeddable":true,"href":"https:\/\/vitamo.ma\/ar\/wp-json\/wp\/v2\/product_brand?post=162"},{"taxonomy":"product_cat","embeddable":true,"href":"https:\/\/vitamo.ma\/ar\/wp-json\/wp\/v2\/product_cat?post=162"},{"taxonomy":"product_tag","embeddable":true,"href":"https:\/\/vitamo.ma\/ar\/wp-json\/wp\/v2\/product_tag?post=162"}],"curies":[{"name":"wp","href":"https:\/\/api.w.org\/{rel}","templated":true}]}}