{"id":164,"date":"2020-12-17T08:39:23","date_gmt":"2020-12-17T08:39:23","guid":{"rendered":"https:\/\/el1.thembaydev.com\/zota_handmade\/?post_type=product&#038;p=164"},"modified":"2024-12-31T17:25:06","modified_gmt":"2024-12-31T17:25:06","slug":"california-gold-nutrition-gold-c-vitamine-c-de-qualite-usp-1000-mg-60-capsules-vegetariennes","status":"publish","type":"product","link":"https:\/\/vitamo.ma\/ar\/shop\/supplements\/vitamines\/acide-ascorbique\/california-gold-nutrition-gold-c-vitamine-c-de-qualite-usp-1000-mg-60-capsules-vegetariennes\/","title":{"rendered":"\u0643\u0627\u0644\u064a\u0641\u0648\u0631\u0646\u064a\u0627 \u063a\u0648\u0644\u062f \u0646\u064a\u0648\u062a\u0631\u064a\u0634\u0646\u200f, Gold C\u060c \u0641\u064a\u062a\u0627\u0645\u064a\u0646 \u062c\u0640 \u0645\u0646 \u062f\u0631\u062c\u0629 \u062f\u0633\u062a\u0648\u0631 \u0627\u0644\u0623\u062f\u0648\u064a\u0629 \u0627\u0644\u0623\u0645\u0631\u064a\u0643\u064a (USP)\u060c 1,000 \u0645\u0644\u062c\u0645\u060c 60 \u0643\u0628\u0633\u0648\u0644\u0629 \u0646\u0628\u0627\u062a\u064a\u0629"},"content":{"rendered":"<div data-elementor-type=\"wp-post\" data-elementor-id=\"164\" class=\"elementor elementor-164\">\n\t\t\t\t\t\t<section class=\"elementor-section elementor-top-section elementor-element elementor-element-4d0d5285 elementor-section-boxed elementor-section-height-default elementor-section-height-default\" data-id=\"4d0d5285\" data-element_type=\"section\" data-e-type=\"section\">\n\t\t\t\t\t\t<div class=\"elementor-container elementor-column-gap-no\">\n\t\t\t\t\t<div class=\"elementor-column elementor-col-100 elementor-top-column elementor-element elementor-element-c487347\" data-id=\"c487347\" data-element_type=\"column\" data-e-type=\"column\">\n\t\t\t<div class=\"elementor-widget-wrap elementor-element-populated\">\n\t\t\t\t\t\t<div class=\"elementor-element elementor-element-1d3f3c95 elementor-widget elementor-widget-text-editor\" data-id=\"1d3f3c95\" data-element_type=\"widget\" data-e-type=\"widget\" data-widget_type=\"text-editor.default\">\n\t\t\t\t<div class=\"elementor-widget-container\">\n\t\t\t\t\t\t\t\t\t<p><strong>Gold C\u2122 \u0645\u0646 California Gold Nutrition\u00ae: \u0641\u064a\u062a\u0627\u0645\u064a\u0646 C \u0646\u0642\u064a \u0648\u0642\u0648\u064a \u0644\u0631\u0641\u0627\u0647\u064a\u062a\u0643<\/strong><br \/>\u062a\u062d\u062a\u0648\u064a \u0643\u0644 \u0643\u0628\u0633\u0648\u0644\u0629 \u0646\u0628\u0627\u062a\u064a\u0629 \u0645\u0646 Gold C\u2122 \u0639\u0644\u0649 1000 \u0645\u0644\u062c\u0645 \u0645\u0646 \u0641\u064a\u062a\u0627\u0645\u064a\u0646 C \u0628\u062f\u0631\u062c\u0629 USP\u060c \u0648\u0627\u0644\u0630\u064a \u062a\u0645 \u0627\u062e\u062a\u064a\u0627\u0631\u0647 \u0628\u0639\u0646\u0627\u064a\u0629 \u0644\u0641\u0648\u0627\u0626\u062f\u0647 \u0627\u0644\u0635\u062d\u064a\u0629. \u062a\u0645 \u0627\u062e\u062a\u0628\u0627\u0631\u0647 \u062b\u0644\u0627\u062b \u0645\u0631\u0627\u062a \u0644\u0644\u062a\u0623\u0643\u062f \u0645\u0646 \u0646\u0642\u0627\u0626\u0647 \u0648\u0627\u0645\u062a\u062b\u0627\u0644\u0647 \u0644\u0645\u0639\u0627\u064a\u064a\u0631 \u0627\u0644\u062c\u0648\u062f\u0629 \u0627\u0644\u0623\u0643\u062b\u0631 \u0635\u0631\u0627\u0645\u0629\u060c \u0647\u0630\u0627 \u0627\u0644\u0641\u064a\u062a\u0627\u0645\u064a\u0646 C \u0647\u0648 \u062d\u0644\u064a\u0641\u0643 \u0641\u064a \u062f\u0639\u0645 \u062c\u0647\u0627\u0632\u0643 \u0627\u0644\u0645\u0646\u0627\u0639\u064a \u0648\u062a\u062d\u0633\u064a\u0646 \u062d\u064a\u0648\u064a\u062a\u0643.<\/p><p>\u00a0<\/p><ul><li>\u064a\u0633\u0627\u0647\u0645 \u0641\u064a \u0635\u062d\u0629 \u0627\u0644\u0645\u0646\u0627\u0639\u0629 \u0648\u0627\u0644\u0631\u0641\u0627\u0647\u064a\u0629 \u0627\u0644\u0639\u0627\u0645\u0629 *<\/li><li>\u0645\u0646\u0627\u0633\u0628 \u0644\u0644\u0646\u0628\u0627\u062a\u064a\u064a\u0646<\/li><li>\u062a\u0631\u0643\u064a\u0628\u0629 \u0645\u064f\u0639\u062f\u0629 \u0645\u0646 \u062f\u0648\u0646 \u062c\u0644\u0648\u062a\u064a\u0646 \u0623\u0648 \u0635\u0648\u064a\u0627<\/li><\/ul>\t\t\t\t\t\t\t\t<\/div>\n\t\t\t\t<\/div>\n\t\t\t\t<div class=\"elementor-element elementor-element-644a236d elementor-widget elementor-widget-text-editor\" data-id=\"644a236d\" data-element_type=\"widget\" data-e-type=\"widget\" data-widget_type=\"text-editor.default\">\n\t\t\t\t<div class=\"elementor-widget-container\">\n\t\t\t\t\t\t\t\t\t<p><strong>\u0627\u0644\u0627\u0633\u062a\u062e\u062f\u0627\u0645 \u0627\u0644\u0645\u0642\u062a\u0631\u062d:<\/strong><br \/>\u062a\u0646\u0627\u0648\u0644 \u0643\u0628\u0633\u0648\u0644\u0629 \u0648\u0627\u062d\u062f\u0629 \u064a\u0648\u0645\u064a\u064b\u0627\u060c \u0645\u0639 \u0623\u0648 \u0628\u062f\u0648\u0646 \u0648\u062c\u0628\u0627\u062a \u0627\u0644\u0637\u0639\u0627\u0645\u060c \u062d\u0633\u0628 \u062a\u0641\u0636\u064a\u0644\u0627\u062a\u0643. \u0644\u0644\u0627\u0633\u062a\u062e\u062f\u0627\u0645 \u0627\u0644\u0623\u0645\u062b\u0644\u060c \u0627\u062a\u0628\u0639 \u062a\u0648\u0635\u064a\u0627\u062a \u0623\u062e\u0635\u0627\u0626\u064a \u0627\u0644\u0631\u0639\u0627\u064a\u0629 \u0627\u0644\u0635\u062d\u064a\u0629 \u0627\u0644\u062e\u0627\u0635 \u0628\u0643.<\/p>\t\t\t\t\t\t\t\t<\/div>\n\t\t\t\t<\/div>\n\t\t\t\t\t<\/div>\n\t\t<\/div>\n\t\t\t\t\t<\/div>\n\t\t<\/section>\n\t\t\t\t<\/div>","protected":false},"excerpt":{"rendered":"<p>Gold C\u2122 de California Gold Nutrition\u00ae : Vitamine C pure et puissante pour votre bien-\u00eatreChaque capsule v\u00e9g\u00e9tale de Gold C\u2122 contient 1000 mg de vitamine C de qualit\u00e9 USP, soigneusement s\u00e9lectionn\u00e9e pour ses bienfaits sur la sant\u00e9. Test\u00e9e trois fois pour garantir sa puret\u00e9 et sa conformit\u00e9 aux normes de qualit\u00e9 les plus strictes, cette &hellip; <a href=\"https:\/\/vitamo.ma\/ar\/shop\/supplements\/vitamines\/acide-ascorbique\/california-gold-nutrition-gold-c-vitamine-c-de-qualite-usp-1000-mg-60-capsules-vegetariennes\/\" class=\"more-link\">\u0642\u0631\u0627\u0621\u0629 \u0627\u0644\u0645\u0632\u064a\u062f <span class=\"screen-reader-text\">\u0643\u0627\u0644\u064a\u0641\u0648\u0631\u0646\u064a\u0627 \u063a\u0648\u0644\u062f \u0646\u064a\u0648\u062a\u0631\u064a\u0634\u0646\u200f, Gold C\u060c \u0641\u064a\u062a\u0627\u0645\u064a\u0646 \u062c\u0640 \u0645\u0646 \u062f\u0631\u062c\u0629 \u062f\u0633\u062a\u0648\u0631 \u0627\u0644\u0623\u062f\u0648\u064a\u0629 \u0627\u0644\u0623\u0645\u0631\u064a\u0643\u064a (USP)\u060c 1,000 \u0645\u0644\u062c\u0645\u060c 60 \u0643\u0628\u0633\u0648\u0644\u0629 \u0646\u0628\u0627\u062a\u064a\u0629<\/span><\/a><\/p>","protected":false},"featured_media":7097,"comment_status":"open","ping_status":"closed","template":"","meta":{"_sitemap_exclude":false,"_sitemap_priority":"","_sitemap_frequency":""},"product_brand":[],"product_cat":[132,133],"product_tag":[193],"class_list":{"0":"post-164","1":"product","2":"type-product","3":"status-publish","4":"has-post-thumbnail","6":"product_cat-acide-ascorbique","7":"product_cat-vitamine-c","8":"product_tag-california-gold-nutrition","11":"outofstock","12":"shipping-taxable","13":"purchasable","14":"product-type-simple"},"_links":{"self":[{"href":"https:\/\/vitamo.ma\/ar\/wp-json\/wp\/v2\/product\/164","targetHints":{"allow":["GET"]}}],"collection":[{"href":"https:\/\/vitamo.ma\/ar\/wp-json\/wp\/v2\/product"}],"about":[{"href":"https:\/\/vitamo.ma\/ar\/wp-json\/wp\/v2\/types\/product"}],"replies":[{"embeddable":true,"href":"https:\/\/vitamo.ma\/ar\/wp-json\/wp\/v2\/comments?post=164"}],"version-history":[{"count":15,"href":"https:\/\/vitamo.ma\/ar\/wp-json\/wp\/v2\/product\/164\/revisions"}],"predecessor-version":[{"id":8318,"href":"https:\/\/vitamo.ma\/ar\/wp-json\/wp\/v2\/product\/164\/revisions\/8318"}],"wp:featuredmedia":[{"embeddable":true,"href":"https:\/\/vitamo.ma\/ar\/wp-json\/wp\/v2\/media\/7097"}],"wp:attachment":[{"href":"https:\/\/vitamo.ma\/ar\/wp-json\/wp\/v2\/media?parent=164"}],"wp:term":[{"taxonomy":"product_brand","embeddable":true,"href":"https:\/\/vitamo.ma\/ar\/wp-json\/wp\/v2\/product_brand?post=164"},{"taxonomy":"product_cat","embeddable":true,"href":"https:\/\/vitamo.ma\/ar\/wp-json\/wp\/v2\/product_cat?post=164"},{"taxonomy":"product_tag","embeddable":true,"href":"https:\/\/vitamo.ma\/ar\/wp-json\/wp\/v2\/product_tag?post=164"}],"curies":[{"name":"wp","href":"https:\/\/api.w.org\/{rel}","templated":true}]}}