{"id":173,"date":"2020-12-17T09:05:05","date_gmt":"2020-12-17T09:05:05","guid":{"rendered":"https:\/\/el1.thembaydev.com\/zota_handmade\/?post_type=product&#038;p=173"},"modified":"2024-12-31T17:25:06","modified_gmt":"2024-12-31T17:25:06","slug":"california_gold_nutrition_vitamine_d3","status":"publish","type":"product","link":"https:\/\/vitamo.ma\/ar\/shop\/supplements\/vitamines\/vitamine-d\/california_gold_nutrition_vitamine_d3\/","title":{"rendered":"\u0643\u0627\u0644\u064a\u0641\u0648\u0631\u0646\u064a\u0627 \u063a\u0648\u0644\u062f \u0646\u064a\u0648\u062a\u0631\u064a\u0634\u0646\u200f, \u0641\u064a\u062a\u0627\u0645\u064a\u0646 \u062f 3\u060c 125 \u0645\u0643\u062c\u0645 (5000 \u0648\u062d\u062f\u0629 \u062f\u0648\u0644\u064a\u0629)\u060c 90 \u0643\u0628\u0633\u0648\u0644\u0629 \u0647\u0644\u0627\u0645\u064a\u0629 \u062c\u064a\u0644\u0627\u062a\u064a\u0646\u064a\u0629 \u0645\u0646 \u0627\u0644\u0633\u0645\u0643"},"content":{"rendered":"<div data-elementor-type=\"wp-post\" data-elementor-id=\"173\" class=\"elementor elementor-173\">\n\t\t\t\t\t\t<section class=\"elementor-section elementor-top-section elementor-element elementor-element-24594e9d elementor-section-boxed elementor-section-height-default elementor-section-height-default\" data-id=\"24594e9d\" data-element_type=\"section\" data-e-type=\"section\">\n\t\t\t\t\t\t<div class=\"elementor-container elementor-column-gap-no\">\n\t\t\t\t\t<div class=\"elementor-column elementor-col-100 elementor-top-column elementor-element elementor-element-1a034f61\" data-id=\"1a034f61\" data-element_type=\"column\" data-e-type=\"column\">\n\t\t\t<div class=\"elementor-widget-wrap elementor-element-populated\">\n\t\t\t\t\t\t<div class=\"elementor-element elementor-element-33d2ae4 elementor-widget elementor-widget-text-editor\" data-id=\"33d2ae4\" data-element_type=\"widget\" data-e-type=\"widget\" data-widget_type=\"text-editor.default\">\n\t\t\t\t<div class=\"elementor-widget-container\">\n\t\t\t\t\t\t\t\t\t<p><strong>\u0641\u064a\u062a\u0627\u0645\u064a\u0646 \u062f3 125 \u0645\u064a\u0643\u0631\u0648\u062c\u0631\u0627\u0645 (5000 \u0648\u062d\u062f\u0629 \u062f\u0648\u0644\u064a\u0629) \u0645\u0646 California Gold Nutrition\u00ae: \u0645\u0643\u0645\u0644 \u0642\u0648\u064a \u0644\u0631\u0641\u0627\u0647\u064a\u062a\u0643<\/strong><br \/>\u0627\u0633\u062a\u0645\u062a\u0639 \u0628\u0641\u0648\u0627\u0626\u062f \u0641\u064a\u062a\u0627\u0645\u064a\u0646 \u062f \u0639\u0627\u0644\u064a \u0627\u0644\u0641\u0639\u0627\u0644\u064a\u0629 \u0645\u0639 \u062a\u0631\u0643\u064a\u0628\u0629 \u0643\u0648\u0644\u064a\u0643\u0627\u0644\u0633\u064a\u0641\u064a\u0631\u0648\u0644 \u0627\u0644\u0645\u0631\u0643\u0632\u0629. \u062a\u0645 \u062a\u0642\u062f\u064a\u0645 \u0641\u064a\u062a\u0627\u0645\u064a\u0646 D3 \u0639\u0644\u0649 \u0634\u0643\u0644 \u0643\u0628\u0633\u0648\u0644\u0627\u062a \u0646\u0627\u0639\u0645\u0629 \u0645\u0635\u0646\u0648\u0639\u0629 \u0645\u0646 \u062c\u064a\u0644\u0627\u062a\u064a\u0646 \u0627\u0644\u0633\u0645\u0643\u060c \u0648\u0647\u0648 \u0645\u0635\u0645\u0645 \u0644\u062a\u0648\u0641\u064a\u0631 \u0627\u0644\u0627\u0645\u062a\u0635\u0627\u0635 \u0627\u0644\u0623\u0645\u062b\u0644 \u0648\u0627\u0644\u062f\u0639\u0645 \u0627\u0644\u0623\u0633\u0627\u0633\u064a \u0644\u0635\u062d\u062a\u0643 \u0627\u0644\u0639\u0627\u0645\u0629.<\/p><ul><li>\u064a\u062d\u062a\u0648\u064a \u0639\u0644\u0649 \u0641\u064a\u062a\u0627\u0645\u064a\u0646 \u062f3 (\u0643\u0648\u0644\u064a\u0643\u0627\u0644\u0633\u064a\u0641\u064a\u0631\u0648\u0644)<\/li><li>\u064a\u062f\u0639\u0645 \u0635\u062d\u0629 \u0627\u0644\u0639\u0638\u0627\u0645 \u0648\u0627\u0644\u0623\u0633\u0646\u0627\u0646*<\/li><li>\u064a\u0639\u0632\u0632 \u0635\u062d\u0629 \u062c\u0647\u0627\u0632 \u0627\u0644\u0645\u0646\u0627\u0639\u0629*<\/li><\/ul>\t\t\t\t\t\t\t\t<\/div>\n\t\t\t\t<\/div>\n\t\t\t\t<div class=\"elementor-element elementor-element-1b6764ef elementor-widget elementor-widget-text-editor\" data-id=\"1b6764ef\" data-element_type=\"widget\" data-e-type=\"widget\" data-widget_type=\"text-editor.default\">\n\t\t\t\t<div class=\"elementor-widget-container\">\n\t\t\t\t\t\t\t\t\t<p><strong>\u0627\u0644\u0627\u0633\u062a\u062e\u062f\u0627\u0645 \u0627\u0644\u0645\u0642\u062a\u0631\u062d <\/strong><br \/>\u062a\u0646\u0627\u0648\u0644 \u0643\u0628\u0633\u0648\u0644\u0629 \u0648\u0627\u062d\u062f\u0629 \u064a\u0648\u0645\u064a\u064b\u0627\u060c \u0648\u064a\u0641\u0636\u0644 \u0645\u0639 \u0648\u062c\u0628\u0629 \u0627\u0644\u0637\u0639\u0627\u0645. \u0644\u0644\u0627\u0633\u062a\u062e\u062f\u0627\u0645 \u0627\u0644\u0623\u0645\u062b\u0644\u060c \u0627\u062a\u0628\u0639 \u062a\u0648\u0635\u064a\u0627\u062a \u0623\u062e\u0635\u0627\u0626\u064a \u0627\u0644\u0631\u0639\u0627\u064a\u0629 \u0627\u0644\u0635\u062d\u064a\u0629 \u0627\u0644\u062e\u0627\u0635 \u0628\u0643. \u0644\u0627 \u062a\u062a\u062c\u0627\u0648\u0632 \u0627\u0644\u062c\u0631\u0639\u0629 \u0627\u0644\u0645\u0648\u0635\u0649 \u0628\u0647\u0627 \u0648\u062a\u062c\u0646\u0628 \u062f\u0645\u062c \u0647\u0630\u0627 \u0627\u0644\u0645\u0646\u062a\u062c \u0645\u0639 \u0627\u0644\u0645\u0643\u0645\u0644\u0627\u062a \u0627\u0644\u0623\u062e\u0631\u0649 \u0627\u0644\u062a\u064a \u062a\u062d\u062a\u0648\u064a \u0639\u0644\u0649 \u0641\u064a\u062a\u0627\u0645\u064a\u0646 \u062f.<\/p>\t\t\t\t\t\t\t\t<\/div>\n\t\t\t\t<\/div>\n\t\t\t\t\t<\/div>\n\t\t<\/div>\n\t\t\t\t\t<\/div>\n\t\t<\/section>\n\t\t\t\t<\/div>","protected":false},"excerpt":{"rendered":"<p>Vitamine D3 125 \u00b5g (5000 UI) de California Gold Nutrition\u00ae : Un compl\u00e9ment puissant pour votre bien-\u00eatreProfitez des bienfaits d\u2019une vitamine D hautement efficace avec cette formule concentr\u00e9e en chol\u00e9calcif\u00e9rol. Pr\u00e9sent\u00e9e sous forme de capsules molles \u00e0 base de g\u00e9latine de poisson, cette vitamine D3 est con\u00e7ue pour une absorption optimale et un soutien essentiel &hellip; <a href=\"https:\/\/vitamo.ma\/ar\/shop\/supplements\/vitamines\/vitamine-d\/california_gold_nutrition_vitamine_d3\/\" class=\"more-link\">\u0642\u0631\u0627\u0621\u0629 \u0627\u0644\u0645\u0632\u064a\u062f <span class=\"screen-reader-text\">\u0643\u0627\u0644\u064a\u0641\u0648\u0631\u0646\u064a\u0627 \u063a\u0648\u0644\u062f \u0646\u064a\u0648\u062a\u0631\u064a\u0634\u0646\u200f, \u0641\u064a\u062a\u0627\u0645\u064a\u0646 \u062f 3\u060c 125 \u0645\u0643\u062c\u0645 (5000 \u0648\u062d\u062f\u0629 \u062f\u0648\u0644\u064a\u0629)\u060c 90 \u0643\u0628\u0633\u0648\u0644\u0629 \u0647\u0644\u0627\u0645\u064a\u0629 \u062c\u064a\u0644\u0627\u062a\u064a\u0646\u064a\u0629 \u0645\u0646 \u0627\u0644\u0633\u0645\u0643<\/span><\/a><\/p>","protected":false},"featured_media":7091,"comment_status":"open","ping_status":"closed","template":"","meta":{"_sitemap_exclude":false,"_sitemap_priority":"","_sitemap_frequency":""},"product_brand":[],"product_cat":[141],"product_tag":[193],"class_list":{"0":"post-173","1":"product","2":"type-product","3":"status-publish","4":"has-post-thumbnail","6":"product_cat-vitamine-d","7":"product_tag-california-gold-nutrition","10":"outofstock","11":"shipping-taxable","12":"purchasable","13":"product-type-simple"},"_links":{"self":[{"href":"https:\/\/vitamo.ma\/ar\/wp-json\/wp\/v2\/product\/173","targetHints":{"allow":["GET"]}}],"collection":[{"href":"https:\/\/vitamo.ma\/ar\/wp-json\/wp\/v2\/product"}],"about":[{"href":"https:\/\/vitamo.ma\/ar\/wp-json\/wp\/v2\/types\/product"}],"replies":[{"embeddable":true,"href":"https:\/\/vitamo.ma\/ar\/wp-json\/wp\/v2\/comments?post=173"}],"version-history":[{"count":19,"href":"https:\/\/vitamo.ma\/ar\/wp-json\/wp\/v2\/product\/173\/revisions"}],"predecessor-version":[{"id":8310,"href":"https:\/\/vitamo.ma\/ar\/wp-json\/wp\/v2\/product\/173\/revisions\/8310"}],"wp:featuredmedia":[{"embeddable":true,"href":"https:\/\/vitamo.ma\/ar\/wp-json\/wp\/v2\/media\/7091"}],"wp:attachment":[{"href":"https:\/\/vitamo.ma\/ar\/wp-json\/wp\/v2\/media?parent=173"}],"wp:term":[{"taxonomy":"product_brand","embeddable":true,"href":"https:\/\/vitamo.ma\/ar\/wp-json\/wp\/v2\/product_brand?post=173"},{"taxonomy":"product_cat","embeddable":true,"href":"https:\/\/vitamo.ma\/ar\/wp-json\/wp\/v2\/product_cat?post=173"},{"taxonomy":"product_tag","embeddable":true,"href":"https:\/\/vitamo.ma\/ar\/wp-json\/wp\/v2\/product_tag?post=173"}],"curies":[{"name":"wp","href":"https:\/\/api.w.org\/{rel}","templated":true}]}}