{"id":174,"date":"2020-12-17T09:05:07","date_gmt":"2020-12-17T09:05:07","guid":{"rendered":"https:\/\/el1.thembaydev.com\/zota_handmade\/?post_type=product&#038;p=174"},"modified":"2024-12-31T17:25:06","modified_gmt":"2024-12-31T17:25:06","slug":"california-gold-nutrition-collagenup","status":"publish","type":"product","link":"https:\/\/vitamo.ma\/ar\/shop\/supplements\/collagene\/california-gold-nutrition-collagenup\/","title":{"rendered":"California Gold Nutrition CollagenUP\u060c \u0628\u0628\u062a\u064a\u062f\u0627\u062a \u0627\u0644\u0643\u0648\u0644\u0627\u062c\u064a\u0646 \u0627\u0644\u0628\u062d\u0631\u064a \u0627\u0644\u0645\u062a\u062d\u0644\u0644\u0629 \u0645\u0639 \u062d\u0645\u0636 \u0627\u0644\u0647\u064a\u0627\u0644\u0648\u0631\u0648\u0646\u064a\u0643 \u0648\u0641\u064a\u062a\u0627\u0645\u064a\u0646 C\u060c \u0628\u062f\u0648\u0646 \u0646\u0643\u0647\u0629\u060c 206 \u062c\u0645"},"content":{"rendered":"<div data-elementor-type=\"wp-post\" data-elementor-id=\"174\" class=\"elementor elementor-174\">\n\t\t\t\t\t\t<section class=\"elementor-section elementor-top-section elementor-element elementor-element-1ce7c2d4 elementor-section-boxed elementor-section-height-default elementor-section-height-default\" data-id=\"1ce7c2d4\" data-element_type=\"section\" data-e-type=\"section\">\n\t\t\t\t\t\t<div class=\"elementor-container elementor-column-gap-no\">\n\t\t\t\t\t<div class=\"elementor-column elementor-col-100 elementor-top-column elementor-element elementor-element-782db9b0\" data-id=\"782db9b0\" data-element_type=\"column\" data-e-type=\"column\">\n\t\t\t<div class=\"elementor-widget-wrap elementor-element-populated\">\n\t\t\t\t\t\t<div class=\"elementor-element elementor-element-4665ef79 elementor-widget__width-initial elementor-widget elementor-widget-text-editor\" data-id=\"4665ef79\" data-element_type=\"widget\" data-e-type=\"widget\" data-widget_type=\"text-editor.default\">\n\t\t\t\t<div class=\"elementor-widget-container\">\n\t\t\t\t\t\t\t\t\t<ul><li><strong>\u0643\u0648\u0644\u0627\u062c\u064a\u0646 \u0627\u0628\u060c 206 \u062c\u0631\u0627\u0645 <em>\u0643\u0627\u0644\u064a\u0641\u0648\u0631\u0646\u064a\u0627 \u062c\u0648\u0644\u062f \u0646\u064a\u0648\u062a\u0631\u064a\u0634\u0646<\/em><\/strong><\/li><li>Peptides de collag\u00e8ne d&#8217;origine marine, acide hyaluronique et vitamine\u00a0C<\/li><li>\u064a\u062a\u0645\u064a\u0632 \u0628\u0627\u062d\u062a\u0648\u0627\u0626\u0647 \u0639\u0644\u0649 \u0643\u0648\u0644\u0627\u062c\u064a\u0646 \u0633\u0645\u0643 \u0645\u062a\u062d\u0644\u0644 \u0645\u0627\u0626\u064a\u064b\u0627\u060c \u062e\u0627\u0644\u064d \u0645\u0646 \u0645\u0634\u062a\u0642\u0627\u062a \u0627\u0644\u0623\u0628\u0642\u0627\u0631 \u0648\u0627\u0644\u0646\u0643\u0647\u0627\u062a<\/li><li>Avec de la vitamine\u00a0C et de l&#8217;acide hyaluronique d&#8217;origine non animale<\/li><li>\u062f\u0639\u0645 \u0635\u062d\u0629 \u0627\u0644\u0634\u0639\u0631\u060c \u0648\u0627\u0644\u0628\u0634\u0631\u0629\u060c \u0648\u0627\u0644\u0623\u0638\u0627\u0641\u0631\u060c \u0648\u0627\u0644\u0645\u0641\u0627\u0635\u0644 \u0648\u0627\u0644\u0639\u0638\u0627\u0645*<\/li><li>\u0643\u0648\u0644\u0627\u062c\u064a\u0646 \u0645\u062a\u062d\u0644\u0644 \u0628\u0627\u0644\u0625\u0646\u0632\u064a\u0645\u0627\u062a \u0648\u0645\u062a\u0643\u0633\u0631 \u0625\u0644\u0649 \u0628\u0628\u062a\u064a\u062f\u0627\u062a \u0639\u0627\u0644\u064a\u0629 \u0627\u0644\u062a\u0648\u0627\u0641\u0631 \u0627\u0644\u062d\u064a\u0648\u064a<\/li><\/ul><div class=\"prodOverviewDetail\"><p><strong>\u0627\u0644\u0627\u0633\u062a\u062e\u062f\u0627\u0645 \u0627\u0644\u0645\u0642\u062a\u0631\u062d <\/strong><br \/>\u0642\u0645 \u0628\u062e\u0644\u0637 \u0645\u0644\u0639\u0642\u0629 \u0648\u0627\u062d\u062f\u0629 (5 \u062c\u0631\u0627\u0645) \u0641\u064a 175 \u0625\u0644\u0649 225 \u0645\u0644 \u0645\u0646 \u0627\u0644\u0645\u0627\u0621 \u0623\u0648 \u0627\u0644\u0639\u0635\u064a\u0631 \u0628\u062f\u0631\u062c\u0629 \u062d\u0631\u0627\u0631\u0629 \u0627\u0644\u063a\u0631\u0641\u0629\u060c \u062b\u0645 \u0642\u0645 \u0628\u0627\u0644\u062a\u0642\u0644\u064a\u0628 \u062c\u064a\u062f\u064b\u0627. \u0644\u0644\u062d\u0635\u0648\u0644 \u0639\u0644\u0649 \u062e\u0644\u064a\u0637 \u0623\u0643\u062b\u0631 \u062a\u062c\u0627\u0646\u0633\u0627\u060c \u0627\u0633\u062a\u062e\u062f\u0645\u064a \u0627\u0644\u062e\u0644\u0627\u0637. \u064a\u0641\u0636\u0644 \u062a\u0646\u0627\u0648\u0644\u0647 \u0639\u0644\u0649 \u0645\u0639\u062f\u0629 \u0641\u0627\u0631\u063a\u0629\u060c \u0642\u0628\u0644 \u0627\u0644\u0623\u0643\u0644 \u0628\u0633\u0627\u0639\u0629 \u0639\u0644\u0649 \u0627\u0644\u0623\u0642\u0644 \u0623\u0648 \u0628\u0639\u062f\u0647 \u0628\u0633\u0627\u0639\u062a\u064a\u0646. \u0627\u062a\u0628\u0639 \u062a\u0648\u0635\u064a\u0627\u062a \u0623\u062e\u0635\u0627\u0626\u064a \u0627\u0644\u0631\u0639\u0627\u064a\u0629 \u0627\u0644\u0635\u062d\u064a\u0629 \u0627\u0644\u062e\u0627\u0635 \u0628\u0643 \u0644\u0644\u0627\u0633\u062a\u062e\u062f\u0627\u0645 \u0627\u0644\u0645\u0644\u0627\u0626\u0645 \u0644\u0627\u062d\u062a\u064a\u0627\u062c\u0627\u062a\u0643.<\/p><\/div>\t\t\t\t\t\t\t\t<\/div>\n\t\t\t\t<\/div>\n\t\t\t\t\t<\/div>\n\t\t<\/div>\n\t\t\t\t\t<\/div>\n\t\t<\/section>\n\t\t\t\t<\/div>","protected":false},"excerpt":{"rendered":"<p>CollagenUP, 206\u00a0g de California\u00a0Gold\u00a0Nutrition Peptides de collag\u00e8ne d&#8217;origine marine, acide hyaluronique et vitamine\u00a0C Au collag\u00e8ne de poisson hydrolys\u00e9, non bovin et non aromatis\u00e9 Avec de la vitamine\u00a0C et de l&#8217;acide hyaluronique d&#8217;origine non animale Pr\u00e9serve la bonne sant\u00e9 des cheveux, de la peau, des ongles, des articulations et des os* Collag\u00e8ne hydrolys\u00e9 enzymatiquement, d\u00e9compos\u00e9 en &hellip; <a href=\"https:\/\/vitamo.ma\/ar\/shop\/supplements\/collagene\/california-gold-nutrition-collagenup\/\" class=\"more-link\">\u0642\u0631\u0627\u0621\u0629 \u0627\u0644\u0645\u0632\u064a\u062f <span class=\"screen-reader-text\">California Gold Nutrition CollagenUP\u060c \u0628\u0628\u062a\u064a\u062f\u0627\u062a \u0627\u0644\u0643\u0648\u0644\u0627\u062c\u064a\u0646 \u0627\u0644\u0628\u062d\u0631\u064a \u0627\u0644\u0645\u062a\u062d\u0644\u0644\u0629 \u0645\u0639 \u062d\u0645\u0636 \u0627\u0644\u0647\u064a\u0627\u0644\u0648\u0631\u0648\u0646\u064a\u0643 \u0648\u0641\u064a\u062a\u0627\u0645\u064a\u0646 C\u060c \u0628\u062f\u0648\u0646 \u0646\u0643\u0647\u0629\u060c 206 \u062c\u0645<\/span><\/a><\/p>","protected":false},"featured_media":7064,"comment_status":"open","ping_status":"closed","template":"","meta":{"_sitemap_exclude":false,"_sitemap_priority":"","_sitemap_frequency":""},"product_brand":[],"product_cat":[115],"product_tag":[193],"class_list":{"0":"post-174","1":"product","2":"type-product","3":"status-publish","4":"has-post-thumbnail","6":"product_cat-collagene","7":"product_tag-california-gold-nutrition","10":"outofstock","11":"shipping-taxable","12":"purchasable","13":"product-type-simple"},"_links":{"self":[{"href":"https:\/\/vitamo.ma\/ar\/wp-json\/wp\/v2\/product\/174","targetHints":{"allow":["GET"]}}],"collection":[{"href":"https:\/\/vitamo.ma\/ar\/wp-json\/wp\/v2\/product"}],"about":[{"href":"https:\/\/vitamo.ma\/ar\/wp-json\/wp\/v2\/types\/product"}],"replies":[{"embeddable":true,"href":"https:\/\/vitamo.ma\/ar\/wp-json\/wp\/v2\/comments?post=174"}],"version-history":[{"count":19,"href":"https:\/\/vitamo.ma\/ar\/wp-json\/wp\/v2\/product\/174\/revisions"}],"predecessor-version":[{"id":8341,"href":"https:\/\/vitamo.ma\/ar\/wp-json\/wp\/v2\/product\/174\/revisions\/8341"}],"wp:featuredmedia":[{"embeddable":true,"href":"https:\/\/vitamo.ma\/ar\/wp-json\/wp\/v2\/media\/7064"}],"wp:attachment":[{"href":"https:\/\/vitamo.ma\/ar\/wp-json\/wp\/v2\/media?parent=174"}],"wp:term":[{"taxonomy":"product_brand","embeddable":true,"href":"https:\/\/vitamo.ma\/ar\/wp-json\/wp\/v2\/product_brand?post=174"},{"taxonomy":"product_cat","embeddable":true,"href":"https:\/\/vitamo.ma\/ar\/wp-json\/wp\/v2\/product_cat?post=174"},{"taxonomy":"product_tag","embeddable":true,"href":"https:\/\/vitamo.ma\/ar\/wp-json\/wp\/v2\/product_tag?post=174"}],"curies":[{"name":"wp","href":"https:\/\/api.w.org\/{rel}","templated":true}]}}