{"id":175,"date":"2020-12-17T09:05:10","date_gmt":"2020-12-17T09:05:10","guid":{"rendered":"https:\/\/el1.thembaydev.com\/zota_handmade\/?post_type=product&#038;p=175"},"modified":"2024-12-31T17:25:16","modified_gmt":"2024-12-31T17:25:16","slug":"california-gold-nutrition-probiotiques-lactobif-30","status":"publish","type":"product","link":"https:\/\/vitamo.ma\/ar\/shop\/supplements\/lactobacilles\/california-gold-nutrition-probiotiques-lactobif-30\/","title":{"rendered":"\u0643\u0627\u0644\u064a\u0641\u0648\u0631\u0646\u064a\u0627 \u063a\u0648\u0644\u062f \u0646\u064a\u0648\u062a\u0631\u064a\u0634\u0646\u200f, \u0628\u0631\u0648\u0628\u064a\u0648\u062a\u064a\u0643 LactoBif 30\u200f\u060c 60 \u0643\u0628\u0633\u0648\u0644\u0629 \u0646\u0628\u0627\u062a\u064a\u0629"},"content":{"rendered":"<div data-elementor-type=\"wp-post\" data-elementor-id=\"175\" class=\"elementor elementor-175\">\n\t\t\t\t\t\t<section class=\"elementor-section elementor-top-section elementor-element elementor-element-1868f7a elementor-section-boxed elementor-section-height-default elementor-section-height-default\" data-id=\"1868f7a\" data-element_type=\"section\" data-e-type=\"section\">\n\t\t\t\t\t\t<div class=\"elementor-container elementor-column-gap-no\">\n\t\t\t\t\t<div class=\"elementor-column elementor-col-100 elementor-top-column elementor-element elementor-element-e73ba82\" data-id=\"e73ba82\" data-element_type=\"column\" data-e-type=\"column\">\n\t\t\t<div class=\"elementor-widget-wrap elementor-element-populated\">\n\t\t\t\t\t\t<div class=\"elementor-element elementor-element-d36412f elementor-widget elementor-widget-text-editor\" data-id=\"d36412f\" data-element_type=\"widget\" data-e-type=\"widget\" data-widget_type=\"text-editor.default\">\n\t\t\t\t<div class=\"elementor-widget-container\">\n\t\t\t\t\t\t\t\t\t<ul><li>\u0645\u0639 30 \u0645\u0644\u064a\u0627\u0631 CFU \u0644\u0643\u0644 \u0643\u0628\u0633\u0648\u0644\u0629<\/li><li>\u064a\u062f\u0639\u0645 \u0635\u062d\u0629 \u0627\u0644\u062c\u0647\u0627\u0632 \u0627\u0644\u0647\u0636\u0645\u064a \u0648\u0627\u0644\u0623\u0645\u0639\u0627\u0621*<\/li><li>\u064a\u0639\u0632\u0632 \u0635\u062d\u0629 \u062c\u0647\u0627\u0632 \u0627\u0644\u0645\u0646\u0627\u0639\u0629*<\/li><li>\u0645\u0646\u0627\u0633\u0628 \u0644\u0644\u0646\u0628\u0627\u062a\u064a\u064a\u0646<\/li><li>\u0645\u063a\u0644\u0641 \u062c\u064a\u062f\u0627<\/li><\/ul><p><strong>\u0639\u0632\u0632 \u062a\u0648\u0627\u0632\u0646 \u0627\u0644\u0623\u0645\u0639\u0627\u0621 \u0644\u062f\u064a\u0643 \u0628\u0627\u0633\u062a\u062e\u062f\u0627\u0645 \u0628\u0631\u0648\u0628\u064a\u0648\u062a\u064a\u0643 LactoBif\u00ae 30 \u0645\u0646 California Gold Nutrition\u00ae!<\/strong><br \/>\u062a\u062d\u062a\u0648\u064a \u0647\u0630\u0647 \u0627\u0644\u0628\u0631\u0648\u0628\u064a\u0648\u062a\u064a\u0643\u060c \u0627\u0644\u062a\u064a \u062a\u0645 \u0635\u064a\u0627\u063a\u062a\u0647\u0627 \u0628\u0639\u0646\u0627\u064a\u0629\u060c \u0639\u0644\u0649 8 \u0633\u0644\u0627\u0644\u0627\u062a \u0646\u0634\u0637\u0629\u060c \u0628\u0645\u0627 \u0641\u064a \u0630\u0644\u0643 5 \u0639\u0635\u064a\u0627\u062a \u0644\u0627\u0643\u062a\u0648\u0628\u0627\u0643\u064a\u0644\u064a\u0629 \u06483 \u0628\u0643\u062a\u064a\u0631\u064a\u0627 \u0645\u0634\u0642\u0648\u0642\u0629\u060c \u0645\u0639\u0631\u0648\u0641\u0629 \u0628\u0641\u0648\u0627\u0626\u062f\u0647\u0627 \u0639\u0644\u0649 \u0635\u062d\u0629 \u0627\u0644\u062c\u0647\u0627\u0632 \u0627\u0644\u0647\u0636\u0645\u064a. \u0645\u0646 \u062e\u0644\u0627\u0644 \u062a\u0639\u0632\u064a\u0632 \u0627\u0644\u0646\u0628\u0627\u062a\u0627\u062a \u0627\u0644\u0645\u0639\u0648\u064a\u0629 \u0627\u0644\u0635\u062d\u064a\u0629\u060c \u0641\u0625\u0646\u0647\u0627 \u0644\u0627 \u062a\u062f\u0639\u0645 \u0639\u0645\u0644\u064a\u0629 \u0627\u0644\u0647\u0636\u0645 \u0641\u062d\u0633\u0628\u060c \u0628\u0644 \u062a\u0642\u0648\u064a \u0623\u064a\u0636\u064b\u0627 \u062f\u0641\u0627\u0639\u0627\u062a\u0643 \u0627\u0644\u0645\u0646\u0627\u0639\u064a\u0629 \u0627\u0644\u0637\u0628\u064a\u0639\u064a\u0629. \u064a\u0639\u062a\u0628\u0631 LactoBif\u00ae 30 \u0645\u062b\u0627\u0644\u064a\u064b\u0627 \u0644\u062a\u062e\u0641\u064a\u0641 \u0627\u0644\u0627\u0636\u0637\u0631\u0627\u0628\u0627\u062a \u0627\u0644\u0647\u0636\u0645\u064a\u0629 \u0627\u0644\u0634\u0627\u0626\u0639\u0629\u060c \u0648\u0647\u0648 \u062d\u0644\u064a\u0641\u0643 \u0644\u0644\u062d\u0635\u0648\u0644 \u0639\u0644\u0649 \u0635\u062d\u0629 \u064a\u0648\u0645\u064a\u0629 \u0645\u062b\u0627\u0644\u064a\u0629.<\/p>\t\t\t\t\t\t\t\t<\/div>\n\t\t\t\t<\/div>\n\t\t\t\t<div class=\"elementor-element elementor-element-6218622 elementor-widget elementor-widget-text-editor\" data-id=\"6218622\" data-element_type=\"widget\" data-e-type=\"widget\" data-widget_type=\"text-editor.default\">\n\t\t\t\t<div class=\"elementor-widget-container\">\n\t\t\t\t\t\t\t\t\t<p><strong>\u062a\u0639\u0644\u064a\u0645\u0627\u062a \u0627\u0644\u0627\u0633\u062a\u062e\u062f\u0627\u0645<\/strong><br \/>\u062a\u0646\u0627\u0648\u0644 \u0643\u0628\u0633\u0648\u0644\u0629 \u0648\u0627\u062d\u062f\u0629 \u064a\u0648\u0645\u064a\u064b\u0627\u060c \u0645\u0639 \u0623\u0648 \u0628\u062f\u0648\u0646 \u0648\u062c\u0628\u0627\u062a \u0627\u0644\u0637\u0639\u0627\u0645\u060c \u062d\u0633\u0628 \u062a\u0641\u0636\u064a\u0644\u0627\u062a\u0643. \u0644\u0644\u0627\u0633\u062a\u062e\u062f\u0627\u0645 \u0627\u0644\u0623\u0645\u062b\u0644\u060c \u0627\u062a\u0628\u0639 \u062a\u0648\u0635\u064a\u0627\u062a \u0623\u062e\u0635\u0627\u0626\u064a \u0627\u0644\u0631\u0639\u0627\u064a\u0629 \u0627\u0644\u0635\u062d\u064a\u0629 \u0627\u0644\u062e\u0627\u0635 \u0628\u0643.<\/p>\t\t\t\t\t\t\t\t<\/div>\n\t\t\t\t<\/div>\n\t\t\t\t\t<\/div>\n\t\t<\/div>\n\t\t\t\t\t<\/div>\n\t\t<\/section>\n\t\t\t\t<\/div>","protected":false},"excerpt":{"rendered":"<p>Avec 30 milliards d&#8217;UFC par capsule Soutient la sant\u00e9 digestive et intestinale* Favorise la sant\u00e9 du syst\u00e8me immunitaire* Convient aux v\u00e9g\u00e9tariens Conditionn\u00e9 individuellement sous blister double feuille Renforcez votre \u00e9quilibre intestinal avec les probiotiques LactoBif\u00ae 30 de California Gold Nutrition\u00ae !Formul\u00e9s avec soin, ces probiotiques contiennent 8 souches actives, comprenant 5 lactobacilles et 3 bifidobact\u00e9ries, &hellip; <a href=\"https:\/\/vitamo.ma\/ar\/shop\/supplements\/lactobacilles\/california-gold-nutrition-probiotiques-lactobif-30\/\" class=\"more-link\">\u0642\u0631\u0627\u0621\u0629 \u0627\u0644\u0645\u0632\u064a\u062f <span class=\"screen-reader-text\">\u0643\u0627\u0644\u064a\u0641\u0648\u0631\u0646\u064a\u0627 \u063a\u0648\u0644\u062f \u0646\u064a\u0648\u062a\u0631\u064a\u0634\u0646\u200f, \u0628\u0631\u0648\u0628\u064a\u0648\u062a\u064a\u0643 LactoBif 30\u200f\u060c 60 \u0643\u0628\u0633\u0648\u0644\u0629 \u0646\u0628\u0627\u062a\u064a\u0629<\/span><\/a><\/p>","protected":false},"featured_media":7061,"comment_status":"open","ping_status":"closed","template":"","meta":{"_sitemap_exclude":false,"_sitemap_priority":"","_sitemap_frequency":""},"product_brand":[],"product_cat":[137,138],"product_tag":[193],"class_list":{"0":"post-175","1":"product","2":"type-product","3":"status-publish","4":"has-post-thumbnail","6":"product_cat-lactobacilles","7":"product_cat-probiotics","8":"product_tag-california-gold-nutrition","11":"outofstock","12":"shipping-taxable","13":"purchasable","14":"product-type-simple"},"_links":{"self":[{"href":"https:\/\/vitamo.ma\/ar\/wp-json\/wp\/v2\/product\/175","targetHints":{"allow":["GET"]}}],"collection":[{"href":"https:\/\/vitamo.ma\/ar\/wp-json\/wp\/v2\/product"}],"about":[{"href":"https:\/\/vitamo.ma\/ar\/wp-json\/wp\/v2\/types\/product"}],"replies":[{"embeddable":true,"href":"https:\/\/vitamo.ma\/ar\/wp-json\/wp\/v2\/comments?post=175"}],"version-history":[{"count":24,"href":"https:\/\/vitamo.ma\/ar\/wp-json\/wp\/v2\/product\/175\/revisions"}],"predecessor-version":[{"id":8305,"href":"https:\/\/vitamo.ma\/ar\/wp-json\/wp\/v2\/product\/175\/revisions\/8305"}],"wp:featuredmedia":[{"embeddable":true,"href":"https:\/\/vitamo.ma\/ar\/wp-json\/wp\/v2\/media\/7061"}],"wp:attachment":[{"href":"https:\/\/vitamo.ma\/ar\/wp-json\/wp\/v2\/media?parent=175"}],"wp:term":[{"taxonomy":"product_brand","embeddable":true,"href":"https:\/\/vitamo.ma\/ar\/wp-json\/wp\/v2\/product_brand?post=175"},{"taxonomy":"product_cat","embeddable":true,"href":"https:\/\/vitamo.ma\/ar\/wp-json\/wp\/v2\/product_cat?post=175"},{"taxonomy":"product_tag","embeddable":true,"href":"https:\/\/vitamo.ma\/ar\/wp-json\/wp\/v2\/product_tag?post=175"}],"curies":[{"name":"wp","href":"https:\/\/api.w.org\/{rel}","templated":true}]}}