{"id":8223,"date":"2024-12-24T16:57:06","date_gmt":"2024-12-24T16:57:06","guid":{"rendered":"https:\/\/vitamo.ma\/?post_type=product&#038;p=8223"},"modified":"2024-12-31T17:25:16","modified_gmt":"2024-12-31T17:25:16","slug":"now-foods-magnesium-citrate-240-capsules-vegetales","status":"publish","type":"product","link":"https:\/\/vitamo.ma\/ar\/shop\/supplements\/mineraux\/magnesium\/now-foods-magnesium-citrate-240-capsules-vegetales\/","title":{"rendered":"NOW Foods, \u0633\u062a\u0631\u0627\u062a \u0627\u0644\u0645\u063a\u0646\u064a\u0633\u064a\u0648\u0645\u060c 240 \u0643\u0628\u0633\u0648\u0644\u0629 \u0646\u0628\u0627\u062a\u064a\u0629"},"content":{"rendered":"<p>\u0627\u0639\u062a\u0646\u064a \u0628\u0635\u062d\u062a\u0643 \u0627\u0644\u0639\u0627\u0645\u0629 \u0645\u0639 <strong>NOW Foods Magnesium Citrate<\/strong>\u200e\u062a\u0631\u0643\u064a\u0628\u0629 \u0645\u0635\u0645\u0645\u0629 \u062e\u0635\u064a\u0635\u064b\u0627 \u0644\u062f\u0639\u0645 \u0627\u0644\u062c\u0647\u0627\u0632 \u0627\u0644\u0639\u0635\u0628\u064a \u0648\u062a\u0639\u0632\u064a\u0632 \u0625\u0646\u062a\u0627\u062c \u0627\u0644\u0637\u0627\u0642\u0629. \u062a\u0648\u0641\u0631 \u0643\u0644 \u0643\u0628\u0633\u0648\u0644\u0629 \u0646\u0628\u0627\u062a\u064a\u0629 \u0627\u0644\u062a\u0648\u0627\u0641\u0631 \u0627\u0644\u0628\u064a\u0648\u0644\u0648\u062c\u064a \u0627\u0644\u0623\u0645\u062b\u0644\u060c \u0648\u0647\u0648 \u0636\u0631\u0648\u0631\u064a \u0644\u062a\u062d\u0633\u064a\u0646 \u0639\u0645\u0644 \u0627\u0644\u0625\u0646\u0632\u064a\u0645\u0627\u062a \u0641\u064a \u062c\u0633\u0645\u0643.<\/p>\n<p><strong>\u0627\u0644\u0645\u064a\u0632\u0627\u062a \u0627\u0644\u0631\u0626\u064a\u0633\u064a\u0629:<\/strong><\/p>\n<ul>\n<li><strong>\u062f\u0639\u0645 \u0627\u0644\u062c\u0647\u0627\u0632 \u0627\u0644\u0639\u0635\u0628\u064a<\/strong> \u0644\u0625\u062f\u0627\u0631\u0629 \u0627\u0644\u062a\u0648\u062a\u0631 \u0628\u0634\u0643\u0644 \u0623\u0641\u0636\u0644 \u0648\u0627\u0633\u062a\u0631\u062e\u0627\u0621 \u0627\u0644\u0639\u0636\u0644\u0627\u062a.<\/li>\n<li class=\"translation-block\">\u064a\u0639\u0632\u0632 \u0625\u0646\u062a\u0627\u062c \u0627\u0644\u0637\u0627\u0642\u0629 \u0628\u0643\u0641\u0627\u0621\u0629 \u0644\u0644\u0628\u0642\u0627\u0621 \u0646\u0634\u064a\u0637\u064b\u0627 \u0643\u0644 \u064a\u0648\u0645.<\/li>\n<li class=\"translation-block\">\u062a\u0631\u0643\u064a\u0628\u0629 <strong>\u063a\u064a\u0631 \u0645\u0639\u062f\u0644\u0629 \u0648\u0631\u0627\u062b\u064a\u064b\u0627<\/strong> \u0648\u0645\u0646\u0627\u0633\u0628\u0629 <strong>\u0644\u0644\u0646\u0628\u0627\u062a\u064a\u064a\u0646<\/strong>.<\/li>\n<li class=\"translation-block\">\u0639\u0645\u0644\u064a \u0648\u0627\u0642\u062a\u0635\u0627\u062f\u064a \u064a\u062d\u062a\u0648\u064a \u0639\u0644\u0649 240 \u0643\u0628\u0633\u0648\u0644\u0629 \u0644\u0644\u0627\u0633\u062a\u062e\u062f\u0627\u0645 \u0644\u0641\u062a\u0631\u0629 \u0637\u0648\u064a\u0644\u0629.<\/li>\n<\/ul>\n<p>\u0627\u0639\u062a\u0645\u062f \u0647\u0630\u0627 \u0627\u0644\u0645\u0643\u0645\u0644 \u0644\u0644\u062d\u0641\u0627\u0638 \u0639\u0644\u0649 \u062a\u0648\u0627\u0632\u0646 \u0627\u0644\u0637\u0627\u0642\u0629 \u0648\u062f\u0639\u0645 \u0648\u0638\u0627\u0626\u0641 \u0627\u0644\u062c\u0633\u0645 \u0627\u0644\u0623\u0633\u0627\u0633\u064a\u0629!<\/p>","protected":false},"excerpt":{"rendered":"<p>Prenez soin de votre bien-\u00eatre g\u00e9n\u00e9ral avec NOW Foods Magnesium Citrate, une formule sp\u00e9cialement con\u00e7ue pour soutenir le syst\u00e8me nerveux et favoriser la production d&#8217;\u00e9nergie. Chaque capsule v\u00e9g\u00e9tale offre une biodisponibilit\u00e9 optimale, essentielle pour le bon fonctionnement des enzymes dans votre corps. Caract\u00e9ristiques principales : Soutien au syst\u00e8me nerveux pour une meilleure gestion du stress &hellip; <a href=\"https:\/\/vitamo.ma\/ar\/shop\/supplements\/mineraux\/magnesium\/now-foods-magnesium-citrate-240-capsules-vegetales\/\" class=\"more-link\">\u0642\u0631\u0627\u0621\u0629 \u0627\u0644\u0645\u0632\u064a\u062f <span class=\"screen-reader-text\">NOW Foods, \u0633\u062a\u0631\u0627\u062a \u0627\u0644\u0645\u063a\u0646\u064a\u0633\u064a\u0648\u0645\u060c 240 \u0643\u0628\u0633\u0648\u0644\u0629 \u0646\u0628\u0627\u062a\u064a\u0629<\/span><\/a><\/p>","protected":false},"featured_media":8224,"comment_status":"closed","ping_status":"closed","template":"","meta":{"_sitemap_exclude":false,"_sitemap_priority":"","_sitemap_frequency":""},"product_brand":[],"product_cat":[139],"product_tag":[192],"class_list":{"0":"post-8223","1":"product","2":"type-product","3":"status-publish","4":"has-post-thumbnail","6":"product_cat-magnesium","7":"product_tag-now-foods","10":"outofstock","11":"shipping-taxable","12":"purchasable","13":"product-type-simple"},"_links":{"self":[{"href":"https:\/\/vitamo.ma\/ar\/wp-json\/wp\/v2\/product\/8223","targetHints":{"allow":["GET"]}}],"collection":[{"href":"https:\/\/vitamo.ma\/ar\/wp-json\/wp\/v2\/product"}],"about":[{"href":"https:\/\/vitamo.ma\/ar\/wp-json\/wp\/v2\/types\/product"}],"replies":[{"embeddable":true,"href":"https:\/\/vitamo.ma\/ar\/wp-json\/wp\/v2\/comments?post=8223"}],"version-history":[{"count":6,"href":"https:\/\/vitamo.ma\/ar\/wp-json\/wp\/v2\/product\/8223\/revisions"}],"predecessor-version":[{"id":8227,"href":"https:\/\/vitamo.ma\/ar\/wp-json\/wp\/v2\/product\/8223\/revisions\/8227"}],"wp:featuredmedia":[{"embeddable":true,"href":"https:\/\/vitamo.ma\/ar\/wp-json\/wp\/v2\/media\/8224"}],"wp:attachment":[{"href":"https:\/\/vitamo.ma\/ar\/wp-json\/wp\/v2\/media?parent=8223"}],"wp:term":[{"taxonomy":"product_brand","embeddable":true,"href":"https:\/\/vitamo.ma\/ar\/wp-json\/wp\/v2\/product_brand?post=8223"},{"taxonomy":"product_cat","embeddable":true,"href":"https:\/\/vitamo.ma\/ar\/wp-json\/wp\/v2\/product_cat?post=8223"},{"taxonomy":"product_tag","embeddable":true,"href":"https:\/\/vitamo.ma\/ar\/wp-json\/wp\/v2\/product_tag?post=8223"}],"curies":[{"name":"wp","href":"https:\/\/api.w.org\/{rel}","templated":true}]}}