{"id":8231,"date":"2024-12-25T10:09:02","date_gmt":"2024-12-25T10:09:02","guid":{"rendered":"https:\/\/vitamo.ma\/?post_type=product&#038;p=8231"},"modified":"2024-12-31T17:25:16","modified_gmt":"2024-12-31T17:25:16","slug":"now-foods-vitamine-d3-k2-120-capsules-vegetales","status":"publish","type":"product","link":"https:\/\/vitamo.ma\/ar\/shop\/supplements\/vitamines\/vitamine-k\/now-foods-vitamine-d3-k2-120-capsules-vegetales\/","title":{"rendered":"NOW FOODS \u0641\u064a\u062a\u0627\u0645\u064a\u0646 \u062f3 \u0648\u06432 - 120 \u0643\u0628\u0633\u0648\u0644\u0629 \u0646\u0628\u0627\u062a\u064a\u0629"},"content":{"rendered":"<p>\u064a\u062c\u0645\u0639 \u0647\u0630\u0627 \u0627\u0644\u0645\u0643\u0645\u0644 \u0627\u0644\u063a\u0630\u0627\u0626\u064a \u0628\u064a\u0646 \u0641\u064a\u062a\u0627\u0645\u064a\u0646 \u062f3 \u0648\u0641\u064a\u062a\u0627\u0645\u064a\u0646 \u06432\u060c \u0648\u0647\u0645\u0627 \u0639\u0646\u0635\u0631\u0627\u0646 \u063a\u0630\u0627\u0626\u064a\u0627\u0646 \u0623\u0633\u0627\u0633\u064a\u0627\u0646 \u064a\u0639\u0645\u0644\u0627\u0646 \u0628\u0634\u0643\u0644 \u062a\u0622\u0632\u0631\u064a \u0644\u062f\u0639\u0645 \u0635\u062d\u0629 \u0627\u0644\u0639\u0638\u0627\u0645 \u0648\u0627\u0644\u0642\u0644\u0628 \u0648\u0627\u0644\u0623\u0648\u0639\u064a\u0629 \u0627\u0644\u062f\u0645\u0648\u064a\u0629. \u064a\u0633\u0627\u0639\u062f \u0641\u064a\u062a\u0627\u0645\u064a\u0646 \u062f3 \u0639\u0644\u0649 \u0627\u0645\u062a\u0635\u0627\u0635 \u0627\u0644\u0643\u0627\u0644\u0633\u064a\u0648\u0645\u060c \u0628\u064a\u0646\u0645\u0627 \u064a\u0633\u0627\u0639\u062f \u0641\u064a\u062a\u0627\u0645\u064a\u0646 \u06432 \u0639\u0644\u0649 \u062a\u0648\u062c\u064a\u0647 \u0627\u0644\u0643\u0627\u0644\u0633\u064a\u0648\u0645 \u0625\u0644\u0649 \u0627\u0644\u0639\u0638\u0627\u0645 \u0648\u0627\u0644\u0623\u0633\u0646\u0627\u0646\u060c \u0645\u0645\u0627 \u064a\u0639\u0632\u0632 \u0627\u0644\u0635\u062d\u0629 \u0627\u0644\u0639\u0627\u0645\u0629 \u0628\u0634\u0643\u0644 \u0623\u0641\u0636\u0644.<\/p>\n<p><strong>\u0627\u0644\u0645\u064a\u0632\u0627\u062a \u0627\u0644\u0631\u0626\u064a\u0633\u064a\u0629:<\/strong><\/p>\n<ul class=\"marker:text-textOff list-disc pl-8\">\n<li class=\"translation-block\"><strong>\u062a\u0631\u0643\u064a\u0628\u0629 \u0646\u0628\u0627\u062a\u064a\u0629:<\/strong> \u0645\u0646\u0627\u0633\u0628\u0629 \u0644\u0644\u0646\u0628\u0627\u062a\u064a\u064a\u0646.<\/li>\n<li class=\"translation-block\"><strong>\u0627\u0644\u062c\u0631\u0639\u0629 \u0627\u0644\u0645\u062b\u0627\u0644\u064a\u0629:<\/strong> \u062a\u062d\u062a\u0648\u064a \u0643\u0644 \u0643\u0628\u0633\u0648\u0644\u0629 \u0639\u0644\u0649 \u062c\u0631\u0639\u0629 \u0645\u062a\u0648\u0627\u0632\u0646\u0629 \u0645\u0646 \u0641\u064a\u062a\u0627\u0645\u064a\u0646\u0627\u062a D3 \u0648K2.<\/li>\n<li class=\"translation-block\"><strong>\u062f\u0639\u0645 \u0627\u0644\u0645\u0646\u0627\u0639\u0629:<\/strong> \u064a\u0633\u0627\u0639\u062f \u0639\u0644\u0649 \u062a\u0642\u0648\u064a\u0629 \u062c\u0647\u0627\u0632 \u0627\u0644\u0645\u0646\u0627\u0639\u0629.<\/li>\n<\/ul>\n<p class=\"translation-block\"><strong>\u0627\u0644\u0627\u0633\u062a\u062e\u062f\u0627\u0645 \u0627\u0644\u0645\u0648\u0635\u0649 \u0628\u0647:<\/strong> \u062a\u0646\u0627\u0648\u0644 \u0643\u0628\u0633\u0648\u0644\u0629 \u0648\u0627\u062d\u062f\u0629 \u064a\u0648\u0645\u064a\u064b\u0627\u060c \u0648\u064a\u0641\u0636\u0644 \u0645\u0639 \u0648\u062c\u0628\u0629 \u0627\u0644\u0637\u0639\u0627\u0645.<\/p>","protected":false},"excerpt":{"rendered":"<p>Ce compl\u00e9ment alimentaire combine la vitamine D3 et la vitamine K2, deux nutriments essentiels qui travaillent en synergie pour soutenir la sant\u00e9 osseuse et cardiovasculaire. La vitamine D3 aide \u00e0 l&#8217;absorption du calcium, tandis que la vitamine K2 contribue \u00e0 diriger le calcium vers les os et les dents, favorisant ainsi une meilleure sant\u00e9 globale. &hellip; <a href=\"https:\/\/vitamo.ma\/ar\/shop\/supplements\/vitamines\/vitamine-k\/now-foods-vitamine-d3-k2-120-capsules-vegetales\/\" class=\"more-link\">\u0642\u0631\u0627\u0621\u0629 \u0627\u0644\u0645\u0632\u064a\u062f <span class=\"screen-reader-text\">NOW FOODS \u0641\u064a\u062a\u0627\u0645\u064a\u0646 \u062f3 \u0648\u06432 - 120 \u0643\u0628\u0633\u0648\u0644\u0629 \u0646\u0628\u0627\u062a\u064a\u0629<\/span><\/a><\/p>","protected":false},"featured_media":8232,"comment_status":"closed","ping_status":"closed","template":"","meta":{"_sitemap_exclude":false,"_sitemap_priority":"","_sitemap_frequency":""},"product_brand":[],"product_cat":[141,140],"product_tag":[192],"class_list":{"0":"post-8231","1":"product","2":"type-product","3":"status-publish","4":"has-post-thumbnail","6":"product_cat-vitamine-d","7":"product_cat-vitamine-k","8":"product_tag-now-foods","11":"outofstock","12":"shipping-taxable","13":"purchasable","14":"product-type-simple"},"_links":{"self":[{"href":"https:\/\/vitamo.ma\/ar\/wp-json\/wp\/v2\/product\/8231","targetHints":{"allow":["GET"]}}],"collection":[{"href":"https:\/\/vitamo.ma\/ar\/wp-json\/wp\/v2\/product"}],"about":[{"href":"https:\/\/vitamo.ma\/ar\/wp-json\/wp\/v2\/types\/product"}],"replies":[{"embeddable":true,"href":"https:\/\/vitamo.ma\/ar\/wp-json\/wp\/v2\/comments?post=8231"}],"version-history":[{"count":6,"href":"https:\/\/vitamo.ma\/ar\/wp-json\/wp\/v2\/product\/8231\/revisions"}],"predecessor-version":[{"id":8290,"href":"https:\/\/vitamo.ma\/ar\/wp-json\/wp\/v2\/product\/8231\/revisions\/8290"}],"wp:featuredmedia":[{"embeddable":true,"href":"https:\/\/vitamo.ma\/ar\/wp-json\/wp\/v2\/media\/8232"}],"wp:attachment":[{"href":"https:\/\/vitamo.ma\/ar\/wp-json\/wp\/v2\/media?parent=8231"}],"wp:term":[{"taxonomy":"product_brand","embeddable":true,"href":"https:\/\/vitamo.ma\/ar\/wp-json\/wp\/v2\/product_brand?post=8231"},{"taxonomy":"product_cat","embeddable":true,"href":"https:\/\/vitamo.ma\/ar\/wp-json\/wp\/v2\/product_cat?post=8231"},{"taxonomy":"product_tag","embeddable":true,"href":"https:\/\/vitamo.ma\/ar\/wp-json\/wp\/v2\/product_tag?post=8231"}],"curies":[{"name":"wp","href":"https:\/\/api.w.org\/{rel}","templated":true}]}}