{"id":8242,"date":"2024-12-25T11:36:38","date_gmt":"2024-12-25T11:36:38","guid":{"rendered":"https:\/\/vitamo.ma\/?post_type=product&#038;p=8242"},"modified":"2024-12-31T17:25:16","modified_gmt":"2024-12-31T17:25:16","slug":"now-foods-picolinate-de-zinc-50-mg-120-capsules-vegetariennes","status":"publish","type":"product","link":"https:\/\/vitamo.ma\/ar\/shop\/supplements\/mineraux\/zinc\/now-foods-picolinate-de-zinc-50-mg-120-capsules-vegetariennes\/","title":{"rendered":"NOW Foods, \u0628\u064a\u0643\u0648\u0644\u064a\u0646\u0627\u062a \u0627\u0644\u0632\u0646\u0643\u060c 50 \u0645\u062c\u0645\u060c 120 \u0643\u0628\u0633\u0648\u0644\u0629 \u0646\u0628\u0627\u062a\u064a\u0629"},"content":{"rendered":"<p>\u062a\u062d\u0633\u064a\u0646 \u0635\u062d\u062a\u0643 \u0645\u0639 <strong>\u0628\u064a\u0643\u0648\u0644\u064a\u0646\u0627\u062a \u0627\u0644\u0632\u0646\u0643 NOW Foods<\/strong>\u200e\u0645\u0643\u0645\u0644 \u0632\u0646\u0643 \u0639\u0627\u0644\u064a \u0627\u0644\u062c\u0648\u062f\u0629 \u0645\u0635\u0645\u0645 \u0644\u062a\u0642\u0648\u064a\u0629 \u062c\u0647\u0627\u0632 \u0627\u0644\u0645\u0646\u0627\u0639\u0629 \u0644\u062f\u064a\u0643 \u0648\u062a\u0639\u0632\u064a\u0632 \u0635\u062d\u0629 \u0627\u0644\u0628\u0634\u0631\u0629.<\/p>\n<p><strong>\u0627\u0644\u0645\u064a\u0632\u0627\u062a \u0627\u0644\u0631\u0626\u064a\u0633\u064a\u0629:<\/strong><\/p>\n<ul>\n<li class=\"translation-block\"><strong>\u062f\u0639\u0645 \u0645\u0646\u0627\u0639\u064a \u0641\u0639\u0627\u0644<\/strong> \u0644\u0645\u0642\u0627\u0648\u0645\u0629 \u0623\u0641\u0636\u0644 .<\/li>\n<li class=\"translation-block\">\u064a\u0639\u0632\u0632 <strong>\u0627\u0644\u0628\u0634\u0631\u0629 \u0627\u0644\u0645\u062a\u0648\u0647\u062c\u0629<\/strong> \u0648\u064a\u0633\u0627\u0639\u062f \u0641\u064a \u0627\u0644\u062d\u0641\u0627\u0638 \u0639\u0644\u0649 \u0623\u0638\u0627\u0641\u0631 \u0648\u0634\u0639\u0631 \u0642\u0648\u064a.<\/li>\n<li>\u0634\u0643\u0644 \u0639\u0627\u0644\u064a \u0627\u0644\u062a\u0648\u0627\u0641\u0631 \u0628\u064a\u0648\u0644\u0648\u062c\u064a\u064b\u0627 \u0645\u0646 \u0627\u0644\u0632\u0646\u0643 (\u0628\u064a\u0643\u0648\u0644\u064a\u0646\u0627\u062a) \u0644\u0627\u0645\u062a\u0635\u0627\u0635 \u0645\u062b\u0627\u0644\u064a.<\/li>\n<li>\u062a\u062d\u062a\u0648\u064a \u0643\u0644 \u0639\u0644\u0628\u0629 <strong>120 \u0643\u0628\u0633\u0648\u0644\u0629 \u0646\u0628\u0627\u062a\u064a\u0629<\/strong>\u200e\u0645\u062b\u0627\u0644\u064a \u0644\u0644\u0627\u0633\u062a\u062e\u062f\u0627\u0645 \u0644\u0641\u062a\u0631\u0627\u062a \u0637\u0648\u064a\u0644\u0629.<\/li>\n<\/ul>\n<p class=\"translation-block\">\u0628\u064a\u0643\u0648\u0644\u064a\u0646\u0627\u062a \u0627\u0644\u0632\u0646\u0643 NOW Foods \u0644\u062a\u0642\u0648\u064a\u0629 \u062f\u0641\u0627\u0639\u0627\u062a\u0643 \u0627\u0644\u0637\u0628\u064a\u0639\u064a\u0629 \u0648\u0627\u0644\u0639\u0646\u0627\u064a\u0629 \u0628\u0628\u0634\u0631\u062a\u0643 \u0643\u0644 \u064a\u0648\u0645!<\/p>","protected":false},"excerpt":{"rendered":"<p>Optimisez votre sant\u00e9 avec le Picolinate de Zinc NOW Foods, un suppl\u00e9ment de zinc de haute qualit\u00e9 con\u00e7u pour renforcer votre syst\u00e8me immunitaire et favoriser une peau saine. Caract\u00e9ristiques principales : Soutien immunitaire efficace pour une meilleure r\u00e9sistance face aux agressions ext\u00e9rieures. Favorise une peau \u00e9clatante et aide \u00e0 maintenir des ongles et des cheveux &hellip; <a href=\"https:\/\/vitamo.ma\/ar\/shop\/supplements\/mineraux\/zinc\/now-foods-picolinate-de-zinc-50-mg-120-capsules-vegetariennes\/\" class=\"more-link\">\u0642\u0631\u0627\u0621\u0629 \u0627\u0644\u0645\u0632\u064a\u062f <span class=\"screen-reader-text\">NOW Foods, \u0628\u064a\u0643\u0648\u0644\u064a\u0646\u0627\u062a \u0627\u0644\u0632\u0646\u0643\u060c 50 \u0645\u062c\u0645\u060c 120 \u0643\u0628\u0633\u0648\u0644\u0629 \u0646\u0628\u0627\u062a\u064a\u0629<\/span><\/a><\/p>","protected":false},"featured_media":8243,"comment_status":"closed","ping_status":"closed","template":"","meta":{"_sitemap_exclude":false,"_sitemap_priority":"","_sitemap_frequency":""},"product_brand":[],"product_cat":[142],"product_tag":[192],"class_list":{"0":"post-8242","1":"product","2":"type-product","3":"status-publish","4":"has-post-thumbnail","6":"product_cat-zinc","7":"product_tag-now-foods","10":"outofstock","11":"shipping-taxable","12":"purchasable","13":"product-type-simple"},"_links":{"self":[{"href":"https:\/\/vitamo.ma\/ar\/wp-json\/wp\/v2\/product\/8242","targetHints":{"allow":["GET"]}}],"collection":[{"href":"https:\/\/vitamo.ma\/ar\/wp-json\/wp\/v2\/product"}],"about":[{"href":"https:\/\/vitamo.ma\/ar\/wp-json\/wp\/v2\/types\/product"}],"replies":[{"embeddable":true,"href":"https:\/\/vitamo.ma\/ar\/wp-json\/wp\/v2\/comments?post=8242"}],"version-history":[{"count":3,"href":"https:\/\/vitamo.ma\/ar\/wp-json\/wp\/v2\/product\/8242\/revisions"}],"predecessor-version":[{"id":8342,"href":"https:\/\/vitamo.ma\/ar\/wp-json\/wp\/v2\/product\/8242\/revisions\/8342"}],"wp:featuredmedia":[{"embeddable":true,"href":"https:\/\/vitamo.ma\/ar\/wp-json\/wp\/v2\/media\/8243"}],"wp:attachment":[{"href":"https:\/\/vitamo.ma\/ar\/wp-json\/wp\/v2\/media?parent=8242"}],"wp:term":[{"taxonomy":"product_brand","embeddable":true,"href":"https:\/\/vitamo.ma\/ar\/wp-json\/wp\/v2\/product_brand?post=8242"},{"taxonomy":"product_cat","embeddable":true,"href":"https:\/\/vitamo.ma\/ar\/wp-json\/wp\/v2\/product_cat?post=8242"},{"taxonomy":"product_tag","embeddable":true,"href":"https:\/\/vitamo.ma\/ar\/wp-json\/wp\/v2\/product_tag?post=8242"}],"curies":[{"name":"wp","href":"https:\/\/api.w.org\/{rel}","templated":true}]}}