{"id":8350,"date":"2024-12-25T15:11:49","date_gmt":"2024-12-25T15:11:49","guid":{"rendered":"https:\/\/vitamo.ma\/?post_type=product&#038;p=8350"},"modified":"2024-12-31T17:00:32","modified_gmt":"2024-12-31T17:00:32","slug":"21st-century-fer-a-haute-puissance-27-mg-110-comprimes-faciles-a-avaler","status":"publish","type":"product","link":"https:\/\/vitamo.ma\/ar\/shop\/supplements\/mineraux\/fer\/21st-century-fer-a-haute-puissance-27-mg-110-comprimes-faciles-a-avaler\/","title":{"rendered":"21st Century, \u062d\u062f\u064a\u062f \u0639\u0627\u0644\u064a \u0627\u0644\u0642\u0648\u0629\u060c 27 \u0645\u0644\u062c\u0645\u060c 110 \u0623\u0642\u0631\u0627\u0635 \u0633\u0647\u0644\u0629 \u0627\u0644\u0628\u0644\u0639"},"content":{"rendered":"<p>\u0639\u0632\u0632 \u0645\u0633\u062a\u0648\u064a\u0627\u062a \u0627\u0644\u0637\u0627\u0642\u0629 \u0644\u062f\u064a\u0643 \u0648\u0627\u062f\u0639\u0645 \u0635\u062d\u062a\u0643 \u0645\u0639 <strong>\u062d\u062f\u064a\u062f \u0639\u0627\u0644\u064a \u0627\u0644\u0642\u0648\u0629<\/strong> \u0645\u0646 21st Century. \u064a\u0648\u0641\u0631 \u0647\u0630\u0627 \u0627\u0644\u0645\u0643\u0645\u0644 \u0627\u0644\u0623\u0633\u0627\u0633\u064a 27 \u0645\u0644\u063a \u0645\u0646 \u0627\u0644\u062d\u062f\u064a\u062f \u0644\u0643\u0644 \u0642\u0631\u0635\u060c \u0648\u0647\u0648 \u0645\u062b\u0627\u0644\u064a \u0644\u0645\u0646\u0639 \u0623\u0648 \u062a\u0635\u062d\u064a\u062d \u0646\u0642\u0635 \u0627\u0644\u062d\u062f\u064a\u062f\u060c \u0648\u0627\u0644\u0630\u064a \u063a\u0627\u0644\u0628\u064b\u0627 \u0645\u0627 \u064a\u0643\u0648\u0646 \u0645\u0633\u0624\u0648\u0644\u0627\u064b \u0639\u0646 \u0627\u0644\u062a\u0639\u0628 \u0648\u0627\u0646\u062e\u0641\u0627\u0636 \u0627\u0644\u062d\u064a\u0648\u064a\u0629.<\/p>\n<p>\u062a\u0645 \u062a\u0635\u0645\u064a\u0645 \u0647\u0630\u0627 \u0627\u0644\u0645\u0646\u062a\u062c \u062e\u0635\u064a\u0635\u064b\u0627 \u0644\u062a\u062d\u0642\u064a\u0642 \u0627\u0644\u0627\u0645\u062a\u0635\u0627\u0635 \u0627\u0644\u0623\u0645\u062b\u0644\u060c \u0648\u0647\u0648 \u0645\u0635\u0645\u0645 \u062e\u0635\u064a\u0635\u064b\u0627 \u0641\u064a \u0623\u0642\u0631\u0627\u0635 \u0633\u0647\u0644\u0629 \u0627\u0644\u0628\u0644\u0639\u060c \u0645\u0645\u0627 \u064a\u062c\u0639\u0644\u0647 \u0645\u062b\u0627\u0644\u064a\u064b\u0627 \u0644\u0644\u0627\u0633\u062a\u0647\u0644\u0627\u0643 \u0627\u0644\u064a\u0648\u0645\u064a \u0627\u0644\u0628\u0633\u064a\u0637 \u0648\u0627\u0644\u0641\u0639\u0627\u0644.<\/p>\n<h3>\u0646\u0642\u0627\u0637 \u0627\u0644\u0642\u0648\u0629:<\/h3>\n<ul>\n<li><strong>\u062a\u0631\u0643\u064a\u0632 \u062d\u062f\u064a\u062f \u0639\u0627\u0644\u064a<\/strong> : 27 \u0645\u0644\u063a \u0644\u062a\u0644\u0628\u064a\u0629 \u0627\u0644\u0627\u062d\u062a\u064a\u0627\u062c\u0627\u062a \u0627\u0644\u064a\u0648\u0645\u064a\u0629.<\/li>\n<li><strong>\u0645\u0646 \u0627\u0644\u0633\u0647\u0644 \u0627\u0628\u062a\u0644\u0627\u0639\u0647\u0627<\/strong> : \u0645\u0635\u0645\u0645 \u0644\u062a\u0648\u0641\u064a\u0631 \u0627\u0644\u0631\u0627\u062d\u0629 \u0627\u0644\u0645\u062b\u0627\u0644\u064a\u0629.<\/li>\n<li><strong>\u0645\u062b\u0627\u0644\u064a\u0629 \u0644\u0627\u062d\u062a\u064a\u0627\u062c\u0627\u062a \u0645\u062d\u062f\u062f\u0629<\/strong> : \u0645\u0646\u0627\u0633\u0628 \u0644\u0644\u0623\u0634\u062e\u0627\u0635 \u0627\u0644\u0630\u064a\u0646 \u064a\u0639\u0627\u0646\u0648\u0646 \u0645\u0646 \u0641\u0642\u0631 \u0627\u0644\u062f\u0645 \u0623\u0648 \u0627\u0644\u0646\u0633\u0627\u0621 \u0627\u0644\u062d\u0648\u0627\u0645\u0644 \u0623\u0648 \u0627\u0644\u0646\u0633\u0627\u0621 \u0627\u0644\u0644\u0627\u062a\u064a \u064a\u0639\u0627\u0646\u064a\u0646 \u0645\u0646 \u0627\u0644\u062f\u0648\u0631\u0629 \u0627\u0644\u0634\u0647\u0631\u064a\u0629 \u0627\u0644\u0634\u062f\u064a\u062f\u0629.<\/li>\n<li><strong>\u062c\u0648\u062f\u0629 \u0645\u062b\u0628\u062a\u0629<\/strong> : \u0639\u0644\u0627\u0645\u0629 \u062a\u062c\u0627\u0631\u064a\u0629 \u0645\u0648\u062b\u0648\u0642\u0629 \u0645\u0639 \u0645\u0646\u062a\u062c\u0627\u062a \u062a\u0645 \u0627\u062e\u062a\u0628\u0627\u0631\u0647\u0627 \u0645\u0646 \u062d\u064a\u062b \u0627\u0644\u0646\u0642\u0627\u0621 \u0648\u0627\u0644\u0641\u0639\u0627\u0644\u064a\u0629.<\/li>\n<\/ul>\n<p>\u0627\u0633\u062a\u0639\u062f \u0637\u0627\u0642\u062a\u0643 \u0648\u0627\u062f\u0639\u0645 \u0635\u062d\u062a\u0643 \u0627\u0644\u0639\u0627\u0645\u0629 \u0645\u0639 <strong>\u062d\u062f\u064a\u062f \u0639\u0627\u0644\u064a \u0627\u0644\u0642\u0648\u0629<\/strong> \u0645\u0646 21st Century\u060c \u062e\u064a\u0627\u0631 \u0630\u0643\u064a \u0644\u062a\u0644\u0628\u064a\u0629 \u0627\u062d\u062a\u064a\u0627\u062c\u0627\u062a\u0643 \u0645\u0646 \u0627\u0644\u062d\u062f\u064a\u062f.<\/p>","protected":false},"excerpt":{"rendered":"<p>Boostez vos niveaux d\u2019\u00e9nergie et soutenez votre sant\u00e9 avec le Fer \u00e0 Haute Puissance de 21st Century. Ce compl\u00e9ment essentiel fournit 27 mg de fer par comprim\u00e9, id\u00e9al pour pr\u00e9venir ou corriger une carence en fer, souvent responsable de la fatigue et d\u2019une vitalit\u00e9 r\u00e9duite. Formul\u00e9 pour une absorption optimale, ce produit est sp\u00e9cialement con\u00e7u &hellip; <a href=\"https:\/\/vitamo.ma\/ar\/shop\/supplements\/mineraux\/fer\/21st-century-fer-a-haute-puissance-27-mg-110-comprimes-faciles-a-avaler\/\" class=\"more-link\">\u0642\u0631\u0627\u0621\u0629 \u0627\u0644\u0645\u0632\u064a\u062f <span class=\"screen-reader-text\">21st Century, \u062d\u062f\u064a\u062f \u0639\u0627\u0644\u064a \u0627\u0644\u0642\u0648\u0629\u060c 27 \u0645\u0644\u062c\u0645\u060c 110 \u0623\u0642\u0631\u0627\u0635 \u0633\u0647\u0644\u0629 \u0627\u0644\u0628\u0644\u0639<\/span><\/a><\/p>","protected":false},"featured_media":8366,"comment_status":"open","ping_status":"closed","template":"","meta":{"_sitemap_exclude":false,"_sitemap_priority":"","_sitemap_frequency":""},"product_brand":[],"product_cat":[457,111],"product_tag":[190],"class_list":{"0":"post-8350","1":"product","2":"type-product","3":"status-publish","4":"has-post-thumbnail","6":"product_cat-fer","7":"product_cat-supplements","8":"product_tag-21st-century","11":"outofstock","12":"shipping-taxable","13":"purchasable","14":"product-type-simple"},"_links":{"self":[{"href":"https:\/\/vitamo.ma\/ar\/wp-json\/wp\/v2\/product\/8350","targetHints":{"allow":["GET"]}}],"collection":[{"href":"https:\/\/vitamo.ma\/ar\/wp-json\/wp\/v2\/product"}],"about":[{"href":"https:\/\/vitamo.ma\/ar\/wp-json\/wp\/v2\/types\/product"}],"replies":[{"embeddable":true,"href":"https:\/\/vitamo.ma\/ar\/wp-json\/wp\/v2\/comments?post=8350"}],"version-history":[{"count":1,"href":"https:\/\/vitamo.ma\/ar\/wp-json\/wp\/v2\/product\/8350\/revisions"}],"predecessor-version":[{"id":8374,"href":"https:\/\/vitamo.ma\/ar\/wp-json\/wp\/v2\/product\/8350\/revisions\/8374"}],"wp:featuredmedia":[{"embeddable":true,"href":"https:\/\/vitamo.ma\/ar\/wp-json\/wp\/v2\/media\/8366"}],"wp:attachment":[{"href":"https:\/\/vitamo.ma\/ar\/wp-json\/wp\/v2\/media?parent=8350"}],"wp:term":[{"taxonomy":"product_brand","embeddable":true,"href":"https:\/\/vitamo.ma\/ar\/wp-json\/wp\/v2\/product_brand?post=8350"},{"taxonomy":"product_cat","embeddable":true,"href":"https:\/\/vitamo.ma\/ar\/wp-json\/wp\/v2\/product_cat?post=8350"},{"taxonomy":"product_tag","embeddable":true,"href":"https:\/\/vitamo.ma\/ar\/wp-json\/wp\/v2\/product_tag?post=8350"}],"curies":[{"name":"wp","href":"https:\/\/api.w.org\/{rel}","templated":true}]}}