{"id":8352,"date":"2024-12-25T15:11:49","date_gmt":"2024-12-25T15:11:49","guid":{"rendered":"https:\/\/vitamo.ma\/?post_type=product&#038;p=8352"},"modified":"2024-12-31T17:00:32","modified_gmt":"2024-12-31T17:00:32","slug":"california-gold-nutrition-immune-4-soutien-du-systeme-immunitaire-60-capsules-vegetariennes","status":"publish","type":"product","link":"https:\/\/vitamo.ma\/ar\/shop\/supplements\/mineraux\/california-gold-nutrition-immune-4-soutien-du-systeme-immunitaire-60-capsules-vegetariennes\/","title":{"rendered":"California Gold Nutrition, Immune 4\u060c \u062f\u0639\u0645 \u0627\u0644\u0645\u0646\u0627\u0639\u0629\u060c 60 \u0643\u0628\u0633\u0648\u0644\u0629 \u0646\u0628\u0627\u062a\u064a\u0629"},"content":{"rendered":"<p>\u062a\u0639\u0632\u064a\u0632 \u062f\u0641\u0627\u0639\u0627\u062a\u0643 \u0627\u0644\u0637\u0628\u064a\u0639\u064a\u0629 \u0645\u0639 <strong>\u0627\u0644\u0645\u0646\u0627\u0639\u0629 4<\/strong> \u0645\u0646 \u0643\u0627\u0644\u064a\u0641\u0648\u0631\u0646\u064a\u0627 \u062c\u0648\u0644\u062f \u0646\u064a\u0648\u062a\u0631\u064a\u0634\u0646. \u062a\u0645 \u062a\u0635\u0645\u064a\u0645 \u0647\u0630\u0627 \u0627\u0644\u0645\u0643\u0645\u0644 \u0627\u0644\u063a\u0630\u0627\u0626\u064a \u0627\u0644\u0645\u062a\u0645\u064a\u0632 \u062e\u0635\u064a\u0635\u064b\u0627 \u0644\u062f\u0639\u0645 \u0648\u062a\u062d\u0633\u064a\u0646 \u0623\u062f\u0627\u0621 \u062c\u0647\u0627\u0632 \u0627\u0644\u0645\u0646\u0627\u0639\u0629 \u0644\u062f\u064a\u0643.<\/p>\n<p>\u064a\u062a\u0643\u0648\u0646 \u0645\u0646 \u0645\u0632\u064a\u062c \u0642\u0648\u064a \u0645\u0646 \u0627\u0644\u0645\u0643\u0648\u0646\u0627\u062a \u0627\u0644\u0623\u0633\u0627\u0633\u064a\u0629 \u0645\u062b\u0644 \u0625\u0634\u0646\u0633\u0627 \u0648\u0627\u0644\u0632\u0646\u0643 \u0648\u0641\u064a\u062a\u0627\u0645\u064a\u0646 C \u0648\u0645\u0633\u062a\u062e\u0644\u0635\u0627\u062a \u0646\u0628\u0627\u062a\u064a\u0629 \u0645\u062e\u062a\u0627\u0631\u0629 \u0628\u0639\u0646\u0627\u064a\u0629. <strong>\u0627\u0644\u0645\u0646\u0627\u0639\u0629 4<\/strong> \u064a\u0633\u0627\u0639\u062f\u0643 \u0639\u0644\u0649 \u0627\u0644\u0628\u0642\u0627\u0621 \u0642\u0648\u064a\u064b\u0627 \u0648\u0635\u062d\u064a\u064b\u0627 \u0641\u064a \u0645\u0648\u0627\u062c\u0647\u0629 \u062a\u062d\u062f\u064a\u0627\u062a \u0627\u0644\u062d\u064a\u0627\u0629 \u0627\u0644\u064a\u0648\u0645\u064a\u0629.<\/p>\n<p>\u0627\u0644\u0645\u064a\u0632\u0627\u062a \u0627\u0644\u0631\u0626\u064a\u0633\u064a\u0629:<\/p>\n<ul>\n<li><strong>\u0635\u064a\u063a\u0629 \u0643\u0627\u0645\u0644\u0629<\/strong> : \u0623\u0631\u0628\u0639\u0629 \u0639\u0646\u0627\u0635\u0631 \u0623\u0633\u0627\u0633\u064a\u0629 \u0644\u0644\u062f\u0639\u0645 \u0627\u0644\u0645\u0646\u0627\u0639\u064a \u0627\u0644\u0623\u0645\u062b\u0644.<\/li>\n<li><strong>\u0643\u0628\u0633\u0648\u0644\u0627\u062a \u0646\u0628\u0627\u062a\u064a\u0629<\/strong> : \u0645\u0646\u0627\u0633\u0628 \u0644\u0644\u0623\u0646\u0638\u0645\u0629 \u0627\u0644\u063a\u0630\u0627\u0626\u064a\u0629 \u0627\u0644\u0646\u0628\u0627\u062a\u064a\u0629 \u0648\u0627\u0644\u0646\u0628\u0627\u062a\u064a\u0629.<\/li>\n<li><strong>\u062c\u0648\u062f\u0629 \u0645\u062a\u0641\u0648\u0642\u0629<\/strong> : \u062a\u0645 \u0627\u062e\u062a\u0628\u0627\u0631 \u0627\u0644\u0645\u0646\u062a\u062c \u0644\u0644\u062a\u0623\u0643\u062f \u0645\u0646 \u0646\u0642\u0627\u0626\u0647 \u0648\u0641\u0639\u0627\u0644\u064a\u062a\u0647.<\/li>\n<\/ul>\n<p>\u0627\u0639\u062a\u0646\u064a \u0628\u062c\u0647\u0627\u0632\u0643 \u0627\u0644\u0645\u0646\u0627\u0639\u064a \u0628\u0637\u0631\u064a\u0642\u0629 \u0637\u0628\u064a\u0639\u064a\u0629 \u0648\u0641\u0639\u0627\u0644\u0629 \u0628\u0641\u0636\u0644 <strong>\u0643\u0627\u0644\u064a\u0641\u0648\u0631\u0646\u064a\u0627 \u062c\u0648\u0644\u062f \u0646\u064a\u0648\u062a\u0631\u064a\u0634\u0646\u060c \u0627\u0644\u0645\u0646\u0627\u0639\u0629 4<\/strong>. \u0645\u062b\u0627\u0644\u064a \u0644\u0623\u0648\u0642\u0627\u062a \u0627\u0644\u062a\u0648\u062a\u0631 \u0623\u0648 \u0627\u0644\u062a\u063a\u064a\u0631\u0627\u062a \u0627\u0644\u0645\u0648\u0633\u0645\u064a\u0629 \u0623\u0648 \u0628\u0628\u0633\u0627\u0637\u0629 \u0644\u0644\u062d\u0641\u0627\u0638 \u0639\u0644\u0649 \u0646\u0645\u0637 \u062d\u064a\u0627\u0629 \u0635\u062d\u064a.<\/p>","protected":false},"excerpt":{"rendered":"<p>Renforcez vos d\u00e9fenses naturelles avec Immune 4 de California Gold Nutrition. Ce compl\u00e9ment alimentaire premium est sp\u00e9cialement con\u00e7u pour soutenir et optimiser le fonctionnement de votre syst\u00e8me immunitaire. Formul\u00e9 avec un m\u00e9lange puissant d\u2019ingr\u00e9dients essentiels tels que l&#8217;\u00e9chinac\u00e9e, le zinc, la vitamine C et des extraits botaniques soigneusement s\u00e9lectionn\u00e9s, Immune 4 vous aide \u00e0 rester &hellip; <a href=\"https:\/\/vitamo.ma\/ar\/shop\/supplements\/mineraux\/california-gold-nutrition-immune-4-soutien-du-systeme-immunitaire-60-capsules-vegetariennes\/\" class=\"more-link\">\u0642\u0631\u0627\u0621\u0629 \u0627\u0644\u0645\u0632\u064a\u062f <span class=\"screen-reader-text\">California Gold Nutrition, Immune 4\u060c \u062f\u0639\u0645 \u0627\u0644\u0645\u0646\u0627\u0639\u0629\u060c 60 \u0643\u0628\u0633\u0648\u0644\u0629 \u0646\u0628\u0627\u062a\u064a\u0629<\/span><\/a><\/p>","protected":false},"featured_media":8364,"comment_status":"open","ping_status":"closed","template":"","meta":{"_sitemap_exclude":false,"_sitemap_priority":"","_sitemap_frequency":""},"product_brand":[],"product_cat":[119],"product_tag":[193],"class_list":{"0":"post-8352","1":"product","2":"type-product","3":"status-publish","4":"has-post-thumbnail","6":"product_cat-mineraux","7":"product_tag-california-gold-nutrition","10":"outofstock","11":"shipping-taxable","12":"purchasable","13":"product-type-simple"},"_links":{"self":[{"href":"https:\/\/vitamo.ma\/ar\/wp-json\/wp\/v2\/product\/8352","targetHints":{"allow":["GET"]}}],"collection":[{"href":"https:\/\/vitamo.ma\/ar\/wp-json\/wp\/v2\/product"}],"about":[{"href":"https:\/\/vitamo.ma\/ar\/wp-json\/wp\/v2\/types\/product"}],"replies":[{"embeddable":true,"href":"https:\/\/vitamo.ma\/ar\/wp-json\/wp\/v2\/comments?post=8352"}],"version-history":[{"count":2,"href":"https:\/\/vitamo.ma\/ar\/wp-json\/wp\/v2\/product\/8352\/revisions"}],"predecessor-version":[{"id":8382,"href":"https:\/\/vitamo.ma\/ar\/wp-json\/wp\/v2\/product\/8352\/revisions\/8382"}],"wp:featuredmedia":[{"embeddable":true,"href":"https:\/\/vitamo.ma\/ar\/wp-json\/wp\/v2\/media\/8364"}],"wp:attachment":[{"href":"https:\/\/vitamo.ma\/ar\/wp-json\/wp\/v2\/media?parent=8352"}],"wp:term":[{"taxonomy":"product_brand","embeddable":true,"href":"https:\/\/vitamo.ma\/ar\/wp-json\/wp\/v2\/product_brand?post=8352"},{"taxonomy":"product_cat","embeddable":true,"href":"https:\/\/vitamo.ma\/ar\/wp-json\/wp\/v2\/product_cat?post=8352"},{"taxonomy":"product_tag","embeddable":true,"href":"https:\/\/vitamo.ma\/ar\/wp-json\/wp\/v2\/product_tag?post=8352"}],"curies":[{"name":"wp","href":"https:\/\/api.w.org\/{rel}","templated":true}]}}