{"id":8353,"date":"2024-12-25T15:11:50","date_gmt":"2024-12-25T15:11:50","guid":{"rendered":"https:\/\/vitamo.ma\/?post_type=product&#038;p=8353"},"modified":"2024-12-31T17:00:32","modified_gmt":"2024-12-31T17:00:32","slug":"nature-made-vitamine-c-avec-eglantier-liberation-prolongee-1-000-mg-60-comprimes","status":"publish","type":"product","link":"https:\/\/vitamo.ma\/ar\/shop\/supplements\/vitamines\/vitamine-c\/nature-made-vitamine-c-avec-eglantier-liberation-prolongee-1-000-mg-60-comprimes\/","title":{"rendered":"Nature Made, \u0641\u064a\u062a\u0627\u0645\u064a\u0646 \u0633\u064a \u060c 1000 \u0645\u062c\u0645\u060c 60 \u0642\u0631\u0635\u064b\u0627"},"content":{"rendered":"<p>\u0639\u0632\u0632 \u0635\u062d\u062a\u0643 \u0645\u0639 <strong>\u0641\u064a\u062a\u0627\u0645\u064a\u0646 C<\/strong> \u0645\u0646 Nature Made. \u064a\u0648\u0641\u0631 \u0643\u0644 \u0642\u0631\u0635 \u062c\u0631\u0639\u0629 \u0645\u0631\u0643\u0632\u0629 \u062a\u0628\u0644\u063a 1000 \u0645\u0644\u063a \u0645\u0646 \u0641\u064a\u062a\u0627\u0645\u064a\u0646 C\u060c \u063a\u0646\u064a\u0629 \u0628\u062b\u0645\u0631 \u0627\u0644\u0648\u0631\u062f \u0644\u062a\u0639\u0632\u064a\u0632 \u0645\u0636\u0627\u062f\u0627\u062a \u0627\u0644\u0623\u0643\u0633\u062f\u0629 \u0648\u0627\u0644\u062f\u0639\u0645 \u0627\u0644\u0645\u0646\u0627\u0639\u064a. \u0628\u0641\u0636\u0644 \u062a\u0631\u0643\u064a\u0628\u062a\u0647 \u0627\u0644\u0645\u0633\u062a\u062f\u0627\u0645\u0629\u060c \u064a\u062a\u0645 \u0625\u0637\u0644\u0627\u0642 \u0627\u0644\u0639\u0646\u0627\u0635\u0631 \u0627\u0644\u063a\u0630\u0627\u0626\u064a\u0629 \u062a\u062f\u0631\u064a\u062c\u064a\u064b\u0627 \u0644\u0644\u062d\u0635\u0648\u0644 \u0639\u0644\u0649 \u062a\u0623\u062b\u064a\u0631 \u062f\u0627\u0626\u0645 \u0637\u0648\u0627\u0644 \u0627\u0644\u064a\u0648\u0645.<\/p>\n<p>\u064a\u0639\u062f \u0647\u0630\u0627 \u0627\u0644\u0645\u0643\u0645\u0644 \u0645\u062b\u0627\u0644\u064a\u064b\u0627 \u0644\u062a\u0642\u0648\u064a\u0629 \u0645\u0646\u0627\u0639\u062a\u0643 \u0627\u0644\u0637\u0628\u064a\u0639\u064a\u0629 \u0648\u062d\u0645\u0627\u064a\u0629 \u062e\u0644\u0627\u064a\u0627\u0643 \u0645\u0646 \u0627\u0644\u062c\u0630\u0648\u0631 \u0627\u0644\u062d\u0631\u0629 \u0648\u062f\u0639\u0645 \u0627\u0644\u0628\u0634\u0631\u0629 \u0627\u0644\u0645\u0634\u0639\u0629 \u0645\u0646 \u062e\u0644\u0627\u0644 \u062a\u0639\u0632\u064a\u0632 \u0625\u0646\u062a\u0627\u062c \u0627\u0644\u0643\u0648\u0644\u0627\u062c\u064a\u0646.<\/p>\n<h3>\u0646\u0642\u0627\u0637 \u0627\u0644\u0642\u0648\u0629:<\/h3>\n<ul>\n<li><strong>\u0635\u064a\u063a\u0629 \u0645\u062a\u0642\u062f\u0645\u0629<\/strong> : 1000 \u0645\u0644\u063a \u0645\u0646 \u0641\u064a\u062a\u0627\u0645\u064a\u0646 C \u063a\u0646\u064a \u0628\u062b\u0645\u0631 \u0627\u0644\u0648\u0631\u062f \u0644\u062a\u0639\u0632\u064a\u0632 \u0627\u0644\u062f\u0639\u0645.<\/li>\n<li class=\"translation-block\"><strong>\u062f\u0639\u0645 \u0627\u0644\u0645\u0646\u0627\u0639\u0629<\/strong>: \u0645\u062b\u0627\u0644\u064a \u0644\u062d\u0645\u0627\u064a\u0629 \u062c\u0633\u0645\u0643 .<\/li>\n<li class=\"translation-block\"><strong>\u0627\u0644\u0635\u062d\u0629 \u0627\u0644\u0639\u0627\u0645\u0629<\/strong> : \u064a\u0639\u0632\u0632 \u0635\u062d\u0629 \u0627\u0644\u0628\u0634\u0631\u0629 \u0648\u0625\u0634\u0631\u0627\u0642\u0647\u0627 \u0628\u0641\u0636\u0644 \u062f\u0648\u0631\u0647\u0627 \u0627\u0644\u0631\u0626\u064a\u0633\u064a \u0641\u064a \u0625\u0646\u062a\u0627\u062c \u0627\u0644\u0643\u0648\u0644\u0627\u062c\u064a\u0646.<\/li>\n<li><strong>\u062c\u0648\u062f\u0629 \u0645\u062a\u0641\u0648\u0642\u0629<\/strong> : \u0635\u0646\u0639 \u0628\u0648\u0627\u0633\u0637\u0629 Nature Made\u060c \u0648\u0647\u064a \u0639\u0644\u0627\u0645\u0629 \u062a\u062c\u0627\u0631\u064a\u0629 \u0645\u0639\u0631\u0648\u0641\u0629 \u0628\u0627\u0644\u062a\u0632\u0627\u0645\u0647\u0627 \u0628\u0627\u0644\u0646\u0642\u0627\u0621 \u0648\u0627\u0644\u0633\u0644\u0627\u0645\u0629.<\/li>\n<\/ul>\n<p>\u0627\u062a\u062e\u0627\u0630 \u0646\u0647\u062c \u0627\u0633\u062a\u0628\u0627\u0642\u064a \u0644\u0635\u062d\u062a\u0643 \u0645\u0639 <strong>\u0641\u064a\u062a\u0627\u0645\u064a\u0646 C<\/strong> \u0645\u0646 Nature Made\u060c \u0648\u0647\u0648 \u0627\u062e\u062a\u064a\u0627\u0631 \u0630\u0643\u064a \u0644\u0644\u062d\u064a\u0648\u064a\u0629 \u0648\u0627\u0644\u0631\u0641\u0627\u0647\u064a\u0629 \u0627\u0644\u062f\u0627\u0626\u0645\u0629.<\/p>","protected":false},"excerpt":{"rendered":"<p>Boostez votre sant\u00e9 avec la Vitamine C avec \u00c9glantier \u00e0 Lib\u00e9ration Prolong\u00e9e de Nature Made. Chaque comprim\u00e9 offre une dose concentr\u00e9e de 1 000 mg de vitamine C, enrichie en \u00e9glantier pour un soutien antioxydant et immunitaire renforc\u00e9. Gr\u00e2ce \u00e0 sa formule \u00e0 lib\u00e9ration prolong\u00e9e, les nutriments sont diffus\u00e9s progressivement pour un effet durable tout &hellip; <a href=\"https:\/\/vitamo.ma\/ar\/shop\/supplements\/vitamines\/vitamine-c\/nature-made-vitamine-c-avec-eglantier-liberation-prolongee-1-000-mg-60-comprimes\/\" class=\"more-link\">\u0642\u0631\u0627\u0621\u0629 \u0627\u0644\u0645\u0632\u064a\u062f <span class=\"screen-reader-text\">Nature Made, \u0641\u064a\u062a\u0627\u0645\u064a\u0646 \u0633\u064a \u060c 1000 \u0645\u062c\u0645\u060c 60 \u0642\u0631\u0635\u064b\u0627<\/span><\/a><\/p>","protected":false},"featured_media":8372,"comment_status":"open","ping_status":"closed","template":"","meta":{"_sitemap_exclude":false,"_sitemap_priority":"","_sitemap_frequency":""},"product_brand":[],"product_cat":[111,133],"product_tag":[458],"class_list":{"0":"post-8353","1":"product","2":"type-product","3":"status-publish","4":"has-post-thumbnail","6":"product_cat-supplements","7":"product_cat-vitamine-c","8":"product_tag-nature-made","11":"outofstock","12":"shipping-taxable","13":"purchasable","14":"product-type-simple"},"_links":{"self":[{"href":"https:\/\/vitamo.ma\/ar\/wp-json\/wp\/v2\/product\/8353","targetHints":{"allow":["GET"]}}],"collection":[{"href":"https:\/\/vitamo.ma\/ar\/wp-json\/wp\/v2\/product"}],"about":[{"href":"https:\/\/vitamo.ma\/ar\/wp-json\/wp\/v2\/types\/product"}],"replies":[{"embeddable":true,"href":"https:\/\/vitamo.ma\/ar\/wp-json\/wp\/v2\/comments?post=8353"}],"version-history":[{"count":3,"href":"https:\/\/vitamo.ma\/ar\/wp-json\/wp\/v2\/product\/8353\/revisions"}],"predecessor-version":[{"id":8384,"href":"https:\/\/vitamo.ma\/ar\/wp-json\/wp\/v2\/product\/8353\/revisions\/8384"}],"wp:featuredmedia":[{"embeddable":true,"href":"https:\/\/vitamo.ma\/ar\/wp-json\/wp\/v2\/media\/8372"}],"wp:attachment":[{"href":"https:\/\/vitamo.ma\/ar\/wp-json\/wp\/v2\/media?parent=8353"}],"wp:term":[{"taxonomy":"product_brand","embeddable":true,"href":"https:\/\/vitamo.ma\/ar\/wp-json\/wp\/v2\/product_brand?post=8353"},{"taxonomy":"product_cat","embeddable":true,"href":"https:\/\/vitamo.ma\/ar\/wp-json\/wp\/v2\/product_cat?post=8353"},{"taxonomy":"product_tag","embeddable":true,"href":"https:\/\/vitamo.ma\/ar\/wp-json\/wp\/v2\/product_tag?post=8353"}],"curies":[{"name":"wp","href":"https:\/\/api.w.org\/{rel}","templated":true}]}}