{"id":8355,"date":"2024-12-25T15:11:50","date_gmt":"2024-12-25T15:11:50","guid":{"rendered":"https:\/\/vitamo.ma\/?post_type=product&#038;p=8355"},"modified":"2024-12-31T17:00:32","modified_gmt":"2024-12-31T17:00:32","slug":"21st-century-vitamine-c-1-000-mg-60-comprimes","status":"publish","type":"product","link":"https:\/\/vitamo.ma\/ar\/shop\/supplements\/vitamines\/vitamine-c\/21st-century-vitamine-c-1-000-mg-60-comprimes\/","title":{"rendered":"21st Century\u060c \u0641\u064a\u062a\u0627\u0645\u064a\u0646 \u0633\u064a\u060c 1000 \u0645\u0644\u062c\u0645\u060c 60 \u0642\u0631\u0635\u064b\u0627"},"content":{"rendered":"<p>\u0627\u0645\u0646\u062d \u062c\u0647\u0627\u0632\u0643 \u0627\u0644\u0645\u0646\u0627\u0639\u064a \u062f\u0641\u0639\u0629 \u0645\u0639 <strong>\u0641\u064a\u062a\u0627\u0645\u064a\u0646 \u0633\u064a 1000 \u0645\u0644\u063a<\/strong> \u0645\u0646 21st Century. \u064a\u0645\u0646\u062d\u0643 \u0647\u0630\u0627 \u0627\u0644\u0645\u0643\u0645\u0644 \u0627\u0644\u0642\u0648\u064a \u062c\u0631\u0639\u0629 \u0645\u0631\u0643\u0632\u0629 \u0645\u0646 \u0641\u064a\u062a\u0627\u0645\u064a\u0646 C\u060c \u0648\u0647\u0648 \u0636\u0631\u0648\u0631\u064a \u0644\u062a\u0642\u0648\u064a\u0629 \u062f\u0641\u0627\u0639\u0627\u062a\u0643 \u0627\u0644\u0637\u0628\u064a\u0639\u064a\u0629 \u0648\u062d\u0645\u0627\u064a\u0629 \u062e\u0644\u0627\u064a\u0627\u0643 \u0645\u0646 \u0627\u0644\u0625\u062c\u0647\u0627\u062f \u0627\u0644\u062a\u0623\u0643\u0633\u062f\u064a \u0648\u062f\u0639\u0645 \u0625\u0646\u062a\u0627\u062c \u0627\u0644\u0643\u0648\u0644\u0627\u062c\u064a\u0646 \u0644\u0644\u062d\u0635\u0648\u0644 \u0639\u0644\u0649 \u0628\u0634\u0631\u0629 \u0630\u0627\u062a \u0645\u0638\u0647\u0631 \u0635\u062d\u064a.<\/p>\n<p>\u0645\u0639 1000 \u0645\u0644\u063a \u0644\u0643\u0644 \u0642\u0631\u0635\u060c \u0647\u0630\u0647 \u0627\u0644\u062a\u0631\u0643\u064a\u0628\u0629 \u0645\u062b\u0627\u0644\u064a\u0629 \u0644\u0644\u062d\u0641\u0627\u0638 \u0639\u0644\u0649 \u0637\u0627\u0642\u062a\u0643 \u0648\u0631\u0641\u0627\u0647\u064a\u062a\u0643\u060c \u062e\u0627\u0635\u0629 \u0641\u064a \u0623\u0648\u0642\u0627\u062a \u0627\u0644\u062a\u0648\u062a\u0631 \u0623\u0648 \u0627\u0644\u062a\u0639\u0628 \u0627\u0644\u0645\u062a\u0632\u0627\u064a\u062f.<\/p>\n<h3>\u0646\u0642\u0627\u0637 \u0627\u0644\u0642\u0648\u0629:<\/h3>\n<ul>\n<li><strong>\u0627\u0644\u0642\u0648\u0629 \u0627\u0644\u0642\u0635\u0648\u0649<\/strong> : 1000 \u0645\u0644\u063a \u0645\u0646 \u0641\u064a\u062a\u0627\u0645\u064a\u0646 C \u0644\u0644\u0642\u0631\u0635 \u0627\u0644\u0648\u0627\u062d\u062f.<\/li>\n<li><strong>\u062f\u0639\u0645 \u0627\u0644\u0645\u0646\u0627\u0639\u0629<\/strong> : \u0645\u062b\u0627\u0644\u064a \u0644\u062a\u0642\u0648\u064a\u0629 \u0645\u0646\u0627\u0639\u062a\u0643 \u0627\u0644\u0637\u0628\u064a\u0639\u064a\u0629.<\/li>\n<li><strong>\u0645\u0636\u0627\u062f\u0627\u062a \u0627\u0644\u0623\u0643\u0633\u062f\u0629 \u0627\u0644\u0642\u0648\u064a\u0629<\/strong> : \u064a\u062d\u0645\u064a \u0645\u0646 \u0627\u0644\u062c\u0630\u0648\u0631 \u0627\u0644\u062d\u0631\u0629 \u0648\u064a\u0639\u0632\u0632 \u0635\u062d\u0629 \u0627\u0644\u0628\u0634\u0631\u0629.<\/li>\n<li><strong>\u062c\u0648\u062f\u0629 \u0645\u0648\u062b\u0648\u0642\u0629<\/strong> : \u062a\u0645 \u0627\u062e\u062a\u0628\u0627\u0631 \u0627\u0644\u0645\u0646\u062a\u062c \u0628\u062f\u0642\u0629 \u0644\u0644\u062a\u0623\u0643\u062f \u0645\u0646 \u0646\u0642\u0627\u0626\u0647 \u0648\u0641\u0639\u0627\u0644\u064a\u062a\u0647.<\/li>\n<\/ul>\n<p>\u0627\u0639\u062a\u0646\u064a \u0628\u0635\u062d\u062a\u0643 \u0628\u0627\u0633\u062a\u062e\u062f\u0627\u0645 \u0645\u0643\u0645\u0644 \u063a\u0630\u0627\u0626\u064a \u0645\u062a\u0645\u064a\u0632 \u0645\u0635\u0645\u0645 \u0644\u062a\u0644\u0628\u064a\u0629 \u0627\u062d\u062a\u064a\u0627\u062c\u0627\u062a\u0643 \u0627\u0644\u064a\u0648\u0645\u064a\u0629 \u0645\u0646 \u0641\u064a\u062a\u0627\u0645\u064a\u0646 C. \u0627\u0644\u0627\u062e\u062a\u064a\u0627\u0631 \u0627\u0644\u0630\u0643\u064a \u0644\u062c\u0633\u0645 \u0642\u0648\u064a \u0648\u0645\u0631\u0646: <strong>21st Century\u060c \u0641\u064a\u062a\u0627\u0645\u064a\u0646 \u0633\u064a 1000 \u0645\u062c\u0645<\/strong>.<\/p>","protected":false},"excerpt":{"rendered":"<p>Donnez un coup de pouce \u00e0 votre syst\u00e8me immunitaire avec la Vitamine C 1 000 mg de 21st Century. Ce compl\u00e9ment puissant vous offre une dose concentr\u00e9e de vitamine C, essentielle pour renforcer vos d\u00e9fenses naturelles, prot\u00e9ger vos cellules contre le stress oxydatif et soutenir la production de collag\u00e8ne pour une peau \u00e9clatante de sant\u00e9. &hellip; <a href=\"https:\/\/vitamo.ma\/ar\/shop\/supplements\/vitamines\/vitamine-c\/21st-century-vitamine-c-1-000-mg-60-comprimes\/\" class=\"more-link\">\u0642\u0631\u0627\u0621\u0629 \u0627\u0644\u0645\u0632\u064a\u062f <span class=\"screen-reader-text\">21st Century\u060c \u0641\u064a\u062a\u0627\u0645\u064a\u0646 \u0633\u064a\u060c 1000 \u0645\u0644\u062c\u0645\u060c 60 \u0642\u0631\u0635\u064b\u0627<\/span><\/a><\/p>","protected":false},"featured_media":8370,"comment_status":"open","ping_status":"closed","template":"","meta":{"_sitemap_exclude":false,"_sitemap_priority":"","_sitemap_frequency":""},"product_brand":[],"product_cat":[133],"product_tag":[190],"class_list":{"0":"post-8355","1":"product","2":"type-product","3":"status-publish","4":"has-post-thumbnail","6":"product_cat-vitamine-c","7":"product_tag-21st-century","10":"outofstock","11":"shipping-taxable","12":"purchasable","13":"product-type-simple"},"_links":{"self":[{"href":"https:\/\/vitamo.ma\/ar\/wp-json\/wp\/v2\/product\/8355","targetHints":{"allow":["GET"]}}],"collection":[{"href":"https:\/\/vitamo.ma\/ar\/wp-json\/wp\/v2\/product"}],"about":[{"href":"https:\/\/vitamo.ma\/ar\/wp-json\/wp\/v2\/types\/product"}],"replies":[{"embeddable":true,"href":"https:\/\/vitamo.ma\/ar\/wp-json\/wp\/v2\/comments?post=8355"}],"version-history":[{"count":1,"href":"https:\/\/vitamo.ma\/ar\/wp-json\/wp\/v2\/product\/8355\/revisions"}],"predecessor-version":[{"id":8379,"href":"https:\/\/vitamo.ma\/ar\/wp-json\/wp\/v2\/product\/8355\/revisions\/8379"}],"wp:featuredmedia":[{"embeddable":true,"href":"https:\/\/vitamo.ma\/ar\/wp-json\/wp\/v2\/media\/8370"}],"wp:attachment":[{"href":"https:\/\/vitamo.ma\/ar\/wp-json\/wp\/v2\/media?parent=8355"}],"wp:term":[{"taxonomy":"product_brand","embeddable":true,"href":"https:\/\/vitamo.ma\/ar\/wp-json\/wp\/v2\/product_brand?post=8355"},{"taxonomy":"product_cat","embeddable":true,"href":"https:\/\/vitamo.ma\/ar\/wp-json\/wp\/v2\/product_cat?post=8355"},{"taxonomy":"product_tag","embeddable":true,"href":"https:\/\/vitamo.ma\/ar\/wp-json\/wp\/v2\/product_tag?post=8355"}],"curies":[{"name":"wp","href":"https:\/\/api.w.org\/{rel}","templated":true}]}}