{"id":8387,"date":"2024-12-26T13:56:47","date_gmt":"2024-12-26T13:56:47","guid":{"rendered":"https:\/\/vitamo.ma\/?post_type=product&#038;p=8387"},"modified":"2024-12-31T17:00:41","modified_gmt":"2024-12-31T17:00:41","slug":"natures-bounty-calcium-magnesium-zinc-avec-vitamine-d3-100-comprimes","status":"publish","type":"product","link":"https:\/\/vitamo.ma\/ar\/shop\/supplements\/mineraux\/calcium\/natures-bounty-calcium-magnesium-zinc-avec-vitamine-d3-100-comprimes\/","title":{"rendered":"Nature&#039;s Bounty, \u0627\u0644\u0643\u0627\u0644\u0633\u064a\u0648\u0645 \u0648\u0627\u0644\u0645\u063a\u0646\u064a\u0633\u064a\u0648\u0645 \u0648\u0627\u0644\u0632\u0646\u0643 \u0645\u0639 \u0641\u064a\u062a\u0627\u0645\u064a\u0646 \u062f3\u060c 100 \u0642\u0631\u0635"},"content":{"rendered":"<p>\u0639\u0632\u0632 \u0635\u062d\u0629 \u0639\u0638\u0627\u0645\u0643 \u0648\u0631\u0641\u0627\u0647\u064a\u062a\u0643 \u0628\u0634\u0643\u0644 \u0639\u0627\u0645 \u0645\u0646 \u062e\u0644\u0627\u0644 \u0627\u0644\u0645\u0643\u0645\u0644\u0627\u062a \u0627\u0644\u063a\u0630\u0627\u0626\u064a\u0629 <strong>\u0627\u0644\u0643\u0627\u0644\u0633\u064a\u0648\u0645 \u0648\u0627\u0644\u0645\u063a\u0646\u064a\u0633\u064a\u0648\u0645 \u0648\u0627\u0644\u0632\u0646\u0643 \u0645\u0639 \u0641\u064a\u062a\u0627\u0645\u064a\u0646 \u062f3<\/strong> \u0645\u0646 Nature's Bounty. \u064a\u0648\u0641\u0631 \u0647\u0630\u0627 \u0627\u0644\u0645\u0632\u064a\u062c \u0627\u0644\u0645\u062a\u0648\u0627\u0632\u0646 \u0627\u0644\u062f\u0639\u0645 \u0627\u0644\u063a\u0630\u0627\u0626\u064a \u0627\u0644\u0623\u0633\u0627\u0633\u064a \u0644\u0639\u0638\u0627\u0645 \u0642\u0648\u064a\u0629 \u0648\u0623\u0633\u0646\u0627\u0646 \u0635\u062d\u064a\u0629 \u0648\u0648\u0638\u064a\u0641\u0629 \u0627\u0644\u0639\u0636\u0644\u0627\u062a \u0627\u0644\u0645\u062b\u0627\u0644\u064a\u0629.<\/p>\n<h3>\u0646\u0642\u0627\u0637 \u0627\u0644\u0642\u0648\u0629:<\/h3>\n<ul>\n<li><strong>\u0635\u062d\u0629 \u0627\u0644\u0639\u0638\u0627\u0645 \u0648\u0627\u0644\u0623\u0633\u0646\u0627\u0646<\/strong> : \u064a\u0639\u0632\u0632 \u0627\u0644\u0643\u0627\u0644\u0633\u064a\u0648\u0645 \u0648\u0641\u064a\u062a\u0627\u0645\u064a\u0646 \u062f3 \u0643\u062b\u0627\u0641\u0629 \u0627\u0644\u0639\u0638\u0627\u0645 \u0627\u0644\u0645\u062b\u0627\u0644\u064a\u0629.<\/li>\n<li><strong>\u0627\u0644\u062a\u0648\u0627\u0632\u0646 \u0627\u0644\u0645\u0639\u062f\u0646\u064a<\/strong> : \u0627\u0644\u0645\u063a\u0646\u064a\u0633\u064a\u0648\u0645 \u064a\u062f\u0639\u0645 \u0627\u0633\u062a\u0631\u062e\u0627\u0621 \u0627\u0644\u0639\u0636\u0644\u0627\u062a \u0648\u0639\u0645\u0644 \u0627\u0644\u0623\u0639\u0635\u0627\u0628.<\/li>\n<li><strong>\u062f\u0639\u0645 \u0627\u0644\u0645\u0646\u0627\u0639\u0629<\/strong> : \u064a\u0644\u0639\u0628 \u0627\u0644\u0632\u0646\u0643 \u062f\u0648\u0631\u064b\u0627 \u0631\u0626\u064a\u0633\u064a\u064b\u0627 \u0641\u064a \u062a\u0642\u0648\u064a\u0629 \u0627\u0644\u0645\u0646\u0627\u0639\u0629 \u0627\u0644\u0637\u0628\u064a\u0639\u064a\u0629.<\/li>\n<li><strong>\u0623\u0642\u0631\u0627\u0635 \u0633\u0647\u0644\u0629 \u0627\u0644\u0628\u0644\u0639<\/strong> : \u062a\u0645 \u062a\u0631\u0643\u064a\u0628\u0647 \u0645\u0646 \u0623\u062c\u0644 \u062a\u0646\u0627\u0648\u0644 \u064a\u0648\u0645\u064a \u0645\u0631\u064a\u062d.<\/li>\n<li><strong>\u062c\u0648\u062f\u0629 \u0645\u0636\u0645\u0648\u0646\u0629<\/strong> : \u062a\u0645 \u062a\u0635\u0646\u064a\u0639\u0647\u0627 \u0628\u0648\u0627\u0633\u0637\u0629 Nature&#039;s Bounty\u060c \u0648\u0647\u064a \u0639\u0644\u0627\u0645\u0629 \u062a\u062c\u0627\u0631\u064a\u0629 \u0645\u0648\u062b\u0648\u0642\u0629 \u0645\u0639\u0631\u0648\u0641\u0629 \u0628\u0645\u0639\u0627\u064a\u064a\u0631\u0647\u0627 \u0627\u0644\u0635\u0627\u0631\u0645\u0629 \u0644\u0644\u0646\u0642\u0627\u0621 \u0648\u0627\u0644\u0633\u0644\u0627\u0645\u0629.<\/li>\n<\/ul>\n<p>\u0645\u062b\u0627\u0644\u064a \u0644\u0644\u0623\u0634\u062e\u0627\u0635 \u0627\u0644\u0630\u064a\u0646 \u064a\u062a\u0637\u0644\u0639\u0648\u0646 \u0625\u0644\u0649 \u0627\u0644\u062d\u0641\u0627\u0638 \u0639\u0644\u0649 \u0627\u0644\u0645\u0633\u062a\u0648\u064a\u0627\u062a \u0627\u0644\u0645\u062b\u0627\u0644\u064a\u0629 \u0644\u0644\u0645\u0639\u0627\u062f\u0646 \u0648\u0627\u0644\u0641\u064a\u062a\u0627\u0645\u064a\u0646\u0627\u062a\u060c \u0647\u0630\u0627 \u0627\u0644\u0645\u0643\u0645\u0644 \u0647\u0648 \u0627\u0644\u062d\u0644 \u0627\u0644\u0643\u0627\u0645\u0644 \u0644\u0623\u0633\u0644\u0648\u0628 \u062d\u064a\u0627\u0629 \u0646\u0634\u0637 \u0648\u0645\u062a\u0648\u0627\u0632\u0646.<\/p>","protected":false},"excerpt":{"rendered":"<p>Renforcez votre sant\u00e9 osseuse et votre bien-\u00eatre g\u00e9n\u00e9ral avec le compl\u00e9ment Calcium, Magn\u00e9sium, Zinc avec Vitamine D3 de Nature\u2019s Bounty. Ce m\u00e9lange \u00e9quilibr\u00e9 offre un soutien nutritionnel essentiel pour des os solides, des dents saines et une fonction musculaire optimale. Points forts : Sant\u00e9 des os et des dents : Le calcium et la vitamine &hellip; <a href=\"https:\/\/vitamo.ma\/ar\/shop\/supplements\/mineraux\/calcium\/natures-bounty-calcium-magnesium-zinc-avec-vitamine-d3-100-comprimes\/\" class=\"more-link\">\u0642\u0631\u0627\u0621\u0629 \u0627\u0644\u0645\u0632\u064a\u062f <span class=\"screen-reader-text\">Nature&#039;s Bounty, \u0627\u0644\u0643\u0627\u0644\u0633\u064a\u0648\u0645 \u0648\u0627\u0644\u0645\u063a\u0646\u064a\u0633\u064a\u0648\u0645 \u0648\u0627\u0644\u0632\u0646\u0643 \u0645\u0639 \u0641\u064a\u062a\u0627\u0645\u064a\u0646 \u062f3\u060c 100 \u0642\u0631\u0635<\/span><\/a><\/p>","protected":false},"featured_media":8394,"comment_status":"open","ping_status":"closed","template":"","meta":{"_sitemap_exclude":false,"_sitemap_priority":"","_sitemap_frequency":""},"product_brand":[],"product_cat":[134,139,141,142],"product_tag":[460],"class_list":{"0":"post-8387","1":"product","2":"type-product","3":"status-publish","4":"has-post-thumbnail","6":"product_cat-calcium","7":"product_cat-magnesium","8":"product_cat-vitamine-d","9":"product_cat-zinc","10":"product_tag-natures-bounty","13":"outofstock","14":"shipping-taxable","15":"purchasable","16":"product-type-simple"},"_links":{"self":[{"href":"https:\/\/vitamo.ma\/ar\/wp-json\/wp\/v2\/product\/8387","targetHints":{"allow":["GET"]}}],"collection":[{"href":"https:\/\/vitamo.ma\/ar\/wp-json\/wp\/v2\/product"}],"about":[{"href":"https:\/\/vitamo.ma\/ar\/wp-json\/wp\/v2\/types\/product"}],"replies":[{"embeddable":true,"href":"https:\/\/vitamo.ma\/ar\/wp-json\/wp\/v2\/comments?post=8387"}],"version-history":[{"count":1,"href":"https:\/\/vitamo.ma\/ar\/wp-json\/wp\/v2\/product\/8387\/revisions"}],"predecessor-version":[{"id":8393,"href":"https:\/\/vitamo.ma\/ar\/wp-json\/wp\/v2\/product\/8387\/revisions\/8393"}],"wp:featuredmedia":[{"embeddable":true,"href":"https:\/\/vitamo.ma\/ar\/wp-json\/wp\/v2\/media\/8394"}],"wp:attachment":[{"href":"https:\/\/vitamo.ma\/ar\/wp-json\/wp\/v2\/media?parent=8387"}],"wp:term":[{"taxonomy":"product_brand","embeddable":true,"href":"https:\/\/vitamo.ma\/ar\/wp-json\/wp\/v2\/product_brand?post=8387"},{"taxonomy":"product_cat","embeddable":true,"href":"https:\/\/vitamo.ma\/ar\/wp-json\/wp\/v2\/product_cat?post=8387"},{"taxonomy":"product_tag","embeddable":true,"href":"https:\/\/vitamo.ma\/ar\/wp-json\/wp\/v2\/product_tag?post=8387"}],"curies":[{"name":"wp","href":"https:\/\/api.w.org\/{rel}","templated":true}]}}