{"id":8389,"date":"2024-12-26T13:56:48","date_gmt":"2024-12-26T13:56:48","guid":{"rendered":"https:\/\/vitamo.ma\/?post_type=product&#038;p=8389"},"modified":"2024-12-31T17:00:41","modified_gmt":"2024-12-31T17:00:41","slug":"21st-century-magnesium-250-mg-110-comprimes","status":"publish","type":"product","link":"https:\/\/vitamo.ma\/ar\/shop\/supplements\/mineraux\/magnesium\/21st-century-magnesium-250-mg-110-comprimes\/","title":{"rendered":"21st Century\u060c \u0645\u063a\u0646\u064a\u0633\u064a\u0648\u0645\u060c 250 \u0645\u0644\u062c\u0645\u060c 110 \u0642\u0631\u0635"},"content":{"rendered":"<p class=\"translation-block\">\u0627\u0645\u0646\u062d \u062c\u0633\u0645\u0643 \u0627\u0644\u062f\u0639\u0645 \u0627\u0644\u0623\u0633\u0627\u0633\u064a \u0627\u0644\u0630\u064a \u064a\u062d\u062a\u0627\u062c\u0647 \u0628\u0627\u0633\u062a\u062e\u062f\u0627\u0645 <strong>\u0627\u0644\u0645\u063a\u0646\u064a\u0633\u064a\u0648\u0645 250 \u0645\u0644\u063a<\/strong> \u0645\u0646 21st Century. \u064a\u0644\u0639\u0628 \u0647\u0630\u0627 \u0627\u0644\u0645\u0643\u0645\u0644 \u062f\u0648\u0631\u064b\u0627 \u0631\u0626\u064a\u0633\u064a\u064b\u0627 \u0641\u064a \u0627\u0644\u0639\u062f\u064a\u062f \u0645\u0646 \u0648\u0638\u0627\u0626\u0641 \u0627\u0644\u062c\u0633\u0645\u060c \u0628\u0645\u0627 \u0641\u064a \u0630\u0644\u0643 \u0627\u0633\u062a\u0631\u062e\u0627\u0621 \u0627\u0644\u0639\u0636\u0644\u0627\u062a\u060c \u0648\u0627\u0644\u062d\u0641\u0627\u0638 \u0639\u0644\u0649 \u0639\u0638\u0627\u0645 \u0642\u0648\u064a\u0629\u060c \u0648\u0627\u0644\u0623\u062f\u0627\u0621 \u0627\u0644\u0633\u0644\u064a\u0645 \u0644\u0644\u062c\u0647\u0627\u0632 \u0627\u0644\u0639\u0635\u0628\u064a.<\/p>\n<ul>\n<li><strong>\u0627\u0644\u062c\u0631\u0639\u0629 \u0627\u0644\u0645\u062b\u0627\u0644\u064a\u0629<\/strong> : 250 \u0645\u0644\u063a \u0645\u0646 \u0627\u0644\u0645\u063a\u0646\u064a\u0633\u064a\u0648\u0645 \u0644\u0643\u0644 \u0642\u0631\u0635 \u0644\u062f\u0639\u0645 \u0627\u062d\u062a\u064a\u0627\u062c\u0627\u062a\u0643 \u0627\u0644\u064a\u0648\u0645\u064a\u0629.<\/li>\n<li><strong>\u0627\u0644\u0635\u062d\u0629 \u0627\u0644\u0639\u0636\u0644\u064a\u0629 \u0648\u0627\u0644\u0639\u0635\u0628\u064a\u0629<\/strong> : \u0645\u062b\u0627\u0644\u064a \u0644\u062a\u0642\u0644\u064a\u0644 \u062a\u0634\u0646\u062c\u0627\u062a \u0627\u0644\u0639\u0636\u0644\u0627\u062a \u0648\u062a\u0639\u0632\u064a\u0632 \u0627\u0644\u062a\u0648\u0627\u0632\u0646 \u0627\u0644\u0639\u0635\u0628\u064a.<\/li>\n<li><strong>\u062f\u0639\u0645 \u0627\u0644\u0639\u0638\u0627\u0645<\/strong> : \u064a\u0633\u0627\u0647\u0645 \u0641\u064a \u0635\u062d\u0629 \u0627\u0644\u0639\u0638\u0627\u0645 \u0648\u0642\u0648\u062a\u0647\u0627.<\/li>\n<li><strong>\u0623\u0642\u0631\u0627\u0635 \u0633\u0647\u0644\u0629 \u0627\u0644\u0628\u0644\u0639<\/strong> : \u0639\u0645\u0644\u064a \u0644\u0644\u0627\u0633\u062a\u062e\u062f\u0627\u0645 \u0627\u0644\u064a\u0648\u0645\u064a.<\/li>\n<li><strong>\u0627\u0644\u062c\u0648\u062f\u0629 \u0648\u0627\u0644\u0645\u0648\u062b\u0648\u0642\u064a\u0629<\/strong> : \u062a\u0645 \u062a\u0635\u0646\u064a\u0639\u0647 \u0628\u0648\u0627\u0633\u0637\u0629 21st Century\u060c \u0648\u0647\u064a \u0639\u0644\u0627\u0645\u0629 \u062a\u062c\u0627\u0631\u064a\u0629 \u0645\u0639\u0631\u0648\u0641\u0629 \u0628\u0645\u0643\u0645\u0644\u0627\u062a\u0647\u0627 \u0627\u0644\u063a\u0630\u0627\u0626\u064a\u0629 \u0639\u0627\u0644\u064a\u0629 \u0627\u0644\u062c\u0648\u062f\u0629.<\/li>\n<\/ul>\n<p>\u0627\u0644 <strong>\u0645\u063a\u0646\u064a\u0633\u064a\u0648\u0645 250 \u0645\u0644\u063a<\/strong> \u0645\u0646 21st Century \u0647\u0648 \u062e\u064a\u0627\u0631 \u0630\u0643\u064a \u0644\u0644\u062d\u0641\u0627\u0638 \u0639\u0644\u0649 \u062d\u064a\u0648\u064a\u062a\u0643 \u0648\u062f\u0639\u0645 \u0635\u062d\u062a\u0643 \u0627\u0644\u0639\u0627\u0645\u0629.<\/p>","protected":false},"excerpt":{"rendered":"<p>Offrez \u00e0 votre corps le soutien essentiel dont il a besoin avec le Magn\u00e9sium 250 mg de 21st Century. Ce compl\u00e9ment joue un r\u00f4le cl\u00e9 dans de nombreuses fonctions corporelles, notamment la relaxation musculaire, le maintien des os solides et le bon fonctionnement du syst\u00e8me nerveux. Dosage optimal : 250 mg de magn\u00e9sium par comprim\u00e9 &hellip; <a href=\"https:\/\/vitamo.ma\/ar\/shop\/supplements\/mineraux\/magnesium\/21st-century-magnesium-250-mg-110-comprimes\/\" class=\"more-link\">\u0642\u0631\u0627\u0621\u0629 \u0627\u0644\u0645\u0632\u064a\u062f <span class=\"screen-reader-text\">21st Century\u060c \u0645\u063a\u0646\u064a\u0633\u064a\u0648\u0645\u060c 250 \u0645\u0644\u062c\u0645\u060c 110 \u0642\u0631\u0635<\/span><\/a><\/p>","protected":false},"featured_media":8396,"comment_status":"open","ping_status":"closed","template":"","meta":{"_sitemap_exclude":false,"_sitemap_priority":"","_sitemap_frequency":""},"product_brand":[],"product_cat":[139],"product_tag":[190],"class_list":{"0":"post-8389","1":"product","2":"type-product","3":"status-publish","4":"has-post-thumbnail","6":"product_cat-magnesium","7":"product_tag-21st-century","10":"outofstock","11":"shipping-taxable","12":"purchasable","13":"product-type-simple"},"_links":{"self":[{"href":"https:\/\/vitamo.ma\/ar\/wp-json\/wp\/v2\/product\/8389","targetHints":{"allow":["GET"]}}],"collection":[{"href":"https:\/\/vitamo.ma\/ar\/wp-json\/wp\/v2\/product"}],"about":[{"href":"https:\/\/vitamo.ma\/ar\/wp-json\/wp\/v2\/types\/product"}],"replies":[{"embeddable":true,"href":"https:\/\/vitamo.ma\/ar\/wp-json\/wp\/v2\/comments?post=8389"}],"version-history":[{"count":1,"href":"https:\/\/vitamo.ma\/ar\/wp-json\/wp\/v2\/product\/8389\/revisions"}],"predecessor-version":[{"id":8400,"href":"https:\/\/vitamo.ma\/ar\/wp-json\/wp\/v2\/product\/8389\/revisions\/8400"}],"wp:featuredmedia":[{"embeddable":true,"href":"https:\/\/vitamo.ma\/ar\/wp-json\/wp\/v2\/media\/8396"}],"wp:attachment":[{"href":"https:\/\/vitamo.ma\/ar\/wp-json\/wp\/v2\/media?parent=8389"}],"wp:term":[{"taxonomy":"product_brand","embeddable":true,"href":"https:\/\/vitamo.ma\/ar\/wp-json\/wp\/v2\/product_brand?post=8389"},{"taxonomy":"product_cat","embeddable":true,"href":"https:\/\/vitamo.ma\/ar\/wp-json\/wp\/v2\/product_cat?post=8389"},{"taxonomy":"product_tag","embeddable":true,"href":"https:\/\/vitamo.ma\/ar\/wp-json\/wp\/v2\/product_tag?post=8389"}],"curies":[{"name":"wp","href":"https:\/\/api.w.org\/{rel}","templated":true}]}}