{"id":8404,"date":"2024-12-26T14:48:07","date_gmt":"2024-12-26T14:48:07","guid":{"rendered":"https:\/\/vitamo.ma\/?post_type=product&#038;p=8404"},"modified":"2024-12-31T17:00:41","modified_gmt":"2024-12-31T17:00:41","slug":"21st-century-calcium-vitamine-d3-90-comprimes","status":"publish","type":"product","link":"https:\/\/vitamo.ma\/ar\/shop\/supplements\/mineraux\/calcium\/21st-century-calcium-vitamine-d3-90-comprimes\/","title":{"rendered":"21st Century, \u0643\u0627\u0644\u0633\u064a\u0648\u0645 + \u0641\u064a\u062a\u0627\u0645\u064a\u0646 \u062f3\u060c 90 \u0642\u0631\u0635\u064b\u0627"},"content":{"rendered":"<p>\u0627\u0639\u062a\u0646\u064a \u0628\u0639\u0638\u0627\u0645\u0643 \u0648\u0623\u0633\u0646\u0627\u0646\u0643 \u0628\u0627\u0633\u062a\u062e\u062f\u0627\u0645 \u0627\u0644\u0645\u0643\u0645\u0644 <strong>\u0643\u0627\u0644\u0633\u064a\u0648\u0645 + \u0641\u064a\u062a\u0627\u0645\u064a\u0646 \u062f3<\/strong> \u0645\u0646 21st Century. \u062a\u062c\u0645\u0639 \u0647\u0630\u0647 \u0627\u0644\u062a\u0631\u0643\u064a\u0628\u0629 \u0627\u0644\u0623\u0633\u0627\u0633\u064a\u0629 \u0628\u064a\u0646 \u0627\u0644\u0643\u0627\u0644\u0633\u064a\u0648\u0645\u060c \u0648\u0647\u0648 \u0645\u0639\u062f\u0646 \u0623\u0633\u0627\u0633\u064a \u0644\u0642\u0648\u0629 \u0627\u0644\u0639\u0638\u0627\u0645\u060c \u0648\u0641\u064a\u062a\u0627\u0645\u064a\u0646 \u062f3\u060c \u0627\u0644\u0630\u064a \u064a\u062d\u0633\u0646 \u0627\u0645\u062a\u0635\u0627\u0635\u0647 \u0648\u064a\u062f\u0639\u0645 \u0635\u062d\u0629 \u0627\u0644\u0645\u0646\u0627\u0639\u0629.<\/p>\n<h3><\/h3>\n<ul>\n<li><strong>\u0635\u062d\u0629 \u0627\u0644\u0639\u0638\u0627\u0645 \u0648\u0627\u0644\u0623\u0633\u0646\u0627\u0646<\/strong> : \u064a\u0633\u0627\u0639\u062f \u0627\u0644\u0643\u0627\u0644\u0633\u064a\u0648\u0645 \u0639\u0644\u0649 \u062a\u0642\u0648\u064a\u0629 \u0627\u0644\u0639\u0638\u0627\u0645 \u0648\u0627\u0644\u0623\u0633\u0646\u0627\u0646.<\/li>\n<li><strong>\u062a\u062d\u0633\u064a\u0646 \u0627\u0644\u0627\u0645\u062a\u0635\u0627\u0635<\/strong> : \u0641\u064a\u062a\u0627\u0645\u064a\u0646 \u062f3 \u064a\u0639\u0632\u0632 \u0627\u0645\u062a\u0635\u0627\u0635 \u0627\u0644\u0643\u0627\u0644\u0633\u064a\u0648\u0645 \u0628\u0634\u0643\u0644 \u0623\u0641\u0636\u0644.<\/li>\n<li><strong>\u062f\u0639\u0645 \u0627\u0644\u0645\u0646\u0627\u0639\u0629<\/strong> : \u064a\u0633\u0627\u0639\u062f \u0641\u064a\u062a\u0627\u0645\u064a\u0646 \u062f3 \u0623\u064a\u0636\u064b\u0627 \u0641\u064a \u0627\u0644\u062d\u0641\u0627\u0638 \u0639\u0644\u0649 \u062f\u0641\u0627\u0639\u0627\u062a \u0637\u0628\u064a\u0639\u064a\u0629 \u0642\u0648\u064a\u0629.<\/li>\n<li><strong>\u0639\u0645\u0644\u064a<\/strong> : 90 \u0642\u0631\u0635\u064b\u0627 \u0633\u0647\u0644 \u0627\u0644\u062a\u0646\u0627\u0648\u0644 \u0644\u0644\u0627\u0633\u062a\u062e\u062f\u0627\u0645 \u0627\u0644\u064a\u0648\u0645\u064a.<\/li>\n<li><strong>\u062c\u0648\u062f\u0629 \u0645\u0636\u0645\u0648\u0646\u0629<\/strong> : \u062a\u0645 \u062a\u0635\u0646\u064a\u0639\u0647 \u0628\u0648\u0627\u0633\u0637\u0629 21st Century\u060c \u0648\u0647\u064a \u0639\u0644\u0627\u0645\u0629 \u062a\u062c\u0627\u0631\u064a\u0629 \u0645\u0639\u0631\u0648\u0641\u0629 \u0628\u0645\u0639\u0627\u064a\u064a\u0631\u0647\u0627 \u0627\u0644\u0635\u0627\u0631\u0645\u0629 \u0641\u064a \u0627\u0644\u0645\u0643\u0645\u0644\u0627\u062a \u0627\u0644\u063a\u0630\u0627\u0626\u064a\u0629.<\/li>\n<\/ul>\n<p>\u0645\u062b\u0627\u0644\u064a \u0644\u0623\u064a \u0634\u062e\u0635 \u064a\u062a\u0637\u0644\u0639 \u0625\u0644\u0649 \u0627\u0644\u062d\u0641\u0627\u0638 \u0639\u0644\u0649 \u0635\u062d\u0629 \u0639\u0638\u0627\u0645\u0647 \u0648\u0631\u0641\u0627\u0647\u064a\u062a\u0647 \u0628\u0634\u0643\u0644 \u0639\u0627\u0645 <strong>\u0643\u0627\u0644\u0633\u064a\u0648\u0645 + \u0641\u064a\u062a\u0627\u0645\u064a\u0646 \u062f3<\/strong> \u0645\u0646 21st Century \u0647\u0648 \u062d\u0644 \u0628\u0633\u064a\u0637 \u0648\u0641\u0639\u0627\u0644.<\/p>","protected":false},"excerpt":{"rendered":"<p>Prenez soin de vos os et de vos dents avec le compl\u00e9ment Calcium + Vitamine D3 de 21st Century. Cette formule essentielle combine du calcium, un min\u00e9ral cl\u00e9 pour la solidit\u00e9 osseuse, avec de la vitamine D3, qui am\u00e9liore son absorption et soutient la sant\u00e9 immunitaire. Sant\u00e9 osseuse et dentaire : Le calcium contribue \u00e0 &hellip; <a href=\"https:\/\/vitamo.ma\/ar\/shop\/supplements\/mineraux\/calcium\/21st-century-calcium-vitamine-d3-90-comprimes\/\" class=\"more-link\">\u0642\u0631\u0627\u0621\u0629 \u0627\u0644\u0645\u0632\u064a\u062f <span class=\"screen-reader-text\">21st Century, \u0643\u0627\u0644\u0633\u064a\u0648\u0645 + \u0641\u064a\u062a\u0627\u0645\u064a\u0646 \u062f3\u060c 90 \u0642\u0631\u0635\u064b\u0627<\/span><\/a><\/p>","protected":false},"featured_media":8409,"comment_status":"open","ping_status":"closed","template":"","meta":{"_sitemap_exclude":false,"_sitemap_priority":"","_sitemap_frequency":""},"product_brand":[],"product_cat":[134,141],"product_tag":[190],"class_list":{"0":"post-8404","1":"product","2":"type-product","3":"status-publish","4":"has-post-thumbnail","6":"product_cat-calcium","7":"product_cat-vitamine-d","8":"product_tag-21st-century","11":"outofstock","12":"shipping-taxable","13":"purchasable","14":"product-type-simple"},"_links":{"self":[{"href":"https:\/\/vitamo.ma\/ar\/wp-json\/wp\/v2\/product\/8404","targetHints":{"allow":["GET"]}}],"collection":[{"href":"https:\/\/vitamo.ma\/ar\/wp-json\/wp\/v2\/product"}],"about":[{"href":"https:\/\/vitamo.ma\/ar\/wp-json\/wp\/v2\/types\/product"}],"replies":[{"embeddable":true,"href":"https:\/\/vitamo.ma\/ar\/wp-json\/wp\/v2\/comments?post=8404"}],"version-history":[{"count":1,"href":"https:\/\/vitamo.ma\/ar\/wp-json\/wp\/v2\/product\/8404\/revisions"}],"predecessor-version":[{"id":8412,"href":"https:\/\/vitamo.ma\/ar\/wp-json\/wp\/v2\/product\/8404\/revisions\/8412"}],"wp:featuredmedia":[{"embeddable":true,"href":"https:\/\/vitamo.ma\/ar\/wp-json\/wp\/v2\/media\/8409"}],"wp:attachment":[{"href":"https:\/\/vitamo.ma\/ar\/wp-json\/wp\/v2\/media?parent=8404"}],"wp:term":[{"taxonomy":"product_brand","embeddable":true,"href":"https:\/\/vitamo.ma\/ar\/wp-json\/wp\/v2\/product_brand?post=8404"},{"taxonomy":"product_cat","embeddable":true,"href":"https:\/\/vitamo.ma\/ar\/wp-json\/wp\/v2\/product_cat?post=8404"},{"taxonomy":"product_tag","embeddable":true,"href":"https:\/\/vitamo.ma\/ar\/wp-json\/wp\/v2\/product_tag?post=8404"}],"curies":[{"name":"wp","href":"https:\/\/api.w.org\/{rel}","templated":true}]}}