{"id":8434,"date":"2024-12-31T10:08:24","date_gmt":"2024-12-31T10:08:24","guid":{"rendered":"https:\/\/vitamo.ma\/?post_type=product&#038;p=8434"},"modified":"2024-12-31T17:00:59","modified_gmt":"2024-12-31T17:00:59","slug":"california-gold-nutrition-immune-4-soutien-renforce-du-systeme-immunitaire-60-gelules-vegetales","status":"publish","type":"product","link":"https:\/\/vitamo.ma\/ar\/shop\/supplements\/mineraux\/selenium\/california-gold-nutrition-immune-4-soutien-renforce-du-systeme-immunitaire-60-gelules-vegetales\/","title":{"rendered":"California Gold Nutrition, Immune 4 \u0644\u062f\u0639\u0645 \u0627\u0644\u062c\u0647\u0627\u0632 \u0627\u0644\u0645\u0646\u0627\u0639\u064a \u0627\u0644\u0645\u0639\u0632\u0632\u060c 60 \u0643\u0628\u0633\u0648\u0644\u0629 \u0646\u0628\u0627\u062a\u064a\u0629"},"content":{"rendered":"<p>\u062a\u0639\u0632\u064a\u0632 \u062f\u0641\u0627\u0639\u0627\u062a\u0643 \u0627\u0644\u0637\u0628\u064a\u0639\u064a\u0629 \u0645\u0639 <strong>\u0627\u0644\u0645\u0646\u0627\u0639\u0629 4<\/strong> \u0645\u0646 \u0643\u0627\u0644\u064a\u0641\u0648\u0631\u0646\u064a\u0627 \u062c\u0648\u0644\u062f \u0646\u064a\u0648\u062a\u0631\u064a\u0634\u0646! \u062a\u062c\u0645\u0639 \u0647\u0630\u0647 \u0627\u0644\u062a\u0631\u0643\u064a\u0628\u0629 \u0627\u0644\u0645\u0628\u062a\u0643\u0631\u0629 \u0628\u064a\u0646 \u0623\u0631\u0628\u0639\u0629 \u0645\u0643\u0648\u0646\u0627\u062a \u0631\u0626\u064a\u0633\u064a\u0629 \u0644\u062f\u0639\u0645 \u062c\u0647\u0627\u0632\u0643 \u0627\u0644\u0645\u0646\u0627\u0639\u064a:<\/p>\n<ul>\n<li><strong>\u0625\u0634\u0646\u0633\u0627<\/strong> : Une plante traditionnelle r\u00e9put\u00e9e pour renforcer les d\u00e9fenses de l&#8217;organisme.<\/li>\n<li><strong>\u0641\u064a\u062a\u0627\u0645\u064a\u0646 C<\/strong> : \u0645\u0636\u0627\u062f \u0642\u0648\u064a \u0644\u0644\u0623\u0643\u0633\u062f\u0629 \u064a\u0633\u0627\u0639\u062f \u0639\u0644\u0649 \u062d\u0645\u0627\u064a\u0629 \u0627\u0644\u062e\u0644\u0627\u064a\u0627 \u0645\u0646 \u0627\u0644\u0625\u062c\u0647\u0627\u062f \u0627\u0644\u062a\u0623\u0643\u0633\u062f\u064a.<\/li>\n<li><strong>\u0627\u0644\u0632\u0646\u0643<\/strong> : \u0645\u0639\u062f\u0646 \u0636\u0631\u0648\u0631\u064a \u0644\u062d\u0633\u0646 \u0633\u064a\u0631 \u0627\u0644\u0639\u0645\u0644 \u0641\u064a \u062c\u0647\u0627\u0632 \u0627\u0644\u0645\u0646\u0627\u0639\u0629.<\/li>\n<li><strong>\u0627\u0644\u0628\u0644\u0633\u0627\u0646 \u0646\u0628\u0627\u062a<\/strong> : \u0641\u0627\u0643\u0647\u0629 \u063a\u0646\u064a\u0629 \u0628\u0627\u0644\u0645\u0631\u0643\u0628\u0627\u062a \u0627\u0644\u0645\u0641\u064a\u062f\u0629 \u0644\u0644\u0627\u0633\u062a\u062c\u0627\u0628\u0629 \u0627\u0644\u0645\u0646\u0627\u0639\u064a\u0629 \u0627\u0644\u0635\u062d\u064a\u0629.<\/li>\n<\/ul>\n<p>\u0647\u0630\u0647 \u0627\u0644\u0643\u0628\u0633\u0648\u0644\u0627\u062a \u0627\u0644\u0646\u0628\u0627\u062a\u064a\u0629\u060c \u063a\u064a\u0631 \u0627\u0644\u0645\u0639\u062f\u0644\u0629 \u0648\u0631\u0627\u062b\u064a\u064b\u0627 \u0648\u062a\u0644\u0628\u064a \u0645\u0639\u0627\u064a\u064a\u0631 \u0627\u0644\u062c\u0648\u062f\u0629 \u0627\u0644\u0639\u0627\u0644\u064a\u0629 \u0627\u0644\u062e\u0627\u0635\u0629 \u0628\u0640 California Gold Nutrition\u060c \u0645\u062b\u0627\u0644\u064a\u0629 \u0644\u0644\u0646\u0628\u0627\u062a\u064a\u064a\u0646 \u0648\u0627\u0644\u0623\u0634\u062e\u0627\u0635 \u0627\u0644\u0645\u0647\u062a\u0645\u064a\u0646 \u0628\u0627\u0644\u0635\u062d\u0629.<\/p>\n<p>\u064a\u062a\u0628\u0646\u0649 <strong>\u0627\u0644\u0645\u0646\u0627\u0639\u0629 4<\/strong> pour soutenir votre corps tout au long de l&#8217;ann\u00e9e et rester au top de votre forme, m\u00eame pendant les saisons difficiles.<\/p>","protected":false},"excerpt":{"rendered":"<p>Boostez vos d\u00e9fenses naturelles avec Immune 4 de California Gold Nutrition ! Cette formule innovante associe quatre ingr\u00e9dients cl\u00e9s pour soutenir votre syst\u00e8me immunitaire : \u00c9chinac\u00e9e : Une plante traditionnelle r\u00e9put\u00e9e pour renforcer les d\u00e9fenses de l&#8217;organisme. Vitamine C : Antioxydant puissant qui aide \u00e0 prot\u00e9ger les cellules contre le stress oxydatif. Zinc : Un &hellip; <a href=\"https:\/\/vitamo.ma\/ar\/shop\/supplements\/mineraux\/selenium\/california-gold-nutrition-immune-4-soutien-renforce-du-systeme-immunitaire-60-gelules-vegetales\/\" class=\"more-link\">\u0642\u0631\u0627\u0621\u0629 \u0627\u0644\u0645\u0632\u064a\u062f <span class=\"screen-reader-text\">California Gold Nutrition, Immune 4 \u0644\u062f\u0639\u0645 \u0627\u0644\u062c\u0647\u0627\u0632 \u0627\u0644\u0645\u0646\u0627\u0639\u064a \u0627\u0644\u0645\u0639\u0632\u0632\u060c 60 \u0643\u0628\u0633\u0648\u0644\u0629 \u0646\u0628\u0627\u062a\u064a\u0629<\/span><\/a><\/p>","protected":false},"featured_media":8440,"comment_status":"open","ping_status":"closed","template":"","meta":{"_sitemap_exclude":false,"_sitemap_priority":"","_sitemap_frequency":""},"product_brand":[],"product_cat":[462],"product_tag":[193],"class_list":{"0":"post-8434","1":"product","2":"type-product","3":"status-publish","4":"has-post-thumbnail","6":"product_cat-selenium","7":"product_tag-california-gold-nutrition","10":"outofstock","11":"shipping-taxable","12":"purchasable","13":"product-type-simple"},"_links":{"self":[{"href":"https:\/\/vitamo.ma\/ar\/wp-json\/wp\/v2\/product\/8434","targetHints":{"allow":["GET"]}}],"collection":[{"href":"https:\/\/vitamo.ma\/ar\/wp-json\/wp\/v2\/product"}],"about":[{"href":"https:\/\/vitamo.ma\/ar\/wp-json\/wp\/v2\/types\/product"}],"replies":[{"embeddable":true,"href":"https:\/\/vitamo.ma\/ar\/wp-json\/wp\/v2\/comments?post=8434"}],"version-history":[{"count":1,"href":"https:\/\/vitamo.ma\/ar\/wp-json\/wp\/v2\/product\/8434\/revisions"}],"predecessor-version":[{"id":8446,"href":"https:\/\/vitamo.ma\/ar\/wp-json\/wp\/v2\/product\/8434\/revisions\/8446"}],"wp:featuredmedia":[{"embeddable":true,"href":"https:\/\/vitamo.ma\/ar\/wp-json\/wp\/v2\/media\/8440"}],"wp:attachment":[{"href":"https:\/\/vitamo.ma\/ar\/wp-json\/wp\/v2\/media?parent=8434"}],"wp:term":[{"taxonomy":"product_brand","embeddable":true,"href":"https:\/\/vitamo.ma\/ar\/wp-json\/wp\/v2\/product_brand?post=8434"},{"taxonomy":"product_cat","embeddable":true,"href":"https:\/\/vitamo.ma\/ar\/wp-json\/wp\/v2\/product_cat?post=8434"},{"taxonomy":"product_tag","embeddable":true,"href":"https:\/\/vitamo.ma\/ar\/wp-json\/wp\/v2\/product_tag?post=8434"}],"curies":[{"name":"wp","href":"https:\/\/api.w.org\/{rel}","templated":true}]}}