{"id":8435,"date":"2024-12-31T10:08:32","date_gmt":"2024-12-31T10:08:32","guid":{"rendered":"https:\/\/vitamo.ma\/?post_type=product&#038;p=8435"},"modified":"2024-12-31T17:00:59","modified_gmt":"2024-12-31T17:00:59","slug":"now-foods-selenium-100-mcg-250-comprimes-soutien-antioxydant-essentiel","status":"publish","type":"product","link":"https:\/\/vitamo.ma\/ar\/shop\/supplements\/mineraux\/selenium\/now-foods-selenium-100-mcg-250-comprimes-soutien-antioxydant-essentiel\/","title":{"rendered":"NOW Foods \u0627\u0644\u0633\u064a\u0644\u064a\u0646\u064a\u0648\u0645 100 \u0645\u064a\u0643\u0631\u0648\u062c\u0631\u0627\u0645 250 \u0642\u0631\u0635 \u062f\u0639\u0645 \u0623\u0633\u0627\u0633\u064a \u0644\u0645\u0636\u0627\u062f\u0627\u062a \u0627\u0644\u0623\u0643\u0633\u062f\u0629"},"content":{"rendered":"<p>\u0627\u0639\u062a\u0646\u064a \u0628\u0635\u062d\u062a\u0643 \u0645\u0639 <strong>\u0633\u064a\u0644\u064a\u0646\u064a\u0648\u0645 100 \u0645\u064a\u0643\u0631\u0648\u062c\u0631\u0627\u0645<\/strong> \u0645\u0646 NOW Foods\u060c \u0648\u0647\u0648 \u0645\u0643\u0645\u0644 \u0623\u0633\u0627\u0633\u064a \u0644\u062f\u0639\u0645 \u0635\u062d\u062a\u0643 \u0627\u0644\u064a\u0648\u0645\u064a\u0629.<\/p>\n<ul>\n<li><strong>\u0645\u0636\u0627\u062f\u0627\u062a \u0627\u0644\u0623\u0643\u0633\u062f\u0629 \u0627\u0644\u0642\u0648\u064a\u0629<\/strong> : \u064a\u0633\u0627\u0639\u062f \u0627\u0644\u0633\u064a\u0644\u064a\u0646\u064a\u0648\u0645 \u0639\u0644\u0649 \u062d\u0645\u0627\u064a\u0629 \u062e\u0644\u0627\u064a\u0627\u0643 \u0645\u0646 \u0627\u0644\u0625\u062c\u0647\u0627\u062f \u0627\u0644\u062a\u0623\u0643\u0633\u062f\u064a \u0648\u0627\u0644\u062d\u0641\u0627\u0638 \u0639\u0644\u0649 \u0648\u0638\u064a\u0641\u0629 \u0627\u0644\u0645\u0646\u0627\u0639\u0629 \u0627\u0644\u0645\u062b\u0627\u0644\u064a\u0629.<\/li>\n<li><strong>\u062f\u0639\u0645 \u0627\u0644\u063a\u062f\u0629 \u0627\u0644\u062f\u0631\u0642\u064a\u0629<\/strong> : \u064a\u0633\u0627\u0647\u0645 \u0641\u064a \u062d\u0633\u0646 \u0623\u062f\u0627\u0621 \u0627\u0644\u063a\u062f\u0629 \u0627\u0644\u062f\u0631\u0642\u064a\u0629\u060c \u0648\u0647\u0648 \u0636\u0631\u0648\u0631\u064a \u0644\u062a\u0646\u0638\u064a\u0645 \u0639\u0645\u0644\u064a\u0629 \u0627\u0644\u062a\u0645\u062b\u064a\u0644 \u0627\u0644\u063a\u0630\u0627\u0626\u064a.<\/li>\n<li><strong>\u0635\u064a\u063a\u0629 \u0627\u0644\u062c\u0648\u062f\u0629<\/strong> : \u064a\u0642\u062f\u0645 \u0643\u0644 \u0642\u0631\u0635 \u062c\u0631\u0639\u0629 \u062f\u0642\u064a\u0642\u0629 \u0642\u062f\u0631\u0647\u0627 100 \u0645\u064a\u0643\u0631\u0648\u062c\u0631\u0627\u0645\u060c \u0645\u0646\u0627\u0633\u0628\u0629 \u0644\u0644\u0627\u0633\u062a\u062e\u062f\u0627\u0645 \u0627\u0644\u064a\u0648\u0645\u064a.<\/li>\n<\/ul>\n<p>\u0647\u0630\u0627 \u0627\u0644\u0645\u0646\u062a\u062c \u0645\u0639\u062a\u0645\u062f \u0643\u0645\u0646\u062a\u062c \u063a\u064a\u0631 \u0645\u0639\u062f\u0644 \u0648\u0631\u0627\u062b\u064a\u064b\u0627 \u0648\u062a\u0645 \u062a\u0635\u0646\u064a\u0639\u0647 \u0648\u0641\u0642\u064b\u0627 \u0644\u0623\u0639\u0644\u0649 \u0645\u0639\u0627\u064a\u064a\u0631 \u0627\u0644\u062c\u0648\u062f\u0629\u060c \u0648\u0647\u0648 \u0645\u062b\u0627\u0644\u064a \u0644\u0623\u0648\u0644\u0626\u0643 \u0627\u0644\u0630\u064a\u0646 \u064a\u0631\u063a\u0628\u0648\u0646 \u0641\u064a \u0627\u0644\u062d\u0641\u0627\u0638 \u0639\u0644\u0649 \u0635\u062d\u062a\u0647\u0645 \u0648\u062d\u064a\u0648\u064a\u062a\u0647\u0645 \u0628\u0634\u0643\u0644 \u0639\u0627\u0645.<\/p>\n<p><strong>NOW Foods<\/strong> : \u0634\u0631\u064a\u0643\u0643 \u0627\u0644\u0645\u0648\u062b\u0648\u0642 \u0628\u0647 \u0644\u0644\u0645\u0643\u0645\u0644\u0627\u062a \u0627\u0644\u063a\u0630\u0627\u0626\u064a\u0629 \u0627\u0644\u0622\u0645\u0646\u0629 \u0648\u0627\u0644\u0641\u0639\u0627\u0644\u0629.<\/p>","protected":false},"excerpt":{"rendered":"<p>Prenez soin de votre bien-\u00eatre avec le S\u00e9l\u00e9nium 100 mcg de NOW Foods, un compl\u00e9ment essentiel pour soutenir votre sant\u00e9 au quotidien. Antioxydant puissant : Le s\u00e9l\u00e9nium aide \u00e0 prot\u00e9ger vos cellules contre le stress oxydatif et \u00e0 maintenir une fonction immunitaire optimale. Soutien thyro\u00efdien : Contribue au bon fonctionnement de la glande thyro\u00efde, essentielle &hellip; <a href=\"https:\/\/vitamo.ma\/ar\/shop\/supplements\/mineraux\/selenium\/now-foods-selenium-100-mcg-250-comprimes-soutien-antioxydant-essentiel\/\" class=\"more-link\">\u0642\u0631\u0627\u0621\u0629 \u0627\u0644\u0645\u0632\u064a\u062f <span class=\"screen-reader-text\">NOW Foods \u0627\u0644\u0633\u064a\u0644\u064a\u0646\u064a\u0648\u0645 100 \u0645\u064a\u0643\u0631\u0648\u062c\u0631\u0627\u0645 250 \u0642\u0631\u0635 \u062f\u0639\u0645 \u0623\u0633\u0627\u0633\u064a \u0644\u0645\u0636\u0627\u062f\u0627\u062a \u0627\u0644\u0623\u0643\u0633\u062f\u0629<\/span><\/a><\/p>","protected":false},"featured_media":8441,"comment_status":"open","ping_status":"closed","template":"","meta":{"_sitemap_exclude":false,"_sitemap_priority":"","_sitemap_frequency":""},"product_brand":[],"product_cat":[462],"product_tag":[192],"class_list":{"0":"post-8435","1":"product","2":"type-product","3":"status-publish","4":"has-post-thumbnail","6":"product_cat-selenium","7":"product_tag-now-foods","10":"outofstock","11":"shipping-taxable","12":"purchasable","13":"product-type-simple"},"_links":{"self":[{"href":"https:\/\/vitamo.ma\/ar\/wp-json\/wp\/v2\/product\/8435","targetHints":{"allow":["GET"]}}],"collection":[{"href":"https:\/\/vitamo.ma\/ar\/wp-json\/wp\/v2\/product"}],"about":[{"href":"https:\/\/vitamo.ma\/ar\/wp-json\/wp\/v2\/types\/product"}],"replies":[{"embeddable":true,"href":"https:\/\/vitamo.ma\/ar\/wp-json\/wp\/v2\/comments?post=8435"}],"version-history":[{"count":1,"href":"https:\/\/vitamo.ma\/ar\/wp-json\/wp\/v2\/product\/8435\/revisions"}],"predecessor-version":[{"id":8447,"href":"https:\/\/vitamo.ma\/ar\/wp-json\/wp\/v2\/product\/8435\/revisions\/8447"}],"wp:featuredmedia":[{"embeddable":true,"href":"https:\/\/vitamo.ma\/ar\/wp-json\/wp\/v2\/media\/8441"}],"wp:attachment":[{"href":"https:\/\/vitamo.ma\/ar\/wp-json\/wp\/v2\/media?parent=8435"}],"wp:term":[{"taxonomy":"product_brand","embeddable":true,"href":"https:\/\/vitamo.ma\/ar\/wp-json\/wp\/v2\/product_brand?post=8435"},{"taxonomy":"product_cat","embeddable":true,"href":"https:\/\/vitamo.ma\/ar\/wp-json\/wp\/v2\/product_cat?post=8435"},{"taxonomy":"product_tag","embeddable":true,"href":"https:\/\/vitamo.ma\/ar\/wp-json\/wp\/v2\/product_tag?post=8435"}],"curies":[{"name":"wp","href":"https:\/\/api.w.org\/{rel}","templated":true}]}}