{"id":8436,"date":"2024-12-31T10:08:33","date_gmt":"2024-12-31T10:08:33","guid":{"rendered":"https:\/\/vitamo.ma\/?post_type=product&#038;p=8436"},"modified":"2024-12-31T17:00:59","modified_gmt":"2024-12-31T17:00:59","slug":"21st-century-selenium-200-mcg-60-gelules","status":"publish","type":"product","link":"https:\/\/vitamo.ma\/ar\/shop\/supplements\/mineraux\/selenium\/21st-century-selenium-200-mcg-60-gelules\/","title":{"rendered":"21st Century, \u0633\u064a\u0644\u064a\u0646\u064a\u0648\u0645\u060c 200 \u0645\u064a\u0643\u0631\u0648\u062c\u0631\u0627\u0645\u060c 60 \u0643\u0628\u0633\u0648\u0644\u0629"},"content":{"rendered":"<p>\u062a\u062d\u0633\u064a\u0646 \u0635\u062d\u062a\u0643 \u0645\u0639 <strong>\u0633\u064a\u0644\u064a\u0646\u064a\u0648\u0645 200 \u0645\u064a\u0643\u0631\u0648\u062c\u0631\u0627\u0645<\/strong> \u0645\u0646 21st Century\u060c \u0648\u0647\u0648 \u0645\u0643\u0645\u0644 \u0623\u0633\u0627\u0633\u064a \u0644\u0644\u0631\u0641\u0627\u0647\u064a\u0629 \u0627\u0644\u0643\u0627\u0645\u0644\u0629.<\/p>\n<ul>\n<li><strong>\u062d\u0645\u0627\u064a\u0629 \u0645\u0636\u0627\u062f\u0629 \u0644\u0644\u0623\u0643\u0633\u062f\u0629<\/strong> : \u064a\u0633\u0627\u0639\u062f \u0627\u0644\u0633\u064a\u0644\u064a\u0646\u064a\u0648\u0645 \u0639\u0644\u0649 \u062a\u062d\u064a\u064a\u062f \u0627\u0644\u062c\u0630\u0648\u0631 \u0627\u0644\u062d\u0631\u0629\u060c \u0648\u0628\u0627\u0644\u062a\u0627\u0644\u064a \u062d\u0645\u0627\u064a\u0629 \u062e\u0644\u0627\u064a\u0627\u0643 \u0645\u0646 \u0627\u0644\u0625\u062c\u0647\u0627\u062f \u0627\u0644\u062a\u0623\u0643\u0633\u062f\u064a.<\/li>\n<li><strong>\u062f\u0639\u0645 \u0627\u0644\u0645\u0646\u0627\u0639\u0629<\/strong> : \u064a\u0639\u0632\u0632 \u0627\u0644\u0623\u062f\u0627\u0621 \u0627\u0644\u0633\u0644\u064a\u0645 \u0644\u062c\u0647\u0627\u0632 \u0627\u0644\u0645\u0646\u0627\u0639\u0629 \u0644\u062a\u0639\u0632\u064a\u0632 \u0627\u0644\u062f\u0641\u0627\u0639 \u0627\u0644\u0637\u0628\u064a\u0639\u064a.<\/li>\n<li><strong>\u0635\u062d\u0629 \u0627\u0644\u063a\u062f\u0629 \u0627\u0644\u062f\u0631\u0642\u064a\u0629<\/strong> : Participe \u00e0 la r\u00e9gulation des hormones thyro\u00efdiennes, essentielles pour le m\u00e9tabolisme et l&#8217;\u00e9nergie.<\/li>\n<\/ul>\n<p>Avec sa formule \u00e0 base de capsules faciles \u00e0 avaler et un dosage optimal de 200 mcg, ce compl\u00e9ment est con\u00e7u pour s&#8217;int\u00e9grer parfaitement \u00e0 votre routine quotidienne.<\/p>\n<p><strong>21st Century<\/strong> \u062a\u0636\u0645\u0646 \u0645\u0646\u062a\u062c\u0627\u062a \u0639\u0627\u0644\u064a\u0629 \u0627\u0644\u062c\u0648\u062f\u0629 \u0648\u063a\u064a\u0631 \u0645\u0639\u062f\u0644\u0629 \u0648\u0631\u0627\u062b\u064a\u064b\u0627 \u0644\u062a\u0644\u0628\u064a\u0629 \u0627\u062d\u062a\u064a\u0627\u062c\u0627\u062a \u0623\u0646\u0645\u0627\u0637 \u0627\u0644\u062d\u064a\u0627\u0629 \u0627\u0644\u062d\u062f\u064a\u062b\u0629.<\/p>\n<p>\u0627\u0639\u062a\u0646\u064a \u0628\u0646\u0641\u0633\u0643 \u0643\u0644 \u064a\u0648\u0645 \u0645\u0639 \u0647\u0630\u0627 \u0627\u0644\u062d\u0644\u064a\u0641 \u0627\u0644\u0642\u0648\u064a \u0644\u0635\u062d\u062a\u0643 \u0627\u0644\u0639\u0627\u0645\u0629.<\/p>","protected":false},"excerpt":{"rendered":"<p>Optimisez votre sant\u00e9 avec le S\u00e9l\u00e9nium 200 mcg de 21st Century, un compl\u00e9ment essentiel pour un bien-\u00eatre complet. Protection antioxydante : Le s\u00e9l\u00e9nium aide \u00e0 neutraliser les radicaux libres, pr\u00e9servant ainsi vos cellules du stress oxydatif. Soutien immunitaire : Favorise le bon fonctionnement du syst\u00e8me immunitaire pour une d\u00e9fense naturelle renforc\u00e9e. Sant\u00e9 thyro\u00efdienne : Participe &hellip; <a href=\"https:\/\/vitamo.ma\/ar\/shop\/supplements\/mineraux\/selenium\/21st-century-selenium-200-mcg-60-gelules\/\" class=\"more-link\">\u0642\u0631\u0627\u0621\u0629 \u0627\u0644\u0645\u0632\u064a\u062f <span class=\"screen-reader-text\">21st Century, \u0633\u064a\u0644\u064a\u0646\u064a\u0648\u0645\u060c 200 \u0645\u064a\u0643\u0631\u0648\u062c\u0631\u0627\u0645\u060c 60 \u0643\u0628\u0633\u0648\u0644\u0629<\/span><\/a><\/p>","protected":false},"featured_media":8529,"comment_status":"open","ping_status":"closed","template":"","meta":{"_sitemap_exclude":false,"_sitemap_priority":"","_sitemap_frequency":""},"product_brand":[],"product_cat":[462],"product_tag":[190],"class_list":{"0":"post-8436","1":"product","2":"type-product","3":"status-publish","4":"has-post-thumbnail","6":"product_cat-selenium","7":"product_tag-21st-century","10":"outofstock","11":"shipping-taxable","12":"purchasable","13":"product-type-simple"},"_links":{"self":[{"href":"https:\/\/vitamo.ma\/ar\/wp-json\/wp\/v2\/product\/8436","targetHints":{"allow":["GET"]}}],"collection":[{"href":"https:\/\/vitamo.ma\/ar\/wp-json\/wp\/v2\/product"}],"about":[{"href":"https:\/\/vitamo.ma\/ar\/wp-json\/wp\/v2\/types\/product"}],"replies":[{"embeddable":true,"href":"https:\/\/vitamo.ma\/ar\/wp-json\/wp\/v2\/comments?post=8436"}],"version-history":[{"count":1,"href":"https:\/\/vitamo.ma\/ar\/wp-json\/wp\/v2\/product\/8436\/revisions"}],"predecessor-version":[{"id":8448,"href":"https:\/\/vitamo.ma\/ar\/wp-json\/wp\/v2\/product\/8436\/revisions\/8448"}],"wp:featuredmedia":[{"embeddable":true,"href":"https:\/\/vitamo.ma\/ar\/wp-json\/wp\/v2\/media\/8529"}],"wp:attachment":[{"href":"https:\/\/vitamo.ma\/ar\/wp-json\/wp\/v2\/media?parent=8436"}],"wp:term":[{"taxonomy":"product_brand","embeddable":true,"href":"https:\/\/vitamo.ma\/ar\/wp-json\/wp\/v2\/product_brand?post=8436"},{"taxonomy":"product_cat","embeddable":true,"href":"https:\/\/vitamo.ma\/ar\/wp-json\/wp\/v2\/product_cat?post=8436"},{"taxonomy":"product_tag","embeddable":true,"href":"https:\/\/vitamo.ma\/ar\/wp-json\/wp\/v2\/product_tag?post=8436"}],"curies":[{"name":"wp","href":"https:\/\/api.w.org\/{rel}","templated":true}]}}