{"id":8438,"date":"2024-12-31T10:08:33","date_gmt":"2024-12-31T10:08:33","guid":{"rendered":"https:\/\/vitamo.ma\/?post_type=product&#038;p=8438"},"modified":"2024-12-31T17:00:59","modified_gmt":"2024-12-31T17:00:59","slug":"life-extension-ashwagandha-optimise-125-mg-60-capsules-vegetariennes","status":"publish","type":"product","link":"https:\/\/vitamo.ma\/ar\/shop\/supplements\/herbes\/ashwagandha\/life-extension-ashwagandha-optimise-125-mg-60-capsules-vegetariennes\/","title":{"rendered":"Life Extension, \u0627\u0634\u0648\u0627\u063a\u0627\u0646\u062f\u0627 \u0627\u0644\u0645\u064f\u062d\u0633\u0651\u0646\u0629\u060c 125 \u0645\u062c\u0645\u060c 60 \u0643\u0628\u0633\u0648\u0644\u0629 \u0646\u0628\u0627\u062a\u064a\u0629"},"content":{"rendered":"<p>Offrez \u00e0 votre corps et \u00e0 votre esprit le meilleur de la nature avec l&#8217;<strong>\u0627\u0644\u0623\u0645\u062b\u0644 \u0627\u0634\u0648\u0627\u063a\u0627\u0646\u062f\u0627 125 mg<\/strong> \u0645\u0646 \u0627\u0645\u062a\u062f\u0627\u062f \u0627\u0644\u062d\u064a\u0627\u0629. \u062a\u0645 \u062a\u0635\u0645\u064a\u0645 \u0647\u0630\u0627 \u0627\u0644\u0645\u0643\u0645\u0644 \u0639\u0627\u0644\u064a \u0627\u0644\u062c\u0648\u062f\u0629 \u062e\u0635\u064a\u0635\u064b\u0627 \u0644\u0645\u0633\u0627\u0639\u062f\u062a\u0643 \u0639\u0644\u0649 \u0625\u062f\u0627\u0631\u0629 \u0627\u0644\u062a\u0648\u062a\u0631 \u0628\u0634\u0643\u0644 \u0623\u0641\u0636\u0644 \u0645\u0639 \u062f\u0639\u0645 \u0635\u062d\u062a\u0643 \u0627\u0644\u0639\u0627\u0645\u0629.<\/p>\n<ul>\n<li><strong>\u0627\u0644\u062d\u062f \u0645\u0646 \u0627\u0644\u062a\u0648\u062a\u0631<\/strong> : L&#8217;ashwagandha est une plante adaptog\u00e8ne reconnue pour aider \u00e0 diminuer les niveaux de stress et d&#8217;anxi\u00e9t\u00e9.<\/li>\n<li><strong>\u0627\u0644\u062f\u0639\u0645 \u0627\u0644\u0645\u0639\u0631\u0641\u064a<\/strong> : \u064a\u0639\u0632\u0632 \u062a\u062d\u0633\u064a\u0646 \u0627\u0644\u062a\u0631\u0643\u064a\u0632 \u0648\u062a\u062d\u0633\u064a\u0646 \u0627\u0644\u0630\u0627\u0643\u0631\u0629.<\/li>\n<li><strong>\u0627\u0644\u0637\u0627\u0642\u0629 \u0648\u0627\u0644\u062a\u0648\u0627\u0632\u0646<\/strong> : Aide \u00e0 maintenir des niveaux d&#8217;\u00e9nergie stables et \u00e0 restaurer l&#8217;\u00e9quilibre naturel du corps.<\/li>\n<\/ul>\n<p>Formul\u00e9 avec un extrait d&#8217;ashwagandha cliniquement \u00e9tudi\u00e9, ce produit garantit une efficacit\u00e9 optimale tout en restant respectueux des r\u00e9gimes v\u00e9g\u00e9tariens.<\/p>\n<p><strong>Life Extension<\/strong> s&#8217;engage \u00e0 fournir des compl\u00e9ments s\u00fbrs, scientifiquement valid\u00e9s et de la plus haute qualit\u00e9 pour un mode de vie sain et \u00e9quilibr\u00e9.<\/p>\n<p>\u0627\u0639\u062a\u0645\u062f \u0647\u0630\u0627 \u0627\u0644\u062f\u0639\u0645 \u0627\u0644\u0637\u0628\u064a\u0639\u064a \u0644\u062d\u064a\u0627\u0629 \u0623\u0643\u062b\u0631 \u0647\u062f\u0648\u0621\u064b\u0627 \u0648\u0625\u0634\u0628\u0627\u0639\u064b\u0627.<\/p>","protected":false},"excerpt":{"rendered":"<p>Offrez \u00e0 votre corps et \u00e0 votre esprit le meilleur de la nature avec l&#8217;Optimized Ashwagandha 125 mg de Life Extension. Ce compl\u00e9ment de haute qualit\u00e9 est sp\u00e9cialement con\u00e7u pour vous aider \u00e0 mieux g\u00e9rer le stress tout en favorisant votre bien-\u00eatre g\u00e9n\u00e9ral. R\u00e9duction du stress : L&#8217;ashwagandha est une plante adaptog\u00e8ne reconnue pour aider &hellip; <a href=\"https:\/\/vitamo.ma\/ar\/shop\/supplements\/herbes\/ashwagandha\/life-extension-ashwagandha-optimise-125-mg-60-capsules-vegetariennes\/\" class=\"more-link\">\u0642\u0631\u0627\u0621\u0629 \u0627\u0644\u0645\u0632\u064a\u062f <span class=\"screen-reader-text\">Life Extension, \u0627\u0634\u0648\u0627\u063a\u0627\u0646\u062f\u0627 \u0627\u0644\u0645\u064f\u062d\u0633\u0651\u0646\u0629\u060c 125 \u0645\u062c\u0645\u060c 60 \u0643\u0628\u0633\u0648\u0644\u0629 \u0646\u0628\u0627\u062a\u064a\u0629<\/span><\/a><\/p>","protected":false},"featured_media":8444,"comment_status":"open","ping_status":"closed","template":"","meta":{"_sitemap_exclude":false,"_sitemap_priority":"","_sitemap_frequency":""},"product_brand":[],"product_cat":[453],"product_tag":[463],"class_list":{"0":"post-8438","1":"product","2":"type-product","3":"status-publish","4":"has-post-thumbnail","6":"product_cat-ashwagandha","7":"product_tag-life-extension","10":"outofstock","11":"shipping-taxable","12":"purchasable","13":"product-type-simple"},"_links":{"self":[{"href":"https:\/\/vitamo.ma\/ar\/wp-json\/wp\/v2\/product\/8438","targetHints":{"allow":["GET"]}}],"collection":[{"href":"https:\/\/vitamo.ma\/ar\/wp-json\/wp\/v2\/product"}],"about":[{"href":"https:\/\/vitamo.ma\/ar\/wp-json\/wp\/v2\/types\/product"}],"replies":[{"embeddable":true,"href":"https:\/\/vitamo.ma\/ar\/wp-json\/wp\/v2\/comments?post=8438"}],"version-history":[{"count":2,"href":"https:\/\/vitamo.ma\/ar\/wp-json\/wp\/v2\/product\/8438\/revisions"}],"predecessor-version":[{"id":8530,"href":"https:\/\/vitamo.ma\/ar\/wp-json\/wp\/v2\/product\/8438\/revisions\/8530"}],"wp:featuredmedia":[{"embeddable":true,"href":"https:\/\/vitamo.ma\/ar\/wp-json\/wp\/v2\/media\/8444"}],"wp:attachment":[{"href":"https:\/\/vitamo.ma\/ar\/wp-json\/wp\/v2\/media?parent=8438"}],"wp:term":[{"taxonomy":"product_brand","embeddable":true,"href":"https:\/\/vitamo.ma\/ar\/wp-json\/wp\/v2\/product_brand?post=8438"},{"taxonomy":"product_cat","embeddable":true,"href":"https:\/\/vitamo.ma\/ar\/wp-json\/wp\/v2\/product_cat?post=8438"},{"taxonomy":"product_tag","embeddable":true,"href":"https:\/\/vitamo.ma\/ar\/wp-json\/wp\/v2\/product_tag?post=8438"}],"curies":[{"name":"wp","href":"https:\/\/api.w.org\/{rel}","templated":true}]}}