{"id":8452,"date":"2024-12-31T11:04:34","date_gmt":"2024-12-31T11:04:34","guid":{"rendered":"https:\/\/vitamo.ma\/?post_type=product&#038;p=8452"},"modified":"2024-12-31T17:00:59","modified_gmt":"2024-12-31T17:00:59","slug":"now-foods-maca-500-mg-250-capsules-vegetariennes","status":"publish","type":"product","link":"https:\/\/vitamo.ma\/ar\/shop\/supplements\/herbes\/maca\/now-foods-maca-500-mg-250-capsules-vegetariennes\/","title":{"rendered":"NOW Foods, \u0645\u0627\u0643\u0627\u060c 500 \u0645\u0644\u063a\u060c 250 \u0643\u0628\u0633\u0648\u0644\u0629 \u0646\u0628\u0627\u062a\u064a\u0629"},"content":{"rendered":"<p>\u0639\u0632\u0632 \u0637\u0627\u0642\u062a\u0643 \u0648\u0631\u0641\u0627\u0647\u064a\u062a\u0643 \u0627\u0644\u0639\u0627\u0645\u0629 \u0645\u0639 <strong>\u0645\u0627\u0643\u0627 500 \u0645\u0644\u063a<\/strong> de NOW Foods, un compl\u00e9ment naturel issu des racines de maca p\u00e9ruvien, traditionnellement utilis\u00e9 pour ses nombreux bienfaits sur le corps et l&#8217;esprit.<\/p>\n<ul>\n<li><strong>\u0627\u0644\u0637\u0627\u0642\u0629 \u0648\u0627\u0644\u062a\u062d\u0645\u0644<\/strong> : Soutient des niveaux d&#8217;\u00e9nergie stables pour rester actif tout au long de la journ\u00e9e.<\/li>\n<li><strong>\u0627\u0644\u062a\u0648\u0627\u0632\u0646 \u0627\u0644\u0647\u0631\u0645\u0648\u0646\u064a<\/strong> : \u064a\u0639\u0632\u0632 \u0627\u0644\u062a\u0648\u0627\u0632\u0646 \u0627\u0644\u0647\u0631\u0645\u0648\u0646\u064a \u0627\u0644\u0637\u0628\u064a\u0639\u064a \u0644\u0644\u0635\u062d\u0629 \u0627\u0644\u062c\u0633\u062f\u064a\u0629 \u0648\u0627\u0644\u0639\u0627\u0637\u0641\u064a\u0629.<\/li>\n<li><strong>\u0627\u0644\u062d\u064a\u0648\u064a\u0629 \u0627\u0644\u0634\u0627\u0645\u0644\u0629<\/strong> : \u064a\u0633\u0627\u0639\u062f \u0639\u0644\u0649 \u062a\u0642\u0648\u064a\u0629 \u0645\u0631\u0648\u0646\u0629 \u0627\u0644\u062c\u0633\u0645 \u0641\u064a \u0645\u0648\u0627\u062c\u0647\u0629 \u0627\u0644\u062a\u062d\u062f\u064a\u0627\u062a \u0627\u0644\u064a\u0648\u0645\u064a\u0629.<\/li>\n<\/ul>\n<p>\u062a\u062d\u062a\u0648\u064a \u0643\u0644 \u0643\u0628\u0633\u0648\u0644\u0629 \u0646\u0628\u0627\u062a\u064a\u0629 \u0645\u0635\u0646\u0648\u0639\u0629 \u0628\u0639\u0646\u0627\u064a\u0629\u060c \u0639\u0644\u0649 \u0645\u0633\u062a\u062e\u0644\u0635 \u062c\u0630\u0648\u0631 \u0627\u0644\u0645\u0627\u0643\u0627 \u0627\u0644\u0646\u0642\u064a \u0648\u063a\u064a\u0631 \u0627\u0644\u0645\u0639\u062f\u0644 \u0648\u0631\u0627\u062b\u064a\u064b\u0627 \u0644\u0636\u0645\u0627\u0646 \u062c\u0648\u062f\u0629 \u0627\u0633\u062a\u062b\u0646\u0627\u0626\u064a\u0629.<\/p>\n<p><strong>NOW Foods<\/strong> s&#8217;engage \u00e0 fournir des compl\u00e9ments alimentaires naturels, s\u00fbrs et efficaces, adapt\u00e9s aux besoins des modes de vie modernes.<\/p>\n<p>\u0627\u062d\u062a\u0636\u0646 \u0642\u0648\u0629 \u0627\u0644\u0637\u0628\u064a\u0639\u0629 \u0644\u062f\u0639\u0645 \u0637\u0627\u0642\u062a\u0643 \u0648\u062d\u064a\u0648\u064a\u062a\u0643 \u0627\u0644\u064a\u0648\u0645\u064a\u0629.<\/p>","protected":false},"excerpt":{"rendered":"<p>Boostez votre \u00e9nergie et votre bien-\u00eatre g\u00e9n\u00e9ral avec le Maca 500 mg de NOW Foods, un compl\u00e9ment naturel issu des racines de maca p\u00e9ruvien, traditionnellement utilis\u00e9 pour ses nombreux bienfaits sur le corps et l&#8217;esprit. \u00c9nergie et endurance : Soutient des niveaux d&#8217;\u00e9nergie stables pour rester actif tout au long de la journ\u00e9e. \u00c9quilibre hormonal &hellip; <a href=\"https:\/\/vitamo.ma\/ar\/shop\/supplements\/herbes\/maca\/now-foods-maca-500-mg-250-capsules-vegetariennes\/\" class=\"more-link\">\u0642\u0631\u0627\u0621\u0629 \u0627\u0644\u0645\u0632\u064a\u062f <span class=\"screen-reader-text\">NOW Foods, \u0645\u0627\u0643\u0627\u060c 500 \u0645\u0644\u063a\u060c 250 \u0643\u0628\u0633\u0648\u0644\u0629 \u0646\u0628\u0627\u062a\u064a\u0629<\/span><\/a><\/p>","protected":false},"featured_media":8457,"comment_status":"open","ping_status":"closed","template":"","meta":{"_sitemap_exclude":false,"_sitemap_priority":"","_sitemap_frequency":""},"product_brand":[],"product_cat":[466],"product_tag":[192],"class_list":{"0":"post-8452","1":"product","2":"type-product","3":"status-publish","4":"has-post-thumbnail","6":"product_cat-maca","7":"product_tag-now-foods","10":"outofstock","11":"shipping-taxable","12":"purchasable","13":"product-type-simple"},"_links":{"self":[{"href":"https:\/\/vitamo.ma\/ar\/wp-json\/wp\/v2\/product\/8452","targetHints":{"allow":["GET"]}}],"collection":[{"href":"https:\/\/vitamo.ma\/ar\/wp-json\/wp\/v2\/product"}],"about":[{"href":"https:\/\/vitamo.ma\/ar\/wp-json\/wp\/v2\/types\/product"}],"replies":[{"embeddable":true,"href":"https:\/\/vitamo.ma\/ar\/wp-json\/wp\/v2\/comments?post=8452"}],"version-history":[{"count":1,"href":"https:\/\/vitamo.ma\/ar\/wp-json\/wp\/v2\/product\/8452\/revisions"}],"predecessor-version":[{"id":8461,"href":"https:\/\/vitamo.ma\/ar\/wp-json\/wp\/v2\/product\/8452\/revisions\/8461"}],"wp:featuredmedia":[{"embeddable":true,"href":"https:\/\/vitamo.ma\/ar\/wp-json\/wp\/v2\/media\/8457"}],"wp:attachment":[{"href":"https:\/\/vitamo.ma\/ar\/wp-json\/wp\/v2\/media?parent=8452"}],"wp:term":[{"taxonomy":"product_brand","embeddable":true,"href":"https:\/\/vitamo.ma\/ar\/wp-json\/wp\/v2\/product_brand?post=8452"},{"taxonomy":"product_cat","embeddable":true,"href":"https:\/\/vitamo.ma\/ar\/wp-json\/wp\/v2\/product_cat?post=8452"},{"taxonomy":"product_tag","embeddable":true,"href":"https:\/\/vitamo.ma\/ar\/wp-json\/wp\/v2\/product_tag?post=8452"}],"curies":[{"name":"wp","href":"https:\/\/api.w.org\/{rel}","templated":true}]}}