{"id":8471,"date":"2024-12-31T11:22:59","date_gmt":"2024-12-31T11:22:59","guid":{"rendered":"https:\/\/vitamo.ma\/?post_type=product&#038;p=8471"},"modified":"2024-12-31T17:01:08","modified_gmt":"2024-12-31T17:01:08","slug":"california-gold-nutrition-superfoods-spiruline-biologique-en-poudre-240-g","status":"publish","type":"product","link":"https:\/\/vitamo.ma\/ar\/shop\/supplements\/herbes\/spiruline\/california-gold-nutrition-superfoods-spiruline-biologique-en-poudre-240-g\/","title":{"rendered":"California Gold Nutrition, Superfoods\u060c \u0645\u0633\u062d\u0648\u0642 \u0633\u0628\u064a\u0631\u0648\u0644\u064a\u0646\u0627 \u0639\u0636\u0648\u064a\u060c 240 \u062c\u0645"},"content":{"rendered":"<div class=\"html-div xdj266r x11i5rnm xat24cr x1mh8g0r xexx8yu x4uap5 x18d9i69 xkhd6sd\">\n<div class=\"x1yztbdb\"><span class=\"x1lliihq x1plvlek xryxfnj x1n2onr6 x1ji0vk5 x18bv5gf x193iq5w xeuugli x1fj9vlw x13faqbe x1vvkbs x1s928wv xhkezso x1gmr53x x1cpjm7i x1fgarty x1943h6x xt4736n x1havqas x1f0sm9e x12qp5cl xzsf02u x1yc453h xudqn12 x3x7a5m\">California Gold Nutrition Organic Spirulina \u0647\u0648 \u0637\u0639\u0627\u0645 \u0641\u0627\u0626\u0642 \u0627\u0644\u062c\u0648\u062f\u0629 \u063a\u0646\u064a \u0628\u0627\u0644\u0639\u0646\u0627\u0635\u0631 \u0627\u0644\u063a\u0630\u0627\u0626\u064a\u0629 \u0627\u0644\u0623\u0633\u0627\u0633\u064a\u0629 \u0644\u0646\u0648\u0639\u064a\u0629 \u062d\u064a\u0627\u0629 \u0623\u0641\u0636\u0644. \u062a\u062d\u062a\u0648\u064a \u0647\u0630\u0647 \u0627\u0644\u0637\u062d\u0627\u0644\u0628 \u0627\u0644\u062e\u0636\u0631\u0627\u0621 \u0639\u0644\u0649 \u0627\u0644\u0628\u0631\u0648\u062a\u064a\u0646\u0627\u062a \u0648\u0627\u0644\u0641\u064a\u062a\u0627\u0645\u064a\u0646\u0627\u062a \u0648\u0627\u0644\u0645\u0639\u0627\u062f\u0646 \u0648\u0645\u0636\u0627\u062f\u0627\u062a \u0627\u0644\u0623\u0643\u0633\u062f\u0629. \u062a\u0648\u0641\u0631 \u0643\u0644 \u062d\u0635\u0629 \u0643\u0645\u064a\u0629 \u0643\u0628\u064a\u0631\u0629 \u0645\u0646 \u0627\u0644\u062d\u062f\u064a\u062f \u0648\u0627\u0644\u0643\u0627\u0644\u0633\u064a\u0648\u0645 \u0648\u0627\u0644\u0628\u0648\u062a\u0627\u0633\u064a\u0648\u0645 \u0648\u0641\u064a\u062a\u0627\u0645\u064a\u0646 \u062812.<\/span><\/div>\n<\/div>\n<div class=\"html-div xdj266r x11i5rnm xat24cr x1mh8g0r xexx8yu x4uap5 x18d9i69 xkhd6sd\">\n<h2 class=\"html-h2 xdj266r x11i5rnm x1mh8g0r xexx8yu x4uap5 x18d9i69 xkhd6sd x1vvkbs x1heor9g x1qlqyl8 x1pd3egz x1a2a7pz x1yztbdb\" dir=\"auto\"><span class=\"x1lliihq x1plvlek xryxfnj x1n2onr6 x1ji0vk5 x18bv5gf x193iq5w xeuugli x1fj9vlw x13faqbe x1vvkbs x1s928wv xhkezso x1gmr53x x1cpjm7i x1fgarty x1943h6x x1ejgnnb xza2c7i x1apb90u x1215byi xzsf02u x1yc453h xtoi2st x3x7a5m\">\u0641\u0648\u0627\u0626\u062f<\/span><\/h2>\n<\/div>\n<div class=\"html-div xdj266r x11i5rnm xat24cr x1mh8g0r xexx8yu x4uap5 x18d9i69 xkhd6sd\">\n<ul>\n<li>\n<div class=\"x1e56ztr\"><span class=\"x193iq5w xeuugli x1fj9vlw x13faqbe x1vvkbs xt0psk2 xt4736n x1havqas x1f0sm9e x12qp5cl xzsf02u x1yc453h\">\u063a\u0646\u064a\u0629 \u0628\u0627\u0644\u0628\u0631\u0648\u062a\u064a\u0646\u0627\u062a \u0627\u0644\u0646\u0628\u0627\u062a\u064a\u0629<\/span><\/div>\n<\/li>\n<\/ul>\n<\/div>\n<div class=\"html-div xdj266r x11i5rnm xat24cr x1mh8g0r xexx8yu x4uap5 x18d9i69 xkhd6sd\">\n<ul>\n<li>\n<div class=\"x1e56ztr\"><span class=\"x193iq5w xeuugli x1fj9vlw x13faqbe x1vvkbs xt0psk2 xt4736n x1havqas x1f0sm9e x12qp5cl xzsf02u x1yc453h\">Source d&#8217;antioxydants et d&#8217;acides gras essentiels<\/span><\/div>\n<\/li>\n<\/ul>\n<\/div>\n<div class=\"html-div xdj266r x11i5rnm xat24cr x1mh8g0r xexx8yu x4uap5 x18d9i69 xkhd6sd\">\n<ul>\n<li>\n<div class=\"x1e56ztr\"><span class=\"x193iq5w xeuugli x1fj9vlw x13faqbe x1vvkbs xt0psk2 xt4736n x1havqas x1f0sm9e x12qp5cl xzsf02u x1yc453h\">\u062f\u0639\u0645 \u0635\u062d\u0629 \u0627\u0644\u0642\u0644\u0628 \u0648\u0627\u0644\u0623\u0648\u0639\u064a\u0629 \u0627\u0644\u062f\u0645\u0648\u064a\u0629<\/span><\/div>\n<\/li>\n<\/ul>\n<\/div>\n<div class=\"html-div xdj266r x11i5rnm xat24cr x1mh8g0r xexx8yu x4uap5 x18d9i69 xkhd6sd\">\n<ul>\n<li>\n<div class=\"x1e56ztr\"><span class=\"x193iq5w xeuugli x1fj9vlw x13faqbe x1vvkbs xt0psk2 xt4736n x1havqas x1f0sm9e x12qp5cl xzsf02u x1yc453h\">\u062a\u062d\u0633\u064a\u0646 \u0635\u062d\u0629 \u0627\u0644\u062c\u0647\u0627\u0632 \u0627\u0644\u0647\u0636\u0645\u064a<\/span><\/div>\n<\/li>\n<\/ul>\n<\/div>\n<div class=\"html-div xdj266r x11i5rnm xat24cr x1mh8g0r xexx8yu x4uap5 x18d9i69 xkhd6sd\">\n<ul>\n<li>\n<div class=\"x1e56ztr\"><span class=\"x193iq5w xeuugli x1fj9vlw x13faqbe x1vvkbs xt0psk2 xt4736n x1havqas x1f0sm9e x12qp5cl xzsf02u x1yc453h\">\u0645\u0643\u0648\u0646 \u0637\u0628\u064a\u0639\u064a \u0648\u0639\u0636\u0648\u064a<\/span><\/div>\n<\/li>\n<\/ul>\n<\/div>\n<div class=\"html-div xdj266r x11i5rnm xat24cr x1mh8g0r xexx8yu x4uap5 x18d9i69 xkhd6sd\">\n<ul>\n<li>\n<div class=\"x1e56ztr\"><span class=\"x193iq5w xeuugli x1fj9vlw x13faqbe x1vvkbs xt0psk2 xt4736n x1havqas x1f0sm9e x12qp5cl xzsf02u x1yc453h\">\u0644\u0627 \u062a\u0648\u062c\u062f \u0625\u0636\u0627\u0641\u0627\u062a \u0635\u0646\u0627\u0639\u064a\u0629 \u0623\u0648 \u0645\u0633\u0628\u0628\u0627\u062a \u0644\u0644\u062d\u0633\u0627\u0633\u064a\u0629<\/span><\/div>\n<\/li>\n<\/ul>\n<\/div>\n<div class=\"html-div xdj266r x11i5rnm xat24cr x1mh8g0r xexx8yu x4uap5 x18d9i69 xkhd6sd\">\n<h2 class=\"html-h2 xdj266r x11i5rnm x1mh8g0r xexx8yu x4uap5 x18d9i69 xkhd6sd x1vvkbs x1heor9g x1qlqyl8 x1pd3egz x1a2a7pz x1yztbdb\" dir=\"auto\"><span class=\"x1lliihq x1plvlek xryxfnj x1n2onr6 x1ji0vk5 x18bv5gf x193iq5w xeuugli x1fj9vlw x13faqbe x1vvkbs x1s928wv xhkezso x1gmr53x x1cpjm7i x1fgarty x1943h6x x1ejgnnb xza2c7i x1apb90u x1215byi xzsf02u x1yc453h xtoi2st x3x7a5m\">\u0633\u0645\u0627\u062a<\/span><\/h2>\n<\/div>\n<div class=\"html-div xdj266r x11i5rnm xat24cr x1mh8g0r xexx8yu x4uap5 x18d9i69 xkhd6sd\">\n<ul>\n<li>\n<div class=\"x1e56ztr\"><span class=\"x193iq5w xeuugli x1fj9vlw x13faqbe x1vvkbs xt0psk2 xt4736n x1havqas x1f0sm9e x12qp5cl xzsf02u x1yc453h\">\u0645\u0633\u062d\u0648\u0642 \u0627\u0644\u0633\u0628\u064a\u0631\u0648\u0644\u064a\u0646\u0627 \u0627\u0644\u0639\u0636\u0648\u064a<\/span><\/div>\n<\/li>\n<\/ul>\n<\/div>\n<div class=\"html-div xdj266r x11i5rnm xat24cr x1mh8g0r xexx8yu x4uap5 x18d9i69 xkhd6sd\">\n<ul>\n<li>\n<div class=\"x1e56ztr\"><span class=\"x193iq5w xeuugli x1fj9vlw x13faqbe x1vvkbs xt0psk2 xt4736n x1havqas x1f0sm9e x12qp5cl xzsf02u x1yc453h\">240 \u062c\u0631\u0627\u0645<\/span><\/div>\n<\/li>\n<\/ul>\n<\/div>\n<div class=\"html-div xdj266r x11i5rnm xat24cr x1mh8g0r xexx8yu x4uap5 x18d9i69 xkhd6sd\">\n<ul>\n<li>\n<div class=\"x1e56ztr\"><span class=\"x193iq5w xeuugli x1fj9vlw x13faqbe x1vvkbs xt0psk2 xt4736n x1havqas x1f0sm9e x12qp5cl xzsf02u x1yc453h\">\u0627\u0644\u0643\u0627\u0626\u0646\u0627\u062a \u0627\u0644\u0645\u0639\u062f\u0644\u0629 \u0648\u0631\u0627\u062b\u064a\u0627 \u0648\u062e\u0627\u0644\u064a\u0629 \u0645\u0646 \u0627\u0644\u063a\u0644\u0648\u062a\u064a\u0646<\/span><\/div>\n<\/li>\n<\/ul>\n<\/div>\n<div class=\"html-div xdj266r x11i5rnm xat24cr x1mh8g0r xexx8yu x4uap5 x18d9i69 xkhd6sd\">\n<ul>\n<li>\n<div class=\"x1e56ztr\"><span class=\"x193iq5w xeuugli x1fj9vlw x13faqbe x1vvkbs xt0psk2 xt4736n x1havqas x1f0sm9e x12qp5cl xzsf02u x1yc453h\">\u062a\u0645 \u0625\u0646\u062a\u0627\u062c\u0647 \u0641\u064a \u0627\u0644\u0648\u0644\u0627\u064a\u0627\u062a \u0627\u0644\u0645\u062a\u062d\u062f\u0629 \u0627\u0644\u0623\u0645\u0631\u064a\u0643\u064a\u0629<\/span><\/div>\n<\/li>\n<\/ul>\n<\/div>\n<div class=\"html-div xdj266r x11i5rnm xat24cr x1mh8g0r xexx8yu x4uap5 x18d9i69 xkhd6sd\">\n<ul>\n<li>\n<div class=\"x1e56ztr\"><span class=\"x193iq5w xeuugli x1fj9vlw x13faqbe x1vvkbs xt0psk2 xt4736n x1havqas x1f0sm9e x12qp5cl xzsf02u x1yc453h\">\u0639\u0636\u0648\u064a \u0645\u0639\u062a\u0645\u062f \u0645\u0646 \u0648\u0632\u0627\u0631\u0629 \u0627\u0644\u0632\u0631\u0627\u0639\u0629 \u0627\u0644\u0623\u0645\u0631\u064a\u0643\u064a\u0629<\/span><\/div>\n<\/li>\n<\/ul>\n<\/div>\n<div class=\"html-div xdj266r x11i5rnm xat24cr x1mh8g0r xexx8yu x4uap5 x18d9i69 xkhd6sd\">\n<h2 class=\"html-h2 xdj266r x11i5rnm x1mh8g0r xexx8yu x4uap5 x18d9i69 xkhd6sd x1vvkbs x1heor9g x1qlqyl8 x1pd3egz x1a2a7pz x1yztbdb\" dir=\"auto\"><span class=\"x1lliihq x1plvlek xryxfnj x1n2onr6 x1ji0vk5 x18bv5gf x193iq5w xeuugli x1fj9vlw x13faqbe x1vvkbs x1s928wv xhkezso x1gmr53x x1cpjm7i x1fgarty x1943h6x x1ejgnnb xza2c7i x1apb90u x1215byi xzsf02u x1yc453h xtoi2st x3x7a5m\">\u062a\u0639\u0644\u064a\u0645\u0627\u062a<\/span><\/h2>\n<\/div>\n<div class=\"html-div xdj266r x11i5rnm xat24cr x1mh8g0r xexx8yu x4uap5 x18d9i69 xkhd6sd\">\n<ul>\n<li>\n<div class=\"x1e56ztr\"><span class=\"x193iq5w xeuugli x1fj9vlw x13faqbe x1vvkbs xt0psk2 xt4736n x1havqas x1f0sm9e x12qp5cl xzsf02u x1yc453h\">\u0627\u0645\u0632\u062c 1 \u0625\u0644\u0649 2 \u0645\u0644\u0639\u0642\u0629 \u0635\u063a\u064a\u0631\u0629 (8 \u0625\u0644\u0649 16 \u062c\u0645) \u0645\u0639 \u0645\u0634\u0631\u0648\u0628\u0627\u062a\u0643 \u0623\u0648 \u0623\u0637\u0639\u0645\u062a\u0643 \u0627\u0644\u0645\u0641\u0636\u0644\u0629.<\/span><\/div>\n<\/li>\n<\/ul>\n<\/div>\n<div class=\"html-div xdj266r x11i5rnm xat24cr x1mh8g0r xexx8yu x4uap5 x18d9i69 xkhd6sd\">\n<ul>\n<li>\n<div class=\"x1e56ztr\"><span class=\"x193iq5w xeuugli x1fj9vlw x13faqbe x1vvkbs xt0psk2 xt4736n x1havqas x1f0sm9e x12qp5cl xzsf02u x1yc453h\">\u0627\u0633\u062a\u0634\u0631 \u0623\u062e\u0635\u0627\u0626\u064a \u0627\u0644\u0631\u0639\u0627\u064a\u0629 \u0627\u0644\u0635\u062d\u064a\u0629 \u0642\u0628\u0644 \u0627\u0644\u0627\u0633\u062a\u062e\u062f\u0627\u0645.<\/span><\/div>\n<\/li>\n<\/ul>\n<\/div>","protected":false},"excerpt":{"rendered":"<p>La spiruline biologique de California Gold Nutrition est une superaliment riche en nutriments essentiels pour une meilleure qualit\u00e9 de vie. Cette algue verte contient des prot\u00e9ines, des vitamines, des min\u00e9raux et des antioxydants. Chaque portion offre une quantit\u00e9 importante de fer, de calcium, de potassium et de vitamine B12. Avantages Riche en prot\u00e9ines v\u00e9g\u00e9tales Source &hellip; <a href=\"https:\/\/vitamo.ma\/ar\/shop\/supplements\/herbes\/spiruline\/california-gold-nutrition-superfoods-spiruline-biologique-en-poudre-240-g\/\" class=\"more-link\">\u0642\u0631\u0627\u0621\u0629 \u0627\u0644\u0645\u0632\u064a\u062f <span class=\"screen-reader-text\">California Gold Nutrition, Superfoods\u060c \u0645\u0633\u062d\u0648\u0642 \u0633\u0628\u064a\u0631\u0648\u0644\u064a\u0646\u0627 \u0639\u0636\u0648\u064a\u060c 240 \u062c\u0645<\/span><\/a><\/p>","protected":false},"featured_media":8485,"comment_status":"open","ping_status":"closed","template":"","meta":{"_sitemap_exclude":false,"_sitemap_priority":"","_sitemap_frequency":""},"product_brand":[],"product_cat":[455],"product_tag":[193],"class_list":{"0":"post-8471","1":"product","2":"type-product","3":"status-publish","4":"has-post-thumbnail","6":"product_cat-spiruline","7":"product_tag-california-gold-nutrition","10":"outofstock","11":"shipping-taxable","12":"purchasable","13":"product-type-simple"},"_links":{"self":[{"href":"https:\/\/vitamo.ma\/ar\/wp-json\/wp\/v2\/product\/8471","targetHints":{"allow":["GET"]}}],"collection":[{"href":"https:\/\/vitamo.ma\/ar\/wp-json\/wp\/v2\/product"}],"about":[{"href":"https:\/\/vitamo.ma\/ar\/wp-json\/wp\/v2\/types\/product"}],"replies":[{"embeddable":true,"href":"https:\/\/vitamo.ma\/ar\/wp-json\/wp\/v2\/comments?post=8471"}],"version-history":[{"count":1,"href":"https:\/\/vitamo.ma\/ar\/wp-json\/wp\/v2\/product\/8471\/revisions"}],"predecessor-version":[{"id":8488,"href":"https:\/\/vitamo.ma\/ar\/wp-json\/wp\/v2\/product\/8471\/revisions\/8488"}],"wp:featuredmedia":[{"embeddable":true,"href":"https:\/\/vitamo.ma\/ar\/wp-json\/wp\/v2\/media\/8485"}],"wp:attachment":[{"href":"https:\/\/vitamo.ma\/ar\/wp-json\/wp\/v2\/media?parent=8471"}],"wp:term":[{"taxonomy":"product_brand","embeddable":true,"href":"https:\/\/vitamo.ma\/ar\/wp-json\/wp\/v2\/product_brand?post=8471"},{"taxonomy":"product_cat","embeddable":true,"href":"https:\/\/vitamo.ma\/ar\/wp-json\/wp\/v2\/product_cat?post=8471"},{"taxonomy":"product_tag","embeddable":true,"href":"https:\/\/vitamo.ma\/ar\/wp-json\/wp\/v2\/product_tag?post=8471"}],"curies":[{"name":"wp","href":"https:\/\/api.w.org\/{rel}","templated":true}]}}