{"id":8482,"date":"2024-12-31T12:15:50","date_gmt":"2024-12-31T12:15:50","guid":{"rendered":"https:\/\/vitamo.ma\/?post_type=product&#038;p=8482"},"modified":"2024-12-31T17:01:17","modified_gmt":"2024-12-31T17:01:17","slug":"now-foods-extrait-de-saw-palmetto-sante-masculine-320-mg-90-capsules","status":"publish","type":"product","link":"https:\/\/vitamo.ma\/ar\/shop\/supplements\/herbes\/saw-palmetto\/now-foods-extrait-de-saw-palmetto-sante-masculine-320-mg-90-capsules\/","title":{"rendered":"NOW Foods, \u0645\u0633\u062a\u062e\u0644\u0635 \u0627\u0644\u0628\u0644\u0645\u064a\u0637 \u0627\u0644\u0645\u0646\u0634\u0627\u0631\u064a\u060c \u0644\u0635\u062d\u0629 \u0627\u0644\u0631\u062c\u0644\u060c 320 \u0645\u062c\u0645\u060c 90 \u0643\u0628\u0633\u0648\u0644\u0629"},"content":{"rendered":"<div class=\"html-div xdj266r x11i5rnm xat24cr x1mh8g0r xexx8yu x4uap5 x18d9i69 xkhd6sd\">\n<div class=\"x1yztbdb\"><span class=\"x1lliihq x1plvlek xryxfnj x1n2onr6 x1ji0vk5 x18bv5gf x193iq5w xeuugli x1fj9vlw x13faqbe x1vvkbs x1s928wv xhkezso x1gmr53x x1cpjm7i x1fgarty x1943h6x xt4736n x1havqas x1f0sm9e x12qp5cl xzsf02u x1yc453h xudqn12 x3x7a5m\">Le produit \u00ab NOW FOODS &#8211; Extrait de Sabal \u00bb est un suppl\u00e9ment alimentaire \u00e0 base d&#8217;extrait de feuilles de sabal, utilis\u00e9 traditionnellement pour soutenir la sant\u00e9 prostate. Chaque gelule v\u00e9g\u00e9tale contient 320 mg d&#8217;extrait de sabal standardis\u00e9.<\/span><\/div>\n<\/div>\n<div class=\"html-div xdj266r x11i5rnm xat24cr x1mh8g0r xexx8yu x4uap5 x18d9i69 xkhd6sd\">\n<h2 class=\"html-h2 xdj266r x11i5rnm x1mh8g0r xexx8yu x4uap5 x18d9i69 xkhd6sd x1vvkbs x1heor9g x1qlqyl8 x1pd3egz x1a2a7pz x1yztbdb\" dir=\"auto\"><span class=\"x1lliihq x1plvlek xryxfnj x1n2onr6 x1ji0vk5 x18bv5gf x193iq5w xeuugli x1fj9vlw x13faqbe x1vvkbs x1s928wv xhkezso x1gmr53x x1cpjm7i x1fgarty x1943h6x x1ejgnnb xza2c7i x1apb90u x1215byi xzsf02u x1yc453h xtoi2st x3x7a5m\">\u0641\u0648\u0627\u0626\u062f<\/span><\/h2>\n<\/div>\n<div class=\"html-div xdj266r x11i5rnm xat24cr x1mh8g0r xexx8yu x4uap5 x18d9i69 xkhd6sd\">\n<ul>\n<li>\n<div class=\"x1e56ztr\"><span class=\"x193iq5w xeuugli x1fj9vlw x13faqbe x1vvkbs xt0psk2 xt4736n x1havqas x1f0sm9e x12qp5cl xzsf02u x1yc453h\">\u062f\u0639\u0645 \u0635\u062d\u0629 \u0627\u0644\u0628\u0631\u0648\u0633\u062a\u0627\u062a\u0627<\/span><\/div>\n<\/li>\n<\/ul>\n<\/div>\n<div class=\"html-div xdj266r x11i5rnm xat24cr x1mh8g0r xexx8yu x4uap5 x18d9i69 xkhd6sd\">\n<ul>\n<li>\n<div class=\"x1e56ztr\"><span class=\"x193iq5w xeuugli x1fj9vlw x13faqbe x1vvkbs xt0psk2 xt4736n x1havqas x1f0sm9e x12qp5cl xzsf02u x1yc453h\">Am\u00e9lioration de l&#8217;urination<\/span><\/div>\n<\/li>\n<\/ul>\n<\/div>\n<div class=\"html-div xdj266r x11i5rnm xat24cr x1mh8g0r xexx8yu x4uap5 x18d9i69 xkhd6sd\">\n<ul>\n<li>\n<div class=\"x1e56ztr\"><span class=\"x193iq5w xeuugli x1fj9vlw x13faqbe x1vvkbs xt0psk2 xt4736n x1havqas x1f0sm9e x12qp5cl xzsf02u x1yc453h\">\u0627\u0644\u062d\u062f \u0645\u0646 \u0623\u0639\u0631\u0627\u0636 \u0645\u062a\u0644\u0627\u0632\u0645\u0629 \u0639\u0633\u0631 \u0627\u0644\u0628\u0648\u0644<\/span><\/div>\n<\/li>\n<\/ul>\n<\/div>\n<div class=\"html-div xdj266r x11i5rnm xat24cr x1mh8g0r xexx8yu x4uap5 x18d9i69 xkhd6sd\">\n<ul>\n<li>\n<div class=\"x1e56ztr\"><span class=\"x193iq5w xeuugli x1fj9vlw x13faqbe x1vvkbs xt0psk2 xt4736n x1havqas x1f0sm9e x12qp5cl xzsf02u x1yc453h\">\u062a\u062d\u0633\u064a\u0646 \u0627\u0644\u0635\u062d\u0629 \u0627\u0644\u0639\u0627\u0645\u0629<\/span><\/div>\n<\/li>\n<\/ul>\n<\/div>\n<div class=\"html-div xdj266r x11i5rnm xat24cr x1mh8g0r xexx8yu x4uap5 x18d9i69 xkhd6sd\">\n<ul>\n<li>\n<div class=\"x1e56ztr\"><span class=\"x193iq5w xeuugli x1fj9vlw x13faqbe x1vvkbs xt0psk2 xt4736n x1havqas x1f0sm9e x12qp5cl xzsf02u x1yc453h\">\u0645\u0643\u0648\u0646 \u0637\u0628\u064a\u0639\u064a<\/span><\/div>\n<\/li>\n<\/ul>\n<\/div>\n<div class=\"html-div xdj266r x11i5rnm xat24cr x1mh8g0r xexx8yu x4uap5 x18d9i69 xkhd6sd\">\n<h2 class=\"html-h2 xdj266r x11i5rnm x1mh8g0r xexx8yu x4uap5 x18d9i69 xkhd6sd x1vvkbs x1heor9g x1qlqyl8 x1pd3egz x1a2a7pz x1yztbdb\" dir=\"auto\"><span class=\"x1lliihq x1plvlek xryxfnj x1n2onr6 x1ji0vk5 x18bv5gf x193iq5w xeuugli x1fj9vlw x13faqbe x1vvkbs x1s928wv xhkezso x1gmr53x x1cpjm7i x1fgarty x1943h6x x1ejgnnb xza2c7i x1apb90u x1215byi xzsf02u x1yc453h xtoi2st x3x7a5m\">\u0633\u0645\u0627\u062a<\/span><\/h2>\n<\/div>\n<div class=\"html-div xdj266r x11i5rnm xat24cr x1mh8g0r xexx8yu x4uap5 x18d9i69 xkhd6sd\">\n<ul>\n<li>\n<div class=\"x1e56ztr\"><span class=\"x193iq5w xeuugli x1fj9vlw x13faqbe x1vvkbs xt0psk2 xt4736n x1havqas x1f0sm9e x12qp5cl xzsf02u x1yc453h\">90 \u0643\u0628\u0633\u0648\u0644\u0629 \u0646\u0628\u0627\u062a\u064a\u0629<\/span><\/div>\n<\/li>\n<\/ul>\n<\/div>\n<div class=\"html-div xdj266r x11i5rnm xat24cr x1mh8g0r xexx8yu x4uap5 x18d9i69 xkhd6sd\">\n<ul>\n<li>\n<div class=\"x1e56ztr\"><span class=\"x193iq5w xeuugli x1fj9vlw x13faqbe x1vvkbs xt0psk2 xt4736n x1havqas x1f0sm9e x12qp5cl xzsf02u x1yc453h\">320 \u0645\u0644\u063a \u0644\u0643\u0644 \u0643\u0628\u0633\u0648\u0644\u0629<\/span><\/div>\n<\/li>\n<\/ul>\n<\/div>","protected":false},"excerpt":{"rendered":"<p>Le produit \u00ab NOW FOODS &#8211; Extrait de Sabal \u00bb est un suppl\u00e9ment alimentaire \u00e0 base d&#8217;extrait de feuilles de sabal, utilis\u00e9 traditionnellement pour soutenir la sant\u00e9 prostate. Chaque gelule v\u00e9g\u00e9tale contient 320 mg d&#8217;extrait de sabal standardis\u00e9. Avantages Soutien \u00e0 la sant\u00e9 de la prostate Am\u00e9lioration de l&#8217;urination R\u00e9duction des sympt\u00f4mes du syndrome dysurique &hellip; <a href=\"https:\/\/vitamo.ma\/ar\/shop\/supplements\/herbes\/saw-palmetto\/now-foods-extrait-de-saw-palmetto-sante-masculine-320-mg-90-capsules\/\" class=\"more-link\">\u0642\u0631\u0627\u0621\u0629 \u0627\u0644\u0645\u0632\u064a\u062f <span class=\"screen-reader-text\">NOW Foods, \u0645\u0633\u062a\u062e\u0644\u0635 \u0627\u0644\u0628\u0644\u0645\u064a\u0637 \u0627\u0644\u0645\u0646\u0634\u0627\u0631\u064a\u060c \u0644\u0635\u062d\u0629 \u0627\u0644\u0631\u062c\u0644\u060c 320 \u0645\u062c\u0645\u060c 90 \u0643\u0628\u0633\u0648\u0644\u0629<\/span><\/a><\/p>","protected":false},"featured_media":8491,"comment_status":"open","ping_status":"closed","template":"","meta":{"_sitemap_exclude":false,"_sitemap_priority":"","_sitemap_frequency":""},"product_brand":[],"product_cat":[468],"product_tag":[192],"class_list":{"0":"post-8482","1":"product","2":"type-product","3":"status-publish","4":"has-post-thumbnail","6":"product_cat-saw-palmetto","7":"product_tag-now-foods","10":"outofstock","11":"shipping-taxable","12":"purchasable","13":"product-type-simple"},"_links":{"self":[{"href":"https:\/\/vitamo.ma\/ar\/wp-json\/wp\/v2\/product\/8482","targetHints":{"allow":["GET"]}}],"collection":[{"href":"https:\/\/vitamo.ma\/ar\/wp-json\/wp\/v2\/product"}],"about":[{"href":"https:\/\/vitamo.ma\/ar\/wp-json\/wp\/v2\/types\/product"}],"replies":[{"embeddable":true,"href":"https:\/\/vitamo.ma\/ar\/wp-json\/wp\/v2\/comments?post=8482"}],"version-history":[{"count":1,"href":"https:\/\/vitamo.ma\/ar\/wp-json\/wp\/v2\/product\/8482\/revisions"}],"predecessor-version":[{"id":8494,"href":"https:\/\/vitamo.ma\/ar\/wp-json\/wp\/v2\/product\/8482\/revisions\/8494"}],"wp:featuredmedia":[{"embeddable":true,"href":"https:\/\/vitamo.ma\/ar\/wp-json\/wp\/v2\/media\/8491"}],"wp:attachment":[{"href":"https:\/\/vitamo.ma\/ar\/wp-json\/wp\/v2\/media?parent=8482"}],"wp:term":[{"taxonomy":"product_brand","embeddable":true,"href":"https:\/\/vitamo.ma\/ar\/wp-json\/wp\/v2\/product_brand?post=8482"},{"taxonomy":"product_cat","embeddable":true,"href":"https:\/\/vitamo.ma\/ar\/wp-json\/wp\/v2\/product_cat?post=8482"},{"taxonomy":"product_tag","embeddable":true,"href":"https:\/\/vitamo.ma\/ar\/wp-json\/wp\/v2\/product_tag?post=8482"}],"curies":[{"name":"wp","href":"https:\/\/api.w.org\/{rel}","templated":true}]}}