{"id":8508,"date":"2024-12-31T14:00:20","date_gmt":"2024-12-31T14:00:20","guid":{"rendered":"https:\/\/vitamo.ma\/?post_type=product&#038;p=8508"},"modified":"2024-12-31T17:01:25","modified_gmt":"2024-12-31T17:01:25","slug":"california-gold-nutrition-collagenup-peptides-de-collagene-marin-hydrolyse-a-lacide-hyaluronique-et-a-la-vitamine-c-non-aromatises-464-g","status":"publish","type":"product","link":"https:\/\/vitamo.ma\/ar\/shop\/supplements\/collagene\/california-gold-nutrition-collagenup-peptides-de-collagene-marin-hydrolyse-a-lacide-hyaluronique-et-a-la-vitamine-c-non-aromatises-464-g\/","title":{"rendered":"California Gold Nutrition, CollagenUP\u00ae, Peptides de collag\u00e8ne marin hydrolys\u00e9 \u00e0 l&#8217;acide hyaluronique et \u00e0 la vitamine C, Non aromatis\u00e9s, 464 g"},"content":{"rendered":"<div>\n<div class=\"xjwf9q1\">\n<div dir=\"auto\">\n<div class=\"html-div xdj266r x11i5rnm xat24cr x1mh8g0r xexx8yu x4uap5 x18d9i69 xkhd6sd\">\n<div class=\"x1yztbdb\"><span class=\"x1lliihq x1plvlek xryxfnj x1n2onr6 x1ji0vk5 x18bv5gf x193iq5w xeuugli x1fj9vlw x13faqbe x1vvkbs x1s928wv xhkezso x1gmr53x x1cpjm7i x1fgarty x1943h6x xt4736n x1havqas x1f0sm9e x12qp5cl xzsf02u x1yc453h xudqn12 x3x7a5m\">\u0627\u0643\u062a\u0634\u0641 \u0641\u0648\u0627\u0626\u062f \u0645\u0646\u062a\u062c \u201cCalifornia Gold Nutrition \u2013 CollagenUp\u201d:<\/span><\/div>\n<\/div>\n<div class=\"html-div xdj266r x11i5rnm xat24cr x1mh8g0r xexx8yu x4uap5 x18d9i69 xkhd6sd\">\n<ul>\n<li>\n<div class=\"x1e56ztr\"><span class=\"x193iq5w xeuugli x1fj9vlw x13faqbe x1vvkbs xt0psk2 xt4736n x1havqas x1f0sm9e x12qp5cl xzsf02u x1yc453h\">Suppl\u00e9ment alimentaire \u00e0 base de collag\u00e8ne marin hydrolys\u00e9, d&#8217;acide hyaluronique et de vitamine C.<\/span><\/div>\n<\/li>\n<\/ul>\n<\/div>\n<div class=\"html-div xdj266r x11i5rnm xat24cr x1mh8g0r xexx8yu x4uap5 x18d9i69 xkhd6sd\">\n<ul>\n<li>\n<div class=\"x1e56ztr\"><span class=\"x193iq5w xeuugli x1fj9vlw x13faqbe x1vvkbs xt0psk2 xt4736n x1havqas x1f0sm9e x12qp5cl xzsf02u x1yc453h\">\u064a\u062f\u0639\u0645 \u0635\u062d\u0629 \u0627\u0644\u062c\u0644\u062f \u0648\u0627\u0644\u0634\u0639\u0631 \u0648\u0627\u0644\u0623\u0638\u0627\u0641\u0631 \u0648\u0627\u0644\u0645\u0641\u0627\u0635\u0644 \u0648\u0627\u0644\u0639\u0638\u0627\u0645 \u0648\u0627\u0644\u0623\u0646\u0633\u062c\u0629 \u0627\u0644\u0636\u0627\u0645\u0629.<\/span><\/div>\n<\/li>\n<\/ul>\n<\/div>\n<div class=\"html-div xdj266r x11i5rnm xat24cr x1mh8g0r xexx8yu x4uap5 x18d9i69 xkhd6sd\">\n<h2 class=\"html-h2 xdj266r x11i5rnm x1mh8g0r xexx8yu x4uap5 x18d9i69 xkhd6sd x1vvkbs x1heor9g x1qlqyl8 x1pd3egz x1a2a7pz xod5an3\" dir=\"auto\"><span class=\"x1lliihq x1plvlek xryxfnj x1n2onr6 x1ji0vk5 x18bv5gf x193iq5w xeuugli x1fj9vlw x13faqbe x1vvkbs x1s928wv xhkezso x1gmr53x x1cpjm7i x1fgarty x1943h6x xpeg176 x1b1u5bx x95da8x x18qtup9 xzsf02u x1yc453h xudqn12 x3x7a5m\">\u0641\u0648\u0627\u0626\u062f<\/span><\/h2>\n<\/div>\n<div class=\"html-div xdj266r x11i5rnm xat24cr x1mh8g0r xexx8yu x4uap5 x18d9i69 xkhd6sd\">\n<ul>\n<li>\n<div class=\"x1e56ztr\"><span class=\"x193iq5w xeuugli x1fj9vlw x13faqbe x1vvkbs xt0psk2 xt4736n x1havqas x1f0sm9e x12qp5cl xzsf02u x1yc453h\">Am\u00e9lioration de l&#8217;\u00e9lasticit\u00e9 et de la fermet\u00e9 de la peau<\/span><\/div>\n<\/li>\n<\/ul>\n<\/div>\n<div class=\"html-div xdj266r x11i5rnm xat24cr x1mh8g0r xexx8yu x4uap5 x18d9i69 xkhd6sd\">\n<ul>\n<li>\n<div class=\"x1e56ztr\"><span class=\"x193iq5w xeuugli x1fj9vlw x13faqbe x1vvkbs xt0psk2 xt4736n x1havqas x1f0sm9e x12qp5cl xzsf02u x1yc453h\">\u062a\u0642\u0648\u064a\u0629 \u0627\u0644\u0634\u0639\u0631 \u0648\u0627\u0644\u0623\u0638\u0627\u0641\u0631<\/span><\/div>\n<\/li>\n<\/ul>\n<\/div>\n<div class=\"html-div xdj266r x11i5rnm xat24cr x1mh8g0r xexx8yu x4uap5 x18d9i69 xkhd6sd\">\n<ul>\n<li>\n<div class=\"x1e56ztr\"><span class=\"x193iq5w xeuugli x1fj9vlw x13faqbe x1vvkbs xt0psk2 xt4736n x1havqas x1f0sm9e x12qp5cl xzsf02u x1yc453h\">\u062f\u0639\u0645 \u0627\u0644\u0645\u0641\u0627\u0635\u0644 \u0648\u0627\u0644\u0639\u0638\u0627\u0645<\/span><\/div>\n<\/li>\n<\/ul>\n<\/div>\n<div class=\"html-div xdj266r x11i5rnm xat24cr x1mh8g0r xexx8yu x4uap5 x18d9i69 xkhd6sd\">\n<ul>\n<li>\n<div class=\"x1e56ztr\"><span class=\"x193iq5w xeuugli x1fj9vlw x13faqbe x1vvkbs xt0psk2 xt4736n x1havqas x1f0sm9e x12qp5cl xzsf02u x1yc453h\">\u062a\u062d\u0633\u064a\u0646 \u0635\u062d\u0629 \u0627\u0644\u062c\u0647\u0627\u0632 \u0627\u0644\u0647\u0636\u0645\u064a<\/span><\/div>\n<\/li>\n<\/ul>\n<\/div>\n<div class=\"html-div xdj266r x11i5rnm xat24cr x1mh8g0r xexx8yu x4uap5 x18d9i69 xkhd6sd\">\n<ul>\n<li>\n<div class=\"x1e56ztr\"><span class=\"x193iq5w xeuugli x1fj9vlw x13faqbe x1vvkbs xt0psk2 xt4736n x1havqas x1f0sm9e x12qp5cl xzsf02u x1yc453h\">\u0645\u0643\u0648\u0646\u0627\u062a \u0637\u0628\u064a\u0639\u064a\u0629 \u0648\u0644\u0627 \u062a\u0648\u062c\u062f \u0625\u0636\u0627\u0641\u0627\u062a \u0635\u0646\u0627\u0639\u064a\u0629<\/span><\/div>\n<\/li>\n<\/ul>\n<\/div>\n<div class=\"html-div xdj266r x11i5rnm xat24cr x1mh8g0r xexx8yu x4uap5 x18d9i69 xkhd6sd\">\n<h2 class=\"html-h2 xdj266r x11i5rnm x1mh8g0r xexx8yu x4uap5 x18d9i69 xkhd6sd x1vvkbs x1heor9g x1qlqyl8 x1pd3egz x1a2a7pz xod5an3\" dir=\"auto\"><span class=\"x1lliihq x1plvlek xryxfnj x1n2onr6 x1ji0vk5 x18bv5gf x193iq5w xeuugli x1fj9vlw x13faqbe x1vvkbs x1s928wv xhkezso x1gmr53x x1cpjm7i x1fgarty x1943h6x xpeg176 x1b1u5bx x95da8x x18qtup9 xzsf02u x1yc453h xudqn12 x3x7a5m\">\u0633\u0645\u0627\u062a<\/span><\/h2>\n<\/div>\n<div class=\"html-div xdj266r x11i5rnm xat24cr x1mh8g0r xexx8yu x4uap5 x18d9i69 xkhd6sd\">\n<ul>\n<li>\n<div class=\"x1e56ztr\"><span class=\"x193iq5w xeuugli x1fj9vlw x13faqbe x1vvkbs xt0psk2 xt4736n x1havqas x1f0sm9e x12qp5cl xzsf02u x1yc453h\">\u0645\u0633\u062d\u0648\u0642 \u0645\u062d\u0627\u064a\u062f \u0633\u0647\u0644 \u0627\u0644\u062e\u0644\u0637 (1.02 \u0631\u0637\u0644 \/ 464 \u062c\u0645)<\/span><\/div>\n<\/li>\n<\/ul>\n<\/div>\n<div class=\"html-div xdj266r x11i5rnm xat24cr x1mh8g0r xexx8yu x4uap5 x18d9i69 xkhd6sd\">\n<ul>\n<li>\n<div class=\"x1e56ztr\"><span class=\"x193iq5w xeuugli x1fj9vlw x13faqbe x1vvkbs xt0psk2 xt4736n x1havqas x1f0sm9e x12qp5cl xzsf02u x1yc453h\">\u062e\u0627\u0644\u064a \u0645\u0646 \u0627\u0644\u063a\u0644\u0648\u062a\u064a\u0646\u060c \u0648\u062e\u0627\u0644\u064a \u0645\u0646 \u0645\u0646\u062a\u062c\u0627\u062a \u0627\u0644\u0623\u0644\u0628\u0627\u0646\u060c \u0648\u062e\u0627\u0644\u064a \u0645\u0646 \u0627\u0644\u0635\u0648\u064a\u0627\u060c \u0648\u062e\u0627\u0644\u064a \u0645\u0646 \u0627\u0644\u0643\u0627\u0626\u0646\u0627\u062a \u0627\u0644\u0645\u0639\u062f\u0644\u0629 \u0648\u0631\u0627\u062b\u064a\u064b\u0627\u060c \u0648\u062e\u0627\u0644\u064a \u0645\u0646 \u0645\u0633\u0628\u0628\u0627\u062a \u0627\u0644\u062d\u0633\u0627\u0633\u064a\u0629 \u0627\u0644\u0634\u0627\u0626\u0639\u0629<\/span><\/div>\n<\/li>\n<\/ul>\n<\/div>\n<div class=\"html-div xdj266r x11i5rnm xat24cr x1mh8g0r xexx8yu x4uap5 x18d9i69 xkhd6sd\">\n<ul>\n<li>\n<div class=\"x1e56ztr\"><span class=\"x193iq5w xeuugli x1fj9vlw x13faqbe x1vvkbs xt0psk2 xt4736n x1havqas x1f0sm9e x12qp5cl xzsf02u x1yc453h\">\u0635\u064f\u0646\u0639 \u0641\u064a \u0627\u0644\u0648\u0644\u0627\u064a\u0627\u062a \u0627\u0644\u0645\u062a\u062d\u062f\u0629 \u0627\u0644\u0623\u0645\u0631\u064a\u0643\u064a\u0629 \u0648\u0641\u0642\u064b\u0627 \u0644\u0645\u0639\u0627\u064a\u064a\u0631 GMP<\/span><\/div>\n<\/li>\n<\/ul>\n<\/div>\n<div class=\"html-div xdj266r x11i5rnm xat24cr x1mh8g0r xexx8yu x4uap5 x18d9i69 xkhd6sd\">\n<ul>\n<li>\n<div class=\"x1e56ztr\"><span class=\"x193iq5w xeuugli x1fj9vlw x13faqbe x1vvkbs xt0psk2 xt4736n x1havqas x1f0sm9e x12qp5cl xzsf02u x1yc453h\">Test\u00e9 par des tiers pour garantir la puret\u00e9 et l&#8217;efficacit\u00e9<\/span><\/div>\n<\/li>\n<\/ul>\n<\/div>\n<div class=\"html-div xdj266r x11i5rnm xat24cr x1mh8g0r xexx8yu x4uap5 x18d9i69 xkhd6sd\">\n<h2 class=\"html-h2 xdj266r x11i5rnm x1mh8g0r xexx8yu x4uap5 x18d9i69 xkhd6sd x1vvkbs x1heor9g x1qlqyl8 x1pd3egz x1a2a7pz xod5an3\" dir=\"auto\"><span class=\"x1lliihq x1plvlek xryxfnj x1n2onr6 x1ji0vk5 x18bv5gf x193iq5w xeuugli x1fj9vlw x13faqbe x1vvkbs x1s928wv xhkezso x1gmr53x x1cpjm7i x1fgarty x1943h6x xpeg176 x1b1u5bx x95da8x x18qtup9 xzsf02u x1yc453h xudqn12 x3x7a5m\">\u062a\u0639\u0644\u064a\u0645\u0627\u062a<\/span><\/h2>\n<\/div>\n<div class=\"html-div xdj266r x11i5rnm xat24cr x1mh8g0r xexx8yu x4uap5 x18d9i69 xkhd6sd\">\n<ul>\n<li>\n<div class=\"x1e56ztr\"><span class=\"x193iq5w xeuugli x1fj9vlw x13faqbe x1vvkbs xt0psk2 xt4736n x1havqas x1f0sm9e x12qp5cl xzsf02u x1yc453h\">M\u00e9langez 1 cuill\u00e8re \u00e0 soupe (10 g) dans l&#8217;eau ou les boissons pr\u00e9f\u00e9r\u00e9es.<\/span><\/div>\n<\/li>\n<\/ul>\n<\/div>\n<div class=\"html-div xdj266r x11i5rnm xat24cr x1mh8g0r xexx8yu x4uap5 x18d9i69 xkhd6sd\">\n<ul>\n<li>\n<div class=\"x1e56ztr\"><span class=\"x193iq5w xeuugli x1fj9vlw x13faqbe x1vvkbs xt0psk2 xt4736n x1havqas x1f0sm9e x12qp5cl xzsf02u x1yc453h\">\u0627\u0633\u062a\u0634\u0631 \u0623\u062e\u0635\u0627\u0626\u064a \u0627\u0644\u0631\u0639\u0627\u064a\u0629 \u0627\u0644\u0635\u062d\u064a\u0629 \u0642\u0628\u0644 \u0627\u0644\u0627\u0633\u062a\u062e\u062f\u0627\u0645\u060c \u062e\u0627\u0635\u0629 \u0625\u0630\u0627 \u0643\u0646\u062a \u062a\u0639\u0627\u0646\u064a \u0645\u0646 \u0645\u0634\u0627\u0643\u0644 \u0635\u062d\u064a\u0629.<\/span><\/div>\n<\/li>\n<\/ul>\n<\/div>\n<\/div>\n<\/div>\n<\/div>","protected":false},"excerpt":{"rendered":"<p>D\u00e9couvrez les avantages du produit \u00ab California Gold Nutrition &#8211; CollagenUp \u00bb : Suppl\u00e9ment alimentaire \u00e0 base de collag\u00e8ne marin hydrolys\u00e9, d&#8217;acide hyaluronique et de vitamine C. Soutient la sant\u00e9 de la peau, des cheveux, des ongles, des articulations, des os et des tissus conjonctifs. Avantages Am\u00e9lioration de l&#8217;\u00e9lasticit\u00e9 et de la fermet\u00e9 de la &hellip; <a href=\"https:\/\/vitamo.ma\/ar\/shop\/supplements\/collagene\/california-gold-nutrition-collagenup-peptides-de-collagene-marin-hydrolyse-a-lacide-hyaluronique-et-a-la-vitamine-c-non-aromatises-464-g\/\" class=\"more-link\">\u0642\u0631\u0627\u0621\u0629 \u0627\u0644\u0645\u0632\u064a\u062f <span class=\"screen-reader-text\">California Gold Nutrition, CollagenUP\u00ae, Peptides de collag\u00e8ne marin hydrolys\u00e9 \u00e0 l&#8217;acide hyaluronique et \u00e0 la vitamine C, Non aromatis\u00e9s, 464 g<\/span><\/a><\/p>","protected":false},"featured_media":8514,"comment_status":"open","ping_status":"closed","template":"","meta":{"_sitemap_exclude":false,"_sitemap_priority":"","_sitemap_frequency":""},"product_brand":[],"product_cat":[115],"product_tag":[193],"class_list":{"0":"post-8508","1":"product","2":"type-product","3":"status-publish","4":"has-post-thumbnail","6":"product_cat-collagene","7":"product_tag-california-gold-nutrition","10":"outofstock","11":"shipping-taxable","12":"purchasable","13":"product-type-simple"},"_links":{"self":[{"href":"https:\/\/vitamo.ma\/ar\/wp-json\/wp\/v2\/product\/8508","targetHints":{"allow":["GET"]}}],"collection":[{"href":"https:\/\/vitamo.ma\/ar\/wp-json\/wp\/v2\/product"}],"about":[{"href":"https:\/\/vitamo.ma\/ar\/wp-json\/wp\/v2\/types\/product"}],"replies":[{"embeddable":true,"href":"https:\/\/vitamo.ma\/ar\/wp-json\/wp\/v2\/comments?post=8508"}],"version-history":[{"count":1,"href":"https:\/\/vitamo.ma\/ar\/wp-json\/wp\/v2\/product\/8508\/revisions"}],"predecessor-version":[{"id":8524,"href":"https:\/\/vitamo.ma\/ar\/wp-json\/wp\/v2\/product\/8508\/revisions\/8524"}],"wp:featuredmedia":[{"embeddable":true,"href":"https:\/\/vitamo.ma\/ar\/wp-json\/wp\/v2\/media\/8514"}],"wp:attachment":[{"href":"https:\/\/vitamo.ma\/ar\/wp-json\/wp\/v2\/media?parent=8508"}],"wp:term":[{"taxonomy":"product_brand","embeddable":true,"href":"https:\/\/vitamo.ma\/ar\/wp-json\/wp\/v2\/product_brand?post=8508"},{"taxonomy":"product_cat","embeddable":true,"href":"https:\/\/vitamo.ma\/ar\/wp-json\/wp\/v2\/product_cat?post=8508"},{"taxonomy":"product_tag","embeddable":true,"href":"https:\/\/vitamo.ma\/ar\/wp-json\/wp\/v2\/product_tag?post=8508"}],"curies":[{"name":"wp","href":"https:\/\/api.w.org\/{rel}","templated":true}]}}