{"id":8509,"date":"2024-12-31T14:00:20","date_gmt":"2024-12-31T14:00:20","guid":{"rendered":"https:\/\/vitamo.ma\/?post_type=product&#038;p=8509"},"modified":"2024-12-31T17:01:25","modified_gmt":"2024-12-31T17:01:25","slug":"neocell-super-collagene-vitamine-c-et-biotine-270-comprimes","status":"publish","type":"product","link":"https:\/\/vitamo.ma\/ar\/shop\/supplements\/collagene\/neocell-super-collagene-vitamine-c-et-biotine-270-comprimes\/","title":{"rendered":"\u0646\u064a\u0648\u0633\u064a\u0644\u060c \u0633\u0648\u0628\u0631 \u0643\u0648\u0644\u0627\u062c\u064a\u0646\u060c + \u0641\u064a\u062a\u0627\u0645\u064a\u0646 \u0633\u064a \u0648\u0627\u0644\u0628\u064a\u0648\u062a\u064a\u0646\u060c 270 \u0642\u0631\u0635\u064b\u0627"},"content":{"rendered":"<div>\n<div class=\"xjwf9q1\">\n<div dir=\"auto\">\n<div class=\"html-div xdj266r x11i5rnm xat24cr x1mh8g0r xexx8yu x4uap5 x18d9i69 xkhd6sd\">\n<div class=\"x1yztbdb\"><span class=\"x1lliihq x1plvlek xryxfnj x1n2onr6 x1ji0vk5 x18bv5gf x193iq5w xeuugli x1fj9vlw x13faqbe x1vvkbs x1s928wv xhkezso x1gmr53x x1cpjm7i x1fgarty x1943h6x xt4736n x1havqas x1f0sm9e x12qp5cl xzsf02u x1yc453h xudqn12 x3x7a5m\">\u0627\u0643\u062a\u0634\u0641 \u0641\u0648\u0627\u0626\u062f \u0645\u0646\u062a\u062c \u201cNeoCell \u2013 Super Collagen\u201d:<\/span><\/div>\n<\/div>\n<div class=\"html-div xdj266r x11i5rnm xat24cr x1mh8g0r xexx8yu x4uap5 x18d9i69 xkhd6sd\">\n<ul>\n<li>\n<div class=\"x1e56ztr\"><span class=\"x193iq5w xeuugli x1fj9vlw x13faqbe x1vvkbs xt0psk2 xt4736n x1havqas x1f0sm9e x12qp5cl xzsf02u x1yc453h\">\u0645\u0643\u0645\u0644 \u063a\u0630\u0627\u0626\u064a \u064a\u0639\u062a\u0645\u062f \u0639\u0644\u0649 \u0627\u0644\u0643\u0648\u0644\u0627\u062c\u064a\u0646 \u0648\u0641\u064a\u062a\u0627\u0645\u064a\u0646 C \u0648\u0627\u0644\u0628\u064a\u0648\u062a\u064a\u0646.<\/span><\/div>\n<\/li>\n<\/ul>\n<\/div>\n<div class=\"html-div xdj266r x11i5rnm xat24cr x1mh8g0r xexx8yu x4uap5 x18d9i69 xkhd6sd\">\n<ul>\n<li>\n<div class=\"x1e56ztr\"><span class=\"x193iq5w xeuugli x1fj9vlw x13faqbe x1vvkbs xt0psk2 xt4736n x1havqas x1f0sm9e x12qp5cl xzsf02u x1yc453h\">\u064a\u062f\u0639\u0645 \u0635\u062d\u0629 \u0627\u0644\u062c\u0644\u062f \u0648\u0627\u0644\u0634\u0639\u0631 \u0648\u0627\u0644\u0623\u0638\u0627\u0641\u0631 \u0648\u0627\u0644\u0645\u0641\u0627\u0635\u0644.<\/span><\/div>\n<\/li>\n<\/ul>\n<\/div>\n<div class=\"html-div xdj266r x11i5rnm xat24cr x1mh8g0r xexx8yu x4uap5 x18d9i69 xkhd6sd\">\n<h2 class=\"html-h2 xdj266r x11i5rnm x1mh8g0r xexx8yu x4uap5 x18d9i69 xkhd6sd x1vvkbs x1heor9g x1qlqyl8 x1pd3egz x1a2a7pz xod5an3\" dir=\"auto\"><span class=\"x1lliihq x1plvlek xryxfnj x1n2onr6 x1ji0vk5 x18bv5gf x193iq5w xeuugli x1fj9vlw x13faqbe x1vvkbs x1s928wv xhkezso x1gmr53x x1cpjm7i x1fgarty x1943h6x xpeg176 x1b1u5bx x95da8x x18qtup9 xzsf02u x1yc453h xudqn12 x3x7a5m\">\u0641\u0648\u0627\u0626\u062f<\/span><\/h2>\n<\/div>\n<div class=\"html-div xdj266r x11i5rnm xat24cr x1mh8g0r xexx8yu x4uap5 x18d9i69 xkhd6sd\">\n<ul>\n<li>\n<div class=\"x1e56ztr\"><span class=\"x193iq5w xeuugli x1fj9vlw x13faqbe x1vvkbs xt0psk2 xt4736n x1havqas x1f0sm9e x12qp5cl xzsf02u x1yc453h\">Am\u00e9lioration de l&#8217;\u00e9lasticit\u00e9 et de la fermet\u00e9 de la peau<\/span><\/div>\n<\/li>\n<\/ul>\n<\/div>\n<div class=\"html-div xdj266r x11i5rnm xat24cr x1mh8g0r xexx8yu x4uap5 x18d9i69 xkhd6sd\">\n<ul>\n<li>\n<div class=\"x1e56ztr\"><span class=\"x193iq5w xeuugli x1fj9vlw x13faqbe x1vvkbs xt0psk2 xt4736n x1havqas x1f0sm9e x12qp5cl xzsf02u x1yc453h\">\u062a\u0642\u0648\u064a\u0629 \u0627\u0644\u0634\u0639\u0631 \u0648\u0627\u0644\u0623\u0638\u0627\u0641\u0631<\/span><\/div>\n<\/li>\n<\/ul>\n<\/div>\n<div class=\"html-div xdj266r x11i5rnm xat24cr x1mh8g0r xexx8yu x4uap5 x18d9i69 xkhd6sd\">\n<ul>\n<li>\n<div class=\"x1e56ztr\"><span class=\"x193iq5w xeuugli x1fj9vlw x13faqbe x1vvkbs xt0psk2 xt4736n x1havqas x1f0sm9e x12qp5cl xzsf02u x1yc453h\">\u062f\u0639\u0645 \u0627\u0644\u0645\u0641\u0627\u0635\u0644 \u0648\u0627\u0644\u0639\u0638\u0627\u0645<\/span><\/div>\n<\/li>\n<\/ul>\n<\/div>\n<div class=\"html-div xdj266r x11i5rnm xat24cr x1mh8g0r xexx8yu x4uap5 x18d9i69 xkhd6sd\">\n<ul>\n<li>\n<div class=\"x1e56ztr\"><span class=\"x193iq5w xeuugli x1fj9vlw x13faqbe x1vvkbs xt0psk2 xt4736n x1havqas x1f0sm9e x12qp5cl xzsf02u x1yc453h\">\u062a\u062d\u0633\u064a\u0646 \u0635\u062d\u0629 \u0627\u0644\u062c\u0647\u0627\u0632 \u0627\u0644\u0647\u0636\u0645\u064a<\/span><\/div>\n<\/li>\n<\/ul>\n<\/div>\n<div class=\"html-div xdj266r x11i5rnm xat24cr x1mh8g0r xexx8yu x4uap5 x18d9i69 xkhd6sd\">\n<ul>\n<li>\n<div class=\"x1e56ztr\"><span class=\"x193iq5w xeuugli x1fj9vlw x13faqbe x1vvkbs xt0psk2 xt4736n x1havqas x1f0sm9e x12qp5cl xzsf02u x1yc453h\">\u0645\u0643\u0648\u0646\u0627\u062a \u0637\u0628\u064a\u0639\u064a\u0629 \u0648\u0644\u0627 \u062a\u0648\u062c\u062f \u0625\u0636\u0627\u0641\u0627\u062a \u0635\u0646\u0627\u0639\u064a\u0629<\/span><\/div>\n<\/li>\n<\/ul>\n<\/div>\n<div class=\"html-div xdj266r x11i5rnm xat24cr x1mh8g0r xexx8yu x4uap5 x18d9i69 xkhd6sd\">\n<h2 class=\"html-h2 xdj266r x11i5rnm x1mh8g0r xexx8yu x4uap5 x18d9i69 xkhd6sd x1vvkbs x1heor9g x1qlqyl8 x1pd3egz x1a2a7pz xod5an3\" dir=\"auto\"><span class=\"x1lliihq x1plvlek xryxfnj x1n2onr6 x1ji0vk5 x18bv5gf x193iq5w xeuugli x1fj9vlw x13faqbe x1vvkbs x1s928wv xhkezso x1gmr53x x1cpjm7i x1fgarty x1943h6x xpeg176 x1b1u5bx x95da8x x18qtup9 xzsf02u x1yc453h xudqn12 x3x7a5m\">\u0633\u0645\u0627\u062a<\/span><\/h2>\n<\/div>\n<div class=\"html-div xdj266r x11i5rnm xat24cr x1mh8g0r xexx8yu x4uap5 x18d9i69 xkhd6sd\">\n<ul>\n<li>\n<div class=\"x1e56ztr\"><span class=\"x193iq5w xeuugli x1fj9vlw x13faqbe x1vvkbs xt0psk2 xt4736n x1havqas x1f0sm9e x12qp5cl xzsf02u x1yc453h\">270 \u062d\u0628\u0629<\/span><\/div>\n<\/li>\n<\/ul>\n<\/div>\n<div class=\"html-div xdj266r x11i5rnm xat24cr x1mh8g0r xexx8yu x4uap5 x18d9i69 xkhd6sd\">\n<ul>\n<li>\n<div class=\"x1e56ztr\"><span class=\"x193iq5w xeuugli x1fj9vlw x13faqbe x1vvkbs xt0psk2 xt4736n x1havqas x1f0sm9e x12qp5cl xzsf02u x1yc453h\">\u0623\u0646\u0648\u0627\u0639 \u0627\u0644\u0643\u0648\u0644\u0627\u062c\u064a\u0646 1 \u0648 2 \u0648 3<\/span><\/div>\n<\/li>\n<\/ul>\n<\/div>\n<div class=\"html-div xdj266r x11i5rnm xat24cr x1mh8g0r xexx8yu x4uap5 x18d9i69 xkhd6sd\">\n<ul>\n<li>\n<div class=\"x1e56ztr\"><span class=\"x193iq5w xeuugli x1fj9vlw x13faqbe x1vvkbs xt0psk2 xt4736n x1havqas x1f0sm9e x12qp5cl xzsf02u x1yc453h\">\u0641\u064a\u062a\u0627\u0645\u064a\u0646 C \u0648\u0627\u0644\u0628\u064a\u0648\u062a\u064a\u0646 \u0644\u062a\u062d\u0642\u064a\u0642 \u0627\u0644\u0641\u0639\u0627\u0644\u064a\u0629 \u0627\u0644\u0645\u062b\u0644\u0649<\/span><\/div>\n<\/li>\n<\/ul>\n<\/div>\n<div class=\"html-div xdj266r x11i5rnm xat24cr x1mh8g0r xexx8yu x4uap5 x18d9i69 xkhd6sd\">\n<ul>\n<li>\n<div class=\"x1e56ztr\"><span class=\"x193iq5w xeuugli x1fj9vlw x13faqbe x1vvkbs xt0psk2 xt4736n x1havqas x1f0sm9e x12qp5cl xzsf02u x1yc453h\">\u062e\u0627\u0644\u064a \u0645\u0646 \u0627\u0644\u063a\u0644\u0648\u062a\u064a\u0646\u060c \u0648\u062e\u0627\u0644\u064a \u0645\u0646 \u0645\u0646\u062a\u062c\u0627\u062a \u0627\u0644\u0623\u0644\u0628\u0627\u0646\u060c \u0648\u062e\u0627\u0644\u064a \u0645\u0646 \u0627\u0644\u0635\u0648\u064a\u0627\u060c \u0648\u062e\u0627\u0644\u064a \u0645\u0646 \u0627\u0644\u0643\u0627\u0626\u0646\u0627\u062a \u0627\u0644\u0645\u0639\u062f\u0644\u0629 \u0648\u0631\u0627\u062b\u064a\u064b\u0627\u060c \u0648\u062e\u0627\u0644\u064a \u0645\u0646 \u0645\u0633\u0628\u0628\u0627\u062a \u0627\u0644\u062d\u0633\u0627\u0633\u064a\u0629 \u0627\u0644\u0634\u0627\u0626\u0639\u0629<\/span><\/div>\n<\/li>\n<\/ul>\n<\/div>\n<div class=\"html-div xdj266r x11i5rnm xat24cr x1mh8g0r xexx8yu x4uap5 x18d9i69 xkhd6sd\">\n<ul>\n<li>\n<div class=\"x1e56ztr\"><span class=\"x193iq5w xeuugli x1fj9vlw x13faqbe x1vvkbs xt0psk2 xt4736n x1havqas x1f0sm9e x12qp5cl xzsf02u x1yc453h\">\u0635\u064f\u0646\u0639 \u0641\u064a \u0627\u0644\u0648\u0644\u0627\u064a\u0627\u062a \u0627\u0644\u0645\u062a\u062d\u062f\u0629 \u0627\u0644\u0623\u0645\u0631\u064a\u0643\u064a\u0629 \u0648\u0641\u0642\u064b\u0627 \u0644\u0645\u0639\u0627\u064a\u064a\u0631 GMP<\/span><\/div>\n<\/li>\n<\/ul>\n<\/div>\n<div class=\"html-div xdj266r x11i5rnm xat24cr x1mh8g0r xexx8yu x4uap5 x18d9i69 xkhd6sd\">\n<h2 class=\"html-h2 xdj266r x11i5rnm x1mh8g0r xexx8yu x4uap5 x18d9i69 xkhd6sd x1vvkbs x1heor9g x1qlqyl8 x1pd3egz x1a2a7pz xod5an3\" dir=\"auto\"><span class=\"x1lliihq x1plvlek xryxfnj x1n2onr6 x1ji0vk5 x18bv5gf x193iq5w xeuugli x1fj9vlw x13faqbe x1vvkbs x1s928wv xhkezso x1gmr53x x1cpjm7i x1fgarty x1943h6x xpeg176 x1b1u5bx x95da8x x18qtup9 xzsf02u x1yc453h xudqn12 x3x7a5m\">\u062a\u0639\u0644\u064a\u0645\u0627\u062a<\/span><\/h2>\n<\/div>\n<div class=\"html-div xdj266r x11i5rnm xat24cr x1mh8g0r xexx8yu x4uap5 x18d9i69 xkhd6sd\">\n<ul>\n<li>\n<div class=\"x1e56ztr\"><span class=\"x193iq5w xeuugli x1fj9vlw x13faqbe x1vvkbs xt0psk2 xt4736n x1havqas x1f0sm9e x12qp5cl xzsf02u x1yc453h\">\u062a\u0646\u0627\u0648\u0644 6 \u0623\u0642\u0631\u0627\u0635 \u064a\u0648\u0645\u064a\u064b\u0627 \u0645\u0639 \u0627\u0644\u0648\u062c\u0628\u0627\u062a.<\/span><\/div>\n<\/li>\n<\/ul>\n<\/div>\n<div class=\"html-div xdj266r x11i5rnm xat24cr x1mh8g0r xexx8yu x4uap5 x18d9i69 xkhd6sd\">\n<ul>\n<li>\n<div class=\"x1e56ztr\"><span class=\"x193iq5w xeuugli x1fj9vlw x13faqbe x1vvkbs xt0psk2 xt4736n x1havqas x1f0sm9e x12qp5cl xzsf02u x1yc453h\">\u0627\u0633\u062a\u0634\u0631 \u0623\u062e\u0635\u0627\u0626\u064a \u0627\u0644\u0631\u0639\u0627\u064a\u0629 \u0627\u0644\u0635\u062d\u064a\u0629 \u0642\u0628\u0644 \u0627\u0644\u0627\u0633\u062a\u062e\u062f\u0627\u0645\u060c \u062e\u0627\u0635\u0629 \u0625\u0630\u0627 \u0643\u0646\u062a \u062a\u0639\u0627\u0646\u064a \u0645\u0646 \u0645\u0634\u0627\u0643\u0644 \u0635\u062d\u064a\u0629.<\/span><\/div>\n<\/li>\n<\/ul>\n<\/div>\n<\/div>\n<\/div>\n<\/div>","protected":false},"excerpt":{"rendered":"<p>D\u00e9couvrez les avantages du produit \u00ab NeoCell &#8211; Super Collagen \u00bb : Suppl\u00e9ment alimentaire \u00e0 base de collag\u00e8ne, de vitamine C et de biotine. Soutient la sant\u00e9 de la peau, des cheveux, des ongles et des articulations. Avantages Am\u00e9lioration de l&#8217;\u00e9lasticit\u00e9 et de la fermet\u00e9 de la peau Renforcement des cheveux et des ongles Soutien &hellip; <a href=\"https:\/\/vitamo.ma\/ar\/shop\/supplements\/collagene\/neocell-super-collagene-vitamine-c-et-biotine-270-comprimes\/\" class=\"more-link\">\u0642\u0631\u0627\u0621\u0629 \u0627\u0644\u0645\u0632\u064a\u062f <span class=\"screen-reader-text\">\u0646\u064a\u0648\u0633\u064a\u0644\u060c \u0633\u0648\u0628\u0631 \u0643\u0648\u0644\u0627\u062c\u064a\u0646\u060c + \u0641\u064a\u062a\u0627\u0645\u064a\u0646 \u0633\u064a \u0648\u0627\u0644\u0628\u064a\u0648\u062a\u064a\u0646\u060c 270 \u0642\u0631\u0635\u064b\u0627<\/span><\/a><\/p>","protected":false},"featured_media":8515,"comment_status":"open","ping_status":"closed","template":"","meta":{"_sitemap_exclude":false,"_sitemap_priority":"","_sitemap_frequency":""},"product_brand":[],"product_cat":[115],"product_tag":[],"class_list":{"0":"post-8509","1":"product","2":"type-product","3":"status-publish","4":"has-post-thumbnail","6":"product_cat-collagene","9":"outofstock","10":"shipping-taxable","11":"purchasable","12":"product-type-simple"},"_links":{"self":[{"href":"https:\/\/vitamo.ma\/ar\/wp-json\/wp\/v2\/product\/8509","targetHints":{"allow":["GET"]}}],"collection":[{"href":"https:\/\/vitamo.ma\/ar\/wp-json\/wp\/v2\/product"}],"about":[{"href":"https:\/\/vitamo.ma\/ar\/wp-json\/wp\/v2\/types\/product"}],"replies":[{"embeddable":true,"href":"https:\/\/vitamo.ma\/ar\/wp-json\/wp\/v2\/comments?post=8509"}],"version-history":[{"count":1,"href":"https:\/\/vitamo.ma\/ar\/wp-json\/wp\/v2\/product\/8509\/revisions"}],"predecessor-version":[{"id":8525,"href":"https:\/\/vitamo.ma\/ar\/wp-json\/wp\/v2\/product\/8509\/revisions\/8525"}],"wp:featuredmedia":[{"embeddable":true,"href":"https:\/\/vitamo.ma\/ar\/wp-json\/wp\/v2\/media\/8515"}],"wp:attachment":[{"href":"https:\/\/vitamo.ma\/ar\/wp-json\/wp\/v2\/media?parent=8509"}],"wp:term":[{"taxonomy":"product_brand","embeddable":true,"href":"https:\/\/vitamo.ma\/ar\/wp-json\/wp\/v2\/product_brand?post=8509"},{"taxonomy":"product_cat","embeddable":true,"href":"https:\/\/vitamo.ma\/ar\/wp-json\/wp\/v2\/product_cat?post=8509"},{"taxonomy":"product_tag","embeddable":true,"href":"https:\/\/vitamo.ma\/ar\/wp-json\/wp\/v2\/product_tag?post=8509"}],"curies":[{"name":"wp","href":"https:\/\/api.w.org\/{rel}","templated":true}]}}