{"id":8510,"date":"2024-12-31T14:00:20","date_gmt":"2024-12-31T14:00:20","guid":{"rendered":"https:\/\/vitamo.ma\/?post_type=product&#038;p=8510"},"modified":"2024-12-31T17:01:25","modified_gmt":"2024-12-31T17:01:25","slug":"california-gold-nutrition-peptides-de-collagene-hydrolyse-vitamine-c-type-i-et-iii-250-comprimes","status":"publish","type":"product","link":"https:\/\/vitamo.ma\/ar\/shop\/supplements\/collagene\/california-gold-nutrition-peptides-de-collagene-hydrolyse-vitamine-c-type-i-et-iii-250-comprimes\/","title":{"rendered":"California Gold Nutrition, \u0628\u0628\u062a\u064a\u062f\u0627\u062a \u0627\u0644\u0643\u0648\u0644\u0627\u062c\u064a\u0646 \u0627\u0644\u0645\u062a\u062d\u0644\u0644\u0629 + \u0641\u064a\u062a\u0627\u0645\u064a\u0646 C\u060c \u0627\u0644\u0646\u0648\u0639 \u0627\u0644\u0623\u0648\u0644 \u0648\u0627\u0644\u062b\u0627\u0644\u062b\u060c 250 \u0642\u0631\u0635\u064b\u0627"},"content":{"rendered":"<div class=\"x1y1wx1k x1v37x9x x78zum5 x1r8uery x1iyjqo2 xs83m0k x13a6bvl x9ek82g x1sxyh0\">\n<div class=\"x1qx5ct2 x1n2onr6 xw4jnvo x1e56ztr x1hc1fzr\">\n<div class=\"x1nrll8i x6ikm8r x10wlt62 x10l6tqk xwa60dl x11lhmoz\"><\/div>\n<\/div>\n<\/div>\n<div class=\"xe0p6wg x14yy4lh xedv3nt xoww62b\">\n<div>\n<div class=\"xjwf9q1\">\n<div dir=\"auto\">\n<div class=\"html-div xdj266r x11i5rnm xat24cr x1mh8g0r xexx8yu x4uap5 x18d9i69 xkhd6sd\">\n<div class=\"x1yztbdb\"><span class=\"x1lliihq x1plvlek xryxfnj x1n2onr6 x1ji0vk5 x18bv5gf x193iq5w xeuugli x1fj9vlw x13faqbe x1vvkbs x1s928wv xhkezso x1gmr53x x1cpjm7i x1fgarty x1943h6x xt4736n x1havqas x1f0sm9e x12qp5cl xzsf02u x1yc453h xudqn12 x3x7a5m\">\u0645\u0646\u062a\u062c \u201cCalifornia Gold Nutrition \u2013 \u0628\u0628\u062a\u064a\u062f\u0627\u062a \u0627\u0644\u0643\u0648\u0644\u0627\u062c\u064a\u0646 \u0627\u0644\u0645\u062a\u062d\u0644\u0644\u201d \u0647\u0648 \u0645\u0643\u0645\u0644 \u063a\u0630\u0627\u0626\u064a \u064a\u0642\u062f\u0645 \u0627\u0644\u0639\u062f\u064a\u062f \u0645\u0646 \u0627\u0644\u0641\u0648\u0627\u0626\u062f \u0627\u0644\u0635\u062d\u064a\u0629:<\/span><\/div>\n<\/div>\n<div class=\"html-div xdj266r x11i5rnm xat24cr x1mh8g0r xexx8yu x4uap5 x18d9i69 xkhd6sd\">\n<ul>\n<li>\n<div class=\"x1e56ztr\"><span class=\"x193iq5w xeuugli x1fj9vlw x13faqbe x1vvkbs xt0psk2 xt4736n x1havqas x1f0sm9e x12qp5cl xzsf02u x1yc453h\"><b>\u0635\u062d\u0629 \u0627\u0644\u062c\u0644\u062f \u0648\u0627\u0644\u0634\u0639\u0631 \u0648\u0627\u0644\u0623\u0638\u0627\u0641\u0631<\/b> : il aide \u00e0 am\u00e9liorer l&#8217;\u00e9lasticit\u00e9 et la fermet\u00e9 de la peau, ainsi qu&#8217;\u00e0 renforcer les cheveux et les ongles.<\/span><\/div>\n<\/li>\n<\/ul>\n<\/div>\n<div class=\"html-div xdj266r x11i5rnm xat24cr x1mh8g0r xexx8yu x4uap5 x18d9i69 xkhd6sd\">\n<ul>\n<li>\n<div class=\"x1e56ztr\"><span class=\"x193iq5w xeuugli x1fj9vlw x13faqbe x1vvkbs xt0psk2 xt4736n x1havqas x1f0sm9e x12qp5cl xzsf02u x1yc453h\"><b>\u0627\u0644\u062f\u0639\u0645 \u0627\u0644\u0645\u0634\u062a\u0631\u0643<\/b> : il aide \u00e0 maintenir la sant\u00e9 des articulations en favorisant la production de liquide synovial et en r\u00e9duisant l&#8217;inflammation.<\/span><\/div>\n<\/li>\n<\/ul>\n<\/div>\n<div class=\"html-div xdj266r x11i5rnm xat24cr x1mh8g0r xexx8yu x4uap5 x18d9i69 xkhd6sd\">\n<ul>\n<li>\n<div class=\"x1e56ztr\"><span class=\"x193iq5w xeuugli x1fj9vlw x13faqbe x1vvkbs xt0psk2 xt4736n x1havqas x1f0sm9e x12qp5cl xzsf02u x1yc453h\"><b>\u0635\u062d\u0629 \u0627\u0644\u0639\u0638\u0627\u0645<\/b> : \u064a\u0633\u0627\u0639\u062f \u0641\u064a \u0627\u0644\u062d\u0641\u0627\u0638 \u0639\u0644\u0649 \u0643\u062b\u0627\u0641\u0629 \u0627\u0644\u0639\u0638\u0627\u0645.<\/span><\/div>\n<\/li>\n<\/ul>\n<\/div>\n<div class=\"html-div xdj266r x11i5rnm xat24cr x1mh8g0r xexx8yu x4uap5 x18d9i69 xkhd6sd\">\n<ul>\n<li>\n<div class=\"x1e56ztr\"><span class=\"x193iq5w xeuugli x1fj9vlw x13faqbe x1vvkbs xt0psk2 xt4736n x1havqas x1f0sm9e x12qp5cl xzsf02u x1yc453h\"><b>\u0635\u062d\u0629 \u0627\u0644\u062c\u0647\u0627\u0632 \u0627\u0644\u0647\u0636\u0645\u064a<\/b> : \u064a\u0633\u0627\u0639\u062f \u0639\u0644\u0649 \u062d\u0645\u0627\u064a\u0629 \u0627\u0644\u063a\u0634\u0627\u0621 \u0627\u0644\u0645\u062e\u0627\u0637\u064a \u0641\u064a \u0627\u0644\u062c\u0647\u0627\u0632 \u0627\u0644\u0647\u0636\u0645\u064a \u0648\u062a\u0639\u0632\u064a\u0632 \u0627\u0644\u0627\u0645\u062a\u0635\u0627\u0635 \u0627\u0644\u0623\u0645\u062b\u0644 \u0644\u0644\u0639\u0646\u0627\u0635\u0631 \u0627\u0644\u063a\u0630\u0627\u0626\u064a\u0629.<\/span><\/div>\n<\/li>\n<\/ul>\n<\/div>\n<div class=\"html-div xdj266r x11i5rnm xat24cr x1mh8g0r xexx8yu x4uap5 x18d9i69 xkhd6sd\">\n<div class=\"x1yztbdb\"><span class=\"x1lliihq x1plvlek xryxfnj x1n2onr6 x1ji0vk5 x18bv5gf x193iq5w xeuugli x1fj9vlw x13faqbe x1vvkbs x1s928wv xhkezso x1gmr53x x1cpjm7i x1fgarty x1943h6x xt4736n x1havqas x1f0sm9e x12qp5cl xzsf02u x1yc453h xudqn12 x3x7a5m\">\u0647\u0630\u0627 \u0627\u0644\u0645\u0646\u062a\u062c:<\/span><\/div>\n<\/div>\n<div class=\"html-div xdj266r x11i5rnm xat24cr x1mh8g0r xexx8yu x4uap5 x18d9i69 xkhd6sd\">\n<ul>\n<li>\n<div class=\"x1e56ztr\"><span class=\"x193iq5w xeuugli x1fj9vlw x13faqbe x1vvkbs xt0psk2 xt4736n x1havqas x1f0sm9e x12qp5cl xzsf02u x1yc453h\">\u0635\u064f\u0646\u0639 \u0641\u064a \u0627\u0644\u0648\u0644\u0627\u064a\u0627\u062a \u0627\u0644\u0645\u062a\u062d\u062f\u0629 \u0627\u0644\u0623\u0645\u0631\u064a\u0643\u064a\u0629 \u0648\u0641\u0642\u064b\u0627 \u0644\u0645\u0639\u0627\u064a\u064a\u0631 GMP.<\/span><\/div>\n<\/li>\n<\/ul>\n<\/div>\n<div class=\"html-div xdj266r x11i5rnm xat24cr x1mh8g0r xexx8yu x4uap5 x18d9i69 xkhd6sd\">\n<ul>\n<li>\n<div class=\"x1e56ztr\"><span class=\"x193iq5w xeuugli x1fj9vlw x13faqbe x1vvkbs xt0psk2 xt4736n x1havqas x1f0sm9e x12qp5cl xzsf02u x1yc453h\">\u062a\u0645 \u0627\u062e\u062a\u0628\u0627\u0631\u0647 \u0628\u0648\u0627\u0633\u0637\u0629 \u0637\u0631\u0641 \u062b\u0627\u0644\u062b \u0644\u0636\u0645\u0627\u0646 \u0627\u0644\u0646\u0642\u0627\u0621 \u0648\u0627\u0644\u0641\u0639\u0627\u0644\u064a\u0629.<\/span><\/div>\n<\/li>\n<\/ul>\n<\/div>\n<div class=\"html-div xdj266r x11i5rnm xat24cr x1mh8g0r xexx8yu x4uap5 x18d9i69 xkhd6sd\">\n<ul>\n<li>\n<div class=\"x1e56ztr\"><span class=\"x193iq5w xeuugli x1fj9vlw x13faqbe x1vvkbs xt0psk2 xt4736n x1havqas x1f0sm9e x12qp5cl xzsf02u x1yc453h\">Exempt d&#8217;allerg\u00e8nes courants, de gluten, de lait, de soja et d&#8217;OGM.<\/span><\/div>\n<\/li>\n<\/ul>\n<\/div>\n<div class=\"html-div xdj266r x11i5rnm xat24cr x1mh8g0r xexx8yu x4uap5 x18d9i69 xkhd6sd\">\n<h2 class=\"html-h2 xdj266r x11i5rnm x1mh8g0r xexx8yu x4uap5 x18d9i69 xkhd6sd x1vvkbs x1heor9g x1qlqyl8 x1pd3egz x1a2a7pz xod5an3\" dir=\"auto\"><span class=\"x1lliihq x1plvlek xryxfnj x1n2onr6 x1ji0vk5 x18bv5gf x193iq5w xeuugli x1fj9vlw x13faqbe x1vvkbs x1s928wv xhkezso x1gmr53x x1cpjm7i x1fgarty x1943h6x xpeg176 x1b1u5bx x95da8x x18qtup9 xzsf02u x1yc453h xudqn12 x3x7a5m\">\u062a\u0639\u0644\u064a\u0645\u0627\u062a<\/span><\/h2>\n<\/div>\n<div class=\"html-div xdj266r x11i5rnm xat24cr x1mh8g0r xexx8yu x4uap5 x18d9i69 xkhd6sd\">\n<div class=\"x1e56ztr\"><span class=\"x1lliihq x1plvlek xryxfnj x1n2onr6 x1ji0vk5 x18bv5gf x193iq5w xeuugli x1fj9vlw x13faqbe x1vvkbs x1s928wv xhkezso x1gmr53x x1cpjm7i x1fgarty x1943h6x xt4736n x1havqas x1f0sm9e x12qp5cl xzsf02u x1yc453h xudqn12 x3x7a5m\">Prenez 5 \u00e0 10 comprim\u00e9s par jour avec de l&#8217;eau pendant les repas. Il est recommand\u00e9 de consulter un professionnel de sant\u00e9 avant utilisation, surtout si vous avez des probl\u00e8mes de sant\u00e9 ou si vous \u00eates en train de prendre d&#8217;autres m\u00e9dicaments.<\/span><\/div>\n<\/div>\n<\/div>\n<\/div>\n<\/div>\n<\/div>","protected":false},"excerpt":{"rendered":"<p>Le produit \u00ab California Gold Nutrition &#8211; Hydrolyzed Collagen Peptides \u00bb est un suppl\u00e9ment alimentaire qui offre plusieurs avantages pour la sant\u00e9 : Sant\u00e9 de la peau, des cheveux et des ongles : il aide \u00e0 am\u00e9liorer l&#8217;\u00e9lasticit\u00e9 et la fermet\u00e9 de la peau, ainsi qu&#8217;\u00e0 renforcer les cheveux et les ongles. Soutien articulaire : &hellip; <a href=\"https:\/\/vitamo.ma\/ar\/shop\/supplements\/collagene\/california-gold-nutrition-peptides-de-collagene-hydrolyse-vitamine-c-type-i-et-iii-250-comprimes\/\" class=\"more-link\">\u0642\u0631\u0627\u0621\u0629 \u0627\u0644\u0645\u0632\u064a\u062f <span class=\"screen-reader-text\">California Gold Nutrition, \u0628\u0628\u062a\u064a\u062f\u0627\u062a \u0627\u0644\u0643\u0648\u0644\u0627\u062c\u064a\u0646 \u0627\u0644\u0645\u062a\u062d\u0644\u0644\u0629 + \u0641\u064a\u062a\u0627\u0645\u064a\u0646 C\u060c \u0627\u0644\u0646\u0648\u0639 \u0627\u0644\u0623\u0648\u0644 \u0648\u0627\u0644\u062b\u0627\u0644\u062b\u060c 250 \u0642\u0631\u0635\u064b\u0627<\/span><\/a><\/p>","protected":false},"featured_media":8516,"comment_status":"open","ping_status":"closed","template":"","meta":{"_sitemap_exclude":false,"_sitemap_priority":"","_sitemap_frequency":""},"product_brand":[],"product_cat":[115],"product_tag":[193],"class_list":{"0":"post-8510","1":"product","2":"type-product","3":"status-publish","4":"has-post-thumbnail","6":"product_cat-collagene","7":"product_tag-california-gold-nutrition","10":"outofstock","11":"shipping-taxable","12":"purchasable","13":"product-type-simple"},"_links":{"self":[{"href":"https:\/\/vitamo.ma\/ar\/wp-json\/wp\/v2\/product\/8510","targetHints":{"allow":["GET"]}}],"collection":[{"href":"https:\/\/vitamo.ma\/ar\/wp-json\/wp\/v2\/product"}],"about":[{"href":"https:\/\/vitamo.ma\/ar\/wp-json\/wp\/v2\/types\/product"}],"replies":[{"embeddable":true,"href":"https:\/\/vitamo.ma\/ar\/wp-json\/wp\/v2\/comments?post=8510"}],"version-history":[{"count":1,"href":"https:\/\/vitamo.ma\/ar\/wp-json\/wp\/v2\/product\/8510\/revisions"}],"predecessor-version":[{"id":8526,"href":"https:\/\/vitamo.ma\/ar\/wp-json\/wp\/v2\/product\/8510\/revisions\/8526"}],"wp:featuredmedia":[{"embeddable":true,"href":"https:\/\/vitamo.ma\/ar\/wp-json\/wp\/v2\/media\/8516"}],"wp:attachment":[{"href":"https:\/\/vitamo.ma\/ar\/wp-json\/wp\/v2\/media?parent=8510"}],"wp:term":[{"taxonomy":"product_brand","embeddable":true,"href":"https:\/\/vitamo.ma\/ar\/wp-json\/wp\/v2\/product_brand?post=8510"},{"taxonomy":"product_cat","embeddable":true,"href":"https:\/\/vitamo.ma\/ar\/wp-json\/wp\/v2\/product_cat?post=8510"},{"taxonomy":"product_tag","embeddable":true,"href":"https:\/\/vitamo.ma\/ar\/wp-json\/wp\/v2\/product_tag?post=8510"}],"curies":[{"name":"wp","href":"https:\/\/api.w.org\/{rel}","templated":true}]}}