{"id":8535,"date":"2025-01-01T12:12:21","date_gmt":"2025-01-01T12:12:21","guid":{"rendered":"https:\/\/vitamo.ma\/?post_type=product&#038;p=8535"},"modified":"2025-01-01T14:12:23","modified_gmt":"2025-01-01T14:12:23","slug":"beekeepers-naturals-b-combustible-pollen-dabeille-150-g","status":"publish","type":"product","link":"https:\/\/vitamo.ma\/ar\/shop\/supplements\/pollen-dabeilles\/beekeepers-naturals-b-combustible-pollen-dabeille-150-g\/","title":{"rendered":"Beekeeper&#8217;s Naturals, B. Combustible, Pollen d&#8217;abeille, 150 g"},"content":{"rendered":"<div class=\"html-div xdj266r x11i5rnm xat24cr x1mh8g0r xexx8yu x4uap5 x18d9i69 xkhd6sd\">\n<div class=\"x1yztbdb\"><span class=\"x1lliihq x1plvlek xryxfnj x1n2onr6 x1ji0vk5 x18bv5gf x193iq5w xeuugli x1fj9vlw x13faqbe x1vvkbs x1s928wv xhkezso x1gmr53x x1cpjm7i x1fgarty x1943h6x xt4736n x1havqas x1f0sm9e x12qp5cl xzsf02u x1yc453h xudqn12 x3x7a5m\">Le pollen d&#8217;abeille bio de Beekeeper&#8217;s Naturals est un suppl\u00e9ment alimentaire naturel qui offre une boost \u00e9nerg\u00e9tique et favorise une sant\u00e9 globale.<\/span><\/div>\n<\/div>\n<div class=\"html-div xdj266r x11i5rnm xat24cr x1mh8g0r xexx8yu x4uap5 x18d9i69 xkhd6sd\">\n<h2 class=\"html-h2 xdj266r x11i5rnm x1mh8g0r xexx8yu x4uap5 x18d9i69 xkhd6sd x1vvkbs x1heor9g x1qlqyl8 x1pd3egz x1a2a7pz x1yztbdb\" dir=\"auto\"><span class=\"x1lliihq x1plvlek xryxfnj x1n2onr6 x1ji0vk5 x18bv5gf x193iq5w xeuugli x1fj9vlw x13faqbe x1vvkbs x1s928wv xhkezso x1gmr53x x1cpjm7i x1fgarty x1943h6x x1ejgnnb xza2c7i x1apb90u x1215byi xzsf02u x1yc453h xtoi2st x3x7a5m\">\u0641\u0648\u0627\u0626\u062f<\/span><\/h2>\n<\/div>\n<div class=\"html-div xdj266r x11i5rnm xat24cr x1mh8g0r xexx8yu x4uap5 x18d9i69 xkhd6sd\">\n<ul>\n<li>\n<div class=\"x1e56ztr\"><span class=\"x193iq5w xeuugli x1fj9vlw x13faqbe x1vvkbs xt0psk2 xt4736n x1havqas x1f0sm9e x12qp5cl xzsf02u x1yc453h\">\u0627\u0644\u0637\u0627\u0642\u0629 \u0627\u0644\u0637\u0628\u064a\u0639\u064a\u0629 \u0648\u0627\u0644\u0645\u0633\u062a\u062f\u0627\u0645\u0629<\/span><\/div>\n<\/li>\n<\/ul>\n<\/div>\n<div class=\"html-div xdj266r x11i5rnm xat24cr x1mh8g0r xexx8yu x4uap5 x18d9i69 xkhd6sd\">\n<ul>\n<li>\n<div class=\"x1e56ztr\"><span class=\"x193iq5w xeuugli x1fj9vlw x13faqbe x1vvkbs xt0psk2 xt4736n x1havqas x1f0sm9e x12qp5cl xzsf02u x1yc453h\">\u0645\u0636\u0627\u062f\u0627\u062a \u0627\u0644\u0623\u0643\u0633\u062f\u0629 \u0644\u0644\u062d\u0645\u0627\u064a\u0629 \u0645\u0646 \u0627\u0644\u062c\u0630\u0648\u0631 \u0627\u0644\u062d\u0631\u0629<\/span><\/div>\n<\/li>\n<\/ul>\n<\/div>\n<div class=\"html-div xdj266r x11i5rnm xat24cr x1mh8g0r xexx8yu x4uap5 x18d9i69 xkhd6sd\">\n<ul>\n<li>\n<div class=\"x1e56ztr\"><span class=\"x193iq5w xeuugli x1fj9vlw x13faqbe x1vvkbs xt0psk2 xt4736n x1havqas x1f0sm9e x12qp5cl xzsf02u x1yc453h\">\u064a\u062f\u0639\u0645 \u0635\u062d\u0629 \u0627\u0644\u062c\u0647\u0627\u0632 \u0627\u0644\u0647\u0636\u0645\u064a \u0648\u0627\u0644\u0645\u0646\u0627\u0639\u064a<\/span><\/div>\n<\/li>\n<\/ul>\n<\/div>\n<div class=\"html-div xdj266r x11i5rnm xat24cr x1mh8g0r xexx8yu x4uap5 x18d9i69 xkhd6sd\">\n<ul>\n<li>\n<div class=\"x1e56ztr\"><span class=\"x193iq5w xeuugli x1fj9vlw x13faqbe x1vvkbs xt0psk2 xt4736n x1havqas x1f0sm9e x12qp5cl xzsf02u x1yc453h\">\u0644\u0627 \u062a\u0648\u062c\u062f \u0625\u0636\u0627\u0641\u0627\u062a\u060c \u062e\u0627\u0644\u064a\u0629 \u0645\u0646 \u0627\u0644\u063a\u0644\u0648\u062a\u064a\u0646\u060c \u062e\u0627\u0644\u064a\u0629 \u0645\u0646 \u0627\u0644\u0643\u0627\u0626\u0646\u0627\u062a \u0627\u0644\u0645\u0639\u062f\u0644\u0629 \u0648\u0631\u0627\u062b\u064a\u0627<\/span><\/div>\n<\/li>\n<\/ul>\n<\/div>\n<div class=\"html-div xdj266r x11i5rnm xat24cr x1mh8g0r xexx8yu x4uap5 x18d9i69 xkhd6sd\">\n<h2 class=\"html-h2 xdj266r x11i5rnm x1mh8g0r xexx8yu x4uap5 x18d9i69 xkhd6sd x1vvkbs x1heor9g x1qlqyl8 x1pd3egz x1a2a7pz x1yztbdb\" dir=\"auto\"><span class=\"x1lliihq x1plvlek xryxfnj x1n2onr6 x1ji0vk5 x18bv5gf x193iq5w xeuugli x1fj9vlw x13faqbe x1vvkbs x1s928wv xhkezso x1gmr53x x1cpjm7i x1fgarty x1943h6x x1ejgnnb xza2c7i x1apb90u x1215byi xzsf02u x1yc453h xtoi2st x3x7a5m\">\u0645\u0643\u0648\u0646\u0627\u062a<\/span><\/h2>\n<\/div>\n<div class=\"html-div xdj266r x11i5rnm xat24cr x1mh8g0r xexx8yu x4uap5 x18d9i69 xkhd6sd\">\n<ul>\n<li>\n<div class=\"x1e56ztr\"><span class=\"x193iq5w xeuugli x1fj9vlw x13faqbe x1vvkbs xt0psk2 xt4736n x1havqas x1f0sm9e x12qp5cl xzsf02u x1yc453h\">Pollen d&#8217;abeille cru et non pasteuris\u00e9<\/span><\/div>\n<\/li>\n<\/ul>\n<\/div>\n<div class=\"html-div xdj266r x11i5rnm xat24cr x1mh8g0r xexx8yu x4uap5 x18d9i69 xkhd6sd\">\n<ul>\n<li>\n<div class=\"x1e56ztr\"><span class=\"x193iq5w xeuugli x1fj9vlw x13faqbe x1vvkbs xt0psk2 xt4736n x1havqas x1f0sm9e x12qp5cl xzsf02u x1yc453h\">\u0644\u0627 \u062a\u0648\u062c\u062f \u0645\u0648\u0627\u062f \u0643\u064a\u0645\u064a\u0627\u0626\u064a\u0629 \u0623\u0648 \u0645\u0628\u064a\u062f\u0627\u062a \u062d\u0634\u0631\u064a\u0629<\/span><\/div>\n<\/li>\n<\/ul>\n<\/div>\n<div class=\"html-div xdj266r x11i5rnm xat24cr x1mh8g0r xexx8yu x4uap5 x18d9i69 xkhd6sd\">\n<h2 class=\"html-h2 xdj266r x11i5rnm x1mh8g0r xexx8yu x4uap5 x18d9i69 xkhd6sd x1vvkbs x1heor9g x1qlqyl8 x1pd3egz x1a2a7pz x1yztbdb\" dir=\"auto\"><span class=\"x1lliihq x1plvlek xryxfnj x1n2onr6 x1ji0vk5 x18bv5gf x193iq5w xeuugli x1fj9vlw x13faqbe x1vvkbs x1s928wv xhkezso x1gmr53x x1cpjm7i x1fgarty x1943h6x x1ejgnnb xza2c7i x1apb90u x1215byi xzsf02u x1yc453h xtoi2st x3x7a5m\">\u062a\u0639\u0644\u064a\u0645\u0627\u062a \u0627\u0644\u0627\u0633\u062a\u062e\u062f\u0627\u0645<\/span><\/h2>\n<\/div>\n<div class=\"html-div xdj266r x11i5rnm xat24cr x1mh8g0r xexx8yu x4uap5 x18d9i69 xkhd6sd\">\n<div class=\"x1yztbdb\"><span class=\"x1lliihq x1plvlek xryxfnj x1n2onr6 x1ji0vk5 x18bv5gf x193iq5w xeuugli x1fj9vlw x13faqbe x1vvkbs x1s928wv xhkezso x1gmr53x x1cpjm7i x1fgarty x1943h6x xt4736n x1havqas x1f0sm9e x12qp5cl xzsf02u x1yc453h xudqn12 x3x7a5m\">\u062a\u0646\u0627\u0648\u0644 1 \u0625\u0644\u0649 2 \u0645\u0644\u0639\u0642\u0629 \u0635\u063a\u064a\u0631\u0629 \u064a\u0648\u0645\u064a\u064b\u0627\u060c \u062d\u0633\u0628 \u0627\u062d\u062a\u064a\u0627\u062c\u0627\u062a\u0643.<\/span><\/div>\n<\/div>\n<div class=\"html-div xdj266r x11i5rnm xat24cr x1mh8g0r xexx8yu x4uap5 x18d9i69 xkhd6sd\">\n<h2 class=\"html-h2 xdj266r x11i5rnm x1mh8g0r xexx8yu x4uap5 x18d9i69 xkhd6sd x1vvkbs x1heor9g x1qlqyl8 x1pd3egz x1a2a7pz x1yztbdb\" dir=\"auto\"><span class=\"x1lliihq x1plvlek xryxfnj x1n2onr6 x1ji0vk5 x18bv5gf x193iq5w xeuugli x1fj9vlw x13faqbe x1vvkbs x1s928wv xhkezso x1gmr53x x1cpjm7i x1fgarty x1943h6x x1ejgnnb xza2c7i x1apb90u x1215byi xzsf02u x1yc453h xtoi2st x3x7a5m\">\u0627\u062d\u062a\u064a\u0627\u0637\u0627\u062a<\/span><\/h2>\n<\/div>\n<div class=\"html-div xdj266r x11i5rnm xat24cr x1mh8g0r xexx8yu x4uap5 x18d9i69 xkhd6sd\">\n<ul>\n<li>\n<div class=\"x1e56ztr\"><span class=\"x193iq5w xeuugli x1fj9vlw x13faqbe x1vvkbs xt0psk2 xt4736n x1havqas x1f0sm9e x12qp5cl xzsf02u x1yc453h\">\u0627\u0633\u062a\u0634\u0631 \u0623\u062e\u0635\u0627\u0626\u064a \u0627\u0644\u0631\u0639\u0627\u064a\u0629 \u0627\u0644\u0635\u062d\u064a\u0629 \u0642\u0628\u0644 \u0627\u0644\u0627\u0633\u062a\u062e\u062f\u0627\u0645 \u0625\u0630\u0627 \u0643\u0646\u062a \u062a\u0639\u0627\u0646\u064a \u0645\u0646 \u0627\u0644\u062d\u0633\u0627\u0633\u064a\u0629 \u0623\u0648 \u0627\u0644\u062d\u0627\u0644\u0627\u062a \u0627\u0644\u0635\u062d\u064a\u0629.<\/span><\/div>\n<\/li>\n<\/ul>\n<\/div>","protected":false},"excerpt":{"rendered":"<p>Le pollen d&#8217;abeille bio de Beekeeper&#8217;s Naturals est un suppl\u00e9ment alimentaire naturel qui offre une boost \u00e9nerg\u00e9tique et favorise une sant\u00e9 globale. Bienfaits \u00c9nergie naturelle et durable Antioxydants pour prot\u00e9ger contre les radicaux libres Soutient la sant\u00e9 digestive et immunitaire Sans additifs, sans gluten, sans GMO Ingr\u00e9dients Pollen d&#8217;abeille cru et non pasteuris\u00e9 Sans produits &hellip; <a href=\"https:\/\/vitamo.ma\/ar\/shop\/supplements\/pollen-dabeilles\/beekeepers-naturals-b-combustible-pollen-dabeille-150-g\/\" class=\"more-link\">\u0642\u0631\u0627\u0621\u0629 \u0627\u0644\u0645\u0632\u064a\u062f <span class=\"screen-reader-text\">Beekeeper&#8217;s Naturals, B. Combustible, Pollen d&#8217;abeille, 150 g<\/span><\/a><\/p>","protected":false},"featured_media":8542,"comment_status":"open","ping_status":"closed","template":"","meta":{"_sitemap_exclude":false,"_sitemap_priority":"","_sitemap_frequency":""},"product_brand":[],"product_cat":[474],"product_tag":[],"class_list":{"0":"post-8535","1":"product","2":"type-product","3":"status-publish","4":"has-post-thumbnail","6":"product_cat-pollen-dabeilles","9":"outofstock","10":"shipping-taxable","11":"purchasable","12":"product-type-simple"},"_links":{"self":[{"href":"https:\/\/vitamo.ma\/ar\/wp-json\/wp\/v2\/product\/8535","targetHints":{"allow":["GET"]}}],"collection":[{"href":"https:\/\/vitamo.ma\/ar\/wp-json\/wp\/v2\/product"}],"about":[{"href":"https:\/\/vitamo.ma\/ar\/wp-json\/wp\/v2\/types\/product"}],"replies":[{"embeddable":true,"href":"https:\/\/vitamo.ma\/ar\/wp-json\/wp\/v2\/comments?post=8535"}],"version-history":[{"count":1,"href":"https:\/\/vitamo.ma\/ar\/wp-json\/wp\/v2\/product\/8535\/revisions"}],"predecessor-version":[{"id":8553,"href":"https:\/\/vitamo.ma\/ar\/wp-json\/wp\/v2\/product\/8535\/revisions\/8553"}],"wp:featuredmedia":[{"embeddable":true,"href":"https:\/\/vitamo.ma\/ar\/wp-json\/wp\/v2\/media\/8542"}],"wp:attachment":[{"href":"https:\/\/vitamo.ma\/ar\/wp-json\/wp\/v2\/media?parent=8535"}],"wp:term":[{"taxonomy":"product_brand","embeddable":true,"href":"https:\/\/vitamo.ma\/ar\/wp-json\/wp\/v2\/product_brand?post=8535"},{"taxonomy":"product_cat","embeddable":true,"href":"https:\/\/vitamo.ma\/ar\/wp-json\/wp\/v2\/product_cat?post=8535"},{"taxonomy":"product_tag","embeddable":true,"href":"https:\/\/vitamo.ma\/ar\/wp-json\/wp\/v2\/product_tag?post=8535"}],"curies":[{"name":"wp","href":"https:\/\/api.w.org\/{rel}","templated":true}]}}